{"id":11627,"date":"2025-09-25T09:35:29","date_gmt":"2025-09-25T07:35:29","guid":{"rendered":"https:\/\/wp.unil.ch\/svsn\/?page_id=11627"},"modified":"2025-09-25T15:18:10","modified_gmt":"2025-09-25T13:18:10","slug":"ou-se-cachent-les-larves-de-cette-espece","status":"publish","type":"page","link":"https:\/\/wp.unil.ch\/svsn\/ou-se-cachent-les-larves-de-cette-espece\/","title":{"rendered":"O\u00f9 se cachent les larves de cette esp\u00e8ce\u00a0?"},"content":{"rendered":"\n<p><strong><em>Limnephilus pati O\u2019Connor<\/em> est un insecte tr\u00e8s rare en Europe, trouv\u00e9 pour la premi\u00e8re fois en Suisse. Cette d\u00e9couverte confirme la valeur \u00e9cologique de la Grande-Cari\u00e7aie \u00e0 l\u2019\u00e9chelle du continent, mais \u00e9tudier davantage cette esp\u00e8ce peu connue repr\u00e9sente un vrai d\u00e9fi. Explications.<\/strong><\/p>\n\n\n\n<p>C\u2019est un insecte tr\u00e8s rare \u00e0 l\u2019\u00e9chelle europ\u00e9enne et c\u2019est la premi\u00e8re fois qu\u2019on l\u2019observe en Suisse, gr\u00e2ce \u00e0 la capture d\u2019un individu dans la r\u00e9serve naturelle de Cheyres, qui fait partie de la Grande Cari\u00e7aie, la zone mar\u00e9cageuse qui s\u2019\u00e9tend sur toute la rive sud du Lac de Neuch\u00e2tel. <em>Limnephilus pati O\u2019Connor<\/em> a quatre ailes membraneuses et il s\u2019agit d\u2019un proche parent des l\u00e9pidopt\u00e8res, qui regroupent mites et papillons.<\/p>\n\n\n\n<p>Cette d\u00e9couverte d\u2019une esp\u00e8ce d\u2019insecte rare et nouvelle pour la Suisse est int\u00e9ressante dans la mesure o\u00f9 elle permet de gagner en connaissances sur la faune de Suisse. De fa\u00e7on g\u00e9n\u00e9rale, les informations concernant les invert\u00e9br\u00e9s sont en effet moins nombreuses que pour les vert\u00e9br\u00e9s.&nbsp;<br><\/p>\n\n\n\n<figure class=\"wp-block-image size-large\"><img decoding=\"async\" src=\"https:\/\/wp.unil.ch\/svsn\/files\/2025\/09\/appareil-genital-femelle.png\" alt=\"\" \/><\/figure>\n\n\n\n<p>L\u2019appareil g\u00e9nital de la femelle de <em>L. pati<\/em> &nbsp;trouv\u00e9e en Suisse vu de profil, de dos et de face. Sa morphologie est similaire \u00e0 celui d\u2019un sp\u00e9cimen captur\u00e9 en France, \u00e0 une cinquantaine de kilom\u00e8tres de la Grande-Cari\u00e7aie \u00a9 Pierre Marle<br><br><strong>Le cousin des papillons et mites<\/strong><\/p>\n\n\n\n<p><em>L.<\/em> <em>pati O\u2019Connor<\/em> fait partie des <em>Limnephilus<\/em>, un genre d\u2019insectes surtout pr\u00e9sents dans la r\u00e9gion holoarctique, \u00e0 savoir l\u2019Europe, l\u2019Asie au nord de l\u2019Himalaya, l\u2019Afrique du Nord, et surtout l\u2019Am\u00e9rique du Nord, o\u00f9 l\u2019on trouve plus de la moiti\u00e9 des 178 esp\u00e8ces de <em>Limnephilus<\/em> connues. La diff\u00e9rence principale des <em>Limnephilus<\/em> par rapport aux papillons et mites est que leurs larves sont adapt\u00e9es \u00e0 la vie en eau douce, o\u00f9 elles se d\u00e9veloppent.<\/p>\n\n\n\n<p>Cela dit, on conna\u00eet peu de choses sur <em>L.<\/em> <em>pati O\u2019Connor<\/em>, car seul l\u2019adulte a \u00e9t\u00e9 d\u00e9crit. Pouvoir \u00e9tudier les larves permettrait de collecter des informations plus pr\u00e9cises sur cette esp\u00e8ce, sur ses exigences en termes d\u2019habitat et de savoir pourquoi elle est si rare en Europe. Il s\u2019agit de la prochaine \u00e9tape de l\u2019\u00e9tude, qui s\u2019annonce comme un d\u00e9fi&nbsp;: \u00ab&nbsp;Trouver des larves va \u00eatre difficile, car on a trouv\u00e9 un seul adulte. On sait simplement que les larves de <em>L.<\/em> <em>pati<\/em> font probablement un \u00e9tui, comme les larves d\u2019autres esp\u00e8ces de <em>Limnephilus<\/em>&nbsp;\u00bb,&nbsp; indique Pierre Marle, hydrobiologiste et chercheur associ\u00e9 au Natur\u00e9um.<\/p>\n\n\n\n<p><strong>Le myst\u00e8re des larves<\/strong><\/p>\n\n\n\n<p>Les larves du genre Limnephilus peuvent se trouver dans les rivi\u00e8res et pas seulement dans les eaux stagnantes, mais de pr\u00e9f\u00e9rence dans les zones \u00e0 faible courant, o\u00f9 elles ne risquent pas d\u2019\u00eatre emport\u00e9es. De fa\u00e7on g\u00e9n\u00e9rale, les larves de <em>Limnephilus <\/em>se d\u00e9veloppent dans des endroits tr\u00e8s localis\u00e9s&nbsp;: <em>\u00ab&nbsp;On parle de micro-habitats de quelques dizaines de centim\u00e8tres carr\u00e9s&nbsp;\u00bb<\/em>, explique Pierre Marle. \u00c0 l\u2019inverse, les adultes peuvent voler sur plusieurs kilom\u00e8tres. Autrement dit, trouver des insectes adultes n\u2019aide pas \u00e0 trouver les larves.<\/p>\n\n\n\n<p>Une localisation tr\u00e8s limit\u00e9e des larves est d\u2019autant probable pour <em>L.<\/em> <em>pati O\u2019Connor <\/em>que cet insecte a besoin d\u2019un habitat tr\u00e8s sp\u00e9cifique. D\u2019abord, il appr\u00e9cie les r\u00e9surgences d\u2019eau telles que les sources. \u00ab\u00a0Selon mes coll\u00e8gues, <em>L. pati <\/em>aime les milieux calcaires et donc les eaux qui ont transit\u00e9 \u00e0 travers des roches calcaires\u00a0\u00bb, note Pierre Marle. Enfin il a besoin de la pr\u00e9sence d\u2019eaux stagnantes proches. Les trois conditions mentionn\u00e9es ci-dessus doivent \u00eatre r\u00e9unies pour que cette esp\u00e8ce se d\u00e9veloppe, d\u2019o\u00f9 sa raret\u00e9 \u00e0 l\u2019\u00e9chelle europ\u00e9enne. <em>L.<\/em> <em>pati<\/em> \u00e9tait seulement connu dans 20 localit\u00e9s sur tout le continent avant la d\u00e9couverte faite dans la Grande Cari\u00e7aie durant l\u2019\u00e9t\u00e9 2020.<\/p>\n\n\n\n<p><strong>Question et d\u00e9ductions<\/strong><\/p>\n\n\n\n<p>Est-ce que l\u2019unique sp\u00e9cimen captur\u00e9 pourrait provenir de tr\u00e8s loin, emport\u00e9 jusqu\u2019en Suisse par une temp\u00eate&nbsp;? C\u2019est possible, mais l\u2019hypoth\u00e8se la plus probable est celle d\u2019un individu qui s\u2019est d\u00e9velopp\u00e9 sur place. Ce sont surtout les esp\u00e8ces les plus petites qui sont emport\u00e9s tr\u00e8s loin, alors que L. <em>pati O\u2019Connor<\/em> a de grandes ailes. De plus, les femelles de cette esp\u00e8ce pr\u00e9sentent une morphologie variable et celle trouv\u00e9e dans la Grande Cari\u00e7aie a une morphologie plus proche de celles qu\u2019on trouve en France et Belgique que celles de populations plus lointaines, en Grande-Bretagne et en Irlande.<\/p>\n\n\n\n<p><strong>Un indicateur de biodiversit\u00e9<\/strong><\/p>\n\n\n\n<p>La d\u00e9couverte de <em>L.<\/em> <em>pati<\/em> en Suisse renforce encore l\u2019int\u00e9r\u00eat \u00e9cologique de la Grande Cari\u00e7aie \u00e0 l\u2019\u00e9chelle continentale, puisqu\u2019il s\u2019agit d\u2019un des rares endroits o\u00f9 il a \u00e9t\u00e9 trouv\u00e9 en Europe. C\u2019est un indicateur suppl\u00e9mentaire de biodiversit\u00e9 et de la qualit\u00e9 des habitats existants de la Grande Cari\u00e7aie, puisqu\u2019il s\u2019agit d\u2019une esp\u00e8ce exigeante. De plus, <em>L.<\/em> <em>pati<\/em> fait partie d\u2019une famille d\u2019insectes utilis\u00e9e dans l\u2019IBCH, l\u2019indicateur biologique suisse, utilis\u00e9 pour mesure la qualit\u00e9 \u00e9cologique des rivi\u00e8res. Les <em>Limnephilus<\/em> sont en effet particuli\u00e8rement sensibles \u00e0 la qualit\u00e9 des habitats. Cela dit, trouver des esp\u00e8ces pour \u00e9valuer la qualit\u00e9 des habitats est parfois tr\u00e8s compliqu\u00e9 car chaque milieu peut contenir une multitude d\u2019habitats diff\u00e9rents. En fait, c\u2019est la biodiversit\u00e9 totale du milieu qui devient un indicateur de tous ces habitats.<\/p>\n\n\n\n<figure class=\"wp-block-image size-large\"><img decoding=\"async\" src=\"https:\/\/wp.unil.ch\/svsn\/files\/2025\/09\/vue-aerienne-grande-caricaie.jpg\" alt=\"\" \/><\/figure>\n\n\n\n<p>Vue a\u00e9rienne de la r\u00e9serve de Cheyres (FR). C\u2019est ici qu\u2019\u00e0 \u00e9t\u00e9 trouv\u00e9 le <em>Limnephilus pati O\u2019Connor<\/em>, un insecte tr\u00e8s rare \u00e0 l\u2019\u00e9chelle europ\u00e9enne. \u00a9 Association de la Grande-Cari\u00e7aie<\/p>\n\n\n\n<p><strong>Cet article est une version vulgaris\u00e9e d\u2019un article paru dans le bulletin 2024 de la Soci\u00e9t\u00e9 Vaudoise des Sciences Naturelles&nbsp;: Premi\u00e8re mention de Limnephilus pati O\u2019Connor 1980 en Suisse (Trichoptera, Limnephilidae, Pierre Marle, hydrobiologiste et chercheur associ\u00e9 au Natur\u00e9um).<\/strong><\/p>\n\n\n\n<p>Auteurs: Marle Pierre, Coppa Gennaro et P\u00e9tremand Ga\u00ebl<br>Bulletin 103<br>Ann\u00e9e: 2024<br>Pages: 61 &#8211; 64<br>DOI: <a href=\"https:\/\/www.e-periodica.ch\/digbib\/view?pid=bsv-002%3A2024%3A103%3A%3A66\">lien<\/a><\/p>\n\n\n\n<p><\/p>\n\n\n\n<hr class=\"wp-block-separator has-alpha-channel-opacity\" \/>\n\n\n\n<p><a id=\"_msocom_1\"><\/a><\/p>\n","protected":false},"excerpt":{"rendered":"<p>Limnephilus pati O\u2019Connor est un insecte tr\u00e8s rare en Europe, trouv\u00e9 pour la premi\u00e8re fois en Suisse. Cette d\u00e9couverte confirme la valeur \u00e9cologique de la Grande-Cari\u00e7aie \u00e0 l\u2019\u00e9chelle du continent, mais \u00e9tudier davantage cette esp\u00e8ce peu connue repr\u00e9sente un vrai<\/p>\n","protected":false},"author":1002538,"featured_media":0,"parent":0,"menu_order":0,"comment_status":"closed","ping_status":"closed","template":"","meta":{"_seopress_robots_primary_cat":"","_seopress_titles_title":"","_seopress_titles_desc":"","_seopress_robots_index":"","footnotes":""},"class_list":["post-11627","page","type-page","status-publish"],"_links":{"self":[{"href":"https:\/\/wp.unil.ch\/svsn\/wp-json\/wp\/v2\/pages\/11627","targetHints":{"allow":["GET"]}}],"collection":[{"href":"https:\/\/wp.unil.ch\/svsn\/wp-json\/wp\/v2\/pages"}],"about":[{"href":"https:\/\/wp.unil.ch\/svsn\/wp-json\/wp\/v2\/types\/page"}],"author":[{"embeddable":true,"href":"https:\/\/wp.unil.ch\/svsn\/wp-json\/wp\/v2\/users\/1002538"}],"replies":[{"embeddable":true,"href":"https:\/\/wp.unil.ch\/svsn\/wp-json\/wp\/v2\/comments?post=11627"}],"version-history":[{"count":5,"href":"https:\/\/wp.unil.ch\/svsn\/wp-json\/wp\/v2\/pages\/11627\/revisions"}],"predecessor-version":[{"id":11640,"href":"https:\/\/wp.unil.ch\/svsn\/wp-json\/wp\/v2\/pages\/11627\/revisions\/11640"}],"wp:attachment":[{"href":"https:\/\/wp.unil.ch\/svsn\/wp-json\/wp\/v2\/media?parent=11627"}],"curies":[{"name":"wp","href":"https:\/\/api.w.org\/{rel}","templated":true}]}}