{"id":11487,"date":"2025-08-26T16:02:27","date_gmt":"2025-08-26T14:02:27","guid":{"rendered":"https:\/\/wp.unil.ch\/svsn\/?page_id=11487"},"modified":"2025-10-07T17:58:53","modified_gmt":"2025-10-07T15:58:53","slug":"la-vie-secrete-des-libellules-forestieres","status":"publish","type":"page","link":"https:\/\/wp.unil.ch\/svsn\/la-vie-secrete-des-libellules-forestieres\/","title":{"rendered":"La vie secr\u00e8te des libellules foresti\u00e8res"},"content":{"rendered":"\n<p><strong>Le Jorat abrite des esp\u00e8ces rares de grandes libellules foresti\u00e8res, qui b\u00e9n\u00e9ficient de la mise en r\u00e9serve naturelle d\u2019une partie de la for\u00eat depuis 2021.<\/strong><\/p>\n\n\n\n<p>Bien qu\u2019elles soient tr\u00e8s grandes, on ne voit jamais ces libellules foresti\u00e8res, car leur vol furtif les rend difficilement rep\u00e9rables, surtout dans la p\u00e9nombre des sous-bois. Le Parc naturel du Jorat abrite ainsi la <em>Cordulegaster boltonii<\/em> et la <em>Cordulegaster bidentata<\/em>, deux esp\u00e8ces remarquables de libellules. Elles se d\u00e9veloppent en effet dans les ruisseaux et ruisselets, c\u2019est-\u00e0-dire dans des eaux froides, \u00e0 l\u2019inverse de la plupart des esp\u00e8ces de libellules, qui ont besoin d\u2019eaux chaudes et stagnantes.<br>Ces esp\u00e8ces tr\u00e8s discr\u00e8tes ont longtemps \u00e9t\u00e9 ignor\u00e9es. Et davantage encore avant quand la gestion foresti\u00e8re ne prenait pas en compte les petits cours d\u2019eau dans lesquelles elles vivent. \u00ab&nbsp;On y d\u00e9posait des branches dessus. Ce qui s\u2019est aussi beaucoup fait dans le Jorat \u00e0 une \u00e9poque est de combler des foss\u00e9s de drainage pour en faire des mares, ce qui a profit\u00e9 aux esp\u00e8ces communes de libellules&nbsp;\u00bb, explique Alain Maibach, l\u2019entomologiste qui a r\u00e9alis\u00e9 un inventaire des libellules pr\u00e9sentes dans le Parc naturel du Jorat.<\/p>\n\n\n\n<p><strong>Une libellule exceptionnelle<\/strong><br>Une autre esp\u00e8ce remarquable&nbsp;pr\u00e9sente dans le Jorat est <em>Lestes dryas<\/em>. Cette libellule a besoin de plans d\u2019eau qui s\u2019ass\u00e8chent compl\u00e8tement, des petites mouilles riches en v\u00e9g\u00e9tation. Les \u0153ufs ont en effet besoin d\u2019une p\u00e9riode d\u2019ass\u00e8chement pour se d\u00e9velopper, de la m\u00eame fa\u00e7on que certaines plantes ont besoin d\u2019une p\u00e9riode de froid pour fructifier. Des conditions hostiles aux autres libellules.<br>Le milieu favorable aux <em>Lestes<\/em> est devenu tr\u00e8s rare, car la for\u00eat a \u00e9t\u00e9 drain\u00e9e afin d\u2019y planter des \u00e9pic\u00e9as. En cons\u00e9quence, il s\u2019agit d\u2019une des rares esp\u00e8ces de libellules \u00e0 profiter de l\u2019aire prot\u00e9g\u00e9e dans le Parc naturel du Jorat. \u00c0 l\u2019inverse, les esp\u00e8ces communes devraient r\u00e9gresser dans cette zone car elles d\u00e9pendent des nombreuses mares foresti\u00e8res du Jorat lausannois, cr\u00e9\u00e9es entre 1992 et 2008.<\/p>\n\n\n\n<p><strong>Les mares sont rares<\/strong><br>En fait, les mares sont un milieu rare dans la nature. On trouve des \u00e9tangs naturels uniquement lorsqu\u2019une rivi\u00e8re d\u00e9borde, quand les m\u00e9andres d\u2019un cours d\u2019eau finissent par former un bras mort ou quand un arbre est d\u00e9racin\u00e9. Un exemple bien connu est celui de la r\u00e9serve du Moulin de Vert, dans le canton de Gen\u00e8ve, dont les \u00e9tangs sont un bras mort du Rh\u00f4ne. Ou alors des creux \u00e9tanches comme au bois de Ch\u00eane de Genolier. En dehors de ces exceptions, l\u2019\u00e9volution naturelle aboutit \u00e0 un remplissage v\u00e9g\u00e9tal, qui donne un marais, puis une for\u00eat, stade final de cette \u00e9volution. \u00ab&nbsp;\u00c0 l\u2019origine, le Plateau suisse et le Jura \u00e9taient couverts de for\u00eats, rappelle Alain Maibach. Le terrain a ensuite \u00e9t\u00e9 d\u00e9frich\u00e9 peu \u00e0 peu pour l\u2019agriculture&nbsp;\u00bb<br>L\u2019am\u00e9nagement de nombreuses mares dans le Jorat lausannois a donc profit\u00e9 aux esp\u00e8ces communes de libellules. D\u2019autant plus que le massif forestier du Jorat est situ\u00e9 \u00e0 mi-chemin entre le Jura et les Alpes, avec une altitude moyenne de plus de 700 m\u00e8tres, ce qui en fait un relai naturel pour les libellules. \u00c0 l\u2019exception du grand&nbsp;\u00c9tang de la Bressonnaz et de la Moille Saugeon, la diversit\u00e9 des esp\u00e8ces est cependant faible \u00e0 tr\u00e8s faible car ces mares foresti\u00e8res sont peu favorables aux libellules. Elles s\u2019ass\u00e8chent trop vite, sont \u00e0 l\u2019ombre ou ont des eaux fra\u00eeches, alors que la plupart des libellules exigent plut\u00f4t du soleil et des eaux chaudes.<\/p>\n\n\n\n<p><strong>Un paradis pour les libellules foresti\u00e8res<\/strong><br>En cons\u00e9quence, il va y avoir une diminution de la pr\u00e9sence de ces insectes dans l\u2019aire prot\u00e9g\u00e9e du Parc naturel du Jorat, car les mares vont se combler progressivement. Ce processus naturel de comblement est cependant lent: il n\u2019a pas encore d\u2019influence perceptible dans cette zone, o\u00f9 l\u2019arr\u00eat des interventions humaines est r\u00e9cent.<br>Le nombre plus \u00e9lev\u00e9 de libellules dans la zone de transition s\u2019explique donc surtout par le fait qu\u2019on y trouve l\u2019\u00c9tang de la Bressonnaz. Il s\u2019agit du plus grand \u00e9tang dans le massif forestier du Jorat, avec un fort ensoleillement, si bien qu\u2019il accueille de toute fa\u00e7on d\u00e9j\u00e0 la majorit\u00e9 des libellules communes. Le monitoring initial du Parc naturel du Jorat a permis de documenter cette diff\u00e9rence, avec 29 esp\u00e8ces de libellules recens\u00e9es dans la zone de transition contre 15 esp\u00e8ces dans l\u2019aire prot\u00e9g\u00e9e, dont des libellules communes qui s\u2019installeront progressivement ailleurs, en particulier dans l\u2019\u00c9tang de la Bressonnaz.<br>La zone foresti\u00e8re sans intervention humaine depuis 2021 profite quant \u00e0 elle aux <em>Cordulegaster<\/em> et aux <em>Lestes dryas<\/em>, d\u2019autant plus que le massif forestier du Jorat est un v\u00e9ritable ch\u00e2teau d\u2019eau. On y compte de nombreuses sources, qui donnent naissance \u00e0 des rivi\u00e8res embl\u00e9matiques comme le Talent, le Flon ou encore la Menthue. \u00ab&nbsp;Il n\u2019y aura pas de perte d\u2019esp\u00e8ces, r\u00e9sume Alain Maibach. Les esp\u00e8ces communes vont simplement aller \u00e0 d\u2019autres endroits et on y gagne une plus grande abondance d\u2019esp\u00e8ces ayant besoin d\u2019un milieu sp\u00e9cifique, comme les libellules foresti\u00e8res&nbsp;\u00bb. Autrement dit, ces insectes rares seront plus abondants localement.<br><br><\/p>\n\n\n\n<figure class=\"wp-block-image size-large\"><img decoding=\"async\" src=\"https:\/\/wp.unil.ch\/svsn\/files\/2025\/08\/capture-decran-2025-08-26-160105.png\" alt=\"\" \/><\/figure>\n\n\n\n<p>Le Cordul\u00e9gastre de Bolton (<em>Cordulegastre boltonii<\/em>) est une libellule foresti\u00e8re difficile \u00e0 voir malgr\u00e9 sa grande taille, \u00e0 cause de son vol furtif. \u00a9 G\u00e9rard Meyer<\/p>\n\n\n\n<figure class=\"wp-block-table\"><table class=\"has-background has-fixed-layout\" style=\"background-color:#3faf862e\"><tbody><tr><td><strong>Le paradoxe des r\u00e9serves naturelles<\/strong><br><br>De fa\u00e7on g\u00e9n\u00e9rale, la biodiversit\u00e9 foresti\u00e8re diminue dans une r\u00e9serve naturelle laiss\u00e9e \u00e0 sa libre \u00e9volution, aussi bien pour la faune que pour la flore. \u00ab&nbsp;Une coupe foresti\u00e8re est 100 fois plus riche en biodiversit\u00e9 qu\u2019une for\u00eat primaire. Le probl\u00e8me est que les gens confondent toujours richesse et sp\u00e9cificit\u00e9. Une tourbi\u00e8re \u00e0 la Vall\u00e9e de Joux o\u00f9 il y a trois esp\u00e8ces sp\u00e9cifiques de libellules qu\u2019on trouve uniquement dans ce milieu a plus de valeur que 42 esp\u00e8ces courantes dans un \u00e9tang artificiel&nbsp;\u00bb, explique Alain Maibach.<br><br>Alors, que faire pour augmenter la biodiversit\u00e9&nbsp;? Ce qui se fait d\u00e9j\u00e0 \u00e0 la Grande Cari\u00e7aie, avec la gestion de la surface lib\u00e9r\u00e9e par la correction des eaux du Jura, c\u2019est-\u00e0-dire leur abaissement. Il y aurait de la for\u00eat partout si on laissait la Grande Cari\u00e7aie \u00e0 elle-m\u00eame. Aussi, on d\u00e9broussaille et on cure \u00e0 certains endroits. Ce travail permet de maintenir une mosa\u00efque de milieux diff\u00e9rents et donc d\u2019avoir le maximum de biodiversit\u00e9.<br><br>Le principe est le m\u00eame dans le Parc naturel du Jorat, o\u00f9 le plan d\u2019action pour la biodiversit\u00e9 comprend une s\u00e9rie de mesures comme la cr\u00e9ation et l\u2019entretien de mares foresti\u00e8res dans la zone de transition, afin de palier le comblement pr\u00e9visible de ces petits biotopes dans l\u2019aire prot\u00e9g\u00e9e. Le tout permet de conserver une mosa\u00efque d\u2019habitats tr\u00e8s vari\u00e9s \u00e0 l\u2019\u00e9chelle du massif forestier du Jorat, avec des milieux qui r\u00e9pondent aux besoins d\u2019une multitude d\u2019esp\u00e8ces, mais r\u00e9parties autrement. \u00c0 terme, certains milieux se trouveront uniquement dans la zone de transition. Et juste \u00e0 c\u00f4t\u00e9, dans l\u2019aire prot\u00e9g\u00e9e, la for\u00eat \u00e9volue d\u00e9sormais sans aucune intervention humaine. De quoi redonner de la place aux libellules foresti\u00e8res.<\/td><\/tr><\/tbody><\/table><\/figure>\n\n\n\n<p><strong>Cet article est une version vulgaris\u00e9e d\u2019un article paru dans le bulletin 2024 de la Soci\u00e9t\u00e9 Vaudoise des Sciences Naturelles&nbsp;: \u00ab&nbsp;Inventaire des Odonates ou libellules du PNJ Parc Naturel du Jorat (Suisse, Vaud)&nbsp;: diversit\u00e9 initiale lors de la sa mise sous protection\u00bb Alain Maibach<\/strong><\/p>\n\n\n\n<p>Auteur\u00a0:\u00a0 Maibach Alain<br>Bulletin 103<br>Ann\u00e9e\u00a0: 2024<br>Pages\u00a0: 147 &#8211; 155<br>DOI : <a href=\"https:\/\/www.e-periodica.ch\/digbib\/view?pid=bsv-002%3A2024%3A103%3A%3A152\">lien ici <\/a><\/p>\n\n\n\n<p><\/p>\n","protected":false},"excerpt":{"rendered":"<p>Le Jorat abrite des esp\u00e8ces rares de grandes libellules foresti\u00e8res, qui b\u00e9n\u00e9ficient de la mise en r\u00e9serve naturelle d\u2019une partie de la for\u00eat depuis 2021. Bien qu\u2019elles soient tr\u00e8s grandes, on ne voit jamais ces libellules foresti\u00e8res, car leur vol<\/p>\n","protected":false},"author":1002538,"featured_media":0,"parent":0,"menu_order":0,"comment_status":"closed","ping_status":"closed","template":"","meta":{"_seopress_robots_primary_cat":"","_seopress_titles_title":"","_seopress_titles_desc":"","_seopress_robots_index":"","footnotes":""},"class_list":["post-11487","page","type-page","status-publish"],"_links":{"self":[{"href":"https:\/\/wp.unil.ch\/svsn\/wp-json\/wp\/v2\/pages\/11487","targetHints":{"allow":["GET"]}}],"collection":[{"href":"https:\/\/wp.unil.ch\/svsn\/wp-json\/wp\/v2\/pages"}],"about":[{"href":"https:\/\/wp.unil.ch\/svsn\/wp-json\/wp\/v2\/types\/page"}],"author":[{"embeddable":true,"href":"https:\/\/wp.unil.ch\/svsn\/wp-json\/wp\/v2\/users\/1002538"}],"replies":[{"embeddable":true,"href":"https:\/\/wp.unil.ch\/svsn\/wp-json\/wp\/v2\/comments?post=11487"}],"version-history":[{"count":5,"href":"https:\/\/wp.unil.ch\/svsn\/wp-json\/wp\/v2\/pages\/11487\/revisions"}],"predecessor-version":[{"id":11661,"href":"https:\/\/wp.unil.ch\/svsn\/wp-json\/wp\/v2\/pages\/11487\/revisions\/11661"}],"wp:attachment":[{"href":"https:\/\/wp.unil.ch\/svsn\/wp-json\/wp\/v2\/media?parent=11487"}],"curies":[{"name":"wp","href":"https:\/\/api.w.org\/{rel}","templated":true}]}}