{"id":11458,"date":"2025-08-26T15:10:06","date_gmt":"2025-08-26T13:10:06","guid":{"rendered":"https:\/\/wp.unil.ch\/svsn\/?page_id=11458"},"modified":"2025-09-18T15:46:01","modified_gmt":"2025-09-18T13:46:01","slug":"libellules-salamandres-et-orchidees","status":"publish","type":"page","link":"https:\/\/wp.unil.ch\/svsn\/libellules-salamandres-et-orchidees\/","title":{"rendered":"Libellules, salamandres et orchid\u00e9es"},"content":{"rendered":"\n<p><strong>Situ\u00e9s au pied du Jura vaudois, les marais des Pontets Est et Ouest abritent de nombreuses plantes et animaux menac\u00e9s, gr\u00e2ce \u00e0 l\u2019existence d\u2019une mosa\u00efque de milieux vari\u00e9s. Le suivi men\u00e9 sur ce site a confirm\u00e9 sa richesse \u00e9cologique.<\/strong><\/p>\n\n\n\n<p class=\"has-black-color has-text-color has-link-color wp-elements-c141cd04a725304326da61f4ef143114\">On y trouve \u00e0 la fois des zones humides, des milieux plus secs ou des gouilles temporaires et encore bien d\u2019autres milieux sp\u00e9cifiques o\u00f9 prosp\u00e8rent des esp\u00e8ces rares et menac\u00e9es. Les marais du Pontet abritent ainsi huit sortes d\u2019orchid\u00e9es diff\u00e9rentes. Certaines se plaisent plut\u00f4t dans les marais (<em>Epipactis des marais<\/em>), d\u2019autres dans les for\u00eats comme l\u2019orchis moucheron ou l\u2019orchis de Fuchs, alors que la List\u00e8re \u00e0 feuilles ovales pousse plut\u00f4t en lisi\u00e8re de for\u00eat.<br><br><\/p>\n\n\n\n<figure class=\"wp-block-gallery has-nested-images columns-default is-cropped wp-block-gallery-1 is-layout-flex wp-block-gallery-is-layout-flex\">\n<figure class=\"wp-block-image size-large\"><a href=\"https:\/\/wp.unil.ch\/svsn\/files\/2025\/08\/epipactis-des-marais-copyright-parc-jura-vaudois.jpg\"><img loading=\"lazy\" decoding=\"async\" width=\"1024\" height=\"772\" data-id=\"11518\" src=\"https:\/\/wp.unil.ch\/svsn\/files\/2025\/08\/epipactis-des-marais-copyright-parc-jura-vaudois-1024x772.jpg\" alt=\"epipactis des marais copyright parc jura vaudois\" class=\"wp-image-11518\" srcset=\"https:\/\/wp.unil.ch\/svsn\/files\/2025\/08\/epipactis-des-marais-copyright-parc-jura-vaudois-1024x772.jpg 1024w, https:\/\/wp.unil.ch\/svsn\/files\/2025\/08\/epipactis-des-marais-copyright-parc-jura-vaudois-300x226.jpg 300w, https:\/\/wp.unil.ch\/svsn\/files\/2025\/08\/epipactis-des-marais-copyright-parc-jura-vaudois-768x579.jpg 768w, https:\/\/wp.unil.ch\/svsn\/files\/2025\/08\/epipactis-des-marais-copyright-parc-jura-vaudois-1320x996.jpg 1320w, https:\/\/wp.unil.ch\/svsn\/files\/2025\/08\/epipactis-des-marais-copyright-parc-jura-vaudois.jpg 1440w\" sizes=\"auto, (max-width: 1024px) 100vw, 1024px\" \/><\/a><figcaption class=\"wp-element-caption\">epipactis des marais copyright parc jura vaudois<\/figcaption><\/figure>\n\n\n\n<figure class=\"wp-block-image size-large\"><a href=\"https:\/\/wp.unil.ch\/svsn\/files\/2025\/08\/orchis.png\"><img loading=\"lazy\" decoding=\"async\" width=\"712\" height=\"582\" data-id=\"11461\" src=\"https:\/\/wp.unil.ch\/svsn\/files\/2025\/08\/orchis.png\" alt=\"orchis\" class=\"wp-image-11461\" srcset=\"https:\/\/wp.unil.ch\/svsn\/files\/2025\/08\/orchis.png 712w, https:\/\/wp.unil.ch\/svsn\/files\/2025\/08\/orchis-300x245.png 300w\" sizes=\"auto, (max-width: 712px) 100vw, 712px\" \/><\/a><figcaption class=\"wp-element-caption\">orchis<\/figcaption><\/figure>\n<\/figure>\n\n\n\n<p class=\"has-black-color has-text-color has-link-color wp-elements-e6250664c03c46a04afc4359776d9722\">Orchis moucheron \u00a9 Caroline Khamiss\u00e9<\/p>\n\n\n\n<p class=\"has-black-color has-text-color has-link-color wp-elements-ea5904706a76e88ea55d4da7503a342d\">Les marais des Pontets abritent aussi des salamandres tachet\u00e9es, la fameuse salamandre noire et jaune, reconnaissable entre toutes. La pr\u00e9sence de larves a \u00e9t\u00e9 observ\u00e9e, ce qui est tr\u00e8s bon signe, car cela signifie que la salamandre tachet\u00e9e se reproduit sur place. Parmi les reptiles, on trouve la coronelle lisse, une esp\u00e8ce de serpent en danger. \u00c0 noter aussi la pr\u00e9sence du lucane cerf-volant. Ce gros insecte d\u00e9pend du bois mort et en particulier de gros troncs. \u00ab&nbsp;On ne s\u2019attendait pas forc\u00e9ment \u00e0 le trouver car il n\u2019avait encore jamais \u00e9t\u00e9 observ\u00e9 sur le site&nbsp;\u00bb, explique Caroline Khamiss\u00e9, responsable de projet Paysage et nature au Parc naturel r\u00e9gional Jura vaudois<\/p>\n\n\n\n<p><strong>Plus de trente esp\u00e8ces menac\u00e9es<\/strong><\/p>\n\n\n\n<p class=\"has-black-color has-text-color has-link-color wp-elements-0e12ac5246d061730530a8452d3e7ac5\">Parmi les esp\u00e8ces animales et v\u00e9g\u00e9tales trouv\u00e9es lors de cet inventaire, plus de trente sont&nbsp; menac\u00e9es, en tout cas en Suisse mais souvent aussi \u00e0 l\u2019\u00e9chelle europ\u00e9enne. Un d\u00e9clin surtout d\u00fb \u00e0 la diminution de leurs habitats voire carr\u00e9ment \u00e0 leur disparition dans certaines r\u00e9gions.<\/p>\n\n\n\n<p class=\"has-black-color has-text-color has-link-color wp-elements-d6e222967311fa5e0b8e1a353de2a483\">La participation de groupes d\u2019\u00e9tudiants a permis de faire des relev\u00e9s plus syst\u00e9matiques. \u00ab&nbsp;Il y a plus de biodiversit\u00e9 qu\u2019attendu&nbsp;\u00bb. Les r\u00e9sultats de l\u2019inventaire ont ainsi confirm\u00e9 la grande valeur \u00e9cologique des marais des Pontets, aussi bien pour le site Est que celui de l\u2019 Ouest.<\/p>\n\n\n\n<p class=\"has-black-color has-text-color has-link-color wp-elements-ae1345d98f05b7a032c8f7e5946802f0\"><a>Le suivi \u00e9cologique men\u00e9 par Caroline Khamiss\u00e9 a \u00e9t\u00e9 effectu\u00e9 de 2016 \u00e0 2018. Il y a eu d\u2019autres suivis en 2020, 2023 et 2024. <\/a>&nbsp;Dans l\u2019ensemble, il n\u2019y a pas eu d\u2019\u00e9volution car ces milieux sont l\u00e0 depuis tr\u00e8s longtemps. \u00ab&nbsp;Cette stabilit\u00e9 est positive car ces milieux sont rares et propices \u00e0 la biodiversit\u00e9&nbsp;\u00bb, explique Caroline Khamiss\u00e9.<\/p>\n\n\n\n<p><strong>Grande libellule foresti\u00e8re<\/strong><\/p>\n\n\n\n<p class=\"has-black-color has-text-color has-link-color wp-elements-b50a19e96ee07ddcf9e2f9456fd92d9c\">Laiss\u00e9s \u00e0 eux-m\u00eames, les marais ont une tendance naturelle \u00e0 se combler. Ceux des Pontets ont \u00e9t\u00e9 revitalis\u00e9s, il y a une dizaine d\u2019ann\u00e9es, pour favoriser le Cordul\u00e9gastre bident\u00e9 (<em>Cordulegaster bidentata<\/em>), une grande libellule noire et jaune. Cette libellule est en effet une esp\u00e8ce foresti\u00e8re qui appr\u00e9cie les petites gouilles mais aussi les petits ruisseaux, c\u2019est-\u00e0-dire des eaux qui restent fra\u00eeches toute l\u2019ann\u00e9e, alors que la plupart des esp\u00e8ces de libellules ont, au contraire, besoin d\u2019eaux chaudes et stagnantes.<br><br><\/p>\n\n\n\n<figure class=\"wp-block-image size-large\"><img decoding=\"async\" src=\"https:\/\/wp.unil.ch\/svsn\/files\/2025\/08\/libellule.png\" alt=\"\" \/><\/figure>\n\n\n\n<p>Cordul\u00e9gastre bident\u00e9 \u00a9 B\u00e4rbel Korch Libellenschutz<\/p>\n\n\n\n<p class=\"has-black-color has-text-color has-link-color wp-elements-b31b53e16115304da9a8aeefe2c27ea3\">Concr\u00e8tement, plusieurs gouilles ont \u00e9t\u00e9 am\u00e9nag\u00e9es et reli\u00e9es par des ruisselets. Le tout a \u00e9t\u00e9 assorti d\u2019op\u00e9rations de d\u00e9broussaillage. \u00c0 noter que les bas-marais des Pontets font partie du territoire du Parc naturel r\u00e9gional Jura vaudois. Il s\u2019agit d\u2019un parc d\u2019importance nationale, qui offre son expertise aux communes du territoire pour pr\u00e9server et entretenir divers biotopes.<\/p>\n\n\n\n<p class=\"has-black-color has-text-color has-link-color wp-elements-ff37c7785335493495ef606dd2dfb1f5\">&nbsp;D\u2019autres inventaires sont pr\u00e9vus tous les deux ans, le prochain en 2026, en se focalisant \u00e0 chaque fois sur un ou deux groupes particuliers d\u2019esp\u00e8ces. Le tout \u00e0 diff\u00e9rentes p\u00e9riodes de l\u2019ann\u00e9e, en fonction des groupes cibl\u00e9s. Si l\u2019inventaire se focalise sur les amphibiens, par exemple, l\u2019inventaire aura plut\u00f4t lieu au printemps, voire d\u00e9but mars.<\/p>\n\n\n\n<p class=\"has-black-color has-text-color has-link-color wp-elements-2994f481c4c65e8db7dadaa616991947\">Pour les reptiles et les plantes en revanche, la meilleure p\u00e9riode se situe plut\u00f4t en \u00e9t\u00e9.<\/p>\n\n\n\n<p class=\"has-black-color has-text-color has-link-color wp-elements-7960c3ad734a5583595fa0fbab10815f\">Les marais des Pontets sont g\u00e9r\u00e9s \u00e0 la fois par le Parc Jura vaudois et le groupement forestier qui s\u2019occupe des for\u00eats communales de la r\u00e9gion. Pour les ann\u00e9es \u00e0 venir, il s\u2019agira de regarder s\u2019il y a un besoin de travaux et si oui, lesquels. Par exemple cette ann\u00e9e, il est pr\u00e9vu d\u2019aller arracher les petits arbres dans les marais.<\/p>\n\n\n\n<p><strong>Cet article est une version vulgaris\u00e9e d\u2019un article paru dans le bulletin 2024 de la Soci\u00e9t\u00e9 Vaudoise des Sciences Naturelles&nbsp;: \u00ab&nbsp;Suivi \u00e9cologique des bas-marais des Pontets\u00bb Caroline Khamiss\u00e9<\/strong><\/p>\n\n\n\n<p><br>Auteur: Khamiss\u00e9 Caroline<br>Bulletin 103<br>Ann\u00e9e: 2024<br>Pages: 79 &#8211; 83<br>DOI : <a href=\"https:\/\/doi.org\/10.5169\/seals-1061945\">https:\/\/doi.org\/10.5169\/seals-1061945<\/a><\/p>\n\n\n\n<p><a id=\"_msocom_1\"><\/a><\/p>\n\n\n\n<p><\/p>\n","protected":false},"excerpt":{"rendered":"<p>Situ\u00e9s au pied du Jura vaudois, les marais des Pontets Est et Ouest abritent de nombreuses plantes et animaux menac\u00e9s, gr\u00e2ce \u00e0 l\u2019existence d\u2019une mosa\u00efque de milieux vari\u00e9s. Le suivi men\u00e9 sur ce site a confirm\u00e9 sa richesse \u00e9cologique. On<\/p>\n","protected":false},"author":1002538,"featured_media":0,"parent":0,"menu_order":0,"comment_status":"closed","ping_status":"closed","template":"","meta":{"_seopress_robots_primary_cat":"","_seopress_titles_title":"","_seopress_titles_desc":"","_seopress_robots_index":"","footnotes":""},"class_list":["post-11458","page","type-page","status-publish"],"_links":{"self":[{"href":"https:\/\/wp.unil.ch\/svsn\/wp-json\/wp\/v2\/pages\/11458","targetHints":{"allow":["GET"]}}],"collection":[{"href":"https:\/\/wp.unil.ch\/svsn\/wp-json\/wp\/v2\/pages"}],"about":[{"href":"https:\/\/wp.unil.ch\/svsn\/wp-json\/wp\/v2\/types\/page"}],"author":[{"embeddable":true,"href":"https:\/\/wp.unil.ch\/svsn\/wp-json\/wp\/v2\/users\/1002538"}],"replies":[{"embeddable":true,"href":"https:\/\/wp.unil.ch\/svsn\/wp-json\/wp\/v2\/comments?post=11458"}],"version-history":[{"count":5,"href":"https:\/\/wp.unil.ch\/svsn\/wp-json\/wp\/v2\/pages\/11458\/revisions"}],"predecessor-version":[{"id":11619,"href":"https:\/\/wp.unil.ch\/svsn\/wp-json\/wp\/v2\/pages\/11458\/revisions\/11619"}],"wp:attachment":[{"href":"https:\/\/wp.unil.ch\/svsn\/wp-json\/wp\/v2\/media?parent=11458"}],"curies":[{"name":"wp","href":"https:\/\/api.w.org\/{rel}","templated":true}]}}