{"id":11437,"date":"2025-08-21T10:09:36","date_gmt":"2025-08-21T08:09:36","guid":{"rendered":"https:\/\/wp.unil.ch\/svsn\/?page_id=11437"},"modified":"2025-09-18T15:16:03","modified_gmt":"2025-09-18T13:16:03","slug":"lucanus-cervus_lucane-cerf-volant_breitenmoser-2","status":"publish","type":"page","link":"https:\/\/wp.unil.ch\/svsn\/lucanus-cervus_lucane-cerf-volant_breitenmoser-2\/","title":{"rendered":"Insectes rares: \u00ab\u00a0nous avons eu de bonnes surprises dans nos for\u00eats\u00a0\u00bb"},"content":{"rendered":"\n<p><strong>Les for\u00eats de l\u2019Ouest vaudois sont riches en col\u00e9opt\u00e8res rares. L\u2019entomologiste St\u00e8ve Breitenmoser a \u00e9tudi\u00e9 les esp\u00e8ces saproxyliques, celles qui d\u00e9composent le bois et jouent ainsi un r\u00f4le \u00e9cologique essentiel.<\/strong><\/p>\n\n\n\n<p>Ils d\u00e9pendent du bois mort pour leur cycle de vie ou d\u2019arbres vieillissants, le plus souvent pour le d\u00e9veloppement de leurs larves. Ing\u00e9nieur HES et entomologiste, St\u00e8ve Breitenmoser a \u00e9tudi\u00e9 les col\u00e9opt\u00e8res saproxyliques dans diff\u00e9rentes for\u00eats riches en ch\u00eanes de l\u2019Ouest vaudois. Il s\u2019agit de h\u00eatraies, mais parsem\u00e9es de ch\u00eanes, ce qui donne des for\u00eats plus claires qu\u2019une h\u00eatraie traditionnelle.<\/p>\n\n\n\n<p>Ce type de for\u00eat est particuli\u00e8rement favorable aux col\u00e9opt\u00e8res saproxyliques. Ces insectes d\u00e9pendent en effet en priorit\u00e9 des feuillus, alors qu\u2019on trouve beaucoup moins d\u2019esp\u00e8ces li\u00e9es aux conif\u00e8res. Par ailleurs, le ch\u00eane et le h\u00eatre sont deux des essences d\u2019arbres dont d\u00e9pendent le plus d\u2019esp\u00e8ces saproxyliques. \u00c0 noter que le ch\u00e2taignier aussi figure sur ce podium, mais en Suisse cette essence d\u2019arbre est pr\u00e9sente avant tout au Tessin et dans certaines r\u00e9gions du Valais.<br><br><\/p>\n\n\n\n<figure class=\"wp-block-image size-large\"><img decoding=\"async\" src=\"https:\/\/wp.unil.ch\/svsn\/files\/2025\/08\/lucanus-cervus_lucane-cerf-volant_copybreitenmoser.jpg\" alt=\"\" \/><\/figure>\n\n\n\n<p>Les for\u00eats de l&rsquo;Ouest vaudois abritent des esp\u00e8ces rares comme le lucane cerf-volant (<em>Lucanus cervus<\/em>) \u00a9 Steve Breitenmoser<\/p>\n\n\n\n<p><br><strong>Esp\u00e8ces rares<\/strong><\/p>\n\n\n\n<p>Par ailleurs, les esp\u00e8ces exigeantes trouv\u00e9es dans les h\u00eatraies de l\u2019ouest vaudois ont comme point commun d\u2019avoir \u00e0 la fois besoin de beaucoup de lumi\u00e8re et aussi de bois mort de plus de 40 cm de diam\u00e8tre. Autrement dit, il faut la pr\u00e9sence de tr\u00e8s vieux arbres pour avoir ces esp\u00e8ces. Autant de conditions r\u00e9unies dans les 17 h\u00eatraies riches en ch\u00eanes qui ont \u00e9t\u00e9 \u00e9tudi\u00e9es pour cet inventaire. Enfin, la pr\u00e9sence de ch\u00eanes indique un climat interm\u00e9diaire entre le Sud et le Centre de l\u2019Europe.<\/p>\n\n\n\n<p>Les for\u00eats de l\u2019Ouest vaudois se sont av\u00e9r\u00e9es tr\u00e8s riches en col\u00e9opt\u00e8res saproxyliques, avec plus de 300 esp\u00e8ces recens\u00e9es. Mais surtout, on y a trouv\u00e9 de nombreuses esp\u00e8ces rares et exigeantes, pr\u00e8s d\u2019une centaine. Y compris certaines esp\u00e8ces reliques qu\u2019on trouve normalement uniquement dans les for\u00eats primaires de Pologne ou d\u2019Ukraine. C\u2019est-\u00e0-dire des for\u00eats intactes, car jamais exploit\u00e9es par l\u2019homme.<\/p>\n\n\n\n<p><strong>Grand, mais difficile \u00e0 voir<\/strong><\/p>\n\n\n\n<p>Parmi les esp\u00e8ces trouv\u00e9es lors de cette \u00e9tude il y a le Grand capricorne un insecte spectaculaire qui peut faire jusqu\u2019\u00e0 6 cm de long. Il est devenu rare dans toute l\u2019Europe. Il lui faut en effet des ch\u00eanes d\u2019au moins 100 ans, pas trop ombrag\u00e9s et en train de mourir, ce qui fait beaucoup de conditions \u00e0 la fois \u00e0 remplir. \u00ab&nbsp;Ce qui \u00e9tait int\u00e9ressant \u00e9tait de le trouver en for\u00eat&nbsp;\u00bb, explique St\u00e8ve Breitenmoser. Avant, sa pr\u00e9sence avait \u00e9t\u00e9 rep\u00e9r\u00e9e uniquement sur des arbres isol\u00e9s ou des all\u00e9es de ch\u00eanes. \u00c0 noter que malgr\u00e9 sa taille, qui en fait un des plus grands insectes europ\u00e9ens, il est difficile d\u2019observer , car il vole au cr\u00e9puscule.<\/p>\n\n\n\n<p>Il est en danger critique d\u2019extinction en Suisse et c\u2019est ce qu\u2019on appelle une esp\u00e8ce parapluie. Quand une telle esp\u00e8ce est pr\u00e9sente, on sait que le milieu abrite des dizaines d\u2019autres d\u2019esp\u00e8ces exigeantes. Autrement dit, en prot\u00e9geant le Grand capricorne, on prot\u00e8ge des dizaines d\u2019autres esp\u00e8ces en m\u00eame temps.<\/p>\n\n\n\n<p>Heureusement tr\u00e8s peu d\u2019esp\u00e8ces exotiques, venant d\u2019Asie ou d\u2019Am\u00e9rique, ont \u00e9t\u00e9 trouv\u00e9es.<\/p>\n\n\n\n<p>L\u2019inventaire s\u2019est fait dans 17 h\u00eatraies riches en ch\u00eanes et parmi les 652 esp\u00e8ces recens\u00e9es, plus de la moiti\u00e9 sont saproxyliques.<br><\/p>\n\n\n\n<figure class=\"wp-block-image size-large\"><img decoding=\"async\" src=\"https:\/\/wp.unil.ch\/svsn\/files\/2025\/08\/cerambyx-cerdo_grand-capricorne_copybreitenmoser.jpg\" alt=\"\" \/><\/figure>\n\n\n\n<p>Malgr\u00e9 sa taille imposante &#8211; 6 cm sans les antennes &#8211; le Grand Capricorne <em>(Cerambyx cerdo<\/em>) est difficile \u00e0 observer en raison de son vol cr\u00e9pusculaire \u00a9 Breitenmoser<\/p>\n\n\n\n<p><br><strong>Un outil int\u00e9ressant<\/strong><\/p>\n\n\n\n<p>\u00ab&nbsp;On ne s\u2019attendait pas \u00e0 une telle diversit\u00e9&nbsp;\u00bb r\u00e9sume St\u00e8ve Breitenmoser. En d\u00e9composant le bois, les col\u00e9opt\u00e8res saproxyliques jouent un r\u00f4le \u00e9cologique essentiel, notamment en r\u00e9g\u00e9n\u00e9rant les sols forestiers.<\/p>\n\n\n\n<p>L\u2019inventaire a \u00e9t\u00e9 men\u00e9 sur dix ans et constitue un outil int\u00e9ressant pour les gardes forestiers. Il leur permet de savoir dans quelles for\u00eats on trouve quelles esp\u00e8ces, y compris les esp\u00e8ces prioritaires pour le canton de Vaud, comme le Grand Capricorne et le Lucane cerf-volant. Ils peuvent ainsi agir en cons\u00e9quence. Ainsi, il faut laisser notamment une quantit\u00e9 de bois morts importante comme des branches, troncs, souches et des arbres morts sur pied ainsi que la pr\u00e9sence de lumi\u00e8re pour les favoriser.<\/p>\n\n\n\n<p>H\u00e9l\u00e8ne Koch<\/p>\n\n\n\n<p><strong>Cet article est une version vulgaris\u00e9e d\u2019un article paru dans le bulletin 2024 de la Soci\u00e9t\u00e9 Vaudoise des Sciences Naturelles&nbsp;: \u00ab&nbsp;Col\u00e9opt\u00e8res saproxyliques remarquables des peuplements forestiers riches en ch\u00eanes de l\u2019ouest vaudois.&nbsp;\u00bb St\u00e8ve Breitenmoser, ing\u00e9nieur HES et entomologiste<\/strong><\/p>\n\n\n\n<h3 class=\"wp-block-heading\">Col\u00e9opt\u00e8res saproxyliques remarquables des peuples forestiers riches en ch\u00eanes de l&rsquo;ouest vaudois<\/h3>\n\n\n\n<p>Auteur: Breitenmoser Steve<br>Bulletin 103<br>Ann\u00e9e: 2024<br>Pages: 91 &#8211; 107<br>DOI : <a href=\"https:\/\/doi.org\/10.5169\/seals-1061947\" target=\"_blank\" rel=\"noreferrer noopener\">https:\/\/doi.org\/10.5169\/sceaux-1061947<\/a><br><\/p>\n","protected":false},"excerpt":{"rendered":"<p>Les for\u00eats de l\u2019Ouest vaudois sont riches en col\u00e9opt\u00e8res rares. L\u2019entomologiste St\u00e8ve Breitenmoser a \u00e9tudi\u00e9 les esp\u00e8ces saproxyliques, celles qui d\u00e9composent le bois et jouent ainsi un r\u00f4le \u00e9cologique essentiel. Ils d\u00e9pendent du bois mort pour leur cycle de vie<\/p>\n","protected":false},"author":1002538,"featured_media":0,"parent":0,"menu_order":0,"comment_status":"closed","ping_status":"closed","template":"","meta":{"_seopress_robots_primary_cat":"","_seopress_titles_title":"","_seopress_titles_desc":"","_seopress_robots_index":"","footnotes":""},"class_list":["post-11437","page","type-page","status-publish"],"_links":{"self":[{"href":"https:\/\/wp.unil.ch\/svsn\/wp-json\/wp\/v2\/pages\/11437","targetHints":{"allow":["GET"]}}],"collection":[{"href":"https:\/\/wp.unil.ch\/svsn\/wp-json\/wp\/v2\/pages"}],"about":[{"href":"https:\/\/wp.unil.ch\/svsn\/wp-json\/wp\/v2\/types\/page"}],"author":[{"embeddable":true,"href":"https:\/\/wp.unil.ch\/svsn\/wp-json\/wp\/v2\/users\/1002538"}],"replies":[{"embeddable":true,"href":"https:\/\/wp.unil.ch\/svsn\/wp-json\/wp\/v2\/comments?post=11437"}],"version-history":[{"count":5,"href":"https:\/\/wp.unil.ch\/svsn\/wp-json\/wp\/v2\/pages\/11437\/revisions"}],"predecessor-version":[{"id":11615,"href":"https:\/\/wp.unil.ch\/svsn\/wp-json\/wp\/v2\/pages\/11437\/revisions\/11615"}],"wp:attachment":[{"href":"https:\/\/wp.unil.ch\/svsn\/wp-json\/wp\/v2\/media?parent=11437"}],"curies":[{"name":"wp","href":"https:\/\/api.w.org\/{rel}","templated":true}]}}