{"id":11409,"date":"2025-07-17T15:41:43","date_gmt":"2025-07-17T13:41:43","guid":{"rendered":"https:\/\/wp.unil.ch\/svsn\/?page_id=11409"},"modified":"2025-10-30T14:54:20","modified_gmt":"2025-10-30T13:54:20","slug":"cafe-scientifique","status":"publish","type":"page","link":"https:\/\/wp.unil.ch\/svsn\/cafe-scientifique\/","title":{"rendered":"Caf\u00e9 scientifique"},"content":{"rendered":"\n<p class=\"has-text-align-center\"><strong>Le Jeudi 30 octobre 2025<br>Palais de Rumine<br>Salle du S\u00e9nat &#8211; (1er \u00e9tage \u00e0 gauche en montant)<br>18h30 &#8211; 20h30<br>Gratuit et ouvert \u00e0 toutes et tous<\/strong><br>Online <a href=\"https:\/\/unil.zoom.us\/s\/2635095432\">https:\/\/unil.zoom.us\/s\/2635095432<\/a><\/p>\n\n\n\n<p class=\"has-text-align-center has-text-color has-link-color has-large-font-size wp-elements-b7af70908b6e4a4139dfb3058e381190\" style=\"color:#25bd85\"><strong>Quand la montagne s\u2019effondre : <\/strong><\/p>\n\n\n\n<p class=\"has-text-align-center has-text-color has-link-color has-large-font-size wp-elements-d719211752213683a834363f9f85cb7e\" style=\"color:#25bd85\"><strong>causes et le\u00e7ons de la catastrophe de Blatten<\/strong><br><\/p>\n\n\n\n<figure class=\"wp-block-image size-large\"><img decoding=\"async\" src=\"https:\/\/wp.unil.ch\/svsn\/files\/2025\/08\/ludovic-ravanel.jpg\" alt=\"\" \/><\/figure>\n\n\n\n<p>Photo Christophe Lambiel<\/p>\n\n\n\n<p>Quand la montagne vacille, c&rsquo;est tout un symbole&nbsp;qui s\u2019effrite.<\/p>\n\n\n\n<p>L\u2019effondrement du glacier de Birch, survenu \u00e0 Blatten au printemps 2025, a marqu\u00e9 les esprits.<br><br>Au-del\u00e0 de l\u2019\u00e9v\u00e9nement spectaculaire, il nous confronte \u00e0 des questions fondamentales pour notre pays&nbsp;; un pays o\u00f9 les montagnes, les glaciers et les villages alpins forment un patrimoine \u00e0 la fois naturel, culturel et \u00e9motionnel, profond\u00e9ment ancr\u00e9 dans l\u2019identit\u00e9 suisse.&nbsp;Comment \u00e9voluent les risques g\u00e9ologiques en montagne&nbsp;? Quelle part est li\u00e9e au changement climatique, et quelle part rel\u00e8ve de l\u2019histoire g\u00e9ologique naturelle des Alpes&nbsp;? Et surtout : comment anticiper ces risques pour mieux prot\u00e9ger notre patrimoine, nos paysages et nos villages de montagne ?<\/p>\n\n\n\n<p>Ce caf\u00e9 scientifique propose un \u00e9change autour de ces enjeux, m\u00ealant expertise acad\u00e9mique et connaissance du terrain, avec&nbsp;:<\/p>\n\n\n\n<p> &#8211;  Michel Jaboyedoff,&nbsp;sp\u00e9cialiste des mouvements de versant et de la mod\u00e9lisation des instabilit\u00e9s rocheuses.<br> &#8211;  Christophe Lambiel, expert du perg\u00e9lisol alpin et de ses dynamiques.<br> &#8211; Guillaume Favre-Bulle, fort d\u2019une longue exp\u00e9rience d\u2019observation et de gestion des risques naturels dans les Alpes, y compris \u00e0 Blatten.<\/p>\n\n\n\n<p>Apr\u00e8s une introduction par les intervenants, une large place sera consacr\u00e9e \u00e0 la discussion avec le public?<\/p>\n\n\n\n<p>\u00c0 travers leurs regards crois\u00e9s, de plusieurs sp\u00e9cialistes de la question nous tenterons de pr\u00e9ciser et analyser <\/p>\n\n\n\n<p>Cet \u00e9change se veut ouvert, accessible et ancr\u00e9 dans l\u2019actualit\u00e9 scientifique et humaine. Venez poser vos questions, \u00e9couter les analyses d\u2019experts et mieux comprendre les nouveaux d\u00e9fis pos\u00e9s par les dynamiques de nos paysages alpins.<\/p>\n\n\n\n<p><\/p>\n\n\n\n<p><strong>Intervenants :<\/strong><br>Prof. Michel Jaboyedoff, Professeur \u00e0 l\u2019institut des Sciences de la Terre, \u00e0 la facult\u00e9 des g\u00e9osciences et de l\u2019environnement de l\u2019UNIL, <strong><a href=\"https:\/\/applicationspub.unil.ch\/interpub\/noauth\/php\/Un\/UnUnite.php?UnId=274&amp;LanCode=37\">Institut des sciences de la Terre (ISTE)<\/a><\/strong><br>Dr Christophe Lambiel, Ma\u00eetre d\u2019enseignement et de recherche \u00e0 l\u2019institut des dynamiques terrestres, \u00e0 la facult\u00e9 des g\u00e9osciences et de l\u2019environnement de l\u2019UNIL, Institut des dynamiques de la surface terrestre, UNIL, <strong><a href=\"https:\/\/applicationspub.unil.ch\/interpub\/noauth\/php\/Un\/UnUnite.php?UnId=273&amp;LanCode=37\">Institut des dynamiques de la surface terrestre (IDYST)<\/a><\/strong><br>Guillaume Favre-Bulle: Chef du Service des dangers naturels, Etat du Valais<br><br><strong>Mod\u00e9rateur :<\/strong> <br>Brahimsamba Bomou<\/p>\n\n\n\n<p><strong>Programme:<\/strong><br><\/p>\n\n\n\n<p>18h30-18h40: mots de bienvenue<br>18h40-19h10&nbsp;: apports des expert.e.s et scientifiques<br>19h10-20h30 : \u00e9changes avec le public<br>D\u00e8s 20h30: ap\u00e9ritif et poursuite des \u00e9changes informels<\/p>\n","protected":false},"excerpt":{"rendered":"<p>Le Jeudi 30 octobre 2025Palais de RumineSalle du S\u00e9nat &#8211; (1er \u00e9tage \u00e0 gauche en montant)18h30 &#8211; 20h30Gratuit et ouvert \u00e0 toutes et tousOnline https:\/\/unil.zoom.us\/s\/2635095432 Quand la montagne s\u2019effondre : causes et le\u00e7ons de la catastrophe de Blatten Photo Christophe<\/p>\n","protected":false},"author":1002538,"featured_media":0,"parent":0,"menu_order":0,"comment_status":"closed","ping_status":"closed","template":"","meta":{"_seopress_robots_primary_cat":"","_seopress_titles_title":"","_seopress_titles_desc":"","_seopress_robots_index":"","footnotes":""},"class_list":["post-11409","page","type-page","status-publish"],"_links":{"self":[{"href":"https:\/\/wp.unil.ch\/svsn\/wp-json\/wp\/v2\/pages\/11409","targetHints":{"allow":["GET"]}}],"collection":[{"href":"https:\/\/wp.unil.ch\/svsn\/wp-json\/wp\/v2\/pages"}],"about":[{"href":"https:\/\/wp.unil.ch\/svsn\/wp-json\/wp\/v2\/types\/page"}],"author":[{"embeddable":true,"href":"https:\/\/wp.unil.ch\/svsn\/wp-json\/wp\/v2\/users\/1002538"}],"replies":[{"embeddable":true,"href":"https:\/\/wp.unil.ch\/svsn\/wp-json\/wp\/v2\/comments?post=11409"}],"version-history":[{"count":5,"href":"https:\/\/wp.unil.ch\/svsn\/wp-json\/wp\/v2\/pages\/11409\/revisions"}],"predecessor-version":[{"id":11737,"href":"https:\/\/wp.unil.ch\/svsn\/wp-json\/wp\/v2\/pages\/11409\/revisions\/11737"}],"wp:attachment":[{"href":"https:\/\/wp.unil.ch\/svsn\/wp-json\/wp\/v2\/media?parent=11409"}],"curies":[{"name":"wp","href":"https:\/\/api.w.org\/{rel}","templated":true}]}}