{"id":11050,"date":"2025-02-18T13:56:09","date_gmt":"2025-02-18T12:56:09","guid":{"rendered":"https:\/\/wp.unil.ch\/svsn\/?page_id=11050"},"modified":"2025-02-18T15:10:56","modified_gmt":"2025-02-18T14:10:56","slug":"conference-prof-nicolas-gisin","status":"publish","type":"page","link":"https:\/\/wp.unil.ch\/svsn\/conference-prof-nicolas-gisin\/","title":{"rendered":"Conf\u00e9rence Prof. Nicolas Gisin"},"content":{"rendered":"\n<p><em>Professeur \u00e0 l\u2019Universit\u00e9 de Gen\u00e8ve au Constructor Institute of Technology.<\/em><\/p>\n\n\n\n<p class=\"has-text-align-center\"><strong>Conf\u00e9rence <\/strong><br><strong>Le  mercredi 25 juin \u00e0 18h30<\/strong><br><strong>Auditoire Narbel en pr\u00e9sentiel<br> Palais de Rumine (5\u00e8me \u00e9tage)<br><\/strong><strong>et <a href=\"https:\/\/epfl.zoom.us\/j\/67740774138?pwd=VRRgqH2Kt532IO2dPwySJNGsrG7SHE.1\">Online <\/a><\/strong><br><\/p>\n\n\n\n<p class=\"has-text-color has-link-color has-large-font-size wp-elements-1d8d1b6fc77c42022ae34335b36b6d19\" style=\"color:#4eb24e\"><strong>D\u00e9sol\u00e9 Einstein, finalement Dieu joue aux d\u00e9s<\/strong><br><br><\/p>\n\n\n\n<figure class=\"wp-block-image size-large\"><a href=\"https:\/\/wp.unil.ch\/svsn\/files\/2025\/02\/Qcommu-vertrouge.jpg\"><img alt=\"\" decoding=\"async\" src=\"https:\/\/wp.unil.ch\/svsn\/files\/2025\/02\/Qcommu-vertrouge-1024x768.jpg\" alt=\"\" class=\"wp-image-11051\" \/><\/a><\/figure>\n\n\n\n<p class=\"has-black-color has-text-color has-link-color wp-elements-ead45c5ed3c62818bef63e7e6466018b\"><strong>R\u00e9sum\u00e9:<\/strong><br>Le g\u00e9nie d\u2019Einstein influence nos vies bien plus qu\u2019on ne se l\u2019imagine. En effet, la science d\u00e9termine en grande partie la vision du monde dominante dans notre soci\u00e9t\u00e9. Einstein, comme toute personne hyperactive, s\u2019est parfois tromp\u00e9, mais ce n\u2019est pas de ces petites erreurs dont il sera question. Einstein s\u2019est \u00e9norm\u00e9ment inspir\u00e9 de sa profonde intuition. Celle-ci l\u2019a men\u00e9 \u00e0 inventer la th\u00e9orie de la relativit\u00e9, mais l\u2019a aussi pouss\u00e9 \u00e0 admettre certains pr\u00e9jug\u00e9s, pr\u00e9jug\u00e9s qui continuent aujourd\u2019hui \u00e0 nous influencer. Nous discuterons deux de ces \u00ab&nbsp;erreurs&nbsp;\u00bb, de nature tr\u00e8s diff\u00e9rente. La premi\u00e8re est la notion de \u00ab&nbsp;localit\u00e9&nbsp;\u00bb, ch\u00e8re \u00e0 Newton et \u00e0 Einstein, mais contredite par la m\u00e9canique quantique. La seconde erreur concerne le d\u00e9terminisme scientifique, fortement remis en cause par la physique quantique, en particulier par la non-localit\u00e9 quantique. En fait, le d\u00e9terminisme scientifique, m\u00eame en physique classique, n\u2019est pas la cons\u00e9quence de faits, mais d\u2019utilisation d\u2019un langage math\u00e9matique qui inclue les nombres soi-disant r\u00e9els, avec leur infinit\u00e9 de d\u00e9cimales. Ces notions complexes seront expliqu\u00e9es et illustr\u00e9es simplement.<\/p>\n\n\n\n<p class=\"has-black-color has-text-color has-link-color wp-elements-1704415fe541208e4360d7fa4d8e0e30\"><strong>Biographie:<br><\/strong>Nicolas Gisin, n\u00e9 \u00e0 Gen\u00e8ve, est Professeur \u00e0 l\u2019Universit\u00e9 de Gen\u00e8ve au Constructor Institute of Technology. Il s\u2019int\u00e9resse \u00e0 des domaines tr\u00e8s divers, de la physique quantique \u00e0 la philosophie, en passant par les applications des technologies quantiques. Il a publi\u00e9 un livre grand-public, L\u2019Impensable Hasard, aux Edition Odile Jacob, et co-fond\u00e9 la soci\u00e9t\u00e9 IDQ, leader mondial en cryptographie quantique et en g\u00e9n\u00e9rateurs quantiques de nombres al\u00e9atoires.<\/p>\n\n\n\n<p class=\"has-background\" style=\"background-color:#f4f4f4\"><strong>Date:<\/strong> mercredi 25 juin<br><strong>Horaire:<\/strong> 18h30<br><strong>Lieu en pr\u00e9sentiel: <\/strong>auditoire Narbel, 5\u00e8me \u00e9tage, Palais de Rumine<br><strong>Online<\/strong>:<strong> <\/strong><a href=\"https:\/\/unil.zoom.us\/j\/2635095432\"><strong>Online <\/strong><\/a><br><strong>Ouvert \u00e0 toutes et tous<br>Gratuit<\/strong><\/p>\n","protected":false},"excerpt":{"rendered":"<p>Professeur \u00e0 l\u2019Universit\u00e9 de Gen\u00e8ve au Constructor Institute of Technology. Conf\u00e9rence Le mercredi 25 juin \u00e0 18h30Auditoire Narbel en pr\u00e9sentiel Palais de Rumine (5\u00e8me \u00e9tage)et Online D\u00e9sol\u00e9 Einstein, finalement Dieu joue aux d\u00e9s R\u00e9sum\u00e9:Le g\u00e9nie d\u2019Einstein influence nos vies bien<\/p>\n","protected":false},"author":1002538,"featured_media":0,"parent":0,"menu_order":0,"comment_status":"closed","ping_status":"closed","template":"","meta":{"_seopress_robots_primary_cat":"","_seopress_titles_title":"","_seopress_titles_desc":"","_seopress_robots_index":"","footnotes":""},"class_list":["post-11050","page","type-page","status-publish"],"_links":{"self":[{"href":"https:\/\/wp.unil.ch\/svsn\/wp-json\/wp\/v2\/pages\/11050","targetHints":{"allow":["GET"]}}],"collection":[{"href":"https:\/\/wp.unil.ch\/svsn\/wp-json\/wp\/v2\/pages"}],"about":[{"href":"https:\/\/wp.unil.ch\/svsn\/wp-json\/wp\/v2\/types\/page"}],"author":[{"embeddable":true,"href":"https:\/\/wp.unil.ch\/svsn\/wp-json\/wp\/v2\/users\/1002538"}],"replies":[{"embeddable":true,"href":"https:\/\/wp.unil.ch\/svsn\/wp-json\/wp\/v2\/comments?post=11050"}],"version-history":[{"count":4,"href":"https:\/\/wp.unil.ch\/svsn\/wp-json\/wp\/v2\/pages\/11050\/revisions"}],"predecessor-version":[{"id":11075,"href":"https:\/\/wp.unil.ch\/svsn\/wp-json\/wp\/v2\/pages\/11050\/revisions\/11075"}],"wp:attachment":[{"href":"https:\/\/wp.unil.ch\/svsn\/wp-json\/wp\/v2\/media?parent=11050"}],"curies":[{"name":"wp","href":"https:\/\/api.w.org\/{rel}","templated":true}]}}