{"id":10918,"date":"2025-01-09T08:13:06","date_gmt":"2025-01-09T07:13:06","guid":{"rendered":"https:\/\/wp.unil.ch\/svsn\/?page_id=10918"},"modified":"2025-01-09T14:33:20","modified_gmt":"2025-01-09T13:33:20","slug":"conference-dr-anne-marie-rachoud-schneider-et-dr-brahimsamba-bomou","status":"publish","type":"page","link":"https:\/\/wp.unil.ch\/svsn\/conference-dr-anne-marie-rachoud-schneider-et-dr-brahimsamba-bomou\/","title":{"rendered":"Conf\u00e9rence Dr Anne-Marie Rachoud-Schneider et Dr Brahimsamba Bomou"},"content":{"rendered":"\n<p class=\"has-text-align-center\"><em>D\u00e9partement de botanique du Natur\u00e9um<\/em><br><em><a href=\"https:\/\/applicationspub.unil.ch\/interpub\/noauth\/php\/Un\/UnUnite.php?UnId=274&amp;LanCode=37\">Institut des sciences de la Terre (ISTE)<\/a><\/em><\/p>\n\n\n\n<p class=\"has-text-align-center\"><strong>Conf\u00e9rence<br>Le Jeudi 6 f\u00e9vrier 2025<\/strong><br><strong>Conservatoire du Jardin botanique<\/strong> <strong>&#8211; Lausanne<br>18h<\/strong><\/p>\n\n\n\n<p class=\"has-text-align-center\"><strong>Une conf\u00e9rence propos\u00e9e en partenariat avec le Natur\u00e9um<\/strong><br><\/p>\n\n\n\n<figure class=\"wp-block-image size-full is-resized\"><a href=\"https:\/\/wp.unil.ch\/svsn\/files\/2025\/01\/image.png\"><img alt=\"\" loading=\"lazy\" decoding=\"async\" width=\"543\" height=\"224\" src=\"https:\/\/wp.unil.ch\/svsn\/files\/2025\/01\/image.png\" alt=\"\" class=\"wp-image-10923\" style=\"width:196px;height:auto\" srcset=\"https:\/\/wp.unil.ch\/svsn\/files\/2025\/01\/image.png 543w, https:\/\/wp.unil.ch\/svsn\/files\/2025\/01\/image-300x124.png 300w\" sizes=\"auto, (max-width: 543px) 100vw, 543px\" \/><\/a><\/figure>\n\n\n\n<p class=\"has-text-align-center\"><\/p>\n\n\n\n<p class=\"has-text-align-center has-text-color has-link-color has-medium-font-size wp-elements-a0e649273177c03df8300ed8b853c572\" style=\"color:#2aa377\"><strong>L\u2019\u00e9volution pal\u00e9oclimatique du Jura Suisse depuis le dernier maximum glaciaire:<br> Une \u00e9tude palynologique et g\u00e9ologique du site des Amburnex (Jura vaudois)<\/strong><\/p>\n\n\n\n<figure class=\"wp-block-image size-large\"><img decoding=\"async\" src=\"https:\/\/wp.unil.ch\/svsn\/files\/2025\/01\/DSCN4221.jpg\" alt=\"\" \/><\/figure>\n\n\n\n<p><strong>R\u00e9sum\u00e9:<\/strong><\/p>\n\n\n\n<p>Juch\u00e9 sur les hauteurs du Jura vaudois, le site des Amburnex nous offre un cadre exceptionnel pour le d\u00e9veloppement de larges zones de tourbi\u00e8res. Ces zones humides, connue pour leur vuln\u00e9rabilit\u00e9, offrent un int\u00e9r\u00eat \u00e9cologique de premier plan avec la pr\u00e9sence d\u2019une flore end\u00e9mique telle que la Saxifrage dor\u00e9e, mais \u00e9galement un int\u00e9r\u00eat g\u00e9ologique avec un enregistrement s\u00e9dimentaire lacustre depuis plus de 19 000 ans.<\/p>\n\n\n\n<p>En effet, avant d\u2019\u00eatre une tourbi\u00e8re cette zone \u00e9tait un lac tardiglaciaire qui s\u2019est form\u00e9 peu apr\u00e8s le retrait des glaciers \u00e0 la fin de la derni\u00e8re glaciation du W\u00fcrm. Au fur et \u00e0 mesure du remplissage de ce dernier par des d\u00e9p\u00f4ts s\u00e9dimentaires issus de l\u2019alt\u00e9ration des reliefs environnants ainsi que de la production biologique lacustre, ce lac s\u2019est peu \u00e0 peu combl\u00e9 et transform\u00e9 en tourbi\u00e8re avec le d\u00e9veloppement d\u2019une v\u00e9g\u00e9tation typique telle que les sphaignes. Le milieu est ainsi pass\u00e9 d\u2019un environnement oxyg\u00e9n\u00e9 avec une faune de bivalves et de petits gast\u00e9ropodes \u00e0 un environnement pauvre en oxyg\u00e8ne et tr\u00e8s acide permettant le d\u00e9veloppement d\u2019une flore tr\u00e8s particuli\u00e8re inf\u00e9od\u00e9e \u00e0 ces milieux extr\u00eames. L\u2019accumulation de la mati\u00e8re organique non d\u00e9grad\u00e9e issue de ces v\u00e9g\u00e9taux dans ces conditions sp\u00e9ciales va permettre de produire de la tourbe et former ainsi ces tourbi\u00e8res, phase ultime des lacs glaciaires.<\/p>\n\n\n\n<p>Le projet d\u00e9velopp\u00e9 par l\u2019Institut des Sciences de la Terre de l\u2019Universit\u00e9 de Lausanne, conjointement avec le d\u00e9partement de botanique du Natur\u00e9um, est d\u2019\u00e9tudier l\u2019\u00e9volution environnementale et climatique enregistr\u00e9e dans les s\u00e9diments lacustres depuis ces derniers 19 000 ans ainsi que les enregistrements des \u00e9pisodes volcaniques majeurs ayant ponctu\u00e9s cette p\u00e9riode, et ce gr\u00e2ce \u00e0 des analyses g\u00e9ochimiques, min\u00e9ralogiques et polliniques. En effet, les outils min\u00e9ralogiques et g\u00e9ochimiques, on peut d\u00e9terminer l\u2019\u00e9volution du r\u00e9gime climatique en caract\u00e9risant les temp\u00e9ratures et l\u2019intensit\u00e9 des pr\u00e9cipitations, mais aussi les conditions environnementales. Ces analyses sont confirm\u00e9es par une analyse pollinique (\u00e9tude des pollens) qui permet de caract\u00e9riser l\u2019\u00e9volution des assemblages des v\u00e9g\u00e9taux typiques d\u2019un milieu et d\u2019un climat donn\u00e9. L\u2019\u00e9volution du niveau trophique du lac est quant \u00e0 lui d\u00e9termin\u00e9 par la concentration en phosphore qui est un traceur couramment utilis\u00e9 pour indiquer le taux de nutriment dans les eaux. Gr\u00e2ce notamment \u00e0 la susceptibilit\u00e9 magn\u00e9tique, un \u00e9v\u00e9nement volcanique a pu \u00eatre enregistr\u00e9 dans ce site et correspondrait au volcanisme du Laacher See (Allemagne) datant d\u2019il y a 13 000 ans.<\/p>\n\n\n\n<p><strong>Biographie:<\/strong><\/p>\n\n\n\n<p>Anne-Marie Rachoud-Schneider:<br>Sp\u00e9cialiste en palynologie et pal\u00e9obotanique, le Dr A.-M. Rachoud-Schneider poss\u00e8de plus de 40 ans d&rsquo;exp\u00e9rience en recherche et enseignement. Titulaire d&rsquo;un doctorat en sciences naturelles de l&rsquo;Universit\u00e9 de Berne, elle a travaill\u00e9 sur des projets de recherche en palynologie, g\u00e9obotanique ainsi qu&rsquo;en arch\u00e9obotanique, collaborant notamment avec des institutions prestigieuses comme l&rsquo;Universit\u00e9 de Lausanne, le Mus\u00e9e Botanique de Lausanne et M\u00e9t\u00e9o Suisse. Passionn\u00e9e par les fouilles arch\u00e9ologiques, elle a men\u00e9 des travaux sur divers sites en Suisse, Belgique, Italie<\/p>\n\n\n\n<p>Brahimsamba Bomou:<br>Sp\u00e9cialiste en s\u00e9dimentologie, g\u00e9ochimie s\u00e9dimentaire, et pal\u00e9oclimatologie, le Dr Brahimsamba Bomou a travaill\u00e9 principalement sur la reconstruction pal\u00e9oenvironnementale et pal\u00e9oclimatique lors de grandes crises g\u00e9ologiques dans diff\u00e9rents environnements de d\u00e9p\u00f4ts. Apr\u00e8s un Bachelor en Sciences de la Vie et de la Terre \u00e0 l\u2019Universit\u00e9 de Rouen (2004), suivi d\u2019un Master en S\u00e9dimentologie et Pal\u00e9ontologie \u00e0 l\u2019Universit\u00e9 de Bourgogne (2007), il obtient un doctorat \u00e0 l\u2019Institut de G\u00e9ologie et Pal\u00e9ontologie de l\u2019Universit\u00e9 de Lausanne en 2012. Il poursuit ses recherches en tant que Post-Doc \u00e0 l\u2019IPGP et au LSCE avant de devenir Ma\u00eetre assistant \u00e0 l\u2019Universit\u00e9 de Corse. De retour \u00e0 l\u2019Universit\u00e9 de Lausanne, il occupe successivement les postes de Ma\u00eetre assistant et Charg\u00e9 de Laboratoire , avant d\u2019\u00eatre nomm\u00e9 Ma\u00eetre d\u2019Enseignement et Recherche \u00e0 l\u2019Universit\u00e9 de Lausanne.<\/p>\n\n\n\n<figure class=\"wp-block-table\"><table class=\"has-background has-fixed-layout\" style=\"background-color:#e4e7ea\"><tbody><tr><td><strong>Date:<\/strong> jeudi 6 f\u00e9vrier 2025<br><strong>Horaire: <\/strong>18h<br><strong>Lieu: <\/strong>D\u00e9partement de botanique du Natur\u00e9um &#8211; Conservatoire du Jardin botanique<br><strong>Salle: <\/strong>salle d\u2019exposition du Conservatoire <br><strong>Adresse<\/strong>: Entr\u00e9e par le Parc de Milan, Montriond, Lausanne<br><strong>TL:<\/strong> Bus 1 et 25, arr\u00eat Jardin botanique<\/td><\/tr><\/tbody><\/table><\/figure>\n\n\n\n<p><\/p>\n","protected":false},"excerpt":{"rendered":"<p>D\u00e9partement de botanique du Natur\u00e9umInstitut des sciences de la Terre (ISTE) Conf\u00e9renceLe Jeudi 6 f\u00e9vrier 2025Conservatoire du Jardin botanique &#8211; Lausanne18h Une conf\u00e9rence propos\u00e9e en partenariat avec le Natur\u00e9um L\u2019\u00e9volution pal\u00e9oclimatique du Jura Suisse depuis le dernier maximum glaciaire: Une<\/p>\n","protected":false},"author":1002538,"featured_media":0,"parent":0,"menu_order":0,"comment_status":"closed","ping_status":"closed","template":"","meta":{"_seopress_robots_primary_cat":"","_seopress_titles_title":"","_seopress_titles_desc":"","_seopress_robots_index":"","footnotes":""},"class_list":["post-10918","page","type-page","status-publish"],"_links":{"self":[{"href":"https:\/\/wp.unil.ch\/svsn\/wp-json\/wp\/v2\/pages\/10918","targetHints":{"allow":["GET"]}}],"collection":[{"href":"https:\/\/wp.unil.ch\/svsn\/wp-json\/wp\/v2\/pages"}],"about":[{"href":"https:\/\/wp.unil.ch\/svsn\/wp-json\/wp\/v2\/types\/page"}],"author":[{"embeddable":true,"href":"https:\/\/wp.unil.ch\/svsn\/wp-json\/wp\/v2\/users\/1002538"}],"replies":[{"embeddable":true,"href":"https:\/\/wp.unil.ch\/svsn\/wp-json\/wp\/v2\/comments?post=10918"}],"version-history":[{"count":4,"href":"https:\/\/wp.unil.ch\/svsn\/wp-json\/wp\/v2\/pages\/10918\/revisions"}],"predecessor-version":[{"id":10945,"href":"https:\/\/wp.unil.ch\/svsn\/wp-json\/wp\/v2\/pages\/10918\/revisions\/10945"}],"wp:attachment":[{"href":"https:\/\/wp.unil.ch\/svsn\/wp-json\/wp\/v2\/media?parent=10918"}],"curies":[{"name":"wp","href":"https:\/\/api.w.org\/{rel}","templated":true}]}}