{"id":10625,"date":"2024-06-11T14:37:21","date_gmt":"2024-06-11T12:37:21","guid":{"rendered":"https:\/\/wp.unil.ch\/svsn\/?page_id=10625"},"modified":"2025-05-20T09:35:40","modified_gmt":"2025-05-20T07:35:40","slug":"conference-academique","status":"publish","type":"page","link":"https:\/\/wp.unil.ch\/svsn\/conference-academique\/","title":{"rendered":"Conf\u00e9rence acad\u00e9mique &#8211; Val\u00e9rie D&rsquo;Acremont"},"content":{"rendered":"\n<p class=\"has-text-align-center has-black-color has-text-color has-medium-font-size\"><br><em>Professeure \u00e0 la facult\u00e9 de biologie et m\u00e9decine, Universit\u00e9 de Lausanne<br>Responsable du secteur de \u00ab\u00a0Sant\u00e9 globale et environnementale\u00a0\u00bb \u00e0 Unisant\u00e9<\/em><br><br><strong>Conf\u00e9rence acad\u00e9mique<br>en partenariat avec la<\/strong><br><br><\/p>\n\n\n\n<figure class=\"wp-block-image size-large is-resized\"><img decoding=\"async\" src=\"https:\/\/wp.unil.ch\/svsn\/files\/2018\/11\/SAV-logo.jpg\" alt=\"\" style=\"width:218px;height:66px\" \/><\/figure>\n\n\n\n<p class=\"has-text-align-center has-black-color has-text-color has-medium-font-size\"><br><strong>Le jeudi 5 d\u00e9cembre \u00e0 18h30 <\/strong><br>En pr\u00e9sentiel<br><strong>Aula du Palais de Rumine (3<sup>\u00e8me<\/sup> \u00e9tage)<\/strong><br>et \u00e9galement<br><strong> <\/strong>Online: <a href=\"https:\/\/www.sonomix.ch\/live\/sonomix\">https:\/\/www.sonomix.ch\/live\/sonomix<\/a><\/p>\n\n\n\n<p class=\"has-text-align-center has-black-color has-text-color has-medium-font-size\"><\/p>\n\n\n\n<p class=\"has-text-align-center has-text-color has-large-font-size\" style=\"color:#4eb24e\"><strong>Impact du climat sur la sant\u00e9: <\/strong><br><br><strong>qu\u2019est-ce qui nous attend et que peut-on faire?<\/strong><br><br><br><\/p>\n\n\n\n<figure class=\"wp-block-image size-full\"><a href=\"https:\/\/wp.unil.ch\/svsn\/files\/2024\/06\/73b-Village-de-Ngadior-Senegal.png\"><img alt=\"\" loading=\"lazy\" decoding=\"async\" width=\"960\" height=\"720\" src=\"https:\/\/wp.unil.ch\/svsn\/files\/2024\/06\/73b-Village-de-Ngadior-Senegal.png\" alt=\"\" class=\"wp-image-10632\" srcset=\"https:\/\/wp.unil.ch\/svsn\/files\/2024\/06\/73b-Village-de-Ngadior-Senegal.png 960w, https:\/\/wp.unil.ch\/svsn\/files\/2024\/06\/73b-Village-de-Ngadior-Senegal-300x225.png 300w, https:\/\/wp.unil.ch\/svsn\/files\/2024\/06\/73b-Village-de-Ngadior-Senegal-768x576.png 768w\" sizes=\"auto, (max-width: 960px) 100vw, 960px\" \/><\/a><figcaption class=\"wp-element-caption\">Village de Ngadior S\u00e9n\u00e9gal<\/figcaption><\/figure>\n\n\n\n<p><strong>R\u00e9sum\u00e9:<\/strong><br>Le d\u00e9r\u00e8glement climatique a de plus en plus d\u2019impact direct et indirect (via la perte de biodiversit\u00e9 et de la pollution) sur la sant\u00e9 de la population et sur le secteur des soins. Conna\u00eetre les impacts de ces al\u00e9as climatiques permet d\u2019essayer de les pr\u00e9venir autant que possible, en transformant notre syst\u00e8me de sant\u00e9 en profondeur, pour le rendre plus durable et robuste.<\/p>\n\n\n\n<p class=\"has-black-color has-text-color has-link-color wp-elements-5f61a5c429262e5a1ec877864e9bb860\"><strong>Biographie:<\/strong><br><a>Val\u00e9rie D&rsquo;Acremont est m\u00e9decin et \u00e9pid\u00e9miologiste sp\u00e9cialis\u00e9e en maladies infectieuses et tropicales, responsable du secteur Sant\u00e9 globale et environnementale \u00e0 Unisant\u00e9, et professeure \u00e0 l\u2019Universit\u00e9 de Lausanne. Elle a travaill\u00e9 en Afrique plusieurs ann\u00e9e puis pour l\u2019OMS. Elle dirige des projets de recherche visant \u00e0 am\u00e9liorer la prise en charge des patients vivant dans des pays \u00e0 ressources limit\u00e9es ou venant en Europe depuis les tropiques, en utilisant des algorithmes d\u2019aide \u00e0 la d\u00e9cision clinique, tout en \u00e9valuant l\u2019impact sur les soins des risques syst\u00e9miques, tel que la r\u00e9sistance aux antibiotiques, l\u2019environnement, ou la p\u00e9nurie d\u2019\u00e9lectricit\u00e9 et de soignant.es.<\/a><\/p>\n\n\n\n<p><\/p>\n\n\n\n<figure class=\"wp-block-table\"><table class=\"has-background\" style=\"background-color:#e4e6e7\"><tbody><tr><td><strong>Date:<\/strong> le jeudi 5 d\u00e9cembre<br><strong>Horaire: <\/strong>18h30<strong><br>Lieu: <\/strong>Aula du Palais de Rumine (3\u00e8me \u00e9tage)<br><strong>Online:  <a href=\"https:\/\/www.sonomix.ch\/live\/sonomix\">https:\/\/www.sonomix.ch\/live\/sonomix<\/a><\/strong><strong><br>Ouvert \u00e0 tous<br>Gratuit<\/strong><br><strong>Ap\u00e9ritif offert par la SAV<\/strong><\/td><\/tr><\/tbody><\/table><\/figure>\n","protected":false},"excerpt":{"rendered":"<p>Professeure \u00e0 la facult\u00e9 de biologie et m\u00e9decine, Universit\u00e9 de LausanneResponsable du secteur de \u00ab\u00a0Sant\u00e9 globale et environnementale\u00a0\u00bb \u00e0 Unisant\u00e9 Conf\u00e9rence acad\u00e9miqueen partenariat avec la Le jeudi 5 d\u00e9cembre \u00e0 18h30 En pr\u00e9sentielAula du Palais de Rumine (3\u00e8me \u00e9tage)et \u00e9galement<\/p>\n","protected":false},"author":1002538,"featured_media":0,"parent":0,"menu_order":0,"comment_status":"closed","ping_status":"closed","template":"","meta":{"_seopress_robots_primary_cat":"","_seopress_titles_title":"","_seopress_titles_desc":"","_seopress_robots_index":"","footnotes":""},"class_list":["post-10625","page","type-page","status-publish"],"_links":{"self":[{"href":"https:\/\/wp.unil.ch\/svsn\/wp-json\/wp\/v2\/pages\/10625","targetHints":{"allow":["GET"]}}],"collection":[{"href":"https:\/\/wp.unil.ch\/svsn\/wp-json\/wp\/v2\/pages"}],"about":[{"href":"https:\/\/wp.unil.ch\/svsn\/wp-json\/wp\/v2\/types\/page"}],"author":[{"embeddable":true,"href":"https:\/\/wp.unil.ch\/svsn\/wp-json\/wp\/v2\/users\/1002538"}],"replies":[{"embeddable":true,"href":"https:\/\/wp.unil.ch\/svsn\/wp-json\/wp\/v2\/comments?post=10625"}],"version-history":[{"count":4,"href":"https:\/\/wp.unil.ch\/svsn\/wp-json\/wp\/v2\/pages\/10625\/revisions"}],"predecessor-version":[{"id":10834,"href":"https:\/\/wp.unil.ch\/svsn\/wp-json\/wp\/v2\/pages\/10625\/revisions\/10834"}],"wp:attachment":[{"href":"https:\/\/wp.unil.ch\/svsn\/wp-json\/wp\/v2\/media?parent=10625"}],"curies":[{"name":"wp","href":"https:\/\/api.w.org\/{rel}","templated":true}]}}