{"id":10577,"date":"2024-05-28T09:34:29","date_gmt":"2024-05-28T07:34:29","guid":{"rendered":"https:\/\/wp.unil.ch\/svsn\/?page_id=10577"},"modified":"2024-08-27T14:53:59","modified_gmt":"2024-08-27T12:53:59","slug":"speed-dating","status":"publish","type":"page","link":"https:\/\/wp.unil.ch\/svsn\/speed-dating\/","title":{"rendered":"Speed dating"},"content":{"rendered":"\n<p><\/p>\n\n\n\n<p class=\"has-text-color has-link-color has-large-font-size wp-elements-d753c22850c57ae0bb06864256305741\" style=\"color:#25bd85\"><strong>\u00ab&nbsp;Quand le Stress Immunitaire d\u00e9fie notre Sant\u00e9&nbsp;:<\/strong><br><br><strong> Du Microbiome aux Maladies,<\/strong><br><br><strong> D\u00e9fis et D\u00e9couvertes&nbsp;\u00bb&nbsp;<\/strong><br><\/p>\n\n\n\n<p><br><\/p>\n\n\n\n<p class=\"has-medium-font-size\"><strong>Le lundi 26 ao\u00fbt 2024<br>Palais de Rumine<br>Salle du S\u00e9nat \u2013 (1er \u00e9tage \u00e0 gauche en montant)<\/strong><br><strong>18h30 &#8211; 20h30<\/strong><br><strong>Sur inscription<\/strong><br><\/p>\n\n\n\n<p class=\"has-medium-font-size\"><br><\/p>\n\n\n\n<figure class=\"wp-block-image size-large\"><img decoding=\"async\" src=\"https:\/\/wp.unil.ch\/svsn\/files\/2024\/07\/speed_dating_image.png\" alt=\"\" \/><\/figure>\n\n\n\n<p><\/p>\n\n\n\n<p><strong>Intervenants:<\/strong><br><strong>Prof. Dr Fabienne Tacchini-Cottier<\/strong>, D\u00e9partement d&rsquo;Immunobiologie Universit\u00e9 de Lausanne, immunit\u00e9 pendant l&rsquo;infection avec Leishmania, recherche fondamentale.<br><strong>Prof. Dr Margot Thome-Miazza, <\/strong>D\u00e9partement d&rsquo;Immunobiologie Universit\u00e9 de Lausanne, activation des lymphocytes pendant le d\u00e9veloppement du lymphoma, recherche fondamentale.<br><strong>Prof. Dr Fabio Martinon<\/strong>, D\u00e9partement d&rsquo;Immunobiologie Universit\u00e9 de Lausanne, le stress pendant la r\u00e9ponse immunitaire, recherche fondamentale.<br><strong>Dr H\u00e9l\u00e8ne Hirzel,<\/strong> Unisant\u00e9 secteur acad\u00e9mique Ing\u00e9nierie environnementale DSTE, gestion du risque sanitaire, recherche clinique.<br><strong>Dr Yolanda M\u00fcller-Chabloz,<\/strong> Unisant\u00e9 secteur Recherche Clinique en M\u00e9decine de Famille, usage appropri\u00e9 des antibiotiques, recherche clinique.<br><strong>Dr Annette Yves<\/strong>, AC Bioscience Chief Scientific Officer, d\u00e9veloppement des nouvelles traitements anti-infectives, anti-inflammation et anti-cancer, engag\u00e9e dans l&rsquo;interface scientifique-politique.<br><br><strong>R\u00e9sum\u00e9:<\/strong><br>Nos vies sont fa\u00e7onn\u00e9es par les interactions avec notre environnement: des pathog\u00e8nes dangereux aux communaut\u00e9s bact\u00e9riennes b\u00e9n\u00e9fiques, nous interagissons constamment avec des micro-organismes. Le principal m\u00e9diateur de ces interactions est notre syst\u00e8me immunitaire, qui doit maintenir un \u00e9quilibre constant, que nous appelons hom\u00e9ostasie. Pourtant, cet \u00e9quilibre peut facilement \u00eatre perturb\u00e9, ce qui a de graves cons\u00e9quences sur notre sant\u00e9: L\u2019occurrence de cancers, de maladies auto-immunes et la gravit\u00e9 des maladies infectieuses sont toutes directement li\u00e9es \u00e0 notre r\u00e9ponse immunitaire. Plusieurs de ces perturbations peuvent \u00e9galement \u00eatre aliment\u00e9es par l&rsquo;humanit\u00e9 : l&rsquo;utilisation abusive d&rsquo;antibiotiques, des conditions d&rsquo;hygi\u00e8ne inappropri\u00e9es ou un mode de vie malsain ont de vastes impacts n\u00e9gatifs sur notre sant\u00e9.<\/p>\n\n\n\n<p>Alors, comment notre corps fait-il la distinction entre un microbiome sain et des agents pathog\u00e8nes dangereux? En quoi les cellules normales, qui doivent \u00eatre prot\u00e9g\u00e9es, sont-elles diff\u00e9rentes des cellules canc\u00e9reuses, qui devraient \u00eatre rapidement \u00e9limin\u00e9es? Lors de ce Speed Dating Scientifique, nous invitons six chercheurs et chercheuses avec liaison \u00e0 l&rsquo;Universit\u00e9 de Lausanne, tous sp\u00e9cialistes d&rsquo;un des aspects de cet \u00e9quilibre d\u00e9licat. Nous nous r\u00e9jouissons de vous accueillir \u00e0 cette soir\u00e9e interactive, o\u00f9 vous pourrez d\u00e9couvrir les avanc\u00e9es scientifiques actuelles dans les domaines de la microbiologie, de l&rsquo;immunologie et des maladies infectieuses sous diverses perspectives, allant de la recherche fondamentale \u00e0 la\u00a0recherche clinique et appliqu\u00e9e jusqu&rsquo;\u00e0 la r\u00e9alisation des nouveaux traitements et les implications pour la societ\u00e9.<\/p>\n\n\n\n<p><br><strong>Programme:<\/strong><br>18h30 -18h40&nbsp;: Mot de bienvenue<br>18h40 &#8211; 20h00: apports des expert.e.s et scientifiques<br>20h00 &#8211; 20h30 : ap\u00e9ritif et poursuite des \u00e9changes informels<br><\/p>\n\n\n","protected":false},"excerpt":{"rendered":"<p>\u00ab&nbsp;Quand le Stress Immunitaire d\u00e9fie notre Sant\u00e9&nbsp;: Du Microbiome aux Maladies, D\u00e9fis et D\u00e9couvertes&nbsp;\u00bb&nbsp; Le lundi 26 ao\u00fbt 2024Palais de RumineSalle du S\u00e9nat \u2013 (1er \u00e9tage \u00e0 gauche en montant)18h30 &#8211; 20h30Sur inscription Intervenants:Prof. Dr Fabienne Tacchini-Cottier, D\u00e9partement d&rsquo;Immunobiologie Universit\u00e9<\/p>\n","protected":false},"author":1002538,"featured_media":0,"parent":0,"menu_order":0,"comment_status":"closed","ping_status":"closed","template":"","meta":{"_seopress_robots_primary_cat":"","_seopress_titles_title":"","_seopress_titles_desc":"","_seopress_robots_index":"","footnotes":""},"class_list":["post-10577","page","type-page","status-publish"],"_links":{"self":[{"href":"https:\/\/wp.unil.ch\/svsn\/wp-json\/wp\/v2\/pages\/10577","targetHints":{"allow":["GET"]}}],"collection":[{"href":"https:\/\/wp.unil.ch\/svsn\/wp-json\/wp\/v2\/pages"}],"about":[{"href":"https:\/\/wp.unil.ch\/svsn\/wp-json\/wp\/v2\/types\/page"}],"author":[{"embeddable":true,"href":"https:\/\/wp.unil.ch\/svsn\/wp-json\/wp\/v2\/users\/1002538"}],"replies":[{"embeddable":true,"href":"https:\/\/wp.unil.ch\/svsn\/wp-json\/wp\/v2\/comments?post=10577"}],"version-history":[{"count":6,"href":"https:\/\/wp.unil.ch\/svsn\/wp-json\/wp\/v2\/pages\/10577\/revisions"}],"predecessor-version":[{"id":11824,"href":"https:\/\/wp.unil.ch\/svsn\/wp-json\/wp\/v2\/pages\/10577\/revisions\/11824"}],"wp:attachment":[{"href":"https:\/\/wp.unil.ch\/svsn\/wp-json\/wp\/v2\/media?parent=10577"}],"curies":[{"name":"wp","href":"https:\/\/api.w.org\/{rel}","templated":true}]}}