{"id":10321,"date":"2024-03-14T10:36:49","date_gmt":"2024-03-14T09:36:49","guid":{"rendered":"https:\/\/wp.unil.ch\/svsn\/?page_id=10321"},"modified":"2024-03-14T10:39:05","modified_gmt":"2024-03-14T09:39:05","slug":"membre-de-bureau-de-la-svsn","status":"publish","type":"page","link":"https:\/\/wp.unil.ch\/svsn\/membre-de-bureau-de-la-svsn\/","title":{"rendered":"Membre de Bureau de la SVSN"},"content":{"rendered":"\n<p class=\"has-medium-font-size\">La Soci\u00e9t\u00e9 Vaudoise des Sciences Naturelles (SVSN) recherche :<br><strong>un(e) b\u00e9n\u00e9vole enthousiaste pour renforcer son Bureau<\/strong><br><br>Vous \u00eates passionn\u00e9(e) par les sciences naturelles et souhaitez vous investir<br>dans une exp\u00e9rience associative enrichissante ? Contactez-nous !<br>Le Bureau de la SVSN assure le bon fonctionnement de la Soci\u00e9t\u00e9 et en g\u00e8re les affaires<br>courantes, notamment:<\/p>\n\n\n\n<ul class=\"wp-block-list\">\n<li>Participe \u00e0 l&rsquo;\u00e9laboration du programme des activit\u00e9s<\/li>\n\n\n\n<li>Entretient et d\u00e9veloppe des partenariats avec d&rsquo;autres acteurs du domaine des sciences<br>naturelles<\/li>\n\n\n\n<li>Coordonne la strat\u00e9gie de communication<\/li>\n\n\n\n<li>Assure des t\u00e2ches de repr\u00e9sentation<\/li>\n\n\n\n<li>Supervise la gestion administrative (comptabilit\u00e9, ressources humaines, etc.)<\/li>\n\n\n\n<li>Participe \u00e0 l&rsquo;\u00e9laboration d&rsquo;une vision strat\u00e9gique pour l&rsquo;avenir de la Soci\u00e9t\u00e9<br>Pour y parvenir, les membres du Bureau travaillent en \u00e9quipe. Celle-ci se compose de 5 b\u00e9n\u00e9voles,<br>appuy\u00e9 par un secr\u00e9tariat professionnel.<br>Pour toute information : Julien Leuthold, pr\u00e9sident de la SVSN, julien.leuthold@gmail.com \/ 079 266 58 63<br><\/li>\n<\/ul>\n\n\n\n<p>Depuis 1819, la SVSN s\u2019engage pour la promotion des sciences naturelles dans toute leur diversit\u00e9, des<br>math\u00e9matiques \u00e0 la g\u00e9ologie, en passant par la physique, la chimie, la biologie, la botanique et la zoologie.<br>Tr\u00e8s attach\u00e9e \u00e0 l\u2019interdisciplinarit\u00e9, la SVSN a pour mission de valoriser le savoir d\u00e9velopp\u00e9<br>quotidiennement dans les milieux acad\u00e9miques et par les professionnels sur le terrain, plus<br>particuli\u00e8rement dans le canton de Vaud. \u00c0 travers ses publications et son programme d\u2019activit\u00e9s vari\u00e9, la<br>SVSN partage et diffuse de nouvelles connaissances en r\u00e9sonnance avec l\u2019actualit\u00e9, \u00e0 l\u2019image des<br>questions autour du changement climatique ou de la perte de biodiversit\u00e9 par exemple.<\/p>\n\n\n\n<p>A qui s\u2019adresse-t-elle ?<br>La SVSN s\u2019adresse aujourd\u2019hui \u00e0 toute personne curieuse de sciences en constante \u00e9volution, amatrice des<br>richesses naturelles du pays de Vaud et d\u00e9sireuse de partager son int\u00e9r\u00eat au sein d\u2019une large communaut\u00e9.<\/p>\n\n\n\n<p>Informations compl\u00e9mentaires<\/p>\n\n\n\n<p>Entr\u00e9e en fonction&nbsp;: d\u00e8s que possible<\/p>\n\n\n\n<p>Pour de plus amples renseignements, Julien Leuthold, se tient volontiers \u00e0 votre disposition au +41 79\u00a0266 58 63, julien.leuthold@gmail.com \/ svsn@unil.ch.<\/p>\n","protected":false},"excerpt":{"rendered":"<p>La Soci\u00e9t\u00e9 Vaudoise des Sciences Naturelles (SVSN) recherche :un(e) b\u00e9n\u00e9vole enthousiaste pour renforcer son Bureau Vous \u00eates passionn\u00e9(e) par les sciences naturelles et souhaitez vous investirdans une exp\u00e9rience associative enrichissante ? Contactez-nous !Le Bureau de la SVSN assure le bon<\/p>\n","protected":false},"author":1002538,"featured_media":0,"parent":0,"menu_order":0,"comment_status":"closed","ping_status":"closed","template":"","meta":{"_seopress_robots_primary_cat":"","_seopress_titles_title":"","_seopress_titles_desc":"","_seopress_robots_index":"","footnotes":""},"class_list":["post-10321","page","type-page","status-publish"],"_links":{"self":[{"href":"https:\/\/wp.unil.ch\/svsn\/wp-json\/wp\/v2\/pages\/10321","targetHints":{"allow":["GET"]}}],"collection":[{"href":"https:\/\/wp.unil.ch\/svsn\/wp-json\/wp\/v2\/pages"}],"about":[{"href":"https:\/\/wp.unil.ch\/svsn\/wp-json\/wp\/v2\/types\/page"}],"author":[{"embeddable":true,"href":"https:\/\/wp.unil.ch\/svsn\/wp-json\/wp\/v2\/users\/1002538"}],"replies":[{"embeddable":true,"href":"https:\/\/wp.unil.ch\/svsn\/wp-json\/wp\/v2\/comments?post=10321"}],"version-history":[{"count":5,"href":"https:\/\/wp.unil.ch\/svsn\/wp-json\/wp\/v2\/pages\/10321\/revisions"}],"predecessor-version":[{"id":10327,"href":"https:\/\/wp.unil.ch\/svsn\/wp-json\/wp\/v2\/pages\/10321\/revisions\/10327"}],"wp:attachment":[{"href":"https:\/\/wp.unil.ch\/svsn\/wp-json\/wp\/v2\/media?parent=10321"}],"curies":[{"name":"wp","href":"https:\/\/api.w.org\/{rel}","templated":true}]}}