{"id":6,"date":"2019-11-28T16:00:19","date_gmt":"2019-11-28T15:00:19","guid":{"rendered":"http:\/\/wp.unil.ch\/sportfuture\/?page_id=6"},"modified":"2025-11-06T16:58:57","modified_gmt":"2025-11-06T15:58:57","slug":"home","status":"publish","type":"page","link":"https:\/\/wp.unil.ch\/sportfuture\/","title":{"rendered":""},"content":{"rendered":"\n<div class=\"wp-block-columns alignwide is-layout-flex wp-container-core-columns-is-layout-9d6595d7 wp-block-columns-is-layout-flex\">\n<div class=\"wp-block-column is-layout-flow wp-block-column-is-layout-flow\" style=\"flex-basis:100%\">\n<h2 class=\"wp-block-heading has-text-align-center has-secondary-color has-text-color has-larger-font-size\">Thank you for your participation in 2025<\/h2>\n\n\n\n<p class=\"has-text-align-center\"><strong>Summary of the 2025 edition in the following article: <\/strong><br><span style=\"text-decoration: underline\"><em><a href=\"https:\/\/wp.unil.ch\/sportfuture\/sport-future-rendez-vous-2025-uefa-womens-euro-2025-a-catalyst-for-the-development-of-womens-football\/\" target=\"_blank\" rel=\"noreferrer noopener\">UEFA Women\u2019s EURO 2025 \u2013 A Catalyst for the Development of Women\u2019s Football<\/a><\/em><\/span><br><br><br><\/p>\n\n\n\n<h2 class=\"wp-block-heading has-text-align-center\">See you in 2026!<\/h2>\n\n\n\n<p class=\"has-text-align-center\"><br><\/p>\n\n\n\n<div class=\"wp-block-columns is-layout-flex wp-container-core-columns-is-layout-9d6595d7 wp-block-columns-is-layout-flex\">\n<div class=\"wp-block-column is-layout-flow wp-block-column-is-layout-flow\"><div class=\"wp-block-image\">\n<figure class=\"aligncenter size-full is-resized\"><img alt=\"\" loading=\"lazy\" decoding=\"async\" width=\"600\" height=\"600\" src=\"https:\/\/wp.unil.ch\/sportfuture\/files\/2020\/08\/icon-registration-sfrv-website.png\" alt=\"\" class=\"wp-image-303\" style=\"width:155px;height:undefinedpx\" srcset=\"https:\/\/wp.unil.ch\/sportfuture\/files\/2020\/08\/icon-registration-sfrv-website.png 600w, https:\/\/wp.unil.ch\/sportfuture\/files\/2020\/08\/icon-registration-sfrv-website-300x300.png 300w, https:\/\/wp.unil.ch\/sportfuture\/files\/2020\/08\/icon-registration-sfrv-website-150x150.png 150w, https:\/\/wp.unil.ch\/sportfuture\/files\/2020\/08\/icon-registration-sfrv-website-540x540.png 540w\" sizes=\"auto, (max-width: 600px) 100vw, 600px\" \/><\/figure>\n<\/div>\n\n\n<p class=\"has-text-align-center\"><strong><span style=\"text-decoration: underline\">Registration<\/span><\/strong><br><br><em>Coming in 2026<\/em><br>(Free, Limited seats)<\/p>\n<\/div>\n\n\n\n<div class=\"wp-block-column is-layout-flow wp-block-column-is-layout-flow\"><div class=\"wp-block-image\">\n<figure class=\"aligncenter size-full is-resized\"><img alt=\"\" loading=\"lazy\" decoding=\"async\" width=\"600\" height=\"600\" src=\"https:\/\/wp.unil.ch\/sportfuture\/files\/2020\/08\/icon-programme-sfrv-website.png\" alt=\"\" class=\"wp-image-300\" style=\"width:155px;height:undefinedpx\" srcset=\"https:\/\/wp.unil.ch\/sportfuture\/files\/2020\/08\/icon-programme-sfrv-website.png 600w, https:\/\/wp.unil.ch\/sportfuture\/files\/2020\/08\/icon-programme-sfrv-website-300x300.png 300w, https:\/\/wp.unil.ch\/sportfuture\/files\/2020\/08\/icon-programme-sfrv-website-150x150.png 150w, https:\/\/wp.unil.ch\/sportfuture\/files\/2020\/08\/icon-programme-sfrv-website-540x540.png 540w\" sizes=\"auto, (max-width: 600px) 100vw, 600px\" \/><\/figure>\n<\/div>\n\n\n<p class=\"has-text-align-center\"><strong><span style=\"text-decoration: underline\">Programme<\/span><\/strong><\/p>\n\n\n\n<p class=\"has-text-align-center\"><em>Coming in 2026<\/em><\/p>\n<\/div>\n\n\n\n<div class=\"wp-block-column is-layout-flow wp-block-column-is-layout-flow\"><div class=\"wp-block-image\">\n<figure class=\"aligncenter size-full is-resized\"><a href=\"https:\/\/wp.unil.ch\/sportfuture\/#actualites\" target=\"_blank\" rel=\"noreferrer noopener\"><img alt=\"\" loading=\"lazy\" decoding=\"async\" width=\"600\" height=\"600\" src=\"https:\/\/wp.unil.ch\/sportfuture\/files\/2020\/08\/icon-news-sfrv-website.png\" alt=\"\" class=\"wp-image-299\" style=\"width:155px;height:undefinedpx\" srcset=\"https:\/\/wp.unil.ch\/sportfuture\/files\/2020\/08\/icon-news-sfrv-website.png 600w, https:\/\/wp.unil.ch\/sportfuture\/files\/2020\/08\/icon-news-sfrv-website-300x300.png 300w, https:\/\/wp.unil.ch\/sportfuture\/files\/2020\/08\/icon-news-sfrv-website-150x150.png 150w, https:\/\/wp.unil.ch\/sportfuture\/files\/2020\/08\/icon-news-sfrv-website-540x540.png 540w\" sizes=\"auto, (max-width: 600px) 100vw, 600px\" \/><\/a><\/figure>\n<\/div>\n\n\n<p class=\"has-text-align-center\"><strong><a rel=\"noreferrer noopener\" href=\"https:\/\/wp.unil.ch\/sportfuture\/#actualites\" target=\"_blank\">News<\/a><\/strong><\/p>\n<\/div>\n\n\n\n<div class=\"wp-block-column is-layout-flow wp-block-column-is-layout-flow\"><div class=\"wp-block-image\">\n<figure class=\"aligncenter size-full is-resized\"><a href=\"https:\/\/wp.unil.ch\/sportfuture\/#partenaires\"><img alt=\"\" loading=\"lazy\" decoding=\"async\" width=\"600\" height=\"600\" src=\"https:\/\/wp.unil.ch\/sportfuture\/files\/2020\/08\/icon-partenaires-sfrv-website.png\" alt=\"\" class=\"wp-image-302\" style=\"width:155px\" srcset=\"https:\/\/wp.unil.ch\/sportfuture\/files\/2020\/08\/icon-partenaires-sfrv-website.png 600w, https:\/\/wp.unil.ch\/sportfuture\/files\/2020\/08\/icon-partenaires-sfrv-website-300x300.png 300w, https:\/\/wp.unil.ch\/sportfuture\/files\/2020\/08\/icon-partenaires-sfrv-website-150x150.png 150w, https:\/\/wp.unil.ch\/sportfuture\/files\/2020\/08\/icon-partenaires-sfrv-website-540x540.png 540w\" sizes=\"auto, (max-width: 600px) 100vw, 600px\" \/><\/a><\/figure>\n<\/div>\n\n\n<p class=\"has-text-align-center\"><strong><a href=\"https:\/\/wp.unil.ch\/sportfuture\/#partenaires\">Partners<\/a><\/strong><\/p>\n<\/div>\n<\/div>\n\n\n\n<p class=\"has-text-align-center has-secondary-color has-text-color has-larger-font-size\"><\/p>\n<\/div>\n<\/div>\n\n\n\n<h2 class=\"wp-block-heading has-text-align-center\"><strong>SPORT FUTURE RENDEZ-VOUS<\/strong><\/h2>\n\n\n\n<p class=\"has-text-align-center\">Une conf\u00e9rence annuelle pour d\u00e9battre sur le sport actuel et futur<br>\u00e0 Lausanne, au coeur de la capitale olympique<\/p>\n\n\n\n<p class=\"has-text-align-center\">Organis\u00e9 par <br>le <a href=\"https:\/\/www.unil.ch\/centre-sport\" target=\"_blank\" rel=\"noreferrer noopener\">CIRS<\/a> &lsquo;Centre interdisciplinaire de recherche sur le sport\u2019 \u00e0 L&rsquo;Universit\u00e9 de Lausanne (UNIL), <br>l&rsquo;<a href=\"https:\/\/www.unil.ch\/idheap\/fr\/home.html\" target=\"_blank\" rel=\"noreferrer noopener\">IDHEAP<\/a> &lsquo;Institut de hautes \u00e9tudes en administration publique, <br>l\u2019<a href=\"https:\/\/www.unil.ch\/issul\/fr\/home.html\" target=\"_blank\" rel=\"noreferrer noopener\">ISSUL<\/a> &lsquo;Institut des sciences du sport de l&rsquo;Universit\u00e9 de Lausanne&rsquo;<br>et le <a href=\"https:\/\/genderequalitysport.org\/\" target=\"_blank\" rel=\"noreferrer noopener\">GO<\/a> &lsquo;Global Observatory for Gender Equality &amp; Sport&rsquo;<\/p>\n\n\n\n<figure class=\"wp-block-image alignfull size-large\"><img alt=\"\" loading=\"lazy\" decoding=\"async\" width=\"1024\" height=\"214\" src=\"https:\/\/wp.unil.ch\/sportfuture\/files\/2020\/08\/Synathlon-banner-SFRV-website_dark-1024x214.png\" alt=\"\" class=\"wp-image-368\" srcset=\"https:\/\/wp.unil.ch\/sportfuture\/files\/2020\/08\/Synathlon-banner-SFRV-website_dark-1024x214.png 1024w, https:\/\/wp.unil.ch\/sportfuture\/files\/2020\/08\/Synathlon-banner-SFRV-website_dark-300x63.png 300w, https:\/\/wp.unil.ch\/sportfuture\/files\/2020\/08\/Synathlon-banner-SFRV-website_dark-768x160.png 768w, https:\/\/wp.unil.ch\/sportfuture\/files\/2020\/08\/Synathlon-banner-SFRV-website_dark-1536x321.png 1536w, https:\/\/wp.unil.ch\/sportfuture\/files\/2020\/08\/Synathlon-banner-SFRV-website_dark-540x113.png 540w, https:\/\/wp.unil.ch\/sportfuture\/files\/2020\/08\/Synathlon-banner-SFRV-website_dark-1080x226.png 1080w, https:\/\/wp.unil.ch\/sportfuture\/files\/2020\/08\/Synathlon-banner-SFRV-website_dark.png 1920w\" sizes=\"auto, (max-width: 1024px) 100vw, 1024px\" \/><\/figure>\n\n\n\n<p class=\"has-text-align-center has-larger-font-size\" id=\"partenaires\"><strong>Co-organised by:<\/strong><\/p>\n\n\n\n<div class=\"wp-block-columns m0 is-layout-flex wp-container-core-columns-is-layout-9d6595d7 wp-block-columns-is-layout-flex\">\n<div class=\"wp-block-column m0 is-layout-flow wp-block-column-is-layout-flow\"><div class=\"wp-block-image m0\">\n<figure class=\"aligncenter size-large is-resized\"><img loading=\"lazy\" decoding=\"async\" width=\"1024\" height=\"476\" src=\"https:\/\/wp.unil.ch\/sportfuture\/files\/2025\/09\/unil-logotype-blue-rgb-1024x476.png\" alt=\"unil logotype blue rgb\" class=\"wp-image-846\" style=\"width:254px;height:143px\" srcset=\"https:\/\/wp.unil.ch\/sportfuture\/files\/2025\/09\/unil-logotype-blue-rgb-1024x476.png 1024w, https:\/\/wp.unil.ch\/sportfuture\/files\/2025\/09\/unil-logotype-blue-rgb-300x140.png 300w, https:\/\/wp.unil.ch\/sportfuture\/files\/2025\/09\/unil-logotype-blue-rgb-768x357.png 768w, https:\/\/wp.unil.ch\/sportfuture\/files\/2025\/09\/unil-logotype-blue-rgb-1536x714.png 1536w, https:\/\/wp.unil.ch\/sportfuture\/files\/2025\/09\/unil-logotype-blue-rgb-2048x953.png 2048w, https:\/\/wp.unil.ch\/sportfuture\/files\/2025\/09\/unil-logotype-blue-rgb-540x251.png 540w, https:\/\/wp.unil.ch\/sportfuture\/files\/2025\/09\/unil-logotype-blue-rgb-1080x502.png 1080w, https:\/\/wp.unil.ch\/sportfuture\/files\/2025\/09\/unil-logotype-blue-rgb-1980x921.png 1980w\" sizes=\"auto, (max-width: 1024px) 100vw, 1024px\" \/><\/figure>\n<\/div><\/div>\n\n\n\n<div class=\"wp-block-column is-layout-flow wp-block-column-is-layout-flow\"><div class=\"wp-block-image\">\n<figure class=\"aligncenter size-large is-resized\"><a href=\"https:\/\/genderequalitysport.org\/\" target=\"_blank\" rel=\" noreferrer noopener\"><img loading=\"lazy\" decoding=\"async\" width=\"1024\" height=\"930\" src=\"https:\/\/wp.unil.ch\/sportfuture\/files\/2025\/04\/go-logo-b1-cmyk-1024x930.jpg\" alt=\"go logo b1 cmyk\" class=\"wp-image-814\" style=\"width:181px;height:auto\" srcset=\"https:\/\/wp.unil.ch\/sportfuture\/files\/2025\/04\/go-logo-b1-cmyk-1024x930.jpg 1024w, https:\/\/wp.unil.ch\/sportfuture\/files\/2025\/04\/go-logo-b1-cmyk-300x273.jpg 300w, https:\/\/wp.unil.ch\/sportfuture\/files\/2025\/04\/go-logo-b1-cmyk-768x698.jpg 768w, https:\/\/wp.unil.ch\/sportfuture\/files\/2025\/04\/go-logo-b1-cmyk-540x491.jpg 540w, https:\/\/wp.unil.ch\/sportfuture\/files\/2025\/04\/go-logo-b1-cmyk.jpg 1039w\" sizes=\"auto, (max-width: 1024px) 100vw, 1024px\" \/><\/a><\/figure>\n<\/div><\/div>\n<\/div>\n\n\n\n<p><br><\/p>\n\n\n\n<p class=\"has-text-align-center has-larger-font-size\"><strong>With the support of:<\/strong><\/p>\n\n\n\n<div class=\"wp-block-columns m0 is-layout-flex wp-container-core-columns-is-layout-9d6595d7 wp-block-columns-is-layout-flex\">\n<div class=\"wp-block-column m0 is-layout-flow wp-block-column-is-layout-flow\"><div class=\"wp-block-image\">\n<figure class=\"aligncenter size-full is-resized\"><a href=\"https:\/\/wiz-team.com\/\" target=\"_blank\" rel=\" noreferrer noopener\"><img alt=\"\" loading=\"lazy\" decoding=\"async\" width=\"912\" height=\"396\" src=\"https:\/\/wp.unil.ch\/sportfuture\/files\/2020\/07\/Logo-Wiz-team.png\" alt=\"\" class=\"wp-image-257\" style=\"width:200px\" srcset=\"https:\/\/wp.unil.ch\/sportfuture\/files\/2020\/07\/Logo-Wiz-team.png 912w, https:\/\/wp.unil.ch\/sportfuture\/files\/2020\/07\/Logo-Wiz-team-300x130.png 300w, https:\/\/wp.unil.ch\/sportfuture\/files\/2020\/07\/Logo-Wiz-team-768x333.png 768w, https:\/\/wp.unil.ch\/sportfuture\/files\/2020\/07\/Logo-Wiz-team-540x234.png 540w\" sizes=\"auto, (max-width: 912px) 100vw, 912px\" \/><\/a><\/figure>\n<\/div><\/div>\n<\/div>\n\n\n\n<p><\/p>\n\n\n\n<div class=\"wp-block-columns alignfull is-layout-flex wp-container-core-columns-is-layout-9d6595d7 wp-block-columns-is-layout-flex\">\n<div class=\"wp-block-column is-layout-flow wp-block-column-is-layout-flow\">\n<p class=\"has-text-align-center has-buttons-text-color has-buttons-background-background-color has-text-color has-background has-larger-font-size\" id=\"actualites\"><strong>DERNIERES ACTUALITES<\/strong><\/p>\n<\/div>\n<\/div>\n\n\n<ul class=\"wp-block-latest-posts__list is-grid columns-3 has-dates alignwide wp-block-latest-posts\"><li><div class=\"wp-block-latest-posts__featured-image aligncenter\"><img loading=\"lazy\" decoding=\"async\" width=\"580\" height=\"326\" src=\"https:\/\/wp.unil.ch\/sportfuture\/files\/2025\/11\/25.10.30_conference-unil-16-1024x576.jpg\" class=\"attachment-large size-large wp-post-image\" alt=\"25.10.30 confe\u0301rence unil 16\" style=\"\" srcset=\"https:\/\/wp.unil.ch\/sportfuture\/files\/2025\/11\/25.10.30_conference-unil-16-1024x576.jpg 1024w, https:\/\/wp.unil.ch\/sportfuture\/files\/2025\/11\/25.10.30_conference-unil-16-300x169.jpg 300w, https:\/\/wp.unil.ch\/sportfuture\/files\/2025\/11\/25.10.30_conference-unil-16-768x432.jpg 768w, https:\/\/wp.unil.ch\/sportfuture\/files\/2025\/11\/25.10.30_conference-unil-16-1536x864.jpg 1536w, https:\/\/wp.unil.ch\/sportfuture\/files\/2025\/11\/25.10.30_conference-unil-16-540x304.jpg 540w, https:\/\/wp.unil.ch\/sportfuture\/files\/2025\/11\/25.10.30_conference-unil-16-1080x608.jpg 1080w, https:\/\/wp.unil.ch\/sportfuture\/files\/2025\/11\/25.10.30_conference-unil-16.jpg 1920w\" sizes=\"auto, (max-width: 580px) 100vw, 580px\" \/><\/div><a class=\"wp-block-latest-posts__post-title\" href=\"https:\/\/wp.unil.ch\/sportfuture\/sport-future-rendez-vous-2025-uefa-womens-euro-2025-a-catalyst-for-the-development-of-womens-football\/\">Sport Future Rendez-Vous 2025: UEFA Women\u2019s EURO 2025 \u2013 A Catalyst for the Development of Women\u2019s Football<\/a><time datetime=\"2025-11-06T12:33:43+01:00\" class=\"wp-block-latest-posts__post-date\">6 novembre 2025<\/time><\/li>\n<li><div class=\"wp-block-latest-posts__featured-image aligncenter\"><img loading=\"lazy\" decoding=\"async\" width=\"580\" height=\"387\" src=\"https:\/\/wp.unil.ch\/sportfuture\/files\/2024\/11\/IMG_3626-1024x683.jpg\" class=\"attachment-large size-large wp-post-image\" alt=\"\" style=\"\" srcset=\"https:\/\/wp.unil.ch\/sportfuture\/files\/2024\/11\/IMG_3626-1024x683.jpg 1024w, https:\/\/wp.unil.ch\/sportfuture\/files\/2024\/11\/IMG_3626-300x200.jpg 300w, https:\/\/wp.unil.ch\/sportfuture\/files\/2024\/11\/IMG_3626-768x512.jpg 768w, https:\/\/wp.unil.ch\/sportfuture\/files\/2024\/11\/IMG_3626-1536x1024.jpg 1536w, https:\/\/wp.unil.ch\/sportfuture\/files\/2024\/11\/IMG_3626-540x360.jpg 540w, https:\/\/wp.unil.ch\/sportfuture\/files\/2024\/11\/IMG_3626-1080x720.jpg 1080w, https:\/\/wp.unil.ch\/sportfuture\/files\/2024\/11\/IMG_3626.jpg 1800w\" sizes=\"auto, (max-width: 580px) 100vw, 580px\" \/><\/div><a class=\"wp-block-latest-posts__post-title\" href=\"https:\/\/wp.unil.ch\/sportfuture\/sport-future-rendez-vous-2024-paving-the-way-for-sustainable-sporting-events\/\">SPORT FUTURE RENDEZ-VOUS 2024: Paving the Way for Sustainable Sporting Events<\/a><time datetime=\"2024-11-06T15:43:03+01:00\" class=\"wp-block-latest-posts__post-date\">6 novembre 2024<\/time><\/li>\n<li><div class=\"wp-block-latest-posts__featured-image aligncenter\"><img loading=\"lazy\" decoding=\"async\" width=\"580\" height=\"341\" src=\"https:\/\/wp.unil.ch\/sportfuture\/files\/2024\/10\/Benja-Faecks-SFRV-24-e1730274423911-1024x602.png\" class=\"attachment-large size-large wp-post-image\" alt=\"\" style=\"\" srcset=\"https:\/\/wp.unil.ch\/sportfuture\/files\/2024\/10\/Benja-Faecks-SFRV-24-e1730274423911-1024x602.png 1024w, https:\/\/wp.unil.ch\/sportfuture\/files\/2024\/10\/Benja-Faecks-SFRV-24-e1730274423911-300x176.png 300w, https:\/\/wp.unil.ch\/sportfuture\/files\/2024\/10\/Benja-Faecks-SFRV-24-e1730274423911-768x452.png 768w, https:\/\/wp.unil.ch\/sportfuture\/files\/2024\/10\/Benja-Faecks-SFRV-24-e1730274423911-540x318.png 540w, https:\/\/wp.unil.ch\/sportfuture\/files\/2024\/10\/Benja-Faecks-SFRV-24-e1730274423911.png 1080w\" sizes=\"auto, (max-width: 580px) 100vw, 580px\" \/><\/div><a class=\"wp-block-latest-posts__post-title\" href=\"https:\/\/wp.unil.ch\/sportfuture\/benja-faecks-on-transparency-and-genuine-sustainability-at-sport-future-rendez-vous-2024\/\">Benja Faecks on Transparency and Genuine Sustainability at Sport Future Rendez-Vous 2024<\/a><time datetime=\"2024-10-30T08:47:08+01:00\" class=\"wp-block-latest-posts__post-date\">30 octobre 2024<\/time><\/li>\n<li><div class=\"wp-block-latest-posts__featured-image aligncenter\"><img loading=\"lazy\" decoding=\"async\" width=\"580\" height=\"341\" src=\"https:\/\/wp.unil.ch\/sportfuture\/files\/2024\/10\/Vanessa-Rueber-SFRV-24-1-e1729671523486-1024x602.png\" class=\"attachment-large size-large wp-post-image\" alt=\"\" style=\"\" srcset=\"https:\/\/wp.unil.ch\/sportfuture\/files\/2024\/10\/Vanessa-Rueber-SFRV-24-1-e1729671523486-1024x602.png 1024w, https:\/\/wp.unil.ch\/sportfuture\/files\/2024\/10\/Vanessa-Rueber-SFRV-24-1-e1729671523486-300x176.png 300w, https:\/\/wp.unil.ch\/sportfuture\/files\/2024\/10\/Vanessa-Rueber-SFRV-24-1-e1729671523486-768x452.png 768w, https:\/\/wp.unil.ch\/sportfuture\/files\/2024\/10\/Vanessa-Rueber-SFRV-24-1-e1729671523486-540x318.png 540w, https:\/\/wp.unil.ch\/sportfuture\/files\/2024\/10\/Vanessa-Rueber-SFRV-24-1-e1729671523486.png 1080w\" sizes=\"auto, (max-width: 580px) 100vw, 580px\" \/><\/div><a class=\"wp-block-latest-posts__post-title\" href=\"https:\/\/wp.unil.ch\/sportfuture\/vanessa-rueber-on-sustainability-at-sport-future-rendez-vous-2024-a-patagonia-perspective\/\">Vanessa Rueber on Sustainability at Sport Future Rendez-Vous 2024: A Patagonia Perspective<\/a><time datetime=\"2024-10-23T10:14:43+02:00\" class=\"wp-block-latest-posts__post-date\">23 octobre 2024<\/time><\/li>\n<li><div class=\"wp-block-latest-posts__featured-image aligncenter\"><img loading=\"lazy\" decoding=\"async\" width=\"580\" height=\"326\" src=\"https:\/\/wp.unil.ch\/sportfuture\/files\/2023\/10\/IMG_7488-1024x576.jpg\" class=\"attachment-large size-large wp-post-image\" alt=\"\" style=\"\" srcset=\"https:\/\/wp.unil.ch\/sportfuture\/files\/2023\/10\/IMG_7488-1024x576.jpg 1024w, https:\/\/wp.unil.ch\/sportfuture\/files\/2023\/10\/IMG_7488-300x169.jpg 300w, https:\/\/wp.unil.ch\/sportfuture\/files\/2023\/10\/IMG_7488-768x432.jpg 768w, https:\/\/wp.unil.ch\/sportfuture\/files\/2023\/10\/IMG_7488-1536x864.jpg 1536w, https:\/\/wp.unil.ch\/sportfuture\/files\/2023\/10\/IMG_7488-540x304.jpg 540w, https:\/\/wp.unil.ch\/sportfuture\/files\/2023\/10\/IMG_7488-1080x608.jpg 1080w, https:\/\/wp.unil.ch\/sportfuture\/files\/2023\/10\/IMG_7488.jpg 1920w\" sizes=\"auto, (max-width: 580px) 100vw, 580px\" \/><\/div><a class=\"wp-block-latest-posts__post-title\" href=\"https:\/\/wp.unil.ch\/sportfuture\/tackling-gender-based-violence-in-sport-informed-debate-at-sport-future-rendez-vous\/\">Tackling gender-based violence in sport &#8211; informed debate at Sport Future Rendez-Vous<\/a><time datetime=\"2023-10-05T11:27:00+02:00\" class=\"wp-block-latest-posts__post-date\">5 octobre 2023<\/time><\/li>\n<li><div class=\"wp-block-latest-posts__featured-image aligncenter\"><img loading=\"lazy\" decoding=\"async\" width=\"580\" height=\"341\" src=\"https:\/\/wp.unil.ch\/sportfuture\/files\/2024\/09\/post-speakers-1-e1727256934127-1024x602.png\" class=\"attachment-large size-large wp-post-image\" alt=\"\" style=\"\" srcset=\"https:\/\/wp.unil.ch\/sportfuture\/files\/2024\/09\/post-speakers-1-e1727256934127-1024x602.png 1024w, https:\/\/wp.unil.ch\/sportfuture\/files\/2024\/09\/post-speakers-1-e1727256934127-300x177.png 300w, https:\/\/wp.unil.ch\/sportfuture\/files\/2024\/09\/post-speakers-1-e1727256934127-768x452.png 768w, https:\/\/wp.unil.ch\/sportfuture\/files\/2024\/09\/post-speakers-1-e1727256934127-540x318.png 540w, https:\/\/wp.unil.ch\/sportfuture\/files\/2024\/09\/post-speakers-1-e1727256934127-1080x635.png 1080w, https:\/\/wp.unil.ch\/sportfuture\/files\/2024\/09\/post-speakers-1-e1727256934127.png 1200w\" sizes=\"auto, (max-width: 580px) 100vw, 580px\" \/><\/div><a class=\"wp-block-latest-posts__post-title\" href=\"https:\/\/wp.unil.ch\/sportfuture\/in-conversation-with-dr-lombe-mwambwa-speaker-on-gender-based-violence-in-sport-at-sport-future-rendez-vous-2023\/\">In conversation with Dr. Lombe Mwambwa | Speaker on gender-based violence in sport at Sport Future Rendez-Vous 2023<\/a><time datetime=\"2023-09-20T11:34:00+02:00\" class=\"wp-block-latest-posts__post-date\">20 septembre 2023<\/time><\/li>\n<\/ul>\n\n\n<div class=\"wp-block-buttons alignwide is-layout-flex wp-block-buttons-is-layout-flex\">\n<div class=\"wp-block-button is-style-fill\"><a class=\"wp-block-button__link wp-element-button\" href=\"https:\/\/wp.unil.ch\/sportfuture\/uncategorized\/\">Plus d&rsquo;articles<\/a><\/div>\n<\/div>\n","protected":false},"excerpt":{"rendered":"<p>Thank you for your participation in 2025<br \/>\nSee you in 2026!<\/p>\n","protected":false},"author":1002116,"featured_media":323,"parent":0,"menu_order":0,"comment_status":"closed","ping_status":"closed","template":"template-full-width-cover.php","meta":{"_seopress_robots_primary_cat":"","_seopress_titles_title":"","_seopress_titles_desc":"","_seopress_robots_index":"","footnotes":""},"class_list":["post-6","page","type-page","status-publish","has-post-thumbnail"],"_links":{"self":[{"href":"https:\/\/wp.unil.ch\/sportfuture\/wp-json\/wp\/v2\/pages\/6","targetHints":{"allow":["GET"]}}],"collection":[{"href":"https:\/\/wp.unil.ch\/sportfuture\/wp-json\/wp\/v2\/pages"}],"about":[{"href":"https:\/\/wp.unil.ch\/sportfuture\/wp-json\/wp\/v2\/types\/page"}],"author":[{"embeddable":true,"href":"https:\/\/wp.unil.ch\/sportfuture\/wp-json\/wp\/v2\/users\/1002116"}],"replies":[{"embeddable":true,"href":"https:\/\/wp.unil.ch\/sportfuture\/wp-json\/wp\/v2\/comments?post=6"}],"version-history":[{"count":5,"href":"https:\/\/wp.unil.ch\/sportfuture\/wp-json\/wp\/v2\/pages\/6\/revisions"}],"predecessor-version":[{"id":944,"href":"https:\/\/wp.unil.ch\/sportfuture\/wp-json\/wp\/v2\/pages\/6\/revisions\/944"}],"wp:featuredmedia":[{"embeddable":true,"href":"https:\/\/wp.unil.ch\/sportfuture\/wp-json\/wp\/v2\/media\/323"}],"wp:attachment":[{"href":"https:\/\/wp.unil.ch\/sportfuture\/wp-json\/wp\/v2\/media?parent=6"}],"curies":[{"name":"wp","href":"https:\/\/api.w.org\/{rel}","templated":true}]}}