{"id":39,"date":"2011-02-02T16:43:58","date_gmt":"2011-02-02T15:43:58","guid":{"rendered":"http:\/\/wp.unil.ch\/space\/"},"modified":"2021-11-22T15:00:49","modified_gmt":"2021-11-22T14:00:49","slug":"publications-related-to-space","status":"publish","type":"page","link":"https:\/\/wp.unil.ch\/space\/publications\/publications-related-to-space\/","title":{"rendered":"Publications related to SPACE"},"content":{"rendered":"<p style=\"text-align: justify\"><em>The list of publications is not exhaustive. If you would like your publication (based on the SPACE data) to be included in this list, please provide us with the complete reference (with a Web-link if possible) and we will include it in this list. Thank you in advance for your collaboration!<\/em><\/p>\n<p style=\"text-align: justify\"><em>&nbsp;<\/em><\/p>\n<ol style=\"text-align: justify\">\n<li><span lang=\"EN-GB\"><strong>Aebi, M. F., Berger-Kolopp, L., Burkhardt, C., Chopin, J., Hashimoto, Y.Z. &amp; Tiago, M.M.<\/strong> (2018). <i>Foreign offenders in prison and under probation in Europe 2009-2015<\/i>. Strasbourg: Council of Europe.&nbsp;<\/span><\/li>\n<li><span lang=\"EN-GB\"><strong>Aebi, M.F., Berger-Kolopp, L., Burkhardt, C. &amp; Tiago, M.M.<\/strong> (2018). <i>Prisons in Europe 2005-2015<\/i>. Strasbourg: Council of Europe.<\/span><\/li>\n<li><strong>Tournier P. V., coll. Barr\u00e9 M.-D.<\/strong> (1983), <em>Report on prison demography in the Member States of the Council of Europe<\/em>, 6<sup>th<\/sup> Conference of directors of prison administration, Council of Europe, CDAP (83) 4, 1983, 40 pages<\/li>\n<li><strong>Tournier P. V.<\/strong> (1983), La d\u00e9mographie carc\u00e9rale dans les Etats membres du Conseil de l\u2019Europe, Conseil de l\u2019Europe, <em>Bulletin d\u2019information p\u00e9nitentiaire<\/em>, vol. 2, pp. 14-17.<\/li>\n<li><strong>Tournier P. V. <\/strong>(1987), Les populations carc\u00e9rales en Occident, in&nbsp;: <em>L\u2019\u00e9tat du monde, \u00e9dition 1987-1988, annuaire \u00e9conomique et g\u00e9opolitique mondial<\/em>. Paris&nbsp;: Editions de la D\u00e9couverte, pp. 543-548.<\/li>\n<li><strong>Barr\u00e9 M.-D., Tournier P. V.<\/strong> (1990), Enqu\u00eate sur les syst\u00e8mes p\u00e9nitentiaires dans les Etats membres du Conseil de l\u2019Europe : d\u00e9mographie carc\u00e9rale compar\u00e9e, Conseil de l\u2019Europe, <em>Num\u00e9ro sp\u00e9cial du Bulletin d\u2019information p\u00e9nitentiaire<\/em>, vol. 15, 45 pages<\/li>\n<li><strong>Tournier P. V.<\/strong> (1992), La population carc\u00e9rale dans les pays europ\u00e9ens, in&nbsp;: <em>Encyclopaedia Universalis<\/em>. Universalia 92, pp. 321-324.<\/li>\n<li><strong>Tournier P. V.<\/strong> (1993), Prisons de France, prisons d\u2019Europe, <em>Questions P\u00e9nales<\/em> CESDIP, vol. VI (1), 4 pages.<\/li>\n<li><strong>Tournier P. V.<\/strong> (1994), French Prisons, European Prisons, <em>Penal Issues<\/em> CESDIP, vol. 5, pp. 3-6.<\/li>\n<li><strong>Tournier P. V.<\/strong> (1994), The custodial crisis in Europe, &#8211; inflated prison populations and possible alternatives. Romainm\u00f4tier\/Lausanne, IV Colloquium on crime and criminal policy in Europe, <em>European Journal on Criminal Policy and Research<\/em>, vol.2 (4), pp. 89-100.<\/li>\n<li><strong>Tournier P. V.<\/strong> (1996), <em>Inflation carc\u00e9rale et surpeuplement des prisons, langage et m\u00e9thodes<\/em>, Conseil de l\u2019Europe, Comit\u00e9 europ\u00e9en pour les probl\u00e8mes criminels, Conseil de coop\u00e9ration p\u00e9nologique, 32<sup>\u00e8me<\/sup> r\u00e9union, Strasbourg, le 9-11 octobre 1996, 9 pages.<\/li>\n<li><strong>Tournier P. V.<\/strong> (1997), Detention stocks, flows and durations, modes of turnover of prison populations, in: <em>Prison Population in Europe and in North America, Problems and Solutions<\/em>. Helsinki: HEUNI, pp. 67-91.<\/li>\n<li><strong>Tournier P. V.<\/strong> (1999), The collection of crime and criminal justice statistics in the context of the Council of Europe, in: <em>Proceedings of the 12<sup>th<\/sup> Conference of Directors of Prison Administration (CDAP)<\/em>, pp. 33-42.<\/li>\n<li><strong>Tournier P. V.<\/strong> (2001), The prisons of Europe, Prison Population Inflation and Prison Overcrowding, <em>Penal Issues<\/em> CESDIP, vol. 12, pp. 6-9.<\/li>\n<li><strong>Tournier P. V. <\/strong>(2002), Au-del\u00e0 des taux de d\u00e9tention, in&nbsp;: <strong>C\u00e9r\u00e9 J.-P.<\/strong> (dir.) <em>Panorama europ\u00e9en de la prison<\/em>. Editions L&rsquo;Harmattan, coll. Sciences criminelles, pp. 105-118.<\/li>\n<li><strong>Tournier P. V. <\/strong>(2003), Alternatives to detention in Europe, <em>Penal Issues<\/em> CESDIP, vol. 14, pp. 15-17.<\/li>\n<li><strong>Aebi, M.F., Aubusson de Cavarlay, B. &amp; Stadnic [Delgrande] N.<\/strong> (2007). Entr\u00e9es en prison et dur\u00e9es de d\u00e9tention : la diversit\u00e9 p\u00e9nitentiaire en Europe. <em>Questions p\u00e9nales <\/em>XX(2)&nbsp;: <a href=\"https:\/\/www.cesdip.fr\/IMG\/pdf\/QP_03_2007.pdf\" target=\"_blank\" rel=\"noopener\">https:\/\/www.cesdip.fr\/IMG\/pdf\/QP_03_2007.pdf<\/a><\/li>\n<li><strong>Aebi, M.F., Aubusson de Cavarlay, B. &amp; Stadnic [Delgrande] N.<\/strong> (2007). Prison Entries and Length of Detention. The Diversity of the Correctional Systems Situation in Europe. <em>Penal Issues <\/em>XX(2): <a href=\"https:\/\/www.cesdip.fr\/IMG\/pdf\/PI_03_2007.pdf\" target=\"_blank\" rel=\"noopener\">https:\/\/www.cesdip.fr\/IMG\/pdf\/PI_03_2007.pdf<\/a><\/li>\n<li><strong>Aubusson de Cavarlay, B.<\/strong> (2009, d\u00e9cembre). Note sur la sursuicidit\u00e9 carc\u00e9rale en Europe&nbsp;: du choix des indicateurs. <em>Champ P\u00e9nal<\/em> (6).<\/li>\n<li><strong>Delgrande, N. &amp; Aebi M.F.<\/strong> (2009). Les d\u00e9tenus \u00e9trangers en Europe : quelques consid\u00e9rations critiques sur les donn\u00e9es disponibles de 1989 \u00e0 2006. <em>D\u00e9viance et Soci\u00e9t\u00e9 <\/em>33(4)&nbsp;: <a href=\"https:\/\/www.cairn.info\/revue-deviance-et-societe-2009-4-page-475.htm\" target=\"_blank\" rel=\"noopener\">https:\/\/www.cairn.info\/revue-deviance-et-societe-2009-4-page-475.htm<\/a><\/li>\n<li><strong>Morel d\u2019Arleux, J.<\/strong> (2010). Les prisons fran\u00e7aises et europ\u00e9ennes : diff\u00e9rentes ou semblables?. <em>Pouvoirs <\/em>135(4)&nbsp;: <a href=\"https:\/\/www.cairn.info\/revue-pouvoirs-2010-4-page-159.htm\" target=\"_blank\" rel=\"noopener\">https:\/\/www.cairn.info\/revue-pouvoirs-2010-4-page-159.htm<\/a><\/li>\n<li><strong>Area de Investigaci\u00f3n y Formaci\u00f3n Social y Criminol\u00f3gica, Universidad de Lleida (GRID), Grupo de Recerca sobre Interculturalidad y Desarrollo<\/strong> (2010). Extranjeros en las c\u00e1rceles catalanas: <a href=\"https:\/\/www20.gencat.cat\/docs\/Justicia\/Documents\/ARXIUS\/parte_iiiSC_1_082_10cast.pdf\" target=\"_blank\" rel=\"noopener\">https:\/\/www20.gencat.cat\/docs\/Justicia\/Documents\/ARXIUS\/parte_iiiSC_1_082_10cast.pdf<\/a><\/li>\n<li><strong>Aebi, M. F., Linde, A., &amp; Delgrande, N.<\/strong> (2015). Is there a relationship between imprisonment and crime in Western Europe?. <i>European Journal on Criminal Policy and Research<\/i>, <i>21<\/i>(3), 425-446.<\/li>\n<li><strong>Aebi, M. F., Burkhardt, C., Hacin, R., &amp; Tiago, M. M.<\/strong> (2016). A comparative perspective of imprisonment trends in Slovenia and Europe from 2005 to 2014. <i>Revija za kriminalistiko in kriminologijo<\/i>, <i>67<\/i>(4), 430-442.<\/li>\n<li><strong>Maes, E., Jonckheere, A., Deblock, M., &amp; Hovine, M<\/strong>. DETOUR\u2013Towards Pre-trial Detention as Ultima Ratio.<\/li>\n<li><strong>Flander, B., &amp; Me\u0161ko, G.<\/strong> (2016). Penal and Prison Policy on the \u201cSunny Side of the Alps\u201d: The Swan Song of Slovenian Exceptionalism?. <i>European Journal on Criminal Policy and Research<\/i>, <i>22<\/i>(4), 565-591.<\/li>\n<li><strong>Kri\u0161tof\u00edk, P., Boreskova, D. K., Korony, D. S., &amp; Petermihok, D.<\/strong> (2017). Classical and Alternative Methods of Punishment: Economic Comparison based on European Evidence. In <i>Conference paper<\/i>.<\/li>\n<li><strong>Wermink, H., Nieuwbeerta, P., Ramakers, A. A., de Keijser, J. W., &amp; Dirkzwager, A. J.<\/strong> (2018). Short-term effects of imprisonment length on recidivism in the Netherlands. <i>Crime &amp; Delinquency<\/i>, <i>64<\/i>(8), 1057-1093.<\/li>\n<\/ol>\n<p style=\"text-align: justify\">\n","protected":false},"excerpt":{"rendered":"<p>The list of publications is not exhaustive. If you would like your publication (based on the SPACE data) to be included in this list, please provide us with the complete &hellip; <\/p>\n","protected":false},"author":301,"featured_media":0,"parent":356,"menu_order":9,"comment_status":"closed","ping_status":"closed","template":"","meta":{"_seopress_robots_primary_cat":"","_seopress_titles_title":"","_seopress_titles_desc":"","_seopress_robots_index":"","footnotes":""},"class_list":["post-39","page","type-page","status-publish"],"_links":{"self":[{"href":"https:\/\/wp.unil.ch\/space\/wp-json\/wp\/v2\/pages\/39","targetHints":{"allow":["GET"]}}],"collection":[{"href":"https:\/\/wp.unil.ch\/space\/wp-json\/wp\/v2\/pages"}],"about":[{"href":"https:\/\/wp.unil.ch\/space\/wp-json\/wp\/v2\/types\/page"}],"author":[{"embeddable":true,"href":"https:\/\/wp.unil.ch\/space\/wp-json\/wp\/v2\/users\/301"}],"replies":[{"embeddable":true,"href":"https:\/\/wp.unil.ch\/space\/wp-json\/wp\/v2\/comments?post=39"}],"version-history":[{"count":0,"href":"https:\/\/wp.unil.ch\/space\/wp-json\/wp\/v2\/pages\/39\/revisions"}],"up":[{"embeddable":true,"href":"https:\/\/wp.unil.ch\/space\/wp-json\/wp\/v2\/pages\/356"}],"wp:attachment":[{"href":"https:\/\/wp.unil.ch\/space\/wp-json\/wp\/v2\/media?parent=39"}],"curies":[{"name":"wp","href":"https:\/\/api.w.org\/{rel}","templated":true}]}}