{"id":53,"date":"2016-01-12T15:15:51","date_gmt":"2016-01-12T14:15:51","guid":{"rendered":"http:\/\/wp.unil.ch\/societenature\/?page_id=53"},"modified":"2019-05-10T14:23:54","modified_gmt":"2019-05-10T12:23:54","slug":"plateforme-societe-nature","status":"publish","type":"page","link":"https:\/\/wp.unil.ch\/societenature\/","title":{"rendered":"Plateforme Soci\u00e9t\u00e9 Nature"},"content":{"rendered":"<p><strong>La Plateforme Soci\u00e9t\u00e9 Nature<\/strong> est un espace de discussion inter-instituts qui vise \u00e0 confronter les diff\u00e9rentes approches de la nature au sein de la Facult\u00e9 des g\u00e9osciences et de l&rsquo;environnement de l&rsquo;UNIL.<\/p>\n<p><strong>The Society-Nature Forum&rsquo;s<\/strong> purpose is to simulate inter-institute dialogue around the subject of the different approaches to the concept of \u201cNature\u201d within the Faculty of Geosciences and Environment of UNIL.<\/p>\n","protected":false},"excerpt":{"rendered":"<p>La Plateforme Soci\u00e9t\u00e9 Nature est un espace de discussion inter-instituts qui vise \u00e0 confronter les diff\u00e9rentes approches de la nature au sein de la Facult\u00e9 des g\u00e9osciences et de l&rsquo;environnement &hellip; <\/p>\n","protected":false},"author":108,"featured_media":92,"parent":0,"menu_order":0,"comment_status":"closed","ping_status":"closed","template":"page-templates\/front-page.php","meta":{"_seopress_robots_primary_cat":"","_seopress_titles_title":"","_seopress_titles_desc":"","_seopress_robots_index":"","footnotes":""},"class_list":["post-53","page","type-page","status-publish","has-post-thumbnail"],"_links":{"self":[{"href":"https:\/\/wp.unil.ch\/societenature\/wp-json\/wp\/v2\/pages\/53","targetHints":{"allow":["GET"]}}],"collection":[{"href":"https:\/\/wp.unil.ch\/societenature\/wp-json\/wp\/v2\/pages"}],"about":[{"href":"https:\/\/wp.unil.ch\/societenature\/wp-json\/wp\/v2\/types\/page"}],"author":[{"embeddable":true,"href":"https:\/\/wp.unil.ch\/societenature\/wp-json\/wp\/v2\/users\/108"}],"replies":[{"embeddable":true,"href":"https:\/\/wp.unil.ch\/societenature\/wp-json\/wp\/v2\/comments?post=53"}],"version-history":[{"count":0,"href":"https:\/\/wp.unil.ch\/societenature\/wp-json\/wp\/v2\/pages\/53\/revisions"}],"wp:featuredmedia":[{"embeddable":true,"href":"https:\/\/wp.unil.ch\/societenature\/wp-json\/wp\/v2\/media\/92"}],"wp:attachment":[{"href":"https:\/\/wp.unil.ch\/societenature\/wp-json\/wp\/v2\/media?parent=53"}],"curies":[{"name":"wp","href":"https:\/\/api.w.org\/{rel}","templated":true}]}}