{"id":415,"date":"2020-07-24T11:45:59","date_gmt":"2020-07-24T09:45:59","guid":{"rendered":"http:\/\/wp.unil.ch\/societenature\/?page_id=415"},"modified":"2021-04-28T14:22:09","modified_gmt":"2021-04-28T12:22:09","slug":"when-ecology-goes-to-town","status":"publish","type":"page","link":"https:\/\/wp.unil.ch\/societenature\/when-ecology-goes-to-town\/","title":{"rendered":"When ecology goes to town. Imaginaries, production and effectiveness of urban ecology in Switzerland"},"content":{"rendered":"\n<p><em>Swiss National Science Foundation (SNF) 2018-2022<\/em><\/p>\n\n\n\n<h2 class=\"wp-block-heading\">Summary<\/h2>\n\n\n\n<p>In 2015, the first two professoral chairs in urban ecology were created in Switzerland. They symbolize a moment of institutionalization of a hitherto minor field of research in this country compared to other national contexts. After long prioritizing the study of non-urban environments, the science of ecology is paying renewed attention to cities.<\/p>\n\n\n\n<p>However, particularly in Switzerland, urban ecological knowledge production is still marginal and fragmented. The vast majority of publications in the field of ecology focuses on areas out of the city which are supposedly preserved from human influence or less \u201cartificial\u201d. Because of this \u00aburban bias\u00bb, the city currently appears to be a (relative) unknown in ecology.<\/p>\n\n\n\n<p>While ecological research is engaging more and more with cities and produces conceptual frameworks and empirical knowledge on the built environment, it seeks to facilitate the implementation of urban strategies (ecological greening, species control\u2026). These processes need to be analyzed in order to understand how scientists and ecological knowledge influence the production of urban space.<\/p>\n\n\n\n<p>This project explores cultures of nature, epistemic and institutional processes that previously limited, and now contribute to the production of urban ecological knowledge and ecologists\u2019 commitment for more livable cities in Switzerland.<\/p>\n\n\n\n<p>To understand the regimes of knowledge production on urban ecology in Switzerland, we propose three main points of entry and questions:<\/p>\n\n\n\n<figure class=\"wp-block-table\"><table><tbody><tr><td>Entry 1<\/td><td>Natural scientists\u2019 imaginary:&nbsp; What is the city to natural scientists?<\/td><\/tr><tr><td>Entry 2<\/td><td>Knowledge production: What does the city do to ecology?<\/td><\/tr><tr><td>Entry 3<\/td><td>Influence on urban factory: What does ecology do to the city?<\/td><\/tr><\/tbody><\/table><\/figure>\n\n\n\n<div class=\"wp-block-image\"><figure class=\"aligncenter\"><a href=\"https:\/\/wp.unil.ch\/societenature\/files\/2019\/12\/entry.png\"><img alt=\"\" loading=\"lazy\" decoding=\"async\" width=\"272\" height=\"300\" src=\"https:\/\/wp.unil.ch\/societenature\/files\/2019\/12\/entry-272x300.png\" alt=\"\" class=\"wp-image-336\" srcset=\"https:\/\/wp.unil.ch\/societenature\/files\/2019\/12\/entry-272x300.png 272w, https:\/\/wp.unil.ch\/societenature\/files\/2019\/12\/entry-768x846.png 768w, https:\/\/wp.unil.ch\/societenature\/files\/2019\/12\/entry-200x220.png 200w, https:\/\/wp.unil.ch\/societenature\/files\/2019\/12\/entry.png 858w\" sizes=\"auto, (max-width: 272px) 100vw, 272px\" \/><\/a><\/figure><\/div>\n\n\n\n<p>Following an approach inspired by Science and Technology Studies, data is collected via qualitative interviews with researchers and urban actors, participant observation of researchers&rsquo; fieldwork, as well as textual analysis of various written sources.<\/p>\n\n\n\n<p>The results of the project will lead to the publication of three articles in STS and society-nature relations journals, and a collective book on the history of urban ecology in Switzerland and its placement in perspective with regards to other epistemic cultures.<\/p>\n\n\n\n<figure class=\"wp-block-image\"><a href=\"https:\/\/wp.unil.ch\/societenature\/files\/2019\/12\/timeline.png\"><img alt=\"\" loading=\"lazy\" decoding=\"async\" width=\"1024\" height=\"382\" src=\"https:\/\/wp.unil.ch\/societenature\/files\/2019\/12\/timeline-1024x382.png\" alt=\"\" class=\"wp-image-338\" srcset=\"https:\/\/wp.unil.ch\/societenature\/files\/2019\/12\/timeline-1024x382.png 1024w, https:\/\/wp.unil.ch\/societenature\/files\/2019\/12\/timeline-300x112.png 300w, https:\/\/wp.unil.ch\/societenature\/files\/2019\/12\/timeline-768x286.png 768w, https:\/\/wp.unil.ch\/societenature\/files\/2019\/12\/timeline-590x220.png 590w, https:\/\/wp.unil.ch\/societenature\/files\/2019\/12\/timeline.png 1370w\" sizes=\"auto, (max-width: 1024px) 100vw, 1024px\" \/><\/a><\/figure>\n\n\n\n<hr class=\"wp-block-separator\" \/>\n\n\n\n<h2 class=\"wp-block-heading\"><a href=\"https:\/\/wp.unil.ch\/societenature\/2020\/01\/colloque-international-quand-lecologie-entre-en-ville\/\">Colloque international<\/a><\/h2>\n\n\n<ul class=\"wp-block-latest-posts__list wp-block-latest-posts\"><li><div class=\"wp-block-latest-posts__featured-image alignleft\"><img loading=\"lazy\" decoding=\"async\" width=\"150\" height=\"150\" src=\"https:\/\/wp.unil.ch\/societenature\/files\/2020\/01\/Reference-150x150.jpg\" class=\"attachment-thumbnail size-thumbnail wp-post-image\" alt=\"\" style=\"\" srcset=\"https:\/\/wp.unil.ch\/societenature\/files\/2020\/01\/Reference-150x150.jpg 150w, https:\/\/wp.unil.ch\/societenature\/files\/2020\/01\/Reference-90x90.jpg 90w\" sizes=\"auto, (max-width: 150px) 100vw, 150px\" \/><\/div><a class=\"wp-block-latest-posts__post-title\" href=\"https:\/\/wp.unil.ch\/societenature\/2020\/01\/colloque-international-quand-lecologie-entre-en-ville\/\">Colloque international \u00ab Quand l\u2019\u00e9cologie entre en ville \u00bb<\/a><div class=\"wp-block-latest-posts__post-excerpt\">23-25 janvier 2019 &#8211; Universit\u00e9 de Lausanne\r\nL\u2019\u00e9cologie urbaine a connu une importante expansion ces derni\u00e8res ann\u00e9es. Qu\u2019elle se focalise sur les espaces verts en ville ou sur la ville comme \u2018anthropo-\u00e9cosyst\u00e8me\u2019 dans son ensemble, l\u2019\u00e9cologie urbaine est appel\u00e9e \u00e0 jouer un r\u00f4le croissant non seulement dans la connaissance mais aussi dans la gestion et l\u2019am\u00e9nagement des villes. Pourtant, l\u2019int\u00e9r\u00eat des sciences de la conservation pour la ville demeure encore tr\u00e8s relatif. La majorit\u00e9 des publications dans ce domaine se concentre toujours sur les espaces \u00e9loign\u00e9s de la ville et suppos\u00e9s les plus pr\u00e9serv\u00e9s de l\u2019influence anthropique. La ville constitue encore un (relatif) impens\u00e9 de l\u2019\u00e9cologie. Ce colloque se focalise sur la mani\u00e8re dont l\u2019\u00e9cologie scientifique se saisit de la question urbaine.<\/div><\/li>\n<\/ul>\n\n\n<hr class=\"wp-block-separator\" \/>\n\n\n\n<h2 class=\"wp-block-heading\">Research Team<\/h2>\n\n\n\n<figure class=\"wp-block-image size-large\"><a href=\"https:\/\/wp.unil.ch\/societenature\/files\/2021\/03\/equipe-2.jpg\"><img alt=\"\" loading=\"lazy\" decoding=\"async\" width=\"1024\" height=\"535\" src=\"https:\/\/wp.unil.ch\/societenature\/files\/2021\/03\/equipe-2-1024x535.jpg\" alt=\"\" class=\"wp-image-465\" srcset=\"https:\/\/wp.unil.ch\/societenature\/files\/2021\/03\/equipe-2-1024x535.jpg 1024w, https:\/\/wp.unil.ch\/societenature\/files\/2021\/03\/equipe-2-300x157.jpg 300w, https:\/\/wp.unil.ch\/societenature\/files\/2021\/03\/equipe-2-768x402.jpg 768w, https:\/\/wp.unil.ch\/societenature\/files\/2021\/03\/equipe-2-1536x803.jpg 1536w, https:\/\/wp.unil.ch\/societenature\/files\/2021\/03\/equipe-2.jpg 1920w\" sizes=\"auto, (max-width: 1024px) 100vw, 1024px\" \/><\/a><figcaption>M. Moretti, C. Granjou, J. Salomon Cavin, C. Kull, V.  Boisvert, M. Chalmandrier et S. Flaminio<\/figcaption><\/figure>\n\n\n\n<p><strong>Principal applicant<\/strong>&nbsp;: Jo\u00eblle Salomon Cavin (IGD \u2013 UNIL)<\/p>\n\n\n\n<p><strong>Contributors<\/strong>&nbsp;: Maud Chalmandrier (IGD \u2013 UNIL) &amp; Silvia Flaminio (IGD \u2013 UNIL)<\/p>\n\n\n\n<p><strong>Partners&nbsp;<\/strong>&nbsp;: Val\u00e9rie Boisvert (IGD \u2013 UNIL), Christian Kull (IGD \u2013 UNIL), C\u00e9line Granjou (Univ. Grenoble Alpes \u2013 INRAE), Marco Moretti (WSL Birmensdorf)<\/p>\n\n\n\n<div class=\"wp-block-columns is-layout-flex wp-container-core-columns-is-layout-9d6595d7 wp-block-columns-is-layout-flex\">\n<div class=\"wp-block-column is-layout-flow wp-block-column-is-layout-flow\">\n<div class=\"wp-block-image\"><figure class=\"alignleft\"><a href=\"https:\/\/www.unil.ch\/igd\/fr\/home.html\"><img alt=\"\" loading=\"lazy\" decoding=\"async\" width=\"300\" height=\"156\" src=\"https:\/\/wp.unil.ch\/societenature\/files\/2020\/01\/Logo_IGD-300x156.png\" alt=\"\" class=\"wp-image-299\" srcset=\"https:\/\/wp.unil.ch\/societenature\/files\/2020\/01\/Logo_IGD-300x156.png 300w, https:\/\/wp.unil.ch\/societenature\/files\/2020\/01\/Logo_IGD.png 341w\" sizes=\"auto, (max-width: 300px) 100vw, 300px\" \/><\/a><\/figure><\/div>\n<\/div>\n\n\n\n<div class=\"wp-block-column is-layout-flow wp-block-column-is-layout-flow\">\n<div class=\"wp-block-image\"><figure class=\"aligncenter is-resized\"><a href=\"https:\/\/www.wsl.ch\/en\/index.html\"><img alt=\"\" loading=\"lazy\" decoding=\"async\" src=\"https:\/\/wp.unil.ch\/societenature\/files\/2020\/01\/wsl-logo_0.png\" alt=\"\" class=\"wp-image-300\" width=\"120\" height=\"120\" srcset=\"https:\/\/wp.unil.ch\/societenature\/files\/2020\/01\/wsl-logo_0.png 240w, https:\/\/wp.unil.ch\/societenature\/files\/2020\/01\/wsl-logo_0-150x150.png 150w, https:\/\/wp.unil.ch\/societenature\/files\/2020\/01\/wsl-logo_0-90x90.png 90w, https:\/\/wp.unil.ch\/societenature\/files\/2020\/01\/wsl-logo_0-220x220.png 220w\" sizes=\"auto, (max-width: 120px) 100vw, 120px\" \/><\/a><\/figure><\/div>\n<\/div>\n\n\n\n<div class=\"wp-block-column is-layout-flow wp-block-column-is-layout-flow\">\n<div class=\"wp-block-image\"><figure class=\"alignright\"><a href=\"https:\/\/www.inrae.fr\/\"><img alt=\"\" loading=\"lazy\" decoding=\"async\" width=\"231\" height=\"58\" src=\"https:\/\/wp.unil.ch\/societenature\/files\/2020\/01\/logo.png\" alt=\"\" class=\"wp-image-340\" \/><\/a><\/figure><\/div>\n<\/div>\n<\/div>\n\n\n\n<p><\/p>\n","protected":false},"excerpt":{"rendered":"<p>Swiss National Science Foundation (SNF) 2018-2022 Summary In 2015, the first two professoral chairs in urban ecology were created in Switzerland. They symbolize a moment of institutionalization of a hitherto &hellip; <\/p>\n","protected":false},"author":108,"featured_media":290,"parent":0,"menu_order":0,"comment_status":"closed","ping_status":"closed","template":"","meta":{"_seopress_robots_primary_cat":"","_seopress_titles_title":"","_seopress_titles_desc":"","_seopress_robots_index":"","footnotes":""},"class_list":["post-415","page","type-page","status-publish","has-post-thumbnail"],"_links":{"self":[{"href":"https:\/\/wp.unil.ch\/societenature\/wp-json\/wp\/v2\/pages\/415","targetHints":{"allow":["GET"]}}],"collection":[{"href":"https:\/\/wp.unil.ch\/societenature\/wp-json\/wp\/v2\/pages"}],"about":[{"href":"https:\/\/wp.unil.ch\/societenature\/wp-json\/wp\/v2\/types\/page"}],"author":[{"embeddable":true,"href":"https:\/\/wp.unil.ch\/societenature\/wp-json\/wp\/v2\/users\/108"}],"replies":[{"embeddable":true,"href":"https:\/\/wp.unil.ch\/societenature\/wp-json\/wp\/v2\/comments?post=415"}],"version-history":[{"count":0,"href":"https:\/\/wp.unil.ch\/societenature\/wp-json\/wp\/v2\/pages\/415\/revisions"}],"wp:featuredmedia":[{"embeddable":true,"href":"https:\/\/wp.unil.ch\/societenature\/wp-json\/wp\/v2\/media\/290"}],"wp:attachment":[{"href":"https:\/\/wp.unil.ch\/societenature\/wp-json\/wp\/v2\/media?parent=415"}],"curies":[{"name":"wp","href":"https:\/\/api.w.org\/{rel}","templated":true}]}}