{"id":473,"date":"2019-12-18T08:22:13","date_gmt":"2019-12-18T07:22:13","guid":{"rendered":"http:\/\/wp.unil.ch\/sina\/?page_id=473"},"modified":"2019-12-18T08:27:04","modified_gmt":"2019-12-18T07:27:04","slug":"swiss-communities-on-the-northern-black-sea-coast","status":"publish","type":"page","link":"https:\/\/wp.unil.ch\/sina\/swiss-communities-on-the-northern-black-sea-coast\/","title":{"rendered":"Swiss communities on the Northern Black sea coast"},"content":{"rendered":"<p>In 1805, a group of 228 people from Switzerland, mostly from the canton of Zurich, travelled to the Russian empire to create an agricultural colony of Z\u00fcrichtal in Crimea. In 1822, 17 families left the canton of Vaud and created a winegrowers\u2019 colony of Shabo \/ Chabag not far from Odessa. The Russian empire provided the Swiss settlers on the Black sea with free agricultural lands, equally distributed among the families, and subsidies for 10 years; it dispensed the settlers from paying taxes for the same period of time, as well as from the military service. By the turn of the century, both colonies were among the most prosperous of their respective regions, giving birth to a series of daughter-colonies. Their existence as Swiss colonies came to an end during the Second World War.<\/p>\n<p>How did the story of these colonies go? Which languages did the colonists use inside the colonies, with their neighbours and in their interactions with official authorities, in changing socio-political settings? Did they manage to maintain their respective heritage languages? And how did the early linguistic description of these colonies by Soviet scholars, starting from the 1920s, shape the theoretical and methodological development of emerging (socio)linguistics?<\/p>\n<p>These issues were explored by a Universit\u00e9 de Lausanne (UNIL) team from the SLAS (<a href=\"https:\/\/www.unil.ch\/slas\">Section de langues et civilisations slaves et de l&#8217;Asie du Sud<\/a>) department within the framework of their research project, entitled <em>History of Swiss colonies in Crimea and Northern Black Sea coast: Linguistic and Identity\u2019s approach<\/em> (<a href=\"https:\/\/www.unil.ch\/slas\/home\/menuinst\/recherche\/langues-slaves\/projet-de-recherche\/projets-en-cours.html\">https:\/\/www.unil.ch\/slas\/home\/menuinst\/recherche\/langues-slaves\/projet-de-recherche\/projets-en-cours.html<\/a>, 2016-2019). The bilateral project, funded by the Swiss National Science Foundation (<a href=\"https:\/\/p3.snf.ch\/project-164069\">https:\/\/p3.snf.ch\/project-164069<\/a>), was carried out jointly with the University of Saint Petersburg, bringing together philologists and historians who worked at the imperial archives of Saint Petersburg, as well as sociolinguists and specialists on the epistemology of linguistics from UNIL. The UNIL researchers explored the archives in Switzerland, Russia, Ukraine, Germany and France and carried out fieldwork in both former colonies. Using the method of historical epistemology of linguistics, they studied in particular the research direction on the dialects spoken by Swiss settlers, which emerged in the Soviet linguistics in the late 1920s.<\/p>\n<p>&nbsp;<\/p>\n<p><a href=\"https:\/\/wp.unil.ch\/sina\/files\/2019\/12\/Carte-e1576653323522.jpg\"><img alt=\"\" loading=\"lazy\" decoding=\"async\" class=\"alignleft wp-image-474 size-large\" src=\"https:\/\/wp.unil.ch\/sina\/files\/2019\/12\/Carte-1024x651.jpg\" alt=\"\" width=\"720\" height=\"458\" \/><\/a><\/p>\n<p>Map of Swiss colonies on the Black sea. \u00a9 Universit\u00e9 de Lausanne<\/p>\n<p>&nbsp;<\/p>\n<p><img alt=\"\" loading=\"lazy\" decoding=\"async\" class=\"alignleft size-large wp-image-475\" src=\"https:\/\/wp.unil.ch\/sina\/files\/2019\/12\/Shabo-1850.png\" alt=\"\" width=\"720\" height=\"459\" srcset=\"https:\/\/wp.unil.ch\/sina\/files\/2019\/12\/Shabo-1850.png 861w, https:\/\/wp.unil.ch\/sina\/files\/2019\/12\/Shabo-1850-300x191.png 300w, https:\/\/wp.unil.ch\/sina\/files\/2019\/12\/Shabo-1850-768x490.png 768w\" sizes=\"auto, (max-width: 720px) 100vw, 720px\" \/><\/p>\n<p>Chabag\/Shabo in 1850, painted by Eug\u00e8ne Duffoug-Favre<\/p>\n<p>&nbsp;<\/p>\n<p><img alt=\"\" loading=\"lazy\" decoding=\"async\" class=\"alignleft size-large wp-image-476\" src=\"https:\/\/wp.unil.ch\/sina\/files\/2019\/12\/Shabo-2019-1024x577.jpg\" alt=\"\" width=\"720\" height=\"406\" srcset=\"https:\/\/wp.unil.ch\/sina\/files\/2019\/12\/Shabo-2019-1024x577.jpg 1024w, https:\/\/wp.unil.ch\/sina\/files\/2019\/12\/Shabo-2019-300x169.jpg 300w, https:\/\/wp.unil.ch\/sina\/files\/2019\/12\/Shabo-2019-768x433.jpg 768w, https:\/\/wp.unil.ch\/sina\/files\/2019\/12\/Shabo-2019-1536x866.jpg 1536w, https:\/\/wp.unil.ch\/sina\/files\/2019\/12\/Shabo-2019.jpg 1920w\" sizes=\"auto, (max-width: 720px) 100vw, 720px\" \/><\/p>\n<p>Shabo in 2019. Reconstruction of a Swiss colonial house by the Centre of wine culture of Shabo. \u00a9 Universit\u00e9 de Lausanne, N. Bichurina<\/p>\n<p>&nbsp;<\/p>\n<p><strong>Main publications: <\/strong><\/p>\n<p><strong>Monographs:<\/strong><\/p>\n<p>Simonato Elena, Ivanova Irina (eds.) (2019). <em>\u0421\u0443\u0434\u044c\u0431\u044b<\/em> <em>\u0448\u0432\u0435\u0439\u0446\u0430\u0440\u0441\u043a\u0438\u0445<\/em> <em>\u043a\u043e\u043b\u043e\u043d\u0438\u0439<\/em> <em>\u0432<\/em> <em>\u0421\u0435\u0432\u0435\u0440\u043d\u043e\u043c<\/em> <em>\u041f\u0440\u0438\u0447\u0435\u0440\u043d\u043e\u043c\u043e\u0440\u044c\u0435 \u0438 \u0432 \u041a\u0440\u044b\u043c\u0443 <\/em><em>XIX<\/em><em>&#8211;<\/em><em>XX<\/em><em> \u0432\u0432<\/em>. [Destinies of Swiss colonies on the Black sea coast and in Crimea during the 19-20 centuries] eds. E. Simonato, I.\u00a0Ivanova, Saint Petersburg: Svet. ISBN 978-5-9071-4157-5 <a href=\"https:\/\/serval.unil.ch\/resource\/serval:BIB_0CEA924304D2.P001\/REF\">https:\/\/serval.unil.ch\/resource\/serval:BIB_0CEA924304D2.P001\/REF<\/a><\/p>\n<p>Bichurina Natalia (2019). <em>L\u2019\u00e9mergence du francoproven\u00e7al : langue r\u00e9gionale et communaut\u00e9 autour du Mont-Blanc, in <\/em>Collection \u00abMultilinguisme et langues minoritaires\u00bb, Pessac: Maison des Sciences de l\u2019Homme d\u2019Aquitaine, ISBN 9782858924813 [Part IV is dedicated to Shabo], <a href=\"https:\/\/www.msha.fr\/msha\/publication.php?menu=detail&amp;id=P440&amp;categorie=3\">https:\/\/www.msha.fr\/msha\/publication.php?menu=detail&amp;id=P440&amp;categorie=3<\/a><\/p>\n<p>Simonato Elena, Ivanova Irina, M. Giolitto (eds.) (2017). <em>Les communaut\u00e9s suisses de Crim\u00e9e et de la mer Noire. Langues et traditions<\/em>. Cahiers de l\u2019ILSL N\u00b0 51, 2017, ISBN 978-2-9700958-6-6 <a href=\"https:\/\/www.unil.ch\/clsl\/files\/live\/sites\/clsl\/files\/shared\/Cahier%2051\/cahier-51.pdf\">https:\/\/www.unil.ch\/clsl\/files\/live\/sites\/clsl\/files\/shared\/Cahier%2051\/cahier-51.pdf<\/a><\/p>\n<p>&nbsp;<\/p>\n<p><strong>Articles:<\/strong><\/p>\n<p>Bichurina Natalia (2019). \u00abConflits linguistiques invisibles\u00a0: une communaut\u00e9 romande au bord de la mer Noire\u00bb, in Carmen Al\u00e9n Garabato (ed.) <em>Sociolinguistique des contacts\u00a0\/ conflits de langues en domaine roman des origines \u00e0 nos jours<\/em>, <em>Revue des langues romanes<\/em>. Tome CXXIII N\u00b01 2019, p. 93-121. <a href=\"https:\/\/journals.openedition.org\/rlr\/1629\">https:\/\/journals.openedition.org\/rlr\/1629<\/a><\/p>\n<p>Bichurina Natalia (forthcoming).<em> \u00abLa vigne, le vin, la langue. Contacts interculturels et construction identitaire dans une communaut\u00e9 viticole vaudoise \u00e0 la mer Noire\u00bb, Actes du<\/em> <em>Colloque international \u00ab Autour de la table \u00e0 travers le temps. Manger, boire et communiquer\u00bb<\/em>, 3-4 d\u00e9cembre 2018, University of Lausanne. \u00a0Collection\u00a0<em>a contrario<\/em>\u00a0CAMPUS\u00a0:\u00a0\u00e9ditions\u00a0BSN Press. <a href=\"https:\/\/www.cairn.info\/collection-a-contrario-campus.htm\">https:\/\/www.cairn.info\/collection-a-contrario-campus.htm#<\/a><\/p>\n<p>Simonato Elena (2019) (in print). \u00abSwiss communities of Bessarabia in the Twilight of Empires. Communities\u2019 perception of the impact of events\u00bb,<em> Edizioni Ca Foscari,<\/em><em> Atti della conferenza Before and after 1st world war<\/em>.<\/p>\n<p>Simonato Elena (2017).\u00a0\u00abUn patois romand au bord de la mer Noire: la g\u00e9ographie linguistique sovi\u00e9tique des ann\u00e9es 1930-1960\u00bb, Historiographie &amp; \u00e9pist\u00e9mologie des sciences du langage: du pass\u00e9 vers le pr\u00e9sent, \u00e9d. E. Velmezova,\u00a0<em>Cahiers de l\u2019ILSL<\/em>\u00a0N\u00b0 52, p. 169-178. <a href=\"https:\/\/serval.unil.ch\/resource\/serval:BIB_8F0D68221CF6.P002\/REF\">https:\/\/serval.unil.ch\/resource\/serval:BIB_8F0D68221CF6.P002\/REF<\/a><\/p>\n<p>Simonato Elena (2017).\u00a0\u00abLe parler de Chabag\u00bb,\u00a0<em>Les communaut\u00e9s suisses de Crim\u00e9e et de la mer Noire. Langues et traditions,\u00a0<\/em>eds I.\u00a0Ivanova, E. Simonato, M. Giolitto, Cahiers de l\u2019ILSL N\u00b0\u00a051, p. 191-214.<\/p>\n<p>&nbsp;<\/p>\n<p><strong>Main outreach activities<\/strong><\/p>\n<p>Simonato Elena and Natalia Bichurina (2020), \u00abChabag. Un village vaudois sur la mer Noire\u00bb, Special issue.\u00a0<em>Pass\u00e9 Simple \u211651<\/em>, January 2020. <a href=\"https:\/\/www.passesimple.ch\/index.php\">https:\/\/www.passesimple.ch\/index.php<\/a><\/p>\n<p>Bichurina Natalia (2019). \u201cF\u00eate des Vignerons and a Swiss winegrowers\u2019 colony on the Black sea,\u201d <a href=\"https:\/\/expat.news\/fete-des-vignerons-and-a-swiss-winegrowers-colony-on-the-black-sea\/?fbclid=IwAR0pyEoqkTmUJXts5JJ613AJe7z3FKbW49AgoDJHQMyISM_4Xiot5me84xI\">https:\/\/expat.news\/fete-des-vignerons-and-a-swiss-winegrowers-colony-on-the-black-sea\/?fbclid=IwAR0pyEoqkTmUJXts5JJ613AJe7z3FKbW49AgoDJHQMyISM_4Xiot5me84xI<\/a><\/p>\n<p>Bichurina Natalia, TV interview in Geneva \u00abSwiss communities in Crimea and on the Northern Black sea coast\u00bb [in Russian],\u00a0Dukascopy TV, 5.08.2019, <a href=\"https:\/\/www.dukascopy.com\/tv\/ru\/274033\">https:\/\/www.dukascopy.com\/tv\/ru\/274033<\/a><\/p>\n<p>Simonato Elena, TV interview in Geneva, \u201cSwiss colonies\u201d [in Russian],\u00a0Dukascopy TV, 25.07.2019, <a href=\"https:\/\/www.dukascopy.com\/tv\/ru\/274032\">https:\/\/www.dukascopy.com\/tv\/ru\/274032<\/a><\/p>\n<p>&nbsp;<\/p>\n<p><strong>Conferences organised in the framework of this project: <\/strong><\/p>\n<p>\u00abLes communaut\u00e9s suisses de la mer Noire\u00bb, Lausanne, UNIL, February 7-8 2019. <a href=\"https:\/\/www.unil.ch\/slas\/files\/live\/sites\/slas\/files\/shared\/03-Recherche\/Recherche_langues_slaves\/1-Projet_en_cours\/2016\/Elena_Simonato\/Projet_FNS\/d%c3%a9pliant%20A5%20communaut%c3%a9s_04.01.2019.pdf\">https:\/\/www.unil.ch\/slas\/files\/live\/sites\/slas\/files\/shared\/03-Recherche\/Recherche_langues_slaves\/1-Projet_en_cours\/2016\/Elena_Simonato\/Projet_FNS\/d%c3%a9pliant%20A5%20communaut%c3%a9s_04.01.2019.pdf<\/a><\/p>\n<p>\u00abLes communaut\u00e9s suisses de Crim\u00e9e et de la mer Noire: langues et traditions\u00bb, Lausanne, UNIL, October 7-8 2016. <a href=\"https:\/\/www.unil.ch\/slas\/files\/live\/sites\/slas\/files\/shared\/03-Recherche\/Recherche_langues_slaves\/1-Projet_en_cours\/2016\/Elena_Simonato\/Projet_FNS\/les%20communaute%cc%81es_suisses.pdf\">https:\/\/www.unil.ch\/slas\/files\/live\/sites\/slas\/files\/shared\/03-Recherche\/Recherche_langues_slaves\/1-Projet_en_cours\/2016\/Elena_Simonato\/Projet_FNS\/les%20communaute%cc%81es_suisses.pdf<\/a><\/p>\n<p>Joint panels by both project teams:<\/p>\n<p>XLVIII International\u00a0Philological Conference, Saint Petersburg, March 23, 2019.<\/p>\n<p>XLVIII International Philological conference, Saint Petersburg, March 21, 2017.<\/p>\n<p>&nbsp;<\/p>\n","protected":false},"excerpt":{"rendered":"<p>In 1805, a group of 228 people from Switzerland, mostly from the canton of Zurich, travelled to the Russian empire to create an agricultural colony of Z\u00fcrichtal in Crimea. In 1822, 17 families left the canton of Vaud and created<\/p>\n","protected":false},"author":1001230,"featured_media":0,"parent":0,"menu_order":0,"comment_status":"closed","ping_status":"closed","template":"","meta":{"_seopress_robots_primary_cat":"","_seopress_titles_title":"","_seopress_titles_desc":"","_seopress_robots_index":"","footnotes":""},"class_list":["post-473","page","type-page","status-publish"],"_links":{"self":[{"href":"https:\/\/wp.unil.ch\/sina\/wp-json\/wp\/v2\/pages\/473","targetHints":{"allow":["GET"]}}],"collection":[{"href":"https:\/\/wp.unil.ch\/sina\/wp-json\/wp\/v2\/pages"}],"about":[{"href":"https:\/\/wp.unil.ch\/sina\/wp-json\/wp\/v2\/types\/page"}],"author":[{"embeddable":true,"href":"https:\/\/wp.unil.ch\/sina\/wp-json\/wp\/v2\/users\/1001230"}],"replies":[{"embeddable":true,"href":"https:\/\/wp.unil.ch\/sina\/wp-json\/wp\/v2\/comments?post=473"}],"version-history":[{"count":0,"href":"https:\/\/wp.unil.ch\/sina\/wp-json\/wp\/v2\/pages\/473\/revisions"}],"wp:attachment":[{"href":"https:\/\/wp.unil.ch\/sina\/wp-json\/wp\/v2\/media?parent=473"}],"curies":[{"name":"wp","href":"https:\/\/api.w.org\/{rel}","templated":true}]}}