{"id":268,"date":"2017-01-05T20:46:59","date_gmt":"2017-01-05T19:46:59","guid":{"rendered":"http:\/\/wp.unil.ch\/sina\/?page_id=268"},"modified":"2019-11-17T16:10:24","modified_gmt":"2019-11-17T15:10:24","slug":"collaborators","status":"publish","type":"page","link":"https:\/\/wp.unil.ch\/sina\/collaborators\/","title":{"rendered":"Collaborators"},"content":{"rendered":"<p><img alt=\"\" loading=\"lazy\" decoding=\"async\" class=\"alignleft wp-image-307 size-thumbnail\" src=\"https:\/\/wp.unil.ch\/sina\/files\/2017\/01\/Alexandra-Derungs-Foto-150x150.jpg\" width=\"150\" height=\"150\" srcset=\"https:\/\/wp.unil.ch\/sina\/files\/2017\/01\/Alexandra-Derungs-Foto-150x150.jpg 150w, https:\/\/wp.unil.ch\/sina\/files\/2017\/01\/Alexandra-Derungs-Foto-230x230.jpg 230w, https:\/\/wp.unil.ch\/sina\/files\/2017\/01\/Alexandra-Derungs-Foto-365x365.jpg 365w\" sizes=\"auto, (max-width: 150px) 100vw, 150px\" \/><\/p>\n<p>&nbsp;<\/p>\n<p><strong>Alexandra Derungs, MA<\/strong><\/p>\n<p>Independent researcher<\/p>\n<p>formerly Universit\u00e9 de Lausanne<\/p>\n<p>&nbsp;<\/p>\n<p><img alt=\"\" loading=\"lazy\" decoding=\"async\" class=\"alignleft size-thumbnail wp-image-347\" src=\"https:\/\/wp.unil.ch\/sina\/files\/2017\/01\/Photo_Paola-150x150.jpg\" alt=\"\" width=\"150\" height=\"150\" srcset=\"https:\/\/wp.unil.ch\/sina\/files\/2017\/01\/Photo_Paola-150x150.jpg 150w, https:\/\/wp.unil.ch\/sina\/files\/2017\/01\/Photo_Paola-230x230.jpg 230w, https:\/\/wp.unil.ch\/sina\/files\/2017\/01\/Photo_Paola-365x365.jpg 365w\" sizes=\"auto, (max-width: 150px) 100vw, 150px\" \/><\/p>\n<p>&nbsp;<\/p>\n<p><strong>Paola Deluigi, MA<\/strong><\/p>\n<p>Independent researcher<\/p>\n<p>formerly Universit\u00e9 de Lausanne<\/p>\n<p>&nbsp;<\/p>\n<p><img alt=\"\" loading=\"lazy\" decoding=\"async\" class=\"alignleft wp-image-453 size-thumbnail\" src=\"https:\/\/wp.unil.ch\/sina\/files\/2019\/11\/ladina-3-150x150.jpg\" alt=\"\" width=\"150\" height=\"150\" \/><\/p>\n<p><strong>Ladina Kn\u00fcsli, MA<\/strong><\/p>\n<p>Independent research<\/p>\n<p>formerly Universit\u00e9 de Lausanne<\/p>\n<p>&nbsp;<\/p>\n","protected":false},"excerpt":{"rendered":"<p>&nbsp; Alexandra Derungs, MA Independent researcher formerly Universit\u00e9 de Lausanne &nbsp; &nbsp; Paola Deluigi, MA Independent researcher formerly Universit\u00e9 de Lausanne &nbsp; Ladina Kn\u00fcsli, MA Independent research formerly Universit\u00e9 de Lausanne &nbsp;<\/p>\n","protected":false},"author":1001230,"featured_media":0,"parent":0,"menu_order":0,"comment_status":"closed","ping_status":"closed","template":"","meta":{"_seopress_robots_primary_cat":"","_seopress_titles_title":"","_seopress_titles_desc":"","_seopress_robots_index":"","footnotes":""},"class_list":["post-268","page","type-page","status-publish"],"_links":{"self":[{"href":"https:\/\/wp.unil.ch\/sina\/wp-json\/wp\/v2\/pages\/268","targetHints":{"allow":["GET"]}}],"collection":[{"href":"https:\/\/wp.unil.ch\/sina\/wp-json\/wp\/v2\/pages"}],"about":[{"href":"https:\/\/wp.unil.ch\/sina\/wp-json\/wp\/v2\/types\/page"}],"author":[{"embeddable":true,"href":"https:\/\/wp.unil.ch\/sina\/wp-json\/wp\/v2\/users\/1001230"}],"replies":[{"embeddable":true,"href":"https:\/\/wp.unil.ch\/sina\/wp-json\/wp\/v2\/comments?post=268"}],"version-history":[{"count":0,"href":"https:\/\/wp.unil.ch\/sina\/wp-json\/wp\/v2\/pages\/268\/revisions"}],"wp:attachment":[{"href":"https:\/\/wp.unil.ch\/sina\/wp-json\/wp\/v2\/media?parent=268"}],"curies":[{"name":"wp","href":"https:\/\/api.w.org\/{rel}","templated":true}]}}