{"id":39,"date":"2016-08-13T14:40:27","date_gmt":"2016-08-13T12:40:27","guid":{"rendered":"http:\/\/wp.unil.ch\/sherpa\/?page_id=39"},"modified":"2016-08-14T19:05:42","modified_gmt":"2016-08-14T17:05:42","slug":"precautions","status":"publish","type":"page","link":"https:\/\/wp.unil.ch\/sherpa\/precautions\/","title":{"rendered":"Pr\u00e9cautions"},"content":{"rendered":"<p>Les conseils fournis par nos sherpas sont le fruit de leur exp\u00e9rience personnelle et n&rsquo;engagent pas les Facult\u00e9s auxquelles ils appartiennent. Chaque \u00e9tudiant\u00b7e a un fonctionnement diff\u00e9rent. A toi d&rsquo;exp\u00e9rimenter (ou de cr\u00e9er) les astuces qui te conviennent \ud83d\ude09<\/p>\n<p>Les conseils propos\u00e9s par les tuteurs, mentors et autres volontaires sont\u00a0mis en sc\u00e8ne dans cette webapp. Ils peuvent avoir \u00e9t\u00e9 paraphras\u00e9s pour les besoins de l&rsquo;\u00e9dition.<\/p>\n<p>Les illustrations ont \u00e9t\u00e9 r\u00e9alis\u00e9es par <a href=\"https:\/\/www.sacrepiet.be\" target=\"_blank\">Gilles Dumont<\/a>.<\/p>\n<p>&nbsp;<\/p>\n","protected":false},"excerpt":{"rendered":"<p>Les conseils fournis par nos sherpas sont le fruit de leur exp\u00e9rience personnelle et n&rsquo;engagent pas les Facult\u00e9s auxquelles ils appartiennent. Chaque \u00e9tudiant\u00b7e a un fonctionnement diff\u00e9rent. A toi d&rsquo;exp\u00e9rimenter (ou de cr\u00e9er) les astuces qui te conviennent \ud83d\ude09 Les<\/p>\n","protected":false},"author":1001338,"featured_media":0,"parent":0,"menu_order":0,"comment_status":"closed","ping_status":"closed","template":"","meta":{"_seopress_robots_primary_cat":"","_seopress_titles_title":"","_seopress_titles_desc":"","_seopress_robots_index":"","footnotes":"","_links_to":"","_links_to_target":""},"class_list":["post-39","page","type-page","status-publish"],"_links":{"self":[{"href":"https:\/\/wp.unil.ch\/sherpa\/wp-json\/wp\/v2\/pages\/39","targetHints":{"allow":["GET"]}}],"collection":[{"href":"https:\/\/wp.unil.ch\/sherpa\/wp-json\/wp\/v2\/pages"}],"about":[{"href":"https:\/\/wp.unil.ch\/sherpa\/wp-json\/wp\/v2\/types\/page"}],"author":[{"embeddable":true,"href":"https:\/\/wp.unil.ch\/sherpa\/wp-json\/wp\/v2\/users\/1001338"}],"replies":[{"embeddable":true,"href":"https:\/\/wp.unil.ch\/sherpa\/wp-json\/wp\/v2\/comments?post=39"}],"version-history":[{"count":0,"href":"https:\/\/wp.unil.ch\/sherpa\/wp-json\/wp\/v2\/pages\/39\/revisions"}],"wp:attachment":[{"href":"https:\/\/wp.unil.ch\/sherpa\/wp-json\/wp\/v2\/media?parent=39"}],"curies":[{"name":"wp","href":"https:\/\/api.w.org\/{rel}","templated":true}]}}