{"id":30,"date":"2016-08-13T14:34:45","date_gmt":"2016-08-13T12:34:45","guid":{"rendered":"http:\/\/wp.unil.ch\/sherpa\/?page_id=30"},"modified":"2016-08-17T08:44:28","modified_gmt":"2016-08-17T06:44:28","slug":"les-outils-rapides","status":"publish","type":"page","link":"https:\/\/wp.unil.ch\/sherpa\/les-outils-rapides\/","title":{"rendered":"Outils de sherpas"},"content":{"rendered":"<div class=\"su-tabs su-tabs-style-default su-tabs-mobile-stack\" data-active=\"1\" data-scroll-offset=\"0\" data-anchor-in-url=\"no\"><div class=\"su-tabs-nav\"><span class=\"\" data-url=\"\" data-target=\"blank\" tabindex=\"0\" role=\"button\">Je suis \u00e9tudiant\u00b7e<\/span><span class=\"\" data-url=\"\" data-target=\"blank\" tabindex=\"0\" role=\"button\">Je suis tuteur ou mentor<\/span><\/div><div class=\"su-tabs-panes\"><div class=\"su-tabs-pane su-u-clearfix su-u-trim\" data-title=\"Je suis \u00e9tudiant\u00b7e\">\n<p>Retrouve ici les outils \u00e9labor\u00e9s par nos sherpas:<\/p>\n\n\n<div class=\"su-posts su-posts-default-loop \">\n\n\t\n\t\t\t\t\t\n\t\t\t\n\t\t\t<div id=\"su-post-224\" class=\"su-post \">\n\n\t\t\t\t\t\t\t\t\t<a class=\"su-post-thumbnail\" href=\"https:\/\/wp.unil.ch\/sherpa\/astuces-pour-la-lecture\/\"><img loading=\"lazy\" decoding=\"async\" width=\"527\" height=\"160\" src=\"https:\/\/wp.unil.ch\/sherpa\/files\/2016\/08\/liste-de-lecture-yvan.jpg\" class=\"attachment-post-thumbnail size-post-thumbnail wp-post-image\" alt=\"\" srcset=\"https:\/\/wp.unil.ch\/sherpa\/files\/2016\/08\/liste-de-lecture-yvan.jpg 527w, https:\/\/wp.unil.ch\/sherpa\/files\/2016\/08\/liste-de-lecture-yvan-300x91.jpg 300w\" sizes=\"auto, (max-width: 527px) 100vw, 527px\" \/><\/a>\n\t\t\t\t\n\t\t\t\t<h2 class=\"su-post-title\"><a href=\"https:\/\/wp.unil.ch\/sherpa\/astuces-pour-la-lecture\/\">Astuces pour la lecture<\/a><\/h2>\n\n\t\t\t\t<div class=\"su-post-meta\">\n\t\t\t\t\tPubli\u00e9: 14 ao\u00fbt 2016\t\t\t\t<\/div>\n\n\t\t\t\t<div class=\"su-post-excerpt\">\n\t\t\t\t\t<p>Dans certaines Facult\u00e9s, tu peux avoir des textes \u00e0 lire une fois par semaine. Comment ne pas te laisser envahir?<\/p>\n\t\t\t\t<\/div>\n\n\t\t\t\t\n\t\t\t<\/div>\n\n\t\t\t\t\t\n\t\t\t\n\t\t\t<div id=\"su-post-628\" class=\"su-post \">\n\n\t\t\t\t\t\t\t\t\t<a class=\"su-post-thumbnail\" href=\"https:\/\/wp.unil.ch\/sherpa\/construire-son-planning-pour-les-revisions\/\"><img loading=\"lazy\" decoding=\"async\" width=\"918\" height=\"348\" src=\"https:\/\/wp.unil.ch\/sherpa\/files\/2016\/11\/outil_sherpa_unil_revisions_examens_planning.jpg\" class=\"attachment-post-thumbnail size-post-thumbnail wp-post-image\" alt=\"\" srcset=\"https:\/\/wp.unil.ch\/sherpa\/files\/2016\/11\/outil_sherpa_unil_revisions_examens_planning.jpg 918w, https:\/\/wp.unil.ch\/sherpa\/files\/2016\/11\/outil_sherpa_unil_revisions_examens_planning-300x114.jpg 300w, https:\/\/wp.unil.ch\/sherpa\/files\/2016\/11\/outil_sherpa_unil_revisions_examens_planning-768x291.jpg 768w\" sizes=\"auto, (max-width: 918px) 100vw, 918px\" \/><\/a>\n\t\t\t\t\n\t\t\t\t<h2 class=\"su-post-title\"><a href=\"https:\/\/wp.unil.ch\/sherpa\/construire-son-planning-pour-les-revisions\/\">Construire son planning pour les r\u00e9visions<\/a><\/h2>\n\n\t\t\t\t<div class=\"su-post-meta\">\n\t\t\t\t\tPubli\u00e9: 27 novembre 2016\t\t\t\t<\/div>\n\n\t\t\t\t<div class=\"su-post-excerpt\">\n\t\t\t\t\t<p>Nos sherpas te proposent un outil pour planifier tes r\u00e9visions et ta session d&rsquo;examens.<\/p>\n\t\t\t\t<\/div>\n\n\t\t\t\t\n\t\t\t<\/div>\n\n\t\t\t\t\t\n\t\t\t\n\t\t\t<div id=\"su-post-159\" class=\"su-post \">\n\n\t\t\t\t\t\t\t\t\t<a class=\"su-post-thumbnail\" href=\"https:\/\/wp.unil.ch\/sherpa\/consulter-son-horaire-de-cours\/\"><img loading=\"lazy\" decoding=\"async\" width=\"1000\" height=\"543\" src=\"https:\/\/wp.unil.ch\/sherpa\/files\/2016\/08\/creer-son-horaire-unil-etape-2.jpg\" class=\"attachment-post-thumbnail size-post-thumbnail wp-post-image\" alt=\"\" srcset=\"https:\/\/wp.unil.ch\/sherpa\/files\/2016\/08\/creer-son-horaire-unil-etape-2.jpg 1000w, https:\/\/wp.unil.ch\/sherpa\/files\/2016\/08\/creer-son-horaire-unil-etape-2-300x163.jpg 300w, https:\/\/wp.unil.ch\/sherpa\/files\/2016\/08\/creer-son-horaire-unil-etape-2-768x417.jpg 768w\" sizes=\"auto, (max-width: 1000px) 100vw, 1000px\" \/><\/a>\n\t\t\t\t\n\t\t\t\t<h2 class=\"su-post-title\"><a href=\"https:\/\/wp.unil.ch\/sherpa\/consulter-son-horaire-de-cours\/\">Consulter son horaire de cours<\/a><\/h2>\n\n\t\t\t\t<div class=\"su-post-meta\">\n\t\t\t\t\tPubli\u00e9: 14 ao\u00fbt 2016\t\t\t\t<\/div>\n\n\t\t\t\t<div class=\"su-post-excerpt\">\n\t\t\t\t\t<p>Les Facult\u00e9s mettent \u00e0 ta disposition un chouette outil pour simuler ton horaire de cours. Comment l&rsquo;utiliser?<\/p>\n\t\t\t\t<\/div>\n\n\t\t\t\t\n\t\t\t<\/div>\n\n\t\t\t\t\t\n\t\t\t\n\t\t\t<div id=\"su-post-244\" class=\"su-post \">\n\n\t\t\t\t\t\t\t\t\t<a class=\"su-post-thumbnail\" href=\"https:\/\/wp.unil.ch\/sherpa\/un-exemple-de-planning\/\"><img loading=\"lazy\" decoding=\"async\" width=\"500\" height=\"217\" src=\"https:\/\/wp.unil.ch\/sherpa\/files\/2016\/08\/planning-hebdomadaire-universite-arnaud.jpg\" class=\"attachment-post-thumbnail size-post-thumbnail wp-post-image\" alt=\"\" srcset=\"https:\/\/wp.unil.ch\/sherpa\/files\/2016\/08\/planning-hebdomadaire-universite-arnaud.jpg 500w, https:\/\/wp.unil.ch\/sherpa\/files\/2016\/08\/planning-hebdomadaire-universite-arnaud-300x130.jpg 300w\" sizes=\"auto, (max-width: 500px) 100vw, 500px\" \/><\/a>\n\t\t\t\t\n\t\t\t\t<h2 class=\"su-post-title\"><a href=\"https:\/\/wp.unil.ch\/sherpa\/un-exemple-de-planning\/\">Exemple de planning<\/a><\/h2>\n\n\t\t\t\t<div class=\"su-post-meta\">\n\t\t\t\t\tPubli\u00e9: 14 ao\u00fbt 2016\t\t\t\t<\/div>\n\n\t\t\t\t<div class=\"su-post-excerpt\">\n\t\t\t\t\t<p>Notre sherpa Arnaud (Facult\u00e9 de droit) a une fa\u00e7on tr\u00e8s int\u00e9ressante de construire son planning son planning hebdomadaire&#8230;<\/p>\n\t\t\t\t<\/div>\n\n\t\t\t\t\n\t\t\t<\/div>\n\n\t\t\t\t\t\n\t\t\t\n\t\t\t<div id=\"su-post-586\" class=\"su-post \">\n\n\t\t\t\t\t\t\t\t\t<a class=\"su-post-thumbnail\" href=\"https:\/\/wp.unil.ch\/sherpa\/faire-des-recherches-pour-completer-ses-notes-de-cours\/\"><img loading=\"lazy\" decoding=\"async\" width=\"333\" height=\"333\" src=\"https:\/\/wp.unil.ch\/sherpa\/files\/2016\/11\/chercher.jpg\" class=\"attachment-post-thumbnail size-post-thumbnail wp-post-image\" alt=\"\" srcset=\"https:\/\/wp.unil.ch\/sherpa\/files\/2016\/11\/chercher.jpg 333w, https:\/\/wp.unil.ch\/sherpa\/files\/2016\/11\/chercher-150x150.jpg 150w, https:\/\/wp.unil.ch\/sherpa\/files\/2016\/11\/chercher-300x300.jpg 300w, https:\/\/wp.unil.ch\/sherpa\/files\/2016\/11\/chercher-230x230.jpg 230w\" sizes=\"auto, (max-width: 333px) 100vw, 333px\" \/><\/a>\n\t\t\t\t\n\t\t\t\t<h2 class=\"su-post-title\"><a href=\"https:\/\/wp.unil.ch\/sherpa\/faire-des-recherches-pour-completer-ses-notes-de-cours\/\">Faire des recherches pour compl\u00e9ter ses notes de cours<\/a><\/h2>\n\n\t\t\t\t<div class=\"su-post-meta\">\n\t\t\t\t\tPubli\u00e9: 27 novembre 2016\t\t\t\t<\/div>\n\n\t\t\t\t<div class=\"su-post-excerpt\">\n\t\t\t\t\t<p>Quand nos sherpas n&rsquo;ont pas bien compris un concept vu au cours, ils n&rsquo;h\u00e9sitent pas \u00e0 recouper l&rsquo;information du cours avec d&rsquo;autres sources&#8230;<\/p>\n\t\t\t\t<\/div>\n\n\t\t\t\t\n\t\t\t<\/div>\n\n\t\t\t\t\t\n\t\t\t\n\t\t\t<div id=\"su-post-309\" class=\"su-post \">\n\n\t\t\t\t\t\t\t\t\t<a class=\"su-post-thumbnail\" href=\"https:\/\/wp.unil.ch\/sherpa\/mentors-mentees-les-roles\/\"><img loading=\"lazy\" decoding=\"async\" width=\"398\" height=\"272\" src=\"https:\/\/wp.unil.ch\/sherpa\/files\/2016\/08\/roles-responsabilites-mentor-mentee-unil.jpg\" class=\"attachment-post-thumbnail size-post-thumbnail wp-post-image\" alt=\"\" srcset=\"https:\/\/wp.unil.ch\/sherpa\/files\/2016\/08\/roles-responsabilites-mentor-mentee-unil.jpg 398w, https:\/\/wp.unil.ch\/sherpa\/files\/2016\/08\/roles-responsabilites-mentor-mentee-unil-300x205.jpg 300w\" sizes=\"auto, (max-width: 398px) 100vw, 398px\" \/><\/a>\n\t\t\t\t\n\t\t\t\t<h2 class=\"su-post-title\"><a href=\"https:\/\/wp.unil.ch\/sherpa\/mentors-mentees-les-roles\/\">Mentors &amp; mentees: les r\u00f4les<\/a><\/h2>\n\n\t\t\t\t<div class=\"su-post-meta\">\n\t\t\t\t\tPubli\u00e9: 14 ao\u00fbt 2016\t\t\t\t<\/div>\n\n\t\t\t\t<div class=\"su-post-excerpt\">\n\t\t\t\t\t<p>Quels sont les r\u00f4les et les responsabilit\u00e9s du mentor et du mentee?<\/p>\n\t\t\t\t<\/div>\n\n\t\t\t\t\n\t\t\t<\/div>\n\n\t\t\t\t\t\n\t\t\t\n\t\t\t<div id=\"su-post-313\" class=\"su-post \">\n\n\t\t\t\t\t\t\t\t\t<a class=\"su-post-thumbnail\" href=\"https:\/\/wp.unil.ch\/sherpa\/mentors-mentees-preparer-les-rencontres\/\"><img loading=\"lazy\" decoding=\"async\" width=\"366\" height=\"250\" src=\"https:\/\/wp.unil.ch\/sherpa\/files\/2016\/08\/checklist-rencontre-mentee-mentor-unil.jpg\" class=\"attachment-post-thumbnail size-post-thumbnail wp-post-image\" alt=\"\" srcset=\"https:\/\/wp.unil.ch\/sherpa\/files\/2016\/08\/checklist-rencontre-mentee-mentor-unil.jpg 366w, https:\/\/wp.unil.ch\/sherpa\/files\/2016\/08\/checklist-rencontre-mentee-mentor-unil-300x205.jpg 300w, https:\/\/wp.unil.ch\/sherpa\/files\/2016\/08\/checklist-rencontre-mentee-mentor-unil-365x250.jpg 365w\" sizes=\"auto, (max-width: 366px) 100vw, 366px\" \/><\/a>\n\t\t\t\t\n\t\t\t\t<h2 class=\"su-post-title\"><a href=\"https:\/\/wp.unil.ch\/sherpa\/mentors-mentees-preparer-les-rencontres\/\">Mentors &amp; mentees: pr\u00e9parer les rencontres<\/a><\/h2>\n\n\t\t\t\t<div class=\"su-post-meta\">\n\t\t\t\t\tPubli\u00e9: 14 ao\u00fbt 2016\t\t\t\t<\/div>\n\n\t\t\t\t<div class=\"su-post-excerpt\">\n\t\t\t\t\t<p>Une check-list tr\u00e8s pratique pour pr\u00e9parer les rencontres dans le cadre du mentorat.<\/p>\n\t\t\t\t<\/div>\n\n\t\t\t\t\n\t\t\t<\/div>\n\n\t\t\t\t\t\n\t\t\t\n\t\t\t<div id=\"su-post-299\" class=\"su-post \">\n\n\t\t\t\t\t\t\t\t\t<a class=\"su-post-thumbnail\" href=\"https:\/\/wp.unil.ch\/sherpa\/mymap\/\"><img loading=\"lazy\" decoding=\"async\" width=\"444\" height=\"250\" src=\"https:\/\/wp.unil.ch\/sherpa\/files\/2016\/08\/map_difficultes_ressources_mentee-6.jpg\" class=\"attachment-post-thumbnail size-post-thumbnail wp-post-image\" alt=\"\" srcset=\"https:\/\/wp.unil.ch\/sherpa\/files\/2016\/08\/map_difficultes_ressources_mentee-6.jpg 444w, https:\/\/wp.unil.ch\/sherpa\/files\/2016\/08\/map_difficultes_ressources_mentee-6-300x169.jpg 300w\" sizes=\"auto, (max-width: 444px) 100vw, 444px\" \/><\/a>\n\t\t\t\t\n\t\t\t\t<h2 class=\"su-post-title\"><a href=\"https:\/\/wp.unil.ch\/sherpa\/mymap\/\">MyMap<\/a><\/h2>\n\n\t\t\t\t<div class=\"su-post-meta\">\n\t\t\t\t\tPubli\u00e9: 14 ao\u00fbt 2016\t\t\t\t<\/div>\n\n\t\t\t\t<div class=\"su-post-excerpt\">\n\t\t\t\t\t<p>Une map tr\u00e8s utile pour diagnostiquer tes difficult\u00e9s et identifier les ressources adapt\u00e9es.<\/p>\n\t\t\t\t<\/div>\n\n\t\t\t\t\n\t\t\t<\/div>\n\n\t\t\t\t\t\n\t\t\t\n\t\t\t<div id=\"su-post-521\" class=\"su-post \">\n\n\t\t\t\t\t\t\t\t\t<a class=\"su-post-thumbnail\" href=\"https:\/\/wp.unil.ch\/sherpa\/planifier-son-annee\/\"><img loading=\"lazy\" decoding=\"async\" width=\"1028\" height=\"504\" src=\"https:\/\/wp.unil.ch\/sherpa\/files\/2016\/10\/ressources_sherpa_universite_lausanne_planifier_son_annee_tutorat_mentorat.jpg\" class=\"attachment-post-thumbnail size-post-thumbnail wp-post-image\" alt=\"\" srcset=\"https:\/\/wp.unil.ch\/sherpa\/files\/2016\/10\/ressources_sherpa_universite_lausanne_planifier_son_annee_tutorat_mentorat.jpg 1028w, https:\/\/wp.unil.ch\/sherpa\/files\/2016\/10\/ressources_sherpa_universite_lausanne_planifier_son_annee_tutorat_mentorat-300x147.jpg 300w, https:\/\/wp.unil.ch\/sherpa\/files\/2016\/10\/ressources_sherpa_universite_lausanne_planifier_son_annee_tutorat_mentorat-768x377.jpg 768w, https:\/\/wp.unil.ch\/sherpa\/files\/2016\/10\/ressources_sherpa_universite_lausanne_planifier_son_annee_tutorat_mentorat-1024x502.jpg 1024w\" sizes=\"auto, (max-width: 1028px) 100vw, 1028px\" \/><\/a>\n\t\t\t\t\n\t\t\t\t<h2 class=\"su-post-title\"><a href=\"https:\/\/wp.unil.ch\/sherpa\/planifier-son-annee\/\">Planifier son ann\u00e9e<\/a><\/h2>\n\n\t\t\t\t<div class=\"su-post-meta\">\n\t\t\t\t\tPubli\u00e9: 30 octobre 2016\t\t\t\t<\/div>\n\n\t\t\t\t<div class=\"su-post-excerpt\">\n\t\t\t\t\t<p>Notre sherpa Pascaline (Facult\u00e9 des Lettres) te propose son outil pour planifier ton ann\u00e9e acad\u00e9mique.<\/p>\n\t\t\t\t<\/div>\n\n\t\t\t\t\n\t\t\t<\/div>\n\n\t\t\t\t\t\n\t\t\t\n\t\t\t<div id=\"su-post-441\" class=\"su-post \">\n\n\t\t\t\t\t\t\t\t\t<a class=\"su-post-thumbnail\" href=\"https:\/\/wp.unil.ch\/sherpa\/quelques-groupes-facebook\/\"><img loading=\"lazy\" decoding=\"async\" width=\"737\" height=\"457\" src=\"https:\/\/wp.unil.ch\/sherpa\/files\/2016\/09\/sans-titre.jpg\" class=\"attachment-post-thumbnail size-post-thumbnail wp-post-image\" alt=\"\" srcset=\"https:\/\/wp.unil.ch\/sherpa\/files\/2016\/09\/sans-titre.jpg 737w, https:\/\/wp.unil.ch\/sherpa\/files\/2016\/09\/sans-titre-300x186.jpg 300w\" sizes=\"auto, (max-width: 737px) 100vw, 737px\" \/><\/a>\n\t\t\t\t\n\t\t\t\t<h2 class=\"su-post-title\"><a href=\"https:\/\/wp.unil.ch\/sherpa\/quelques-groupes-facebook\/\">Quelques groupes Facebook<\/a><\/h2>\n\n\t\t\t\t<div class=\"su-post-meta\">\n\t\t\t\t\tPubli\u00e9: 25 septembre 2016\t\t\t\t<\/div>\n\n\t\t\t\t<div class=\"su-post-excerpt\">\n\t\t\t\t\t<p>Nous avons list\u00e9 pour toi quelques groupes Facebook&#8230; N&rsquo;h\u00e9site pas \u00e0 les rejoindre \ud83d\ude09<\/p>\n\t\t\t\t<\/div>\n\n\t\t\t\t\n\t\t\t<\/div>\n\n\t\t\t\t\t\n\t\t\t\n\t\t\t<div id=\"su-post-573\" class=\"su-post \">\n\n\t\t\t\t\t\t\t\t\t<a class=\"su-post-thumbnail\" href=\"https:\/\/wp.unil.ch\/sherpa\/traiter-linformation-avant-les-examens\/\"><img loading=\"lazy\" decoding=\"async\" width=\"963\" height=\"554\" src=\"https:\/\/wp.unil.ch\/sherpa\/files\/2016\/11\/sherpa_tutorat_unil_outil_fgse_traiter_information_revisions_examens.jpg\" class=\"attachment-post-thumbnail size-post-thumbnail wp-post-image\" alt=\"\" srcset=\"https:\/\/wp.unil.ch\/sherpa\/files\/2016\/11\/sherpa_tutorat_unil_outil_fgse_traiter_information_revisions_examens.jpg 963w, https:\/\/wp.unil.ch\/sherpa\/files\/2016\/11\/sherpa_tutorat_unil_outil_fgse_traiter_information_revisions_examens-300x173.jpg 300w, https:\/\/wp.unil.ch\/sherpa\/files\/2016\/11\/sherpa_tutorat_unil_outil_fgse_traiter_information_revisions_examens-768x442.jpg 768w\" sizes=\"auto, (max-width: 963px) 100vw, 963px\" \/><\/a>\n\t\t\t\t\n\t\t\t\t<h2 class=\"su-post-title\"><a href=\"https:\/\/wp.unil.ch\/sherpa\/traiter-linformation-avant-les-examens\/\">Traiter l&rsquo;information avant les examens<\/a><\/h2>\n\n\t\t\t\t<div class=\"su-post-meta\">\n\t\t\t\t\tPubli\u00e9: 27 novembre 2016\t\t\t\t<\/div>\n\n\t\t\t\t<div class=\"su-post-excerpt\">\n\t\t\t\t\t<p>Pendant le semestre, tes notes s&rsquo;accumulent. Pour mieux les assimiler, n&rsquo;oublie pas de les traiter et les filtrer.<\/p>\n\t\t\t\t<\/div>\n\n\t\t\t\t\n\t\t\t<\/div>\n\n\t\t\n\t\n<\/div>\n\n<\/div>\n<div class=\"su-tabs-pane su-u-clearfix su-u-trim\" data-title=\"Je suis tuteur ou mentor\">\n<h3>Partage tes outils<\/h3>\n<p>Tu as cr\u00e9\u00e9 des outils au cours de tes \u00e9tudes et\/ou de tes accompagnements de tutorat\/mentorat?\u00a0Tu souhaites les partager via Sherpa? N&rsquo;h\u00e9site pas \u00e0 les faire parvenir \u00e0 l&rsquo;\u00e9ditrice: Sophie.Serry@unil.ch<\/p>\n<h3>Sc\u00e9narise ton accompagnement<\/h3>\n<p>Tu accompagnes des tutor\u00e9s ou des mentees et tu souhaites avoir des id\u00e9es pour utiliser les ressources de cette webapp avec eux? C&rsquo;est par ici&#8230;<\/p>\n<p>Sc\u00e9nario d&rsquo;utilisation de Sherpa <strong><span style=\"text-decoration: underline\">avant<\/span><\/strong> un accompagnement<\/p>\n<ul>\n<li>Lorsque tu re\u00e7ois les e-mails\u00a0des \u00e9tudiant\u00b7e\u00b7s que tu vas accompagner, envoie-leur le lien vers la webapp Sherpa. Invite-les \u00e0 se promener dessus et \u00e0 t&rsquo;envoyer\u00a0par e-mail les questions qui leur viennent. Cela pourrait favoriser leur engagement dans les s\u00e9ances de tutorat ou de mentorat.<\/li>\n<li>Lors de votre rencontre\/atelier, tu peux faire\u00a0des retours sur les questions qui t&rsquo;ont \u00e9t\u00e9 pos\u00e9es et organiser le d\u00e9but ou la fin de s\u00e9ance autour de ces questions.<\/li>\n<\/ul>\n<p>Sc\u00e9nario d&rsquo;utilisation de Sherpa\u00a0<strong><span style=\"text-decoration: underline\">pendant<\/span><\/strong>\u00a0un accompagnement, en pr\u00e9sentiel<\/p>\n<ul>\n<li>Imaginons qu&rsquo;une question t&rsquo;est pos\u00e9e lors d&rsquo;une s\u00e9ance avec ton\/tes tutor\u00e9\/s ou mentee\/s et que tu n&rsquo;as pas la r\u00e9ponse ou le temps d&rsquo;y r\u00e9pondre car tu as pr\u00e9vu d&rsquo;autres activit\u00e9s. Tu peux alors, au cours de la s\u00e9ance, les renvoyer \u00e0 la webapp Sherpa o\u00f9 ils trouveront peut-\u00eatre la r\u00e9ponse \u00e0 leur question. Cela pourrait favoriser leur autonomie.<\/li>\n<\/ul>\n<p>Sc\u00e9nario d&rsquo;utilisation de Sherpa\u00a0<strong><span style=\"text-decoration: underline\">apr\u00e8s<\/span><\/strong>\u00a0un accompagnement<\/p>\n<ul>\n<li>En fin de s\u00e9ance de tutorat ou mentorat, n&rsquo;h\u00e9site pas \u00e0 amener les \u00e9tudiant\u00b7e\u00b7s \u00e0 \u00ab\u00a0aller plus loin\u00a0\u00bb en consultant telle ou telle ressource de la webapp.<\/li>\n<li>Cela pourrait stimuler leur proactivit\u00e9.<\/li>\n<\/ul>\n<\/div><\/div><\/div>\n","protected":false},"excerpt":{"rendered":"","protected":false},"author":1001338,"featured_media":0,"parent":0,"menu_order":2,"comment_status":"closed","ping_status":"closed","template":"","meta":{"_seopress_robots_primary_cat":"","_seopress_titles_title":"","_seopress_titles_desc":"","_seopress_robots_index":"","footnotes":"","_links_to":"","_links_to_target":""},"class_list":["post-30","page","type-page","status-publish"],"_links":{"self":[{"href":"https:\/\/wp.unil.ch\/sherpa\/wp-json\/wp\/v2\/pages\/30","targetHints":{"allow":["GET"]}}],"collection":[{"href":"https:\/\/wp.unil.ch\/sherpa\/wp-json\/wp\/v2\/pages"}],"about":[{"href":"https:\/\/wp.unil.ch\/sherpa\/wp-json\/wp\/v2\/types\/page"}],"author":[{"embeddable":true,"href":"https:\/\/wp.unil.ch\/sherpa\/wp-json\/wp\/v2\/users\/1001338"}],"replies":[{"embeddable":true,"href":"https:\/\/wp.unil.ch\/sherpa\/wp-json\/wp\/v2\/comments?post=30"}],"version-history":[{"count":0,"href":"https:\/\/wp.unil.ch\/sherpa\/wp-json\/wp\/v2\/pages\/30\/revisions"}],"wp:attachment":[{"href":"https:\/\/wp.unil.ch\/sherpa\/wp-json\/wp\/v2\/media?parent=30"}],"curies":[{"name":"wp","href":"https:\/\/api.w.org\/{rel}","templated":true}]}}