{"id":930,"date":"2016-01-06T08:51:51","date_gmt":"2016-01-06T07:51:51","guid":{"rendered":"http:\/\/wp.unil.ch\/sgg\/?page_id=930"},"modified":"2020-03-03T15:40:12","modified_gmt":"2020-03-03T14:40:12","slug":"2016-2","status":"publish","type":"page","link":"https:\/\/wp.unil.ch\/sgg\/publications\/2016-2\/","title":{"rendered":"2016"},"content":{"rendered":"<p>[20]\u00a0<a href=\"https:\/\/www.ncbi.nlm.nih.gov\/pubmed\/27911795\">KLB is associated with alcohol drinking, and its gene product ?-Klotho is necessary for FGF21 regulation of alcohol preference.<\/a>\u00a0Schumann G et al.\u00a0<em><strong><span class=\"jrnl\" title=\"Proceedings of the National Academy of Sciences of the United States of America\">Proc Natl Acad Sci U S A<\/span>.<\/strong> <\/em>2016 Dec 13;113(50):14372-14377<\/p>\n<p>[19]\u00a0<a href=\"https:\/\/www.ncbi.nlm.nih.gov\/pubmed\/27861123\">TECRL, a new life-threatening inherited arrhythmia gene associated with overlapping clinical features of both LQTS and CPVT.<\/a>\u00a0Devalla HD, G\u00e9linas R, Aburawi EH, Beqqali A, Goyette P, Freund C, Chaix MA, Tadros R, Jiang H, <strong>Le B\u00e9chec A<\/strong>, Monshouwer-Kloots JJ, Zwetsloot T, Kosmidis G, Latour F, Alikashani A, Hoekstra M, Schlaepfer J, Mummery CL, Stevenson B, <b>Kutalik<\/b> Z, de Vries AA, Rivard L, Wilde AA, Talajic M, Verkerk AO, Al-Gazali L, Rioux JD, Bhuiyan ZA, Passier R.\u00a0<em><strong><span class=\"jrnl\" title=\"EMBO molecular medicine\">EMBO Mol Med<\/span>.<\/strong> <\/em>2016 Dec 1;8(12):1390-1408.<\/p>\n<p>[18]\u00a0<a href=\"https:\/\/www.ncbi.nlm.nih.gov\/pubmed\/27645259\">ORMDL3 expression levels have no influence on the activity of serine palmitoyltransferase.<\/a>\u00a0Zhakupova A, Debeuf N, Krols M, Toussaint W, Vanhoutte L, Alecu I, <b>Kutalik<\/b> Z, Vollenweider P, Ernst D, von Eckardstein A, Lambrecht BN, Janssens S, Hornemann T.\u00a0<em><strong><span class=\"jrnl\" title=\"FASEB journal : official publication of the Federation of American Societies for Experimental Biology\">FASEB J<\/span>.<\/strong><\/em> 2016 Dec;30(12):4289-4300.<\/p>\n<p>[17]\u00a0<a href=\"https:\/\/www.ncbi.nlm.nih.gov\/pubmed\/27552965\">Across-cohort QC analyses of GWAS summary statistics from complex traits.<\/a>\u00a0Chen GB, Lee SH, Robinson MR, Trzaskowski M, Zhu ZX, Winkler TW, Day FR, Croteau-Chonka DC, Wood AR, Locke AE, <b>Kutalik<\/b> Z, Loos RJ, Frayling TM, Hirschhorn JN, Yang J, Wray NR; Genetic Investigation of Anthropometric Traits (GIANT) Consortium, Visscher PM.\u00a0<em><strong><span class=\"jrnl\" title=\"European journal of human genetics : EJHG\">Eur J Hum Genet<\/span>.<\/strong><\/em> 2016 Jan;25(1):137-146.<\/p>\n<p>[16]\u00a0<a href=\"https:\/\/www.ncbi.nlm.nih.gov\/pubmed\/27798627\">Genome-wide analysis identifies 12 loci influencing human reproductive behavior.<\/a>\u00a0Barban N et al.\u00a0<em><strong><span class=\"jrnl\" title=\"Nature genetics\">Nat Genet<\/span>.<\/strong><\/em>\u00a02016 Dec;48(12):1462-1472.<\/p>\n<p>[15]\u00a0<a href=\"https:\/\/www.ncbi.nlm.nih.gov\/pubmed\/27876822\">A principal component meta-analysis on multiple anthropometric traits identifies novel loci for body shape.<\/a>\u00a0Ried JS, Jeff M J, Chu AY, Bragg-Gresham JL, van Dongen J, Huffman JE, Ahluwalia TS, Cadby G, Eklund N, Eriksson J, Esko T, Feitosa MF, Goel A, Gorski M, Hayward C, Heard-Costa NL, Jackson AU, Jokinen E, Kanoni S, Kristiansson K, <b>Kutalik<\/b> Z, [&#8230;253 authors&#8230;], Loos RJ\u00a0<em><strong><span class=\"jrnl\" title=\"Nature communications\">Nat Commun<\/span><\/strong><\/em>. 2016 Nov 23;7:13357.<\/p>\n<p>[14]\u00a0<a href=\"https:\/\/www.ncbi.nlm.nih.gov\/pubmed\/27402902\">New quality measure for SNP array based CNV detection.<\/a>\u00a0<strong>Mac\u00e9 A<\/strong>, Tuke MA, Beckmann JS, Lin L, S J, Weedon MN, Reymond A, <b>Kutalik<\/b> <strong>Z<\/strong>.\u00a0<em><strong><span class=\"jrnl\" title=\"Bioinformatics (Oxford, England)\">Bioinformatics<\/span>.<\/strong><\/em>\u00a02016 Nov 1;32(21):3298-3305.<\/p>\n<p>[13]\u00a0<a href=\"https:\/\/www.ncbi.nlm.nih.gov\/pubmed\/27788139\">Weighted Genetic Risk Scores and Prediction of Weight Gain in Solid Organ Transplant Populations.<\/a>\u00a0Saigi-Morgui N, Quteineh L, Bochud PY, Crettol S, <b>Kutalik<\/b> Z, Wojtowicz A, Bibert S, Beckmann S, Mueller NJ, Binet I, van Delden C, Steiger J, Mohacsi P, Stirnimann G, Soccal PM, Pascual M, Eap CB; Swiss Transplant Cohort Study.\u00a0<em><strong><span class=\"jrnl\" title=\"PloS one\">PLoS One<\/span><\/strong><\/em>. 2016 Oct 27;11(10):e0164443.<\/p>\n<p>[12]\u00a0<a href=\"https:\/\/www.ncbi.nlm.nih.gov\/pubmed\/27680694\">Genome-wide associations for birth weight and correlations with adult disease.<\/a>\u00a0Horikoshi M*, Beaumont RN* \u00a0et al.\u00a0<em><strong><span class=\"jrnl\" title=\"Nature\">Nature<\/span>.<\/strong><\/em>\u00a02016 Sep 28;538(7624):248-252.<\/p>\n<p>[11]\u00a0<a href=\"https:\/\/www.ncbi.nlm.nih.gov\/pubmed\/27618452\">The genetics of blood pressure regulation and its target organs from association studies in 342,415 individuals.<\/a>\u00a0Ehret GB et al.\u00a0<em><strong><span class=\"jrnl\" title=\"Nature genetics\">Nat Genet<\/span><\/strong><\/em>.\u00a02016 Oct;48(10):1171-84.<\/p>\n<p>[10]\u00a0<a href=\"https:\/\/www.ncbi.nlm.nih.gov\/pubmed\/27225129\">Genome-wide association study identifies 74 loci associated with educational attainment.<\/a>\u00a0Okbay A et al.\u00a0<em><strong><span class=\"jrnl\" title=\"Nature\">Nature<\/span>.<\/strong><\/em> 2016 May 11;533(7604):539-42.<\/p>\n<p>[9]\u00a0<a href=\"https:\/\/www.ncbi.nlm.nih.gov\/pubmed\/26950747\">Tissue-specific regulatory circuits reveal variable modular perturbations across complex diseases.<\/a>\u00a0Marbach D, <strong>Lamparter D<\/strong>, Quon G, Kellis M, <b>Kutalik<\/b> Z, Bergmann S.\u00a0<em><strong><span class=\"jrnl\" title=\"Nature methods\">Nat Methods<\/span>.<\/strong><\/em>\u00a02016 Apr;13(4):366-70.<\/p>\n<p>[8]\u00a0<a href=\"https:\/\/www.ncbi.nlm.nih.gov\/pubmed\/26918956\">Association of genetic risk scores with body mass index in Swiss psychiatric cohorts.<\/a>\u00a0Saigi-Morgui N, Vandenberghe F, Delacr\u00e9taz A, Quteineh L, Gholamrezaee M, Aubry JM, von Gunten A, <b>Kutalik<\/b> Z, Conus P, Eap CB.\u00a0<em><strong><span class=\"jrnl\" title=\"Pharmacogenetics and genomics\">Pharmacogenet Genomics<\/span><\/strong><\/em>.2016 May;26(5):208-17.<\/p>\n<p>[7]\u00a0<a href=\"https:\/\/www.ncbi.nlm.nih.gov\/pubmed\/26833098\">Genome-wide meta-analysis uncovers novel loci influencing circulating leptin levels.<\/a>\u00a0Kilpel\u00e4inen TO et al.\u00a0<em><strong><span class=\"jrnl\" title=\"Nature communications\">Nat Commun<\/span><\/strong><\/em>. 2016 Feb 1;7:10494.<\/p>\n<p>[6]\u00a0<a href=\"https:\/\/www.ncbi.nlm.nih.gov\/pubmed\/26338991\">Impact of a cis-associated gene expression SNP on chromosome 20q11.22 on bipolar disorder susceptibility, hippocampal structure and cognitive performance.<\/a>\u00a0Li M, Luo XJ, Land\u00e9n M, Bergen SE, Hultman CM, Li X, Zhang W, Yao YG, Zhang C, Liu J, Mattheisen M, Cichon S, M\u00fchleisen TW, Degenhardt FA, N\u00f6then MM, Schulze TG, Grigoroiu-Serbanescu M, Li H, Fuller CK, Chen C, Dong Q, Chen C, Jamain S, Leboyer M, Bellivier F, Etain B, Kahn JP, Henry C, Preisig M, <b>Kutalik<\/b> Z, Castelao E, Wright A, Mitchell PB, Fullerton JM, Schofield PR, Montgomery GW, Medland SE, Gordon SD, Martin NG; MooDS Consortium; Swedish Bipolar Study Group, Rietschel M, Liu C, Kleinman JE, Hyde TM, Weinberger DR, Su B.\u00a0<em><strong><span class=\"jrnl\" title=\"The British journal of psychiatry : the journal of mental science\">Br J Psychiatry<\/span>.<\/strong><\/em>\u00a02016 Feb;208(2):128-37<\/p>\n<p>[5]\u00a0<a href=\"https:\/\/www.ncbi.nlm.nih.gov\/pubmed\/26808494\">Fast and Rigorous Computation of Gene and Pathway Scores from SNP-Based Summary Statistics.<\/a>\u00a0<strong>Lamparter D<\/strong>, Marbach D, Rueedi R, <b>Kutalik<\/b> Z*, Bergmann S*.\u00a0<em><strong><span class=\"jrnl\" title=\"PLoS computational biology\">PLoS Comput Biol<\/span><\/strong><\/em>. 2016 Jan 25;12(1):e1004714.<\/p>\n<p>[4]\u00a0<a href=\"https:\/\/www.ncbi.nlm.nih.gov\/pubmed\/26754954\">Meta-analysis of genome-wide association studies of anxiety disorders.<\/a>\u00a0Otowa T et al.\u00a0\u00a0<em><strong><span class=\"jrnl\" title=\"Molecular psychiatry\">Mol Psychiatry<\/span><\/strong><\/em>.\u00a02016 Oct;21(10):1391-9.<\/p>\n<p>[3]\u00a0<a href=\"https:\/\/www.ncbi.nlm.nih.gov\/pubmed\/26703954\">Prevalence and Determinants of Periodic Limb Movements in the General Population.<\/a>\u00a0Haba-Rubio J, Marti-Soler H, Marques-Vidal P, Tobback N, Andries D, Preisig M, Waeber G, Vollenweider P, <b>Kutalik<\/b> Z, Tafti M, Heinzer R.\u00a0<em><strong><span class=\"jrnl\" title=\"Annals of neurology\">Ann Neurol<\/span>.<\/strong><\/em>\u00a02016 Mar;79(3):464-74<\/p>\n<p>[2]\u00a0<a href=\"https:\/\/www.ncbi.nlm.nih.gov\/pubmed\/26631737\">Genome-wide Association Studies Identify Genetic Loci Associated with Albuminuria in Diabetes.<\/a>\u00a0Teumer A <em>et al<\/em>.\u00a0<em><strong><span class=\"jrnl\" title=\"Diabetes\">Diabetes<\/span><\/strong><\/em>.\u00a02016 Mar;65(3):803-17.<\/p>\n<p>[1]\u00a0<a href=\"https:\/\/www.ncbi.nlm.nih.gov\/pubmed\/26518595\">Narcolepsy-Associated HLA Class I Alleles Implicate Cell-Mediated Cytotoxicity.<\/a>\u00a0Tafti M, Lammers GJ, Dauvilliers Y, Overeem S, Mayer G, Nowak J, Pfister C, Dubois V, Eliaou JF, Eberhard HP, Liblau R, Wierzbicka A, Geisler P, Bassetti CL, Mathis J, Lecendreux M, Khatami R, Heinzer R, Haba-Rubio J, Feketeova E, Baumann CR, <b>Kutalik<\/b> Z*, Tiercy JM*.\u00a0<em><strong><span class=\"jrnl\" title=\"Sleep\">Sleep<\/span>.<\/strong><\/em>\u00a02016 Mar 1;39(3):581-7.<\/p>\n","protected":false},"excerpt":{"rendered":"<p>[20]\u00a0KLB is associated with alcohol drinking, and its gene product ?-Klotho is necessary for FGF21 regulation of alcohol preference.\u00a0Schumann G et al.\u00a0Proc Natl Acad Sci U S A. 2016 Dec &hellip; <\/p>\n","protected":false},"author":970,"featured_media":0,"parent":71,"menu_order":0,"comment_status":"closed","ping_status":"closed","template":"","meta":{"_seopress_robots_primary_cat":"","_seopress_titles_title":"","_seopress_titles_desc":"","_seopress_robots_index":"","footnotes":""},"class_list":["post-930","page","type-page","status-publish"],"_links":{"self":[{"href":"https:\/\/wp.unil.ch\/sgg\/wp-json\/wp\/v2\/pages\/930","targetHints":{"allow":["GET"]}}],"collection":[{"href":"https:\/\/wp.unil.ch\/sgg\/wp-json\/wp\/v2\/pages"}],"about":[{"href":"https:\/\/wp.unil.ch\/sgg\/wp-json\/wp\/v2\/types\/page"}],"author":[{"embeddable":true,"href":"https:\/\/wp.unil.ch\/sgg\/wp-json\/wp\/v2\/users\/970"}],"replies":[{"embeddable":true,"href":"https:\/\/wp.unil.ch\/sgg\/wp-json\/wp\/v2\/comments?post=930"}],"version-history":[{"count":0,"href":"https:\/\/wp.unil.ch\/sgg\/wp-json\/wp\/v2\/pages\/930\/revisions"}],"up":[{"embeddable":true,"href":"https:\/\/wp.unil.ch\/sgg\/wp-json\/wp\/v2\/pages\/71"}],"wp:attachment":[{"href":"https:\/\/wp.unil.ch\/sgg\/wp-json\/wp\/v2\/media?parent=930"}],"curies":[{"name":"wp","href":"https:\/\/api.w.org\/{rel}","templated":true}]}}