{"id":841,"date":"2015-01-29T08:54:13","date_gmt":"2015-01-29T07:54:13","guid":{"rendered":"http:\/\/wp.unil.ch\/sgg\/?page_id=841"},"modified":"2020-03-03T15:40:12","modified_gmt":"2020-03-03T14:40:12","slug":"2015-2","status":"publish","type":"page","link":"https:\/\/wp.unil.ch\/sgg\/publications\/2015-2\/","title":{"rendered":"2015"},"content":{"rendered":"<p>[17]\u00a0<a href=\"https:\/\/www.ncbi.nlm.nih.gov\/pubmed\/26461262\">Influence of MCHR2 and MCHR2-AS1 Genetic Polymorphisms on Body Mass Index in Psychiatric Patients and In Population-Based Subjects with Present or Past Atypical Depression.<\/a>\u00a0Delacr\u00e9taz A, Preisig M, Vandenberghe F, Saigi Morgui N, Quteineh L, Choong E, Gholam-Rezaee M,<b>Kutalik<\/b> Z, Magistretti P, Aubry JM, von Gunten A, Castelao E, Vollenweider P, Waeber G, Conus P, Eap CB.\u00a0<em><strong><span class=\"jrnl\" title=\"PloS one\">PLoS One<\/span>.<\/strong><\/em> 2015 Oct 13;10(10):e0139155.<\/p>\n<p>[16]\u00a0<a href=\"https:\/\/www.ncbi.nlm.nih.gov\/pubmed\/26426971\">The Influence of Age and Sex on Genetic Associations with Adult Body Size and Shape: A Large-Scale Genome-Wide Interaction Study.<\/a>\u00a0Winkler TW*, Justice AE*, Graff M*, [&#8230;431 authors&#8230;], Heid IM*, North KE*, Borecki IB*, <b>Kutalik<\/b> Z*, Loos RJF*\u00a0<em><strong><span class=\"jrnl\" title=\"PLoS genetics\">PLoS Genet<\/span>.<\/strong><\/em> 2015 Oct 1;11(10)<\/p>\n<p>[14]\u00a0<a href=\"https:\/\/www.ncbi.nlm.nih.gov\/pubmed\/25214320\">Impact of common risk factors of fibrosis progression in chronic hepatitis C.<\/a>\u00a0<strong>R\u00fceger<\/strong> S*, Bochud PY*, Dufour JF, M\u00fcllhaupt B, Semela D, Heim MH, Moradpour D, Cerny A, Malinverni R, Booth DR, Suppiah V, George J, Argiro L, Halfon P, Bourli\u00e8re M, Talal AH, Jacobson IM, Patin E, Nalpas B, Poynard T, Pol S, Abel L, <b>Kutalik<\/b> Z*, Negro F*\u00a0<em><strong><span class=\"jrnl\" title=\"Gut\">Gut<\/span>.<\/strong><\/em>\u00a02015 Oct;64(10):1605-15.<\/p>\n<p><span class=\"jrnl\" title=\"Bioinformatics (Oxford, England)\">[13]\u00a0<\/span><a href=\"https:\/\/www.ncbi.nlm.nih.gov\/pubmed\/26280835\">Association of PCK1 with Body Mass Index and Other Metabolic Features in Patients With Psychotropic Treatments.<\/a>\u00a0Saigi-Morgui N, Vandenberghe F, Delacr\u00e9taz A, Quteineh L, Choong E, Gholamrezaee M, Magistretti P, Aubry JM, von Gunten A, Preisig M, Castelao E, Vollenweider P, Waeber G, <b>Kutalik<\/b> Z, Conus P, Eap CB.\u00a0<em><strong><span class=\"jrnl\" title=\"Journal of clinical psychopharmacology\">J Clin Psychopharmacol<\/span>.<\/strong><\/em> 2015\u00a0Oct;35(5):544-52.<\/p>\n<p><span class=\"jrnl\" title=\"Bioinformatics (Oxford, England)\">[12<\/span><span class=\"jrnl\" title=\"Bioinformatics (Oxford, England)\">]\u00a0<\/span><a href=\"https:\/\/www.ncbi.nlm.nih.gov\/pubmed\/26203966\">Heritability of ambulatory and office blood pressure in the Swiss population.<\/a>\u00a0Alwan H, Ehret G, Ponte B, Pruijm M, Ackermann D, Guessous I, Staessen JA, Asayama K, <b>Kutalik<\/b> Z, Vuistiner P, Paccaud F, Pechere-Bertschi A, Mohaupt M, Vogt B, Martin PY, Burnier M, Bochud M.\u00a0<em><strong><span class=\"jrnl\" title=\"Journal of hypertension\">J Hypertens<\/span>.<\/strong><\/em>\u00a02015 Oct;33(10):2061-7.<\/p>\n<p>[11]\u00a0<a href=\"https:\/\/www.ncbi.nlm.nih.gov\/pubmed\/25288136\">Genome-wide meta-analysis identifies six novel loci associated with habitual coffee consumption.<\/a>\u00a0The Coffee and Caffeine Genetics Consortium\u00a0<em><strong><span class=\"jrnl\" title=\"Molecular psychiatry\">Mol Psychiatry<\/span><\/strong><\/em>\u00a02015 May;20(5):647-56.<\/p>\n<p>[10]\u00a0<a href=\"https:\/\/www.ncbi.nlm.nih.gov\/pubmed\/25398456\">IL1B and DEFB1 Polymorphisms Increase Susceptibility to Invasive Mold Infection After Solid Organ Transplantation.<\/a>\u00a0W\u00f3jtowicz A, Gresnigt MS, Lecompte T, Bibert S, Manuel O, Joosten LA,<strong> R\u00fceger S<\/strong>, Berger C, Boggian K, Cusini A, Garzoni C, Hirsch HH, Weisser M, Mueller NJ, Meylan PR, Steiger J, <b>Kutalik<\/b><strong> Z,<\/strong> Pascual M, van Delden C, van de Veerdonk FL, Bochud PY.\u00a0<em><strong><span class=\"jrnl\" title=\"The Journal of infectious diseases\">J Infect Dis<\/span><\/strong><\/em>. 2015 May 15;211(10):1646-57<\/p>\n<p>[9]\u00a0<a href=\"https:\/\/www.ncbi.nlm.nih.gov\/pubmed\/25493955\">Genome-wide association study of kidney function decline in individuals of European descent. <\/a>Gorski M et al. <em><strong><span class=\"jrnl\" title=\"Kidney international\">Kidney Int<\/span>.<\/strong><\/em>\u00a02015 May;87(5):1017-29.<\/p>\n<p><span class=\"jrnl\" title=\"Bioinformatics (Oxford, England)\">[8]\u00a0<\/span><a href=\"https:\/\/www.ncbi.nlm.nih.gov\/pubmed\/26010633\">Copy Number Variations and Cognitive Phenotypes in Unselected Populations.<\/a>\u00a0M\u00e4nnik K, M\u00e4gi R, <strong>Mac\u00e9 A<\/strong>, Cole B, Guyatt AL, Shihab HA, Maillard AM, Alavere H, Kolk A, Reigo A, Mihailov E, Leitsalu L, Ferreira AM, N\u00f5ukas M, Teumer A, Salvi E, Cusi D, McGue M, Iacono WG, Gaunt TR, Beckmann JS, Jacquemont S, <b>Kutalik<\/b><strong> Z<\/strong>, Pankratz N, Timpson N, Metspalu A, Reymond A.\u00a0<em><strong><span class=\"jrnl\" title=\"JAMA\">JAMA<\/span><\/strong><\/em>. 2015 May 26;313(20):2044-2054.<\/p>\n<p><span class=\"jrnl\" title=\"Bioinformatics (Oxford, England)\">[7]\u00a0<\/span><a href=\"https:\/\/www.ncbi.nlm.nih.gov\/pubmed\/25903154\">A genetic risk score combining 32 SNPs is associated with body mass index and improves obesity prediction in people with major depressive disorder.<\/a>\u00a0Hung CF et al.\u00a0<em><strong><span class=\"jrnl\" title=\"BMC medicine\">BMC Med<\/span><\/strong><\/em>. 2015 Apr 17;13:86<\/p>\n<p><span class=\"jrnl\" title=\"Bioinformatics (Oxford, England)\">[6]\u00a0<a href=\"https:\/\/www.ncbi.nlm.nih.gov\/pubmed\/25421402\">The 16p11.2 locus modulates brain structures common to autism, schizophrenia and obesity.<\/a>\u00a0Maillard AM, Ruef A, Pizzagalli F, Migliavacca E, Hippolyte L, Adaszewski S, Dukart J, Ferrari C, Conus P, M\u00e4nnik K, Zazhytska M, Siffredi V, Maeder P, <b>Kutalik<\/b> Z, Kherif F, Hadjikhani N; 16p11.2 European Consortium, Beckmann JS, Reymond A, Draganski B, Jacquemont S.\u00a0<em><strong><span class=\"jrnl\" title=\"Molecular psychiatry\">Mol Psychiatry<\/span><\/strong><\/em>.\u00a02015 Feb;20(1):140-7.<\/span><\/p>\n<p><span class=\"jrnl\" title=\"Bioinformatics (Oxford, England)\">[5]\u00a0<\/span><a href=\"https:\/\/www.ncbi.nlm.nih.gov\/pubmed\/25811787\">Modulation of Genetic Associations with Serum Urate Levels by Body-Mass-Index in Humans.<\/a>\u00a0Huffman JE, Albrecht E, Teumer A, Mangino M, Kapur K, Johnson T, <b>Kutalik<\/b> Z, et al.\u00a0<em><strong><span class=\"jrnl\" title=\"PloS one\">PLoS One<\/span><\/strong><\/em>. 2015 Mar 26;10(3):e0119752.<\/p>\n<p><span class=\"jrnl\" title=\"Bioinformatics (Oxford, England)\">[4]\u00a0<\/span><a href=\"https:\/\/www.ncbi.nlm.nih.gov\/pubmed\/25751397\">Impact of HSD11B1 polymorphisms on BMI and components of the metabolic syndrome in patients receiving psychotropic treatments.<\/a>\u00a0Quteineh L, Vandenberghe F, Saigi Morgui N, Delacr\u00e9taz A, Choong E, Gholam-Rezaee M, Magistretti P, Bondolfi G, Von Gunten A, Preisig M, Castelao E, Vollenweider P, Waeber G, Bochud M, <b>Kutalik<\/b> Z, Conus P, Eap CB.\u00a0<em><strong><span class=\"jrnl\" title=\"Pharmacogenetics and genomics\">Pharmacogenet Genomics<\/span><\/strong><\/em>. 2015\u00a0May;25(5):246-58.<\/p>\n<p><span class=\"jrnl\" title=\"Bioinformatics (Oxford, England)\">[3]\u00a0<\/span><a href=\"https:\/\/www.ncbi.nlm.nih.gov\/pubmed\/25673412\">New genetic loci link adipose and insulin biology to body fat distribution.<\/a>\u00a0Shungin D, Winkler TW, Croteau-Chonka DC, Ferreira T, Locke AE, M\u00e4gi R, Strawbridge RJ, Pers TH, Fischer K, Justice AE, Workalemahu T, Wu JM, Buchkovich ML, Heard-Costa NL, Roman TS, Drong AW, Song C, Gustafsson S, Day FR, Esko T, Fall T, <b>Kutalik<\/b> Z et al.\u00a0<em><strong><span class=\"jrnl\" title=\"Nature\">Nature<\/span><\/strong><\/em>. 2015 Feb 12;518(7538):187-96.<\/p>\n<p><span class=\"jrnl\" title=\"Bioinformatics (Oxford, England)\">[2]\u00a0<\/span><a href=\"https:\/\/www.ncbi.nlm.nih.gov\/pubmed\/25673413\">Genetic studies of body mass index yield new insights for obesity biology.<\/a>\u00a0Locke AE, Kahali B, Berndt SI, Justice AE, Pers TH, Day FR, Powell C, Vedantam S, Buchkovich ML, Yang J, Croteau-Chonka DC, Esko T, Fall T, Ferreira T, Gustafsson S, <b>Kutalik<\/b> Z et al.\u00a0<em><strong><span class=\"jrnl\" title=\"Nature\">Nature<\/span><\/strong><\/em>. 2015 Feb 12;518(7538):197-206.<\/p>\n<p><span class=\"jrnl\" title=\"Bioinformatics (Oxford, England)\">[1]\u00a0<a href=\"https:\/\/www.ncbi.nlm.nih.gov\/pubmed\/25260699\">EasyStrata: Evaluation and Visualization of stratified genome-wide association meta-analysis data.<\/a>\u00a0Winkler TW, <b>Kutalik<\/b> Z, Gorski M, Lottaz C, Kronenberg F, Heid IM.\u00a0<em><strong><span class=\"jrnl\" title=\"Bioinformatics (Oxford, England)\">Bioinformatics<\/span><\/strong><\/em> <\/span>2015 Jan 15;31(2):259-61.<\/p>\n","protected":false},"excerpt":{"rendered":"<p>[17]\u00a0Influence of MCHR2 and MCHR2-AS1 Genetic Polymorphisms on Body Mass Index in Psychiatric Patients and In Population-Based Subjects with Present or Past Atypical Depression.\u00a0Delacr\u00e9taz A, Preisig M, Vandenberghe F, Saigi &hellip; <\/p>\n","protected":false},"author":970,"featured_media":0,"parent":71,"menu_order":0,"comment_status":"closed","ping_status":"closed","template":"","meta":{"_seopress_robots_primary_cat":"","_seopress_titles_title":"","_seopress_titles_desc":"","_seopress_robots_index":"","footnotes":""},"class_list":["post-841","page","type-page","status-publish"],"_links":{"self":[{"href":"https:\/\/wp.unil.ch\/sgg\/wp-json\/wp\/v2\/pages\/841","targetHints":{"allow":["GET"]}}],"collection":[{"href":"https:\/\/wp.unil.ch\/sgg\/wp-json\/wp\/v2\/pages"}],"about":[{"href":"https:\/\/wp.unil.ch\/sgg\/wp-json\/wp\/v2\/types\/page"}],"author":[{"embeddable":true,"href":"https:\/\/wp.unil.ch\/sgg\/wp-json\/wp\/v2\/users\/970"}],"replies":[{"embeddable":true,"href":"https:\/\/wp.unil.ch\/sgg\/wp-json\/wp\/v2\/comments?post=841"}],"version-history":[{"count":0,"href":"https:\/\/wp.unil.ch\/sgg\/wp-json\/wp\/v2\/pages\/841\/revisions"}],"up":[{"embeddable":true,"href":"https:\/\/wp.unil.ch\/sgg\/wp-json\/wp\/v2\/pages\/71"}],"wp:attachment":[{"href":"https:\/\/wp.unil.ch\/sgg\/wp-json\/wp\/v2\/media?parent=841"}],"curies":[{"name":"wp","href":"https:\/\/api.w.org\/{rel}","templated":true}]}}