{"id":1657,"date":"2022-08-29T17:11:40","date_gmt":"2022-08-29T15:11:40","guid":{"rendered":"https:\/\/wp.unil.ch\/sgg\/?page_id=1657"},"modified":"2025-10-28T18:19:14","modified_gmt":"2025-10-28T17:19:14","slug":"people-2","status":"publish","type":"page","link":"https:\/\/wp.unil.ch\/sgg\/people-2\/","title":{"rendered":"People"},"content":{"rendered":"\n<figure class=\"wp-block-gallery has-nested-images columns-default is-cropped wp-block-gallery-1 is-layout-flex wp-block-gallery-is-layout-flex\">\n<figure class=\"wp-block-image size-large\"><img loading=\"lazy\" decoding=\"async\" width=\"1024\" height=\"768\" data-id=\"1877\" src=\"https:\/\/wp.unil.ch\/sgg\/files\/2025\/04\/sgg_2025-1024x768.jpg\" alt=\"sgg 2025\" class=\"wp-image-1877\" srcset=\"https:\/\/wp.unil.ch\/sgg\/files\/2025\/04\/sgg_2025-1024x768.jpg 1024w, https:\/\/wp.unil.ch\/sgg\/files\/2025\/04\/sgg_2025-300x225.jpg 300w, https:\/\/wp.unil.ch\/sgg\/files\/2025\/04\/sgg_2025-768x576.jpg 768w, https:\/\/wp.unil.ch\/sgg\/files\/2025\/04\/sgg_2025-1536x1152.jpg 1536w, https:\/\/wp.unil.ch\/sgg\/files\/2025\/04\/sgg_2025.jpg 1600w\" sizes=\"auto, (max-width: 1024px) 100vw, 1024px\" \/><\/figure>\n<\/figure>\n\n\n\n<p><strong>SGG, 2025 spring.<\/strong> Top &#8211; left to right: Robin, Samuel, Th\u00e9o, Tabea. Bottom &#8211; left to right: Leona, Adriaan, Zolt\u00e1n, Diana, Cailyn<\/p>\n\n\n\n<p><strong>Current members<\/strong><\/p>\n\n\n\n<figure class=\"wp-block-table\"><table><tbody><tr><td><strong>Name<\/strong><\/td><td><strong>Position<\/strong><\/td><td><strong>Topic<\/strong><\/td><td><strong>Date<\/strong><\/td><\/tr><tr><td><a href=\"https:\/\/wp.unil.ch\/sgg\/zoltan\/\">Zolt\u00e1n Kutalik<\/a><\/td><td>Associate professor<\/td><td>MR of all kinds<\/td><td>2013-<\/td><\/tr><tr><td><a href=\"https:\/\/wp.unil.ch\/sgg\/people-2\/mariona-lopez-gil\/\" data-type=\"page\" data-id=\"1816\">Mariona Lopez Gil<\/a><\/td><td>Executive Assistant<\/td><td><\/td><td>2018-<\/td><\/tr><tr><td><a href=\"https:\/\/wp.unil.ch\/sgg\/people\/tabea-schoeler\/\">Tabea Schoeler<\/a><\/td><td>Post-doc<\/td><td>Genetic contribution to mental health outcomes<\/td><td>2020-<\/td><\/tr><tr><td><a href=\"https:\/\/wp.unil.ch\/sgg\/people\/adriaan-van-der-graaf\/\">Adriaan van der Graaf<\/a><\/td><td>Post-doc<\/td><td>Causal networks<\/td><td>2021-<\/td><\/tr><tr><td><a href=\"https:\/\/wp.unil.ch\/sgg\/people\/leona-knusel\/\">Leona Kn\u00fcsel<\/a><\/td><td>PhD student<\/td><td>Sporadic Alzheimer&#8217;s disease<\/td><td>2022-<\/td><\/tr><tr><td><a href=\"https:\/\/wp.unil.ch\/sgg\/kaido-lepik\/\" data-type=\"page\" data-id=\"1522\">Kaido Lepik<\/a><\/td><td>Post-doc (part time)<\/td><td>Mediation MR<\/td><td>2022-<\/td><\/tr><tr><td><a href=\"https:\/\/wp.unil.ch\/sgg\/people\/samuel-moix\/\">Samuel Moix<\/a><\/td><td>PhD student<\/td><td>Aging and pharmacogenetics<\/td><td>2023-<\/td><\/tr><tr><td><a href=\"https:\/\/wp.unil.ch\/sgg\/nicolas-goss\/\" data-type=\"page\" data-id=\"1686\">Nicolas Goss<\/a><\/td><td>PhD student<\/td><td>Metabolomics &amp; complex health outcomes<\/td><td>2023-<\/td><\/tr><tr><td><a href=\"https:\/\/wp.unil.ch\/sgg\/people-2\/robin-hofmeister\/\" data-type=\"page\" data-id=\"1733\">Robin Hofmeister<\/a><\/td><td>Post-doc<\/td><td>Parental causal effects<\/td><td>2023-<\/td><\/tr><tr><td><a href=\"https:\/\/wp.unil.ch\/sgg\/people-2\/mihaela-diana-zanoaga\/\" data-type=\"link\" data-id=\"https:\/\/wp.unil.ch\/sgg\/people-2\/mihaela-diana-zanoaga\/\">Mihaela-Diana Zanoaga<\/a><\/td><td>PhD student<\/td><td>Selection strength estimation <\/td><td>2023-<\/td><\/tr><tr><td><a href=\"https:\/\/wp.unil.ch\/sgg\/people-2\/theo-cavinato\/\">Th\u00e9o Cavinato<\/a><\/td><td>PhD student<\/td><td>Population genetics &amp; data privacy<\/td><td>2023-<\/td><\/tr><tr><td><a href=\"https:\/\/wp.unil.ch\/sgg\/people-2\/sadegh-rizi\/\" data-type=\"page\" data-id=\"1833\">Sadegh Rizi<\/a><\/td><td>Intern<\/td><td>Metabolite ratio causality<\/td><td>2024-<\/td><\/tr><tr><td><a href=\"https:\/\/wp.unil.ch\/sgg\/people-2\/milka-zakja\/\" data-type=\"page\" data-id=\"1895\">Milka Zakja<\/a><\/td><td>Intern<\/td><td>Drug side effects<\/td><td>2025-<\/td><\/tr><tr><td><a href=\"https:\/\/wp.unil.ch\/sgg\/people-2\/sydney-fleming\/\" data-type=\"page\" data-id=\"1914\">Sydney Fleming<\/a><\/td><td>MSc student<\/td><td>Ground-truth networks to identify robust drug target interactions<\/td><td>2025-<\/td><\/tr><tr><td><a href=\"https:\/\/wp.unil.ch\/sgg\/people-2\/martin-quintas\/\" data-type=\"page\" data-id=\"1922\">Martin Quintas<\/a><\/td><td>MSc student<\/td><td>Parent of origin effect rare variants gene burden tests<\/td><td>2025-<\/td><\/tr><\/tbody><\/table><\/figure>\n\n\n\n<p><strong>Past members<\/strong><\/p>\n\n\n\n<figure class=\"wp-block-table\"><table><tbody><tr><td><strong><mark style=\"background-color:#ffffff\" class=\"has-inline-color has-black-color\">Name<\/mark><\/strong><\/td><td><strong><mark style=\"background-color:#ffffff\" class=\"has-inline-color\">Position<\/mark><\/strong><\/td><td><strong><mark style=\"background-color:#ffffff\" class=\"has-inline-color has-black-color\">Topic<\/mark><\/strong><\/td><td><mark style=\"background-color:#ffffff\" class=\"has-inline-color\"><strong>Date<\/strong><\/mark><\/td><\/tr><tr><td><a href=\"https:\/\/wp.unil.ch\/sgg\/people-2\/chaymae-ziyani\/\">Chaymae Ziyani<\/a><\/td><td>PhD student<\/td><td>Single cell RNA-seq QTLs<\/td><td>2024-25<\/td><\/tr><tr><td><a href=\"https:\/\/wp.unil.ch\/sgg\/chiara-auwerx\/\">Chiara Auwerx<\/a><\/td><td>PhD student<\/td><td>Rare-common variant continuum<\/td><td>2020-24<\/td><\/tr><tr><td><a href=\"https:\/\/wp.unil.ch\/sgg\/marie-sadler\/\">Marie Sadler<\/a><\/td><td>PhD student<\/td><td>Drug repurposing<\/td><td>2020-24<\/td><\/tr><tr><td><a href=\"https:\/\/wp.unil.ch\/sgg\/liza-darrous\/\">Liza Darrous<\/a><\/td><td>PhD student<\/td><td>Robust MR<\/td><td>2019-23<\/td><\/tr><tr><td>Amelie Fritz<\/td><td>Visiting PhD student<\/td><td>Sex-specific genetic differences between trait pairs<\/td><td>2023<\/td><\/tr><tr><td><a href=\"https:\/\/wp.unil.ch\/sgg\/people\/samuel-moix\/\">Samuel Moix<\/a><\/td><td>MSc student<\/td><td>Telomere length &amp; aging<\/td><td>2022-23<\/td><\/tr><tr><td><a href=\"https:\/\/wp.unil.ch\/sgg\/people\/sven-erik-ojavee\/\">Sven Erik Ojavee<\/a><\/td><td>PhD student<\/td><td>Bayesian time-to-event analysis<\/td><td>2020-22<\/td><\/tr><tr><td><a href=\"https:\/\/wp.unil.ch\/sgg\/kaido-lepik\/\" data-type=\"page\" data-id=\"1522\">Kaido Lepik<\/a><\/td><td>Post-doc<\/td><td>Mediation MR<\/td><td>2021-22<\/td><\/tr><tr><td><a href=\"https:\/\/wp.unil.ch\/sgg\/jenny-sjaarda\/\">Jenny Sjaarda<\/a><\/td><td>Post-doc<\/td><td>Cross-partner MR<\/td><td>2019-22<\/td><\/tr><tr><td><a href=\"https:\/\/wp.unil.ch\/sgg\/marion-patxot\/\">Marion Patxot<\/a><\/td><td>PhD student<\/td><td>Genetic architecture of complex traits<\/td><td>2020-22<\/td><\/tr><tr><td><a href=\"https:\/\/wp.unil.ch\/sgg\/people\/malu-zamariolli-de-souza\/\">Mal\u00fa Zamariolli<\/a><\/td><td>Visiting PhD student<\/td><td>22q11.2 deletion syndrome<\/td><td>2021-22<\/td><\/tr><tr><td><a href=\"https:\/\/wp.unil.ch\/sgg\/people\/tristan-woh\/\">Tristan Woh<\/a><\/td><td>Visiting MSc student<\/td><td>Causal relationships between DNAm and complex traits<\/td><td>2022<\/td><\/tr><tr><td><a href=\"https:\/\/wp.unil.ch\/sgg\/people\/yanina-timasheva\/\">Yanina Timasheva<\/a><\/td><td>visiting Post-doc<\/td><td>Estimation of multi-trait selection strength<\/td><td>2021-22<\/td><\/tr><tr><td><a href=\"https:\/\/wp.unil.ch\/sgg\/ninon-mounier\/\">Ninon Mounier<\/a><\/td><td>PhD student<\/td><td>Bayesian GWAS<\/td><td>2017-22<\/td><\/tr><tr><td><a href=\"https:\/\/wp.unil.ch\/sgg\/eleonora-porcu\/\">Eleonora Porcu<\/a><\/td><td>Post-doc<\/td><td>Gene expression-trait causality<\/td><td>2016-21<\/td><\/tr><tr><td><a href=\"https:\/\/wp.unil.ch\/sgg\/jonathan-sulc\/\">Jonathan Sulc<\/a><\/td><td>PhD student<\/td><td>Genetics subclasses of obesity<\/td><td>2017-21<\/td><\/tr><tr><td><a href=\"https:\/\/wp.unil.ch\/sgg\/people\/mathieu-schornoz\/\">Mathieu Schornoz<\/a><\/td><td>MSc student<\/td><td>Estimation of multi-trait selection strength<\/td><td>2021<\/td><\/tr><tr><td><a href=\"https:\/\/wp.unil.ch\/sgg\/vanessa-pitz\/\">Vanessa Pitz<\/a><\/td><td>visiting PhD student<\/td><td>Parkinson&#8217;s genetics<\/td><td>2019<\/td><\/tr><tr><td><a href=\"https:\/\/wp.unil.ch\/sgg\/tess-bonato\/\">Tess Bonato<\/a><\/td><td>MSc student<\/td><td>Genomic privacy<\/td><td>2018<\/td><\/tr><tr><td><a href=\"https:\/\/wp.unil.ch\/sgg\/emilie-ha\/\">Emilie Ha<\/a><\/td><td>MSc student<\/td><td>Zinc homeostasis genetics<\/td><td>2018<\/td><\/tr><tr><td><a href=\"https:\/\/wp.unil.ch\/sgg\/sina-rueger\/\">Sina R\u00fceger<\/a><\/td><td>PhD student<\/td><td>Summary statistic imputation<\/td><td>2013-18<\/td><\/tr><tr><td><a href=\"https:\/\/wp.unil.ch\/sgg\/peter-joshi\/\">Peter Joshi<\/a><\/td><td>visiting scientist<\/td><td>Lifespan genetics<\/td><td>2018<\/td><\/tr><tr><td><a href=\"https:\/\/wp.unil.ch\/sgg\/elisabeth-dahlqwist\/\">Elisabeth Dahlqwist<\/a><\/td><td>Visiting PhD student<\/td><td>Attributable risk and causal inference<\/td><td>2017-18<\/td><\/tr><tr><td><a href=\"https:\/\/wp.unil.ch\/sgg\/damia-noce\/\">Damia Noce<\/a><\/td><td>Visiting PhD student<\/td><td>Genetics of the complement pathway<\/td><td>2018<\/td><\/tr><tr><td><a href=\"https:\/\/wp.unil.ch\/sgg\/anthony-sonrel\/\">Anthony Sonrel<\/a><\/td><td>MSc student<\/td><td>Obesity genetics &amp; diet<\/td><td>2017-18<\/td><\/tr><tr><td><a href=\"https:\/\/wp.unil.ch\/sgg\/aaron-mcdaid\/\">Aaron McDaid<\/a><\/td><td>Post-doc<\/td><td>Genetics of Aging<\/td><td>2014-17<\/td><\/tr><tr><td><a href=\"https:\/\/wp.unil.ch\/sgg\/kaido-lepik-visiting\/\">Kaido Lepik<\/a><\/td><td>Visiting PhD student<\/td><td>Gene expression biomarkers for CRP<\/td><td>2017<\/td><\/tr><tr><td><a href=\"https:\/\/wp.unil.ch\/sgg\/jing-cui\/\">Jing Cui<\/a><\/td><td>PhD student<\/td><td>Neuro-genetics<\/td><td>2013-16<\/td><\/tr><tr><td><a href=\"https:\/\/wp.unil.ch\/sgg\/aurelien-mace\/\">Aur\u00e9lien Mac\u00e9<\/a><\/td><td>PhD student<\/td><td>CNV analysis<\/td><td>2012-16<\/td><\/tr><tr><td>David Lamparter<\/td><td>PhD student<\/td><td>Pathway GWAS<\/td><td>2012-16<\/td><\/tr><tr><td>Yujuan Gui<\/td><td>MSc student<\/td><td>Metabolic fingerprints of drugs<\/td><td>2015<\/td><\/tr><tr><td>Sophie Debonneville<\/td><td>MSc student<\/td><td>Diet-genetics<\/td><td>2014<\/td><\/tr><tr><td><a href=\"https:\/\/www2.unil.ch\/cbg\/index.php?title=User:Rico\">Rico Rueedi<\/a><\/td><td>Post-doc<\/td><td>Metabolome genetics<\/td><td>2012-14<\/td><\/tr><tr><td><a href=\"https:\/\/wp.unil.ch\/sgg\/antony-le-bechec\/\">Antony Le B\u00e9chec<\/a><\/td><td>Post-doc<\/td><td>Exome sequencing analysis<\/td><td>2012-13<\/td><\/tr><tr><td>Cristian Riccio<\/td><td>MSc student<\/td><td>Diet-genetics<\/td><td>2013<\/td><\/tr><\/tbody><\/table><\/figure>\n\n\n\n<figure class=\"wp-block-image size-large is-resized\"><img alt=\"\" loading=\"lazy\" decoding=\"async\" width=\"1024\" height=\"760\" src=\"https:\/\/wp.unil.ch\/sgg\/files\/2024\/07\/SGG2024Boulder-1024x760.png\" alt=\"\" class=\"wp-image-1848\" style=\"width:732px;height:auto\" srcset=\"https:\/\/wp.unil.ch\/sgg\/files\/2024\/07\/SGG2024Boulder-1024x760.png 1024w, https:\/\/wp.unil.ch\/sgg\/files\/2024\/07\/SGG2024Boulder-300x223.png 300w, https:\/\/wp.unil.ch\/sgg\/files\/2024\/07\/SGG2024Boulder-768x570.png 768w, https:\/\/wp.unil.ch\/sgg\/files\/2024\/07\/SGG2024Boulder-1536x1140.png 1536w, https:\/\/wp.unil.ch\/sgg\/files\/2024\/07\/SGG2024Boulder.png 1617w\" sizes=\"auto, (max-width: 1024px) 100vw, 1024px\" \/><\/figure>\n\n\n\n<p><strong>SGG, 2024 Bouldering.<\/strong> Top &#8211; left to right: Zolt\u00e1n, Robin, Samuel, Adriaan, Sadegh, Tabea (frame). Bottom &#8211; left to right: Diana, Chiara, Leona, Chaymae<\/p>\n\n\n<div class=\"wp-block-image\">\n<figure class=\"aligncenter size-large\"><img alt=\"\" loading=\"lazy\" decoding=\"async\" width=\"1024\" height=\"706\" src=\"https:\/\/wp.unil.ch\/sgg\/files\/2023\/08\/IMG_3369-1024x706.jpg\" alt=\"\" class=\"wp-image-1740\" srcset=\"https:\/\/wp.unil.ch\/sgg\/files\/2023\/08\/IMG_3369-1024x706.jpg 1024w, https:\/\/wp.unil.ch\/sgg\/files\/2023\/08\/IMG_3369-300x207.jpg 300w, https:\/\/wp.unil.ch\/sgg\/files\/2023\/08\/IMG_3369-768x529.jpg 768w, https:\/\/wp.unil.ch\/sgg\/files\/2023\/08\/IMG_3369-1536x1059.jpg 1536w, https:\/\/wp.unil.ch\/sgg\/files\/2023\/08\/IMG_3369-135x93.jpg 135w, https:\/\/wp.unil.ch\/sgg\/files\/2023\/08\/IMG_3369.jpg 1741w\" sizes=\"auto, (max-width: 1024px) 100vw, 1024px\" \/><\/figure>\n<\/div>\n\n\n<p><strong>SGG, 2023 winter retreat.<\/strong> Left to right: Zolt\u00e1n, Samuel, Leona, Adriaan, Tabea, Chiara, Liza, Marie, Robin. <\/p>\n\n\n<div class=\"wp-block-image\">\n<figure class=\"aligncenter\"><img alt=\"\" loading=\"lazy\" decoding=\"async\" width=\"1920\" height=\"1115\" src=\"https:\/\/wp.unil.ch\/sgg\/files\/2021\/09\/IMG_20210910_104450.jpg\" alt=\"\" class=\"wp-image-1549\" srcset=\"https:\/\/wp.unil.ch\/sgg\/files\/2021\/09\/IMG_20210910_104450.jpg 1920w, https:\/\/wp.unil.ch\/sgg\/files\/2021\/09\/IMG_20210910_104450-300x174.jpg 300w, https:\/\/wp.unil.ch\/sgg\/files\/2021\/09\/IMG_20210910_104450-1024x595.jpg 1024w, https:\/\/wp.unil.ch\/sgg\/files\/2021\/09\/IMG_20210910_104450-768x446.jpg 768w, https:\/\/wp.unil.ch\/sgg\/files\/2021\/09\/IMG_20210910_104450-1536x892.jpg 1536w\" sizes=\"auto, (max-width: 1920px) 100vw, 1920px\" \/><\/figure>\n<\/div>\n\n\n<p><strong>SGG, 2021 fall.<\/strong> Top &#8211; left to right: Sven, Mal\u00fa, Jonathan, Kaido, Adriaan, Eleonora, Chiara, Jenny, Zolt\u00e1n. Bottom &#8211; left to right: Tabea, Liza, Ninon, Marie.<\/p>\n\n\n\n<p class=\"has-text-align-left\"><img loading=\"lazy\" decoding=\"async\" width=\"508\" height=\"449\" src=\"https:\/\/wp.unil.ch\/sgg\/files\/2022\/02\/IMG_20211202_202242.jpg\" alt=\"\"><\/p>\n\n\n\n<p><strong>SGG, 2021 winter dinner<\/strong>. Left (front to back): Kaido, Ninon, Adriaan, Jonathan, Tabea, Marion. Right(front to back): Yanina, Liza, Mal\u00fa, Zolt\u00e1n, Sven, Chiara, Marie.<\/p>\n\n\n<div class=\"wp-block-image\">\n<figure class=\"aligncenter\"><img alt=\"\" loading=\"lazy\" decoding=\"async\" width=\"1920\" height=\"1179\" src=\"https:\/\/wp.unil.ch\/sgg\/files\/2020\/09\/SGG2020a-1.jpg\" alt=\"\" class=\"wp-image-1439\" srcset=\"https:\/\/wp.unil.ch\/sgg\/files\/2020\/09\/SGG2020a-1.jpg 1920w, https:\/\/wp.unil.ch\/sgg\/files\/2020\/09\/SGG2020a-1-300x184.jpg 300w, https:\/\/wp.unil.ch\/sgg\/files\/2020\/09\/SGG2020a-1-1024x629.jpg 1024w, https:\/\/wp.unil.ch\/sgg\/files\/2020\/09\/SGG2020a-1-768x472.jpg 768w, https:\/\/wp.unil.ch\/sgg\/files\/2020\/09\/SGG2020a-1-1536x943.jpg 1536w, https:\/\/wp.unil.ch\/sgg\/files\/2020\/09\/SGG2020a-1-900x553.jpg 900w, https:\/\/wp.unil.ch\/sgg\/files\/2020\/09\/SGG2020a-1-1280x786.jpg 1280w\" sizes=\"auto, (max-width: 1920px) 100vw, 1920px\" \/><\/figure>\n<\/div>\n\n\n<p><strong>SGG, 2020 summer.<\/strong> Left to right: Sven, Marie, Liza, Eleonora, Chiara, Marion, Zoltan, Jonathan, Ninon.<\/p>\n\n\n<div class=\"wp-block-image\">\n<figure class=\"aligncenter\"><a href=\"https:\/\/wp.unil.ch\/sgg\/files\/2017\/06\/SGG2017-1.jpg\"><img alt=\"\" loading=\"lazy\" decoding=\"async\" width=\"1500\" height=\"882\" src=\"https:\/\/wp.unil.ch\/sgg\/files\/2017\/06\/SGG2017-1.jpg\" alt=\"\" class=\"wp-image-1126\" srcset=\"https:\/\/wp.unil.ch\/sgg\/files\/2017\/06\/SGG2017-1.jpg 1500w, https:\/\/wp.unil.ch\/sgg\/files\/2017\/06\/SGG2017-1-300x176.jpg 300w, https:\/\/wp.unil.ch\/sgg\/files\/2017\/06\/SGG2017-1-768x452.jpg 768w, https:\/\/wp.unil.ch\/sgg\/files\/2017\/06\/SGG2017-1-1024x602.jpg 1024w, https:\/\/wp.unil.ch\/sgg\/files\/2017\/06\/SGG2017-1-900x529.jpg 900w, https:\/\/wp.unil.ch\/sgg\/files\/2017\/06\/SGG2017-1-1280x753.jpg 1280w\" sizes=\"auto, (max-width: 1500px) 100vw, 1500px\" \/><\/a><\/figure>\n<\/div>\n\n\n<p><strong>SGG, 2017 Summer.<\/strong> Left to right: Aaron, Maarja, Kaido, Sina, Zolt\u00e1n, Jonathan, Ninon, Anthony, Eleonora.<\/p>\n\n\n<div class=\"wp-block-image\">\n<figure class=\"aligncenter\"><a href=\"https:\/\/wp.unil.ch\/sgg\/files\/2012\/07\/SGG_2016.jpeg\"><img loading=\"lazy\" decoding=\"async\" width=\"640\" height=\"427\" src=\"https:\/\/wp.unil.ch\/sgg\/files\/2012\/07\/SGG_2016.jpeg\" alt=\"Left to right: Zoltan, Eleonora, Yujuan, Aaron, David, Sina, Aurelien\" class=\"wp-image-969\" srcset=\"https:\/\/wp.unil.ch\/sgg\/files\/2012\/07\/SGG_2016.jpeg 640w, https:\/\/wp.unil.ch\/sgg\/files\/2012\/07\/SGG_2016-300x200.jpeg 300w\" sizes=\"auto, (max-width: 640px) 100vw, 640px\" \/><\/a><\/figure>\n<\/div>\n\n\n<p><strong>SGG, 2016 Summer.<\/strong> Left to right: Zoltan, Eleonora, Yujuan, Aaron, David, Sina, Aurelien.<\/p>\n\n\n\n\n\n<p><\/p>\n","protected":false},"excerpt":{"rendered":"<p>SGG, 2025 spring. Top &#8211; left to right: Robin, Samuel, Th\u00e9o, Tabea. Bottom &#8211; left to right: Leona, Adriaan, Zolt\u00e1n, Diana, Cailyn Current members Name Position Topic Date Zolt\u00e1n Kutalik &hellip; <\/p>\n","protected":false},"author":970,"featured_media":0,"parent":0,"menu_order":0,"comment_status":"closed","ping_status":"closed","template":"","meta":{"_seopress_robots_primary_cat":"","_seopress_titles_title":"","_seopress_titles_desc":"","_seopress_robots_index":"","footnotes":""},"class_list":["post-1657","page","type-page","status-publish"],"_links":{"self":[{"href":"https:\/\/wp.unil.ch\/sgg\/wp-json\/wp\/v2\/pages\/1657","targetHints":{"allow":["GET"]}}],"collection":[{"href":"https:\/\/wp.unil.ch\/sgg\/wp-json\/wp\/v2\/pages"}],"about":[{"href":"https:\/\/wp.unil.ch\/sgg\/wp-json\/wp\/v2\/types\/page"}],"author":[{"embeddable":true,"href":"https:\/\/wp.unil.ch\/sgg\/wp-json\/wp\/v2\/users\/970"}],"replies":[{"embeddable":true,"href":"https:\/\/wp.unil.ch\/sgg\/wp-json\/wp\/v2\/comments?post=1657"}],"version-history":[{"count":4,"href":"https:\/\/wp.unil.ch\/sgg\/wp-json\/wp\/v2\/pages\/1657\/revisions"}],"predecessor-version":[{"id":1926,"href":"https:\/\/wp.unil.ch\/sgg\/wp-json\/wp\/v2\/pages\/1657\/revisions\/1926"}],"wp:attachment":[{"href":"https:\/\/wp.unil.ch\/sgg\/wp-json\/wp\/v2\/media?parent=1657"}],"curies":[{"name":"wp","href":"https:\/\/api.w.org\/{rel}","templated":true}]}}