{"id":1469,"date":"2021-02-01T18:00:26","date_gmt":"2021-02-01T17:00:26","guid":{"rendered":"https:\/\/wp.unil.ch\/sgg\/?page_id=1469"},"modified":"2021-12-16T09:12:24","modified_gmt":"2021-12-16T08:12:24","slug":"2021-2","status":"publish","type":"page","link":"https:\/\/wp.unil.ch\/sgg\/2021-2\/","title":{"rendered":"2021"},"content":{"rendered":"<p>[17] <a class=\"docsum-title\" href=\"https:\/\/pubmed.ncbi.nlm.nih.gov\/34907193\/\" data-ga-category=\"result_click\" data-ga-action=\"1\" data-ga-label=\"34907193\" data-full-article-url=\"from_term=kutalik&amp;from_sort=date&amp;from_size=100&amp;from_pos=1\" data-article-id=\"34907193\">Simultaneous estimation of bi-directional causal effects and heritable confounding from GWAS summary statistics.<\/a> <strong><span class=\"docsum-authors full-authors\">Darrous L*, Mounier N*, Kutalik Z. <\/span><\/strong><span class=\"docsum-journal-citation full-journal-citation\"><em><strong>Nat Commun<\/strong><\/em>. 2021 Dec 14;12(1):7274.\u00a0<\/span><\/p>\n<p>[16] <a class=\"docsum-title\" href=\"https:\/\/pubmed.ncbi.nlm.nih.gov\/34887591\/\" data-ga-category=\"result_click\" data-ga-action=\"1\" data-ga-label=\"34887591\" data-full-article-url=\"from_term=kutalik&amp;from_sort=date&amp;from_size=100&amp;from_pos=1\" data-article-id=\"34887591\">The power of genetic diversity in genome-wide association studies of lipids.<\/a> <span class=\"docsum-authors full-authors\">Graham SE et al. <\/span><span class=\"docsum-journal-citation full-journal-citation\"><em><strong>Nature<\/strong><\/em>. 2021 Dec 9. doi: 10.1038\/s41586-021-04064-3.<\/span><\/p>\n<p>[15] <a class=\"docsum-title\" href=\"https:\/\/pubmed.ncbi.nlm.nih.gov\/34848700\/\" data-ga-category=\"result_click\" data-ga-action=\"1\" data-ga-label=\"34848700\" data-full-article-url=\"from_term=kutalik&amp;from_sort=date&amp;from_size=100&amp;from_pos=1\" data-article-id=\"34848700\">Probabilistic inference of the genetic architecture underlying functional enrichment of complex traits<strong>. <\/strong><\/a><span class=\"docsum-authors full-authors\"><strong>Patxot M,<\/strong> Banos DT, Kousathanas A, Orliac EJ, <strong>Ojavee SE<\/strong>, Moser G, Holloway A, Sidorenko J, <strong>Kutalik Z<\/strong>, M\u00e4gi R, Visscher PM, R\u00f6nneg\u00e5rd L, Robinson MR. <\/span><span class=\"docsum-journal-citation full-journal-citation\"><em><strong>Nat Commun<\/strong><\/em>. 2021 Nov 30;12(1):6972.<\/span><\/p>\n<p>[14] <a class=\"docsum-title\" href=\"https:\/\/pubmed.ncbi.nlm.nih.gov\/34699229\/\" data-ga-category=\"result_click\" data-ga-action=\"1\" data-ga-label=\"34699229\" data-full-article-url=\"from_term=kutalik&amp;from_sort=date&amp;from_pos=1\" data-article-id=\"34699229\">Untargeted Metabolome- and Transcriptome-Wide Association Study Suggests Causal Genes Modulating Metabolite Concentrations in Urine.<\/a>\u00a0<span class=\"docsum-authors full-authors\">S\u00f6nmez Flitman R, Khalili B, <strong>Kutalik Z<\/strong>, Rueedi R, Br\u00fcmmer A, Bergmann S. <\/span><span class=\"docsum-journal-citation full-journal-citation\"><em><strong>J Proteome Res<\/strong><\/em>. 2021 Oct 26. doi: 10.1021\/acs.jproteome.1c00585.<\/span><\/p>\n<p>[13] <a class=\"docsum-title\" href=\"https:\/\/pubmed.ncbi.nlm.nih.gov\/34634361\/\" data-ga-category=\"result_click\" data-ga-action=\"2\" data-ga-label=\"34634361\" data-full-article-url=\"from_term=kutalik&amp;from_sort=date&amp;from_pos=2\" data-article-id=\"34634361\">Mendelian randomization to assess causality between uromodulin, blood pressure and chronic kidney disease.<\/a>\u00a0<span class=\"docsum-authors full-authors\">Ponte B*, <strong>Sadler MC*<\/strong>, Olinger E, Vollenweider P, Bochud M, Padmanabhan S, Hayward C*, <strong>Kutalik Z*<\/strong>, Devuyst O*. <\/span><span class=\"docsum-journal-citation full-journal-citation\"><em><strong>Kidney Int<\/strong><\/em>. 2021 Oct 9:S0085-2538(21)00922-4.<\/span><\/p>\n<p>[12] <a class=\"docsum-title\" href=\"https:\/\/pubmed.ncbi.nlm.nih.gov\/34561431\/\" data-ga-category=\"result_click\" data-ga-action=\"2\" data-ga-label=\"34561431\" data-full-article-url=\"from_term=kutalik&amp;from_sort=date&amp;from_pos=2\" data-article-id=\"34561431\">Differentially expressed genes reflect disease-induced rather than disease-causing changes in the transcriptome.<\/a> <span class=\"docsum-authors full-authors\"><strong>Porcu E, Sadler MC, Lepik K, Auwerx C,<\/strong> Wood AR, Weihs A, Sleiman MSB, Ribeiro DM, Bandinelli S, Tanaka T, Nauck M, V\u00f6lker U, Delaneau O, Metspalu A, Teumer A, Frayling T, Santoni FA, Reymond A*, <strong>Kutalik Z* <\/strong><\/span><span class=\"docsum-journal-citation full-journal-citation\"><em><strong>Nat Commun<\/strong><\/em>. 2021 Sep 24;12(1):5647.<\/span><\/p>\n<p>[11] <a class=\"docsum-title\" href=\"https:\/\/pubmed.ncbi.nlm.nih.gov\/34518635\/\" data-ga-category=\"result_click\" data-ga-action=\"1\" data-ga-label=\"34518635\" data-full-article-url=\"from_term=kutalik&amp;from_sort=date&amp;from_pos=1\" data-article-id=\"34518635\">Composite trait Mendelian randomization reveals distinct metabolic and lifestyle consequences of differences in body shape. <\/a><span class=\"docsum-authors full-authors\"><strong>Sulc J, Sonrel A, Mounier N, Auwerx C<\/strong>, Marouli E, <strong>Darrous L<\/strong>, Draganski B, Kilpel\u00e4inen TO, Joshi P, Loos RJF, <strong>Kutalik Z. <em>Nat<\/em>\u00a0<\/strong><\/span><span class=\"docsum-journal-citation full-journal-citation\"><em><strong>Commun Biol<\/strong><\/em>. 2021 Sep 13;4(1):1064.<\/span><\/p>\n<p>[10] <a class=\"docsum-title\" href=\"https:\/\/pubmed.ncbi.nlm.nih.gov\/34475573\/\" data-ga-category=\"result_click\" data-ga-action=\"2\" data-ga-label=\"34475573\" data-full-article-url=\"from_term=kutalik&amp;from_sort=date&amp;from_pos=2\" data-article-id=\"34475573\">Large-scale cis- and trans-eQTL analyses identify thousands of genetic loci and polygenic scores that regulate blood gene expression. <\/a><span class=\"docsum-authors full-authors\">V\u00f5sa U <em>et al. <\/em><\/span><span class=\"docsum-journal-citation full-journal-citation\"><em><strong>Nat Genet<\/strong><\/em>. 2021 Sep;53(9):1300-1310.<\/span><\/p>\n<p>[9] <a class=\"docsum-title\" href=\"https:\/\/pubmed.ncbi.nlm.nih.gov\/34349265\/\" data-ga-category=\"result_click\" data-ga-action=\"1\" data-ga-label=\"34349265\" data-full-article-url=\"from_term=kutalik&amp;from_sort=pubdate&amp;from_size=200&amp;from_pos=1\" data-article-id=\"34349265\">Genetic insights into biological mechanisms governing human ovarian ageing. <\/a><span class=\"docsum-authors full-authors\">Ruth KS et al. <\/span><span class=\"docsum-journal-citation full-journal-citation\"><em><strong>Nature.<\/strong> <\/em>2021 Aug 4. doi: 10.1038\/s41586-021-03779-7.<\/span><\/p>\n<p>[8] <a class=\"docsum-title\" href=\"https:\/\/pubmed.ncbi.nlm.nih.gov\/34185380\/\" data-ga-category=\"result_click\" data-ga-action=\"4\" data-ga-label=\"34185380\" data-full-article-url=\"from_term=kutalik&amp;from_sort=pubdate&amp;from_size=200&amp;from_pos=4\" data-article-id=\"34185380\">HSD17B7 gene in self-renewal and oncogenicity of keratinocytes from Black versus White populations. <\/a><span class=\"docsum-authors full-authors\">Xu X, Tassone B, Ostano P, Katarkar A, Proust T, Joseph JM, Riganti C, Chiorino G, <strong>Kutalik Z<\/strong>, Lefort K, Dotto GP. <\/span><span class=\"docsum-journal-citation full-journal-citation\"><em><strong>EMBO Mol Med.<\/strong><\/em> 2021 Jul 7;13(7):e14133.<\/span><\/p>\n<p>[7] <a class=\"docsum-title\" href=\"https:\/\/pubmed.ncbi.nlm.nih.gov\/34226496\/\" data-ga-category=\"result_click\" data-ga-action=\"5\" data-ga-label=\"34226496\" data-full-article-url=\"from_term=kutalik&amp;from_sort=pubdate&amp;from_size=200&amp;from_pos=5\" data-article-id=\"34226496\">Socio-economic position as a moderator of cardiometabolic outcomes in patients receiving psychotropic treatment associated with weight gain: results from a prospective 12-month inception cohort study and a large population-based cohort. <\/a><span class=\"docsum-authors full-authors\">Dubath C, Gholam-Rezaee M, <strong>Sjaarda J<\/strong>, Levier A, Saigi-Morgui N, Delacr\u00e9taz A, Glatard A, Panczak R, Correll CU, Solida A, Plessen KJ, von Gunten A, <strong>Kutalik Z<\/strong>, Conus P, Eap CB. <\/span><span class=\"docsum-journal-citation full-journal-citation\"><em><strong>Transl Psychiatry<\/strong><\/em>. 2021 Jun 26;11(1):360.\u00a0<\/span><\/p>\n<p>[6] <a class=\"docsum-title\" href=\"https:\/\/pubmed.ncbi.nlm.nih.gov\/34059833\/\" data-ga-category=\"result_click\" data-ga-action=\"1\" data-ga-label=\"34059833\" data-full-article-url=\"from_term=kutalik&amp;from_sort=pubdate&amp;from_size=200&amp;from_pos=1\" data-article-id=\"34059833\">The trans-ancestral genomic architecture of glycemic traits.<\/a> <span class=\"docsum-authors full-authors\">Chen J <em>et al.<\/em> <\/span><span class=\"docsum-journal-citation full-journal-citation\"><em><strong>Nat Genet.<\/strong><\/em> 2021 Jun;53(6):840-860.<\/span><\/p>\n<p>[5] <a class=\"docsum-title\" href=\"https:\/\/pubmed.ncbi.nlm.nih.gov\/33879782\/\" data-ga-category=\"result_click\" data-ga-action=\"1\" data-ga-label=\"33879782\" data-full-article-url=\"from_term=kutalik&amp;from_sort=pubdate&amp;from_size=200&amp;from_pos=1\" data-article-id=\"33879782\">Genomic architecture and prediction of censored time-to-event phenotypes with a Bayesian genome-wide analysis.<\/a> <span class=\"docsum-authors full-authors\"><strong>Ojavee SE<\/strong>, Kousathanas A, Trejo Banos D, Orliac EJ, <strong>Patxot M<\/strong>, L\u00e4ll K, M\u00e4gi R, Fischer K, <strong>Kutalik Z<\/strong>, Robinson MR. <\/span><span class=\"docsum-journal-citation full-journal-citation\"><em><strong>Nat Commun<\/strong><\/em>. 2021 Apr 20;12(1):2337.\u00a0<\/span><\/p>\n<p>[4] <a class=\"docsum-title\" href=\"https:\/\/pubmed.ncbi.nlm.nih.gov\/33737653\/\" data-ga-category=\"result_click\" data-ga-action=\"1\" data-ga-label=\"33737653\" data-full-article-url=\"from_term=kutalik&amp;from_sort=pubdate&amp;from_size=200&amp;from_pos=1\" data-article-id=\"33737653\">Triangulating evidence from longitudinal and Mendelian randomization studies of metabolomic biomarkers for type 2 diabetes.<\/a> <span class=\"docsum-authors full-authors\"><strong>Porcu E<\/strong>, Gilardi F, <strong>Darrous L<\/strong>, Yengo L, Bararpour N, Gasser M, Marques-Vidal P, Froguel P, Waeber G, Thomas A, <strong>Kutalik Z<\/strong>. <\/span><span class=\"docsum-journal-citation full-journal-citation\"><em><strong>Sci Rep<\/strong><\/em>. 2021 Mar 18;11(1):6197.<\/span><\/p>\n<p>[3] <a class=\"docsum-title\" href=\"https:\/\/pubmed.ncbi.nlm.nih.gov\/33542415\/\" data-ga-category=\"result_click\" data-ga-action=\"1\" data-ga-label=\"33542415\" data-full-article-url=\"from_term=kutalik&amp;from_sort=pubdate&amp;from_size=200&amp;from_pos=1\" data-article-id=\"33542415\">Gene regulation contributes to explain the impact of early life socioeconomic disadvantage on adult inflammatory levels in two cohort studies.<\/a> <span class=\"docsum-authors full-authors\">Carmeli C, <strong>Kutalik Z,<\/strong> Mishra PP, <strong>Porcu E<\/strong>, Delpierre C, Delaneau O, Kelly-Irving M, Bochud M, Dhayat NA, Ponte B, Pruijm M, Ehret G, K\u00e4h\u00f6nen M, Lehtim\u00e4ki T, Raitakari OT, Vineis P, Kivim\u00e4ki M, Chadeau-Hyam M, Dermitzakis E, Vuilleumier N, Stringhini S. <\/span><span class=\"docsum-journal-citation full-journal-citation\"><em><strong>Sci Rep<\/strong><\/em>. 2021 Feb 4;11(1):3100.<\/span><\/p>\n<div class=\"docsum-wrap\">\n<div class=\"docsum-content\">\n<p>[2] <a class=\"docsum-title\" href=\"https:\/\/pubmed.ncbi.nlm.nih.gov\/33542229\/\" data-ga-category=\"result_click\" data-ga-action=\"2\" data-ga-label=\"33542229\" data-full-article-url=\"from_term=kutalik&amp;from_sort=pubdate&amp;from_size=200&amp;from_pos=2\" data-article-id=\"33542229\">Obesity and atypical depression symptoms: findings from Mendelian randomization in two European cohorts. <\/a><span class=\"docsum-authors full-authors\" style=\"font-size: 1rem\">Pistis G, Milaneschi Y, Vandeleur CL, Lasserre AM, Penninx BWJH, Lamers F, Boomsma DI, Hottenga JJ, Marques-Vidal P, Vollenweider P, Waeber G, Aubry JM, Preisig M, <strong>Kutalik Z<\/strong>. <\/span><span class=\"docsum-journal-citation full-journal-citation\" style=\"font-size: 1rem\"><em><strong>Transl Psychiatry<\/strong><\/em>. 2021 Feb 4;11(1):96.<\/span><\/p>\n<\/div>\n<\/div>\n<p>[1] <a class=\"docsum-title\" href=\"https:\/\/pubmed.ncbi.nlm.nih.gov\/33517400\/\" data-ga-category=\"result_click\" data-ga-action=\"1\" data-ga-label=\"33517400\" data-full-article-url=\"from_term=kutalik&amp;from_sort=pubdate&amp;from_size=200&amp;from_pos=1\" data-article-id=\"33517400\">Genome-Wide Association Study of Circulating Interleukin 6 Levels Identifies Novel Loci.<\/a> <span class=\"docsum-authors full-authors\">Ahluwalia TS et al. <\/span><span class=\"docsum-journal-citation full-journal-citation\"><em><strong>Hum Mol Genet<\/strong><\/em>. 2021 Jan 30:ddab023. doi: 10.1093\/hmg\/ddab023. Online ahead of prin<\/span><\/p>\n\n\n<p><\/p>\n","protected":false},"excerpt":{"rendered":"<p>[17] Simultaneous estimation of bi-directional causal effects and heritable confounding from GWAS summary statistics. Darrous L*, Mounier N*, Kutalik Z. Nat Commun. 2021 Dec 14;12(1):7274.\u00a0 [16] The power of genetic &hellip; <\/p>\n","protected":false},"author":970,"featured_media":0,"parent":0,"menu_order":0,"comment_status":"closed","ping_status":"closed","template":"","meta":{"_seopress_robots_primary_cat":"","_seopress_titles_title":"","_seopress_titles_desc":"","_seopress_robots_index":"","footnotes":""},"class_list":["post-1469","page","type-page","status-publish"],"_links":{"self":[{"href":"https:\/\/wp.unil.ch\/sgg\/wp-json\/wp\/v2\/pages\/1469","targetHints":{"allow":["GET"]}}],"collection":[{"href":"https:\/\/wp.unil.ch\/sgg\/wp-json\/wp\/v2\/pages"}],"about":[{"href":"https:\/\/wp.unil.ch\/sgg\/wp-json\/wp\/v2\/types\/page"}],"author":[{"embeddable":true,"href":"https:\/\/wp.unil.ch\/sgg\/wp-json\/wp\/v2\/users\/970"}],"replies":[{"embeddable":true,"href":"https:\/\/wp.unil.ch\/sgg\/wp-json\/wp\/v2\/comments?post=1469"}],"version-history":[{"count":0,"href":"https:\/\/wp.unil.ch\/sgg\/wp-json\/wp\/v2\/pages\/1469\/revisions"}],"wp:attachment":[{"href":"https:\/\/wp.unil.ch\/sgg\/wp-json\/wp\/v2\/media?parent=1469"}],"curies":[{"name":"wp","href":"https:\/\/api.w.org\/{rel}","templated":true}]}}