{"id":1028,"date":"2017-01-05T15:36:20","date_gmt":"2017-01-05T14:36:20","guid":{"rendered":"http:\/\/wp.unil.ch\/sgg\/?page_id=1028"},"modified":"2020-03-03T15:39:43","modified_gmt":"2020-03-03T14:39:43","slug":"2017-2","status":"publish","type":"page","link":"https:\/\/wp.unil.ch\/sgg\/publications\/2017-2\/","title":{"rendered":"2017"},"content":{"rendered":"<p>[28]\u00a0<a href=\"https:\/\/www.ncbi.nlm.nih.gov\/pubmed\/29225345\">Common variants at 2q11.2, 8q21.3, and 11q13.2 are associated with major mood disorders.<\/a> Xiao X, Wang L, Wang C, Yuan TF, Zhou D, Zheng F, Li L, Grigoroiu-Serbanescu M, Ikeda M, Iwata N, Takahashi A, Kamatani Y, Kubo M, Preisig M,\u00a0<b>Kutalik<\/b>\u00a0Z, Castelao E, Pistis G, Amin N, van Duijn CM, Forstner AJ, Strohmaier J, Hecker J, Schulze TG, M\u00fcller-Myhsok B, Reif A, Mitchell PB, Martin NG, Schofield PR, Cichon S, N\u00f6then MM, Chang H, Luo XJ, Fang Y, Yao YG, Zhang C, Rietschel M, Li M; Advanced Collaborative Study of Mood Disorder (COSMO) Team, MooDS Bipolar Consortium.\u00a0<em><strong><span class=\"jrnl\" title=\"Translational psychiatry\">Transl Psychiatry<\/span><\/strong><\/em>. 2017 Dec 11;7(12):1273.<\/p>\n<p>[27]\u00a0<a href=\"https:\/\/www.ncbi.nlm.nih.gov\/pubmed\/29194434\">Metabomatching: Using genetic association to identify metabolites in proton NMR spectroscopy.\u00a0<\/a>Rueedi R, Mallol R, Raffler J, <strong>Lamparter D<\/strong>, Friedrich N, Vollenweider P, Waeber G, Kastenm\u00fcller G,\u00a0<b>Kutalik<\/b>\u00a0<strong>Z<\/strong>*, Bergmann S*.\u00a0<span class=\"jrnl\" title=\"PLoS computational biology\"><em><strong>PLoS Comput<\/strong><\/em> Biol<\/span>. 2017 Dec 1;13(12):e1005839.<\/p>\n<p>[26]\u00a0<a href=\"https:\/\/www.ncbi.nlm.nih.gov\/pubmed\/29074586\">Impact of CD14 Polymorphisms on Anti-Apo A-1 (Apolipoprotein A-1) IgG-Related Coronary Artery Disease Prediction in the General Population.\u00a0<\/a>Antiochos P, Marques-Vidal P, Virzi J, Pagano S, Satta N, Hartley O, Montecucco F, Mach F,\u00a0<b>Kutalik<\/b>\u00a0Z, Waeber G, Vollenweider P, Vuilleumier N.\u00a0<em><strong><span class=\"jrnl\" title=\"Arteriosclerosis, thrombosis, and vascular biology\">Arterioscler Thromb Vasc Biol<\/span><\/strong><\/em>.\u00a02017 Dec;37(12):2342-2349.<\/p>\n<p>[25]\u00a0<a href=\"https:\/\/www.ncbi.nlm.nih.gov\/pubmed\/29030599\">Genome-wide meta-analysis associates HLA-DQA1\/DRB1 and LPA and lifestyle factors with human longevity.<\/a> Joshi PK, Pirastu N, Kentistou KA, Fischer K, Hofer E, Schraut KE, Clark DW, Nutile T, Barnes CLK, Timmers PRHJ, Shen X, Gandin I, <strong>McDaid AF<\/strong>, Hansen TF, Gordon SD, Giulianini F, Boutin TS, Abdellaoui A, Zhao W, Medina-Gomez C, Bartz TM, Trompet S, Lange LA, Raffield L, van der Spek A, Galesloot TE, Proitsi P, Yanek LR, Bielak LF, Payton A, Murgia F, Concas MP, Biino G, Tajuddin SM, Sepp\u00e4l\u00e4 I, Amin N, Boerwinkle E, B\u00f8rglum AD, Campbell A, Demerath EW, Demuth I, Faul JD, Ford I, Gialluisi A, G\u00f6gele M, Graff M, Hingorani A, Hottenga JJ, Hougaard DM, Hurme MA, Ikram MA, Jylh\u00e4 M, Kuh D, Ligthart L, Lill CM, Lindenberger U, Lumley T, M\u00e4gi R, Marques-Vidal P, Medland SE, Milani L, Nagy R, Ollier WER, Peyser PA, Pramstaller PP, Ridker PM, Rivadeneira F, Ruggiero D, Saba Y, Schmidt R, Schmidt H, Slagboom PE, Smith BH, Smith JA, Sotoodehnia N, Steinhagen-Thiessen E, van Rooij FJA, Verbeek AL, Vermeulen SH, Vollenweider P, Wang Y, Werge T, Whitfield JB, Zonderman AB, Lehtim\u00e4ki T, Evans MK, Pirastu M, Fuchsberger C, Bertram L, Pendleton N, Kardia SLR, Ciullo M, Becker DM, Wong A, Psaty BM, van Duijn CM, Wilson JG, Jukema JW, Kiemeney L, Uitterlinden AG, Franceschini N, North KE, Weir DR, Metspalu A, Boomsma DI, Hayward C, Chasman D, Martin NG, Sattar N, Campbell H, Esko T,\u00a0<b>Kutalik<\/b>\u00a0Z, Wilson JF.\u00a0<em><strong><span class=\"jrnl\" title=\"Nature communications\">Nat Commun<\/span><\/strong><\/em>. 2017 Oct 13;8(1):910.<\/p>\n<p>[24]\u00a0<a href=\"https:\/\/www.ncbi.nlm.nih.gov\/pubmed\/28963451\">CNV-association meta-analysis in 191,161 European adults reveals new loci associated with anthropometric traits.\u00a0<\/a><strong>Mac\u00e9 A<\/strong>, Tuke MA, Deelen P, Kristiansson K, Mattsson H, N\u00f5ukas M, Sapkota Y, Schick U, <strong>Porcu E, R\u00fceger S, McDaid AF<\/strong>, Porteous D, Winkler TW, Salvi E, Shrine N, Liu X, Ang WQ, Zhang W, Feitosa MF, Venturini C, van der Most PJ, Rosengren A, Wood AR, Beaumont RN, Jones SE, Ruth KS, Yaghootkar H, Tyrrell J, Havulinna AS, Boers H, M\u00e4gi R, Kriebel J, M\u00fcller-Nurasyid M, Perola M, Nieminen M, Lokki ML, K\u00e4h\u00f6nen M, Viikari JS, Geller F, Lahti J, Palotie A, Koponen P, Lundqvist A, Rissanen H, Bottinger EP, Afaq S, Wojczynski MK, Lenzini P, Nolte IM, Spars\u00f8 T, Schupf N, Christensen K, Perls TT, Newman AB, Werge T, Snieder H, Spector TD, Chambers JC, Koskinen S, Melbye M, Raitakari OT, Lehtim\u00e4ki T, Tobin MD, Wain LV, Sinisalo J, Peters A, Meitinger T, Martin NG, Wray NR, Montgomery GW, Medland SE, Swertz MA, Vartiainen E, Borodulin K, M\u00e4nnist\u00f6 S, Murray A, Bochud M, Jacquemont S, Rivadeneira F, Hansen TF, Oldehinkel AJ, Mangino M, Province MA, Deloukas P, Kooner JS, Freathy RM, Pennell C, Feenstra B, Strachan DP, Lettre G, Hirschhorn J, Cusi D, Heid IM, Hayward C, M\u00e4nnik K, Beckmann JS, Loos RJF, Nyholt DR, Metspalu A, Eriksson JG, Weedon MN, Salomaa V, Franke L, Reymond A, Frayling TM*,\u00a0<b>Kutalik<\/b>\u00a0Z*\u00a0<em><strong><span class=\"jrnl\" title=\"Nature communications\">Nat Commun<\/span><\/strong><\/em>. 2017 Sep 29;8(1):744<\/p>\n<p>[23]\u00a0<a href=\"https:\/\/www.ncbi.nlm.nih.gov\/pubmed\/28922377\">C-reactive protein upregulates the whole blood expression of CD59 &#8211; an integrative analysis.<\/a> <strong>Lepik K<\/strong>, Annilo T, Kuku\u0161kina V, Kisand K,\u00a0<b>Kutalik<\/b>\u00a0Z*, Peterson P*, Peterson H*; eQTLGen Consortium.\u00a0<em><strong><span class=\"jrnl\" title=\"PLoS computational biology\">PLoS Comput Biol<\/span><\/strong><\/em>. 2017 Sep 18;13(9):e1005766.<\/p>\n<p>[22]\u00a0<a href=\"https:\/\/www.ncbi.nlm.nih.gov\/pubmed\/28750087\">Risk prediction of developing venous thrombosis in combined oral contraceptive users.\u00a0<\/a><strong>McDaid A<\/strong>, Logette E, Buchillier V, Muriset M, Suchon P, Pache TD, Tanackovic G,\u00a0<b>Kutalik<\/b>\u00a0<strong>Z<\/strong>, Michaud J.\u00a0<em><strong><span class=\"jrnl\" title=\"PloS one\">PLoS One<\/span><\/strong><\/em>. 2017 Jul 27;12(7):e0182041.<\/p>\n<p>[21]\u00a0<a href=\"https:\/\/www.ncbi.nlm.nih.gov\/pubmed\/28749953\">Approaches to detect genetic effects that differ between two strata in genome-wide meta-analyses: Recommendations based on a systematic evaluation.\u00a0<\/a>Winkler TW, Justice AE, Cupples LA, Kronenberg F,\u00a0<b>Kutalik<\/b>\u00a0<strong>Z<\/strong>*, Heid IM*; GIANT consortium.\u00a0<em><strong><span class=\"jrnl\" title=\"PloS one\">PLoS One<\/span><\/strong><\/em>. 2017 Jul 27;12(7):e0181038.<\/p>\n<p>[20]\u00a0<a href=\"https:\/\/www.ncbi.nlm.nih.gov\/pubmed\/28748955\">Bayesian association scan reveals loci associated with human lifespan and linked biomarkers.<\/a> <strong>McDaid AF<\/strong>, Joshi PK, <strong>Porcu E<\/strong>, Komljenovic A, Li H, Sorrentino V, Litovchenko M, Bevers RPJ, <strong>R\u00fceger S<\/strong>, Reymond A, Bochud M, Deplancke B, Williams RW, Robinson-Rechavi M, Paccaud F, Rousson V, Auwerx J, Wilson JF,\u00a0<b>Kutalik<\/b>\u00a0<strong>Z<\/strong>.\u00a0<em><strong><span class=\"jrnl\" title=\"Nature communications\">Nat Commun<\/span><\/strong><\/em>. 2017 Jul 27;8:15842.<\/p>\n<p>[19]\u00a0<a href=\"https:\/\/www.ncbi.nlm.nih.gov\/pubmed\/28724990\">Large meta-analysis of genome-wide association studies identifies five loci for lean body mass.<\/a> Zillikens MC, Demissie S, Hsu YH, Yerges-Armstrong LM, Chou WC, Stolk L, Livshits G, Broer L, Johnson T, Koller DL,\u00a0<b>Kutalik<\/b>\u00a0Z, [&#8230;], Kiel DP.\u00a0<em><strong><span class=\"jrnl\" title=\"Nature communications\">Nat Commun<\/span><\/strong><\/em>. 2017 Jul 19;8(1):80.<\/p>\n<p>[18]\u00a0<a href=\"https:\/\/www.ncbi.nlm.nih.gov\/pubmed\/28642257\">Interaction between the <i>FTO<\/i> gene, body mass index and depression: meta-analysis of 13701 individuals.\u00a0<\/a>Rivera M et al.\u00a0<em><strong><span class=\"jrnl\" title=\"The British journal of psychiatry : the journal of mental science\">Br J Psychiatry<\/span><\/strong><\/em>.\u00a02017 Aug;211(2):70-76.<\/p>\n<div class=\"supp\">\n<p>[17]\u00a0<a href=\"https:\/\/www.ncbi.nlm.nih.gov\/pubmed\/28458671\">Anti-Apolipoprotein A-1 IgG Predict All-Cause Mortality and Are Associated with Fc Receptor-Like 3 Polymorphisms.<\/a>\u00a0Antiochos P, Marques-Vidal P, Virzi J, Pagano S, Satta N, Hartley O, Montecucco F, Mach F, <b>Kutalik<\/b> Z, Waeber G, Vollenweider P, Vuilleumier N.\u00a0<em><strong><span class=\"jrnl\" title=\"Frontiers in immunology\">Front Immunol<\/span><\/strong><\/em>. 2017 Apr 18;8:437.<\/p>\n<\/div>\n<p>[16]\u00a0<a href=\"https:\/\/www.ncbi.nlm.nih.gov\/pubmed\/28452372\">1000 Genomes-based meta-analysis identifies 10 novel loci for kidney function.<\/a>\u00a0Gorski M, et al.\u00a0<em><strong><span class=\"jrnl\" title=\"Scientific reports\">Sci Rep<\/span><\/strong><\/em>. 2017 Apr 28;7:45040.<\/p>\n<p>[15]\u00a0<a href=\"https:\/\/www.ncbi.nlm.nih.gov\/pubmed\/28448500\">Genome-wide physical activity interactions in adiposity &#8211; A meta-analysis of 200,452 adults.<\/a>\u00a0Graff M, Scott RA, Justice AE, Young KL, Feitosa MF, Barata L, Winkler TW, Chu AY, Mahajan A, Hadley D, Xue L, Workalemahu T, Heard-Costa NL, den Hoed M, Ahluwalia TS, Qi Q, Ngwa JS, Renstr\u00f6m F, Quaye L, Eicher JD, Hayes JE, Cornelis M, <b>Kutalik<\/b> Z, [&#8230;252 authors&#8230;], Borecki IB, Franks PW, North KE, Cupples LA, Loos RJF, Kilpel\u00e4inen TO.\u00a0<em><strong><span class=\"jrnl\" title=\"PLoS genetics\">PLoS Genet<\/span><\/strong><\/em>. 2017 Apr 27;13(4):e1006528.<\/p>\n<p>[14]\u00a0<a href=\"https:\/\/www.ncbi.nlm.nih.gov\/pubmed\/28443625\">Genome-wide meta-analysis of 241,258 adults accounting for smoking behaviour identifies novel loci for obesity traits.<\/a>\u00a0Justice AE,* Winkler TW*, Feitosa MF, Graff M, Fisher VA, Young K, Barata L, Deng X, Czajkowski J, Hadley D, Ngwa JS, Ahluwalia TS, Chu AY, Heard-Costa NL, Lim E, Perez J, Eicher JD, <b>Kutalik<\/b> Z, [&#8230;296 authors&#8230;], Borecki IB, North KE, Cupples LA.\u00a0<em><strong><span class=\"jrnl\" title=\"Nature communications\">Nat Commun<\/span><\/strong><\/em>. 2017 Apr 26;8:14977.<\/p>\n<p>[13]\u00a0<a href=\"https:\/\/www.ncbi.nlm.nih.gov\/pubmed\/28436984\">Genomic analyses identify hundreds of variants associated with age at menarche and support a role for puberty timing in cancer risk.<\/a>\u00a0Day FR et al.\u00a0<em><strong><span class=\"jrnl\" title=\"Nature genetics\">Nat Genet<\/span><\/strong><\/em>.\u00a02017 Jun;49(6):834-841.<\/p>\n<p>[12]\u00a0<a href=\"https:\/\/www.ncbi.nlm.nih.gov\/pubmed\/28379351\">SQC: Secure Quality Control for Meta-Analysis of Genome-Wide Association Studies.<\/a>\u00a0Huang Z, Lin H, Fellay J, <b>Kutalik<\/b> Z, Hubaux JP.\u00a0<em><strong><span class=\"jrnl\" title=\"Bioinformatics (Oxford, England)\">Bioinformatics<\/span><\/strong><\/em>.\u00a02017 Aug 1;33(15):2273-2280.<\/p>\n<p>[11]\u00a0<a href=\"https:\/\/www.ncbi.nlm.nih.gov\/pubmed\/28360221\"><i>NFAT5<\/i> and <i>SLC4A10<\/i> Loci Associate with Plasma Osmolality<\/a>\u00a0B\u00f6ger CA et al. \u00a0<em><strong><span class=\"jrnl\" title=\"Journal of the American Society of Nephrology : JASN\">J Am Soc Nephrol<\/span>.<\/strong><\/em>\u00a02017 Aug;28(8):2311-2321.<\/p>\n<p>[10]\u00a0<a href=\"https:\/\/www.ncbi.nlm.nih.gov\/pubmed\/28272467\">Meta-analysis identifies novel risk loci and yields systematic insights into the biology of male-pattern baldness.<\/a>\u00a0Heilmann-Heimbach S, Herold C, Hochfeld LM, Hillmer AM, Nyholt DR, Hecker J, Javed A, Chew EG, Pechlivanis S, Drichel D, Heng XT, Del Rosario RC, Fier HL, Paus R, Rueedi R, Galesloot TE, Moebus S, Anhalt T, Prabhakar S, Li R, Kanoni S, Papanikolaou G, <b>Kutalik<\/b> Z, Deloukas P, Philpott MP, Waeber G, Spector TD, Vollenweider P, Kiemeney LA, Dedoussis G, Richards JB, Nothnagel M, Martin NG, Becker T, Hinds DA, N\u00f6then MM.\u00a0<em><strong><span class=\"jrnl\" title=\"Nature communications\">Nat Commun<\/span><\/strong><\/em>. 2017 Mar 8;8:14694.<\/p>\n<p>[9]\u00a0<a href=\"https:\/\/www.ncbi.nlm.nih.gov\/pubmed\/28261910\">A Systematic Review and Meta-Analysis of HCV Clearance.<\/a>\u00a0Gauthiez E, Habfast-Robertson I, <strong>R\u00fceger S<\/strong>, <b>Kutalik<\/b> Z, Aubert V, Berg T, Cerny A, Gorgievski M, George J, Heim MH, Malinverni R, Moradpour D, M\u00fcllhaupt B, Negro F, Semela D, Semmo N, Villard J, Bibert S, Bochud PY; Swiss Hepatitis C Cohort Study.\u00a0<em><strong><span class=\"jrnl\" title=\"Liver international : official journal of the International Association for the Study of the Liver\">Liver Int<\/span><\/strong><\/em>. 2017 Oct;37(10):1431-1445.<\/p>\n<p>[8]\u00a0<a href=\"https:\/\/www.ncbi.nlm.nih.gov\/pubmed\/28249171\">cis-Acting Complex-Trait-Associated lincRNA Expression Correlates with Modulation of Chromosomal Architecture.<\/a>\u00a0Tan JY, Smith AA, Ferreira da Silva M, Matthey-Doret C, Rueedi R, S\u00f6nmez R, Ding D, <b>Kutalik<\/b> Z, Bergmann S, Marques AC.\u00a0<em><strong><span class=\"jrnl\" title=\"Cell reports\">Cell Rep<\/span><\/strong><\/em>. 2017 Feb 28;18(9):2280-2288.<\/p>\n<p>[7]\u00a0<a href=\"https:\/\/www.ncbi.nlm.nih.gov\/pubmed\/28146470\">Rare and low-frequency coding variants alter human adult height.<\/a>\u00a0Marouli E, Graff M, Medina-Gomez C, Lo KS, Wood AR, Kjaer TR, Fine RS, Lu Y, Schurmann C, Highland HM, <strong>R\u00fceger S<\/strong>, Thorleifsson G, Justice AE, <strong>Lamparter D<\/strong>, [&#8230;351 authors&#8230;],\u00a0<b>Kutalik<\/b> Z*, Rivadeneira F*, Loos RJ*, Frayling TM*, Hirschhorn JN*, Deloukas P*, Lettre G.*\u00a0<em><strong><span class=\"jrnl\" title=\"Nature\">Nature<\/span>.<\/strong><\/em> 2017 Feb 9;542(7640):186-190.<\/p>\n<p>[6] <a href=\"https:\/\/www.ncbi.nlm.nih.gov\/pubmed\/28118358\">Genome-Wide Association between Transcription Factor Expression and Chromatin Accessibility Reveals Regulators of Chromatin Accessibility.<\/a>\u00a0<strong>Lamparter D<\/strong>, Marbach D, Rueedi R, Bergmann S, <b>Kutalik<\/b> Z.\u00a0<em><strong><span class=\"jrnl\" title=\"PLoS computational biology\">PLoS Comput Biol<\/span><\/strong><\/em>. 2017 Jan 24;13(1):e1005311.<\/p>\n<p>[5]\u00a0<a href=\"https:\/\/www.ncbi.nlm.nih.gov\/pubmed\/28073954\">Gene-obesogenic environment interactions in the UK Biobank study.<\/a>\u00a0Tyrrell J, Wood AR, Ames RM, Yaghootkar H, Beaumont RN, Jones SE, Tuke MA, Ruth KS, Freathy RM, Davey Smith G, Joost S, Guessous I, Murray A, Strachan DP, <b>Kutalik<\/b> Z, Weedon MN, Frayling TM.\u00a0<em><strong><span class=\"jrnl\" title=\"International journal of epidemiology\">Int J Epidemiol<\/span><\/strong><\/em>.2017 Apr 1;46(2):559-575.<\/p>\n<p>[4]\u00a0<a href=\"https:\/\/www.ncbi.nlm.nih.gov\/pubmed\/28040731\">Quantifying the extent to which index event biases influence large genetic association studies.<\/a>\u00a0Yaghootkar H, Bancks MP, Jones SE, <strong>McDaid A<\/strong>, Beaumont R, Donnelly L, Wood AR, Campbell A, Tyrrell J, Hocking LJ, Tuke MA, Ruth KS, Pearson ER, Murray A, Freathy RM, Munroe PB, Hayward C, Palmer C, Weedon MN, Pankow JS, Frayling TM*, <b>Kutalik<\/b> Z*.\u00a0<em><strong><span class=\"jrnl\" title=\"Human molecular genetics\">Hum Mol Genet<\/span><\/strong><\/em>. 2017 Mar 1;26(5):1018-1030<\/p>\n<p>[3]\u00a0<a href=\"https:\/\/www.ncbi.nlm.nih.gov\/pubmed\/28049566\">An Analysis of Two Genome-wide Association Meta-analyses Identifies a New Locus for Broad Depression Phenotype.<\/a>\u00a0Direk N et al.\u00a0<em><strong><span class=\"jrnl\" title=\"Biological psychiatry\">Biol Psychiatry<\/span><\/strong><\/em>.\u00a02017 Sep 1;82(5):322-329.<\/p>\n<p>[2]\u00a0<a href=\"https:\/\/www.ncbi.nlm.nih.gov\/pubmed\/27519822\">Genome-wide Association for Major Depression Through Age at Onset Stratification: Major Depressive Disorder Working Group of the Psychiatric Genomics Consortium.<\/a>\u00a0Power RA, Tansey KE, Buttensch\u00f8n HN, Cohen-Woods S, Bigdeli T, Hall LS, <b>Kutalik<\/b> Z, [&#8230;69 authors&#8230;], Breen G, Lewis CM.\u00a0<em><strong><span class=\"jrnl\" title=\"Biological psychiatry\">Biol Psychiatry<\/span>.<\/strong><\/em>\u00a02017 Feb 15;81(4):325-335<\/p>\n<p>[1]\u00a0<a href=\"https:\/\/www.ncbi.nlm.nih.gov\/pubmed\/26644205\">CRTC2 polymorphism as a risk factor for the incidence of metabolic syndrome in patients with solid organ transplantation.<\/a>\u00a0Quteineh L, Bochud PY, Golshayan D, Crettol S, Venetz JP, Manuel O, <b>Kutalik<\/b> Z, Treyer A, Lehmann R, Mueller NJ, Binet I, van Delden C, Steiger J, Mohacsi P, Dufour JF, Soccal PM, Pascual M, Eap CB; and The Swiss Transplant Cohort Study.\u00a0<em><strong><span class=\"jrnl\" title=\"The pharmacogenomics journal\">Pharmacogenomics J<\/span>.<\/strong><\/em>\u00a02017 Jan;17(1):69-75.<\/p>\n","protected":false},"excerpt":{"rendered":"<p>[28]\u00a0Common variants at 2q11.2, 8q21.3, and 11q13.2 are associated with major mood disorders. Xiao X, Wang L, Wang C, Yuan TF, Zhou D, Zheng F, Li L, Grigoroiu-Serbanescu M, Ikeda &hellip; <\/p>\n","protected":false},"author":970,"featured_media":0,"parent":71,"menu_order":0,"comment_status":"closed","ping_status":"closed","template":"","meta":{"_seopress_robots_primary_cat":"","_seopress_titles_title":"","_seopress_titles_desc":"","_seopress_robots_index":"","footnotes":""},"class_list":["post-1028","page","type-page","status-publish"],"_links":{"self":[{"href":"https:\/\/wp.unil.ch\/sgg\/wp-json\/wp\/v2\/pages\/1028","targetHints":{"allow":["GET"]}}],"collection":[{"href":"https:\/\/wp.unil.ch\/sgg\/wp-json\/wp\/v2\/pages"}],"about":[{"href":"https:\/\/wp.unil.ch\/sgg\/wp-json\/wp\/v2\/types\/page"}],"author":[{"embeddable":true,"href":"https:\/\/wp.unil.ch\/sgg\/wp-json\/wp\/v2\/users\/970"}],"replies":[{"embeddable":true,"href":"https:\/\/wp.unil.ch\/sgg\/wp-json\/wp\/v2\/comments?post=1028"}],"version-history":[{"count":0,"href":"https:\/\/wp.unil.ch\/sgg\/wp-json\/wp\/v2\/pages\/1028\/revisions"}],"up":[{"embeddable":true,"href":"https:\/\/wp.unil.ch\/sgg\/wp-json\/wp\/v2\/pages\/71"}],"wp:attachment":[{"href":"https:\/\/wp.unil.ch\/sgg\/wp-json\/wp\/v2\/media?parent=1028"}],"curies":[{"name":"wp","href":"https:\/\/api.w.org\/{rel}","templated":true}]}}