{"id":6,"date":"2017-10-11T10:32:19","date_gmt":"2017-10-11T08:32:19","guid":{"rendered":"http:\/\/wp.unil.ch\/serendip\/?page_id=6"},"modified":"2024-03-17T12:45:56","modified_gmt":"2024-03-17T11:45:56","slug":"accueil","status":"publish","type":"page","link":"https:\/\/wp.unil.ch\/serendip\/","title":{"rendered":"Accueil"},"content":{"rendered":"<h3>Programmation 2024<\/h3>\n<p class=\"x_elementToProof\"><b>Prochain itin\u00e9raire<\/b><\/p>\n<h2 class=\"x_elementToProof\"><b>mardi 26 mars 2024, 17:15, <\/b>Le Forum (Amphipole)<\/h2>\n<h2 class=\"x_elementToProof\"><span style=\"color: #33cccc\"><b>Une libert\u00e9 acad\u00e9mique en d\u00e9clin en Suisse et dans le monde, que d\u00e9fendre, pourquoi et comment?<\/b><\/span><\/h2>\n<p class=\"x_elementToProof\">la r\u00e9flexion sera initi\u00e9e \u00e0 partir d&rsquo;une vid\u00e9o (16mn) sur<\/p>\n<h1 class=\"x_elementToProof\">\u00ab\u00a0La libert\u00e9 acad\u00e9mique en d\u00e9clin sur la plan\u00e8te &#8211; Facult\u00e9s en alerte?\u00a0\u00bb<\/h1>\n<div class=\"x_elementToProof\">R\u00e9alis\u00e9e par <span style=\"color: #000000\"><strong>Savoir M\u00e9dia<\/strong><\/span> en collaboration avec la <span style=\"color: #000000\"><strong>F\u00e9d\u00e9ration qu\u00e9b\u00e9coise des professeures et professeurs d\u2019universit\u00e9 (FQPPU)<\/strong><\/span><\/div>\n<p>_____________________________________________________________________________________________________________________________________________________<\/p>\n<p><strong>Le Cercle de Serendip.<\/strong> Fabrique de la science et \u00e9loge de la s\u00e9rendipit\u00e9 &#8211; un espace-temps pour cr\u00e9er de la convivialit\u00e9 entre chercheurs sous la forme de rencontre\/partage d\u2019exp\u00e9riences sur les formes d\u2019\u00e9mergence de l\u2019innovation et des d\u00e9couvertes scientifiques.<\/p>\n<p>Force est de constater que de nombreuses d\u00e9couvertes scientifiques ou inventions techniques sont issues d\u2019une forme ou d\u2019une autre de s\u00e9rendipit\u00e9 : c\u2019est ce fil l\u00e0 que nous voulons tirer avec les chercheurs\u00b7euses int\u00e9ress\u00e9\u00b7es et partager dans un esprit et un cadre transdisciplinaires.<\/p>\n<p>Le terme serendipity a \u00e9t\u00e9 forg\u00e9 et propos\u00e9 par l\u2019homme de lettres et collectionneur Horace Walpole, qui venait de r\u00e9soudre une \u00e9nigme. Il explique l\u2019origine de son n\u00e9ologisme dans une lettre de 1754:<\/p>\n<p><em>\u00abJ\u2019ai lu il y a quelque temps un conte de f\u00e9es un peu mi\u00e8vre, intitul\u00e9 \u201cLes trois princes de Serendip\u201d: alors que Leurs Seigneuries voyageaient, elles faisaient sans cesse des d\u00e9couvertes, par accident et sagacit\u00e9, sur des faits qu\u2019elles ne cherchaient pas ; l\u2019un des Princes d\u00e9couvrit par exemple qu\u2019une mule borgne de l\u2019\u0153il droit avait suivi r\u00e9cemment la m\u00eame route, parce que l\u2019herbe avait \u00e9t\u00e9 mang\u00e9e uniquement sur le c\u00f4t\u00e9 gauche, alors qu\u2019elle y \u00e9tait plus maigre que sur le c\u00f4t\u00e9 droit \u2013 maintenant comprenez-vous ce qu\u2019est la Serendipity?\u00bb.<\/em><\/p>\n<h4>Extraits du texte \u00ab\u00a0Les trois princes de Serendip\u00a0\u00bb<\/h4>\n<p><a href=\"https:\/\/wp.unil.ch\/serendip\/files\/2019\/02\/Extraits_Princes_de_Serendip-1.pdf\">Extrait<\/a><\/p>\n","protected":false},"excerpt":{"rendered":"<p>Programmation 2024 Prochain itin\u00e9raire mardi 26 mars 2024, 17:15, Le Forum (Amphipole) Une libert\u00e9 acad\u00e9mique en d\u00e9clin en Suisse et dans le monde, que d\u00e9fendre, pourquoi et comment? la r\u00e9flexion sera initi\u00e9e \u00e0 partir d&rsquo;une vid\u00e9o (16mn) sur \u00ab\u00a0La libert\u00e9<\/p>\n","protected":false},"author":108,"featured_media":0,"parent":0,"menu_order":0,"comment_status":"closed","ping_status":"closed","template":"","meta":{"_seopress_robots_primary_cat":"","_seopress_titles_title":"","_seopress_titles_desc":"","_seopress_robots_index":"","footnotes":""},"class_list":["post-6","page","type-page","status-publish"],"_links":{"self":[{"href":"https:\/\/wp.unil.ch\/serendip\/wp-json\/wp\/v2\/pages\/6","targetHints":{"allow":["GET"]}}],"collection":[{"href":"https:\/\/wp.unil.ch\/serendip\/wp-json\/wp\/v2\/pages"}],"about":[{"href":"https:\/\/wp.unil.ch\/serendip\/wp-json\/wp\/v2\/types\/page"}],"author":[{"embeddable":true,"href":"https:\/\/wp.unil.ch\/serendip\/wp-json\/wp\/v2\/users\/108"}],"replies":[{"embeddable":true,"href":"https:\/\/wp.unil.ch\/serendip\/wp-json\/wp\/v2\/comments?post=6"}],"version-history":[{"count":3,"href":"https:\/\/wp.unil.ch\/serendip\/wp-json\/wp\/v2\/pages\/6\/revisions"}],"predecessor-version":[{"id":336,"href":"https:\/\/wp.unil.ch\/serendip\/wp-json\/wp\/v2\/pages\/6\/revisions\/336"}],"wp:attachment":[{"href":"https:\/\/wp.unil.ch\/serendip\/wp-json\/wp\/v2\/media?parent=6"}],"curies":[{"name":"wp","href":"https:\/\/api.w.org\/{rel}","templated":true}]}}