{"id":174,"date":"2018-07-09T12:43:56","date_gmt":"2018-07-09T10:43:56","guid":{"rendered":"http:\/\/wp.unil.ch\/serendip\/?page_id=174"},"modified":"2024-03-17T12:53:45","modified_gmt":"2024-03-17T11:53:45","slug":"actualite","status":"publish","type":"page","link":"https:\/\/wp.unil.ch\/serendip\/actualite\/","title":{"rendered":"Actualit\u00e9"},"content":{"rendered":"<p class=\"x_elementToProof\"><b>Prochain itin\u00e9raire<\/b><\/p>\n<h2 class=\"x_elementToProof\"><b>mardi 26 mars 2024, 17:15, <\/b>Le Forum (Amphipole)<\/h2>\n<h2 class=\"x_elementToProof\"><span style=\"color: #33cccc\"><b>Une libert\u00e9 acad\u00e9mique en d\u00e9clin en Suisse et dans le monde, que d\u00e9fendre, pourquoi et comment?<\/b><\/span><\/h2>\n<h2 class=\"x_elementToProof\">la r\u00e9flexion sera initi\u00e9e \u00e0 partir d&rsquo;une vid\u00e9o (16mn) sur<\/h2>\n<h1 class=\"x_elementToProof\">\u00ab\u00a0La libert\u00e9 acad\u00e9mique en d\u00e9clin sur la plan\u00e8te &#8211; Facult\u00e9s en alerte?\u00a0\u00bb<\/h1>\n<div class=\"x_elementToProof\">R\u00e9alis\u00e9e par <span style=\"color: #000000\"><strong>Savoir M\u00e9dia<\/strong><\/span> en collaboration avec la <span style=\"color: #000000\"><strong>F\u00e9d\u00e9ration qu\u00e9b\u00e9coise des professeures et professeurs d\u2019universit\u00e9 (FQPPU)<\/strong><\/span><\/div>\n<div><\/div>\n<div>\n<ul>\n<li>\n<div class=\"x_elementToProof\">Partage par des signataires de la <b>Lettre ouverte : Pour la d\u00e9fense de la libert\u00e9 acad\u00e9mique en Suisse<\/b>\u00a0qui circule actuellement <a id=\"LPlnk\" title=\"https:\/\/www.academicfreedom.ch\/\" href=\"https:\/\/www.academicfreedom.ch\/\" target=\"_blank\" rel=\"noopener noreferrer\" data-auth=\"NotApplicable\" data-linkindex=\"1\">www.academicfreedom.ch<\/a>\u00a0de leurs exp\u00e9riences et r\u00e9flexions et motivations<\/div>\n<div class=\"x__Entity x__EType_OWALinkPreview x__EId_OWALinkPreview_1 x__EReadonly_1\">\n<div id=\"LPBorder_GTaHR0cDovL3d3dy5hY2FkZW1pY2ZyZWVkb20uY2gv\" class=\"x_LPBorder340684\">\n<table id=\"LPContainer340684\" role=\"presentation\">\n<tbody>\n<tr valign=\"top\">\n<td>\n<div id=\"LPTitle340684\"><a id=\"LPUrlAnchor340684\" href=\"https:\/\/www.academicfreedom.ch\/\" target=\"_blank\" rel=\"noopener noreferrer\" data-auth=\"NotApplicable\" data-linkindex=\"2\">Open Letter | In defense of academic freedom in Switzerland<\/a><\/div>\n<div id=\"LPDescription340684\">This letter was co-authored by several members of University of Bern in collaboration with colleagues from Universities of Basel, Lausanne, and Z\u00fcrich.<\/div>\n<div id=\"LPMetadata340684\"><a class=\"ms-outlook-linkify\" href=\"https:\/\/www.academicfreedom.ch\/\" target=\"_blank\" rel=\"noopener\">www.academicfreedom.ch<\/a><\/div>\n<\/td>\n<\/tr>\n<\/tbody>\n<\/table>\n<\/div>\n<\/div>\n<\/li>\n<\/ul>\n<\/div>\n<p style=\"font-weight: 400\">\n<h3 class=\"x_elementToProof\">Pistes de lecture; outre le site mentionn\u00e9 ci-dessus et \u00e0 titre purement indicatif sans pr\u00e9tention \u00e0 aucune exhausitivit\u00e9:<\/h3>\n<ul data-editing-info=\"{&quot;orderedStyleType&quot;:1,&quot;unorderedStyleType&quot;:2}\">\n<li>\n<h4 class=\"x_elementToProof\">Olivier Beaud Le Savoir en danger. <i>Menaces sur la libert\u00e9 acad\u00e9mique<\/i>\u00a0(Presses universitaires de France, 2021, 348 pages)<\/h4>\n<\/li>\n<li>\n<h4 class=\"x_elementToProof\">Akeel Bilgrami, Jonathan R. Cole ed. <i>Who&rsquo;s Afraid of Academic Freedom\u00a0?<\/i>\u00a0(Columbia University Press, 2015)<\/h4>\n<\/li>\n<li>\n<h4 class=\"x_elementToProof\">&#8230;<\/h4>\n<\/li>\n<\/ul>\n<h3><strong>De nouvelles dates vont \u00eatre annonc\u00e9es pour 2024. Au plaisir de vous y voir bient\u00f4t!<\/strong><\/h3>\n<h3>Nous avons des id\u00e9es de th\u00e8mes en abondance\u2026 mais voulons privil\u00e9gier vos propositions!<\/h3>\n<h4>Si vous avez des propositions d&rsquo;itin\u00e9raires ou d&rsquo;interventions ult\u00e9rieures, merci de nous les communiquer <a href=\"mailto:serendip@unil.ch\">ici<\/a>\u00a0par exemple sous l&rsquo;un de ces formats :<\/h4>\n<div>\u2022 Forums Itin\u00e9rants de Recherche \u2013 chacun annonce \u00e0 l\u2019avance la pr\u00e9sentation d\u2019un ou plusieurs \u00e9l\u00e9ments de sa recherche (x pr\u00e9sentations de 5\u2019)<\/div>\n<div>\u2022 Forums \u2013 Visites th\u00e9matiques \u2013 exploration approfondie d\u2019un th\u00e8me<\/div>\n<div>\u2022 Cin\u00e9Dialogues\u2013 Panoramas &#8211; discussion \u00e0 partir d\u2019une projection, d\u2019un support choisi, d\u2019une d\u00e9monstration<\/div>\n<div>\u2022 Rencontres opportunes \u2013 invitation(s)<\/div>\n<div>\u2022 Voyages sur sites \u2013 rencontres dans un lieu choisi<\/div>\n<p><strong>N&rsquo;h\u00e9sitez pas \u00e0 relire \u00ab\u00a0Les aventures des trois Princes de Serendip\u00a0\u00bb, qui voyageaient si bien <\/strong><\/p>\n","protected":false},"excerpt":{"rendered":"<p>Prochain itin\u00e9raire mardi 26 mars 2024, 17:15, Le Forum (Amphipole) Une libert\u00e9 acad\u00e9mique en d\u00e9clin en Suisse et dans le monde, que d\u00e9fendre, pourquoi et comment? la r\u00e9flexion sera initi\u00e9e \u00e0 partir d&rsquo;une vid\u00e9o (16mn) sur \u00ab\u00a0La libert\u00e9 acad\u00e9mique en<\/p>\n","protected":false},"author":953,"featured_media":0,"parent":0,"menu_order":0,"comment_status":"closed","ping_status":"closed","template":"","meta":{"_seopress_robots_primary_cat":"","_seopress_titles_title":"","_seopress_titles_desc":"","_seopress_robots_index":"","footnotes":""},"class_list":["post-174","page","type-page","status-publish"],"_links":{"self":[{"href":"https:\/\/wp.unil.ch\/serendip\/wp-json\/wp\/v2\/pages\/174","targetHints":{"allow":["GET"]}}],"collection":[{"href":"https:\/\/wp.unil.ch\/serendip\/wp-json\/wp\/v2\/pages"}],"about":[{"href":"https:\/\/wp.unil.ch\/serendip\/wp-json\/wp\/v2\/types\/page"}],"author":[{"embeddable":true,"href":"https:\/\/wp.unil.ch\/serendip\/wp-json\/wp\/v2\/users\/953"}],"replies":[{"embeddable":true,"href":"https:\/\/wp.unil.ch\/serendip\/wp-json\/wp\/v2\/comments?post=174"}],"version-history":[{"count":3,"href":"https:\/\/wp.unil.ch\/serendip\/wp-json\/wp\/v2\/pages\/174\/revisions"}],"predecessor-version":[{"id":338,"href":"https:\/\/wp.unil.ch\/serendip\/wp-json\/wp\/v2\/pages\/174\/revisions\/338"}],"wp:attachment":[{"href":"https:\/\/wp.unil.ch\/serendip\/wp-json\/wp\/v2\/media?parent=174"}],"curies":[{"name":"wp","href":"https:\/\/api.w.org\/{rel}","templated":true}]}}