{"id":169,"date":"2018-07-09T12:19:51","date_gmt":"2018-07-09T10:19:51","guid":{"rendered":"http:\/\/wp.unil.ch\/serendip\/?page_id=169"},"modified":"2019-02-06T13:56:15","modified_gmt":"2019-02-06T12:56:15","slug":"membership","status":"publish","type":"page","link":"https:\/\/wp.unil.ch\/serendip\/membership\/","title":{"rendered":"Membership"},"content":{"rendered":"<p>Le Cercle s&rsquo;adresse avant tout \u00e0 des chercheur\u00b7e\u00b7s juniors et seniors de l&rsquo;UNIL.<\/p>\n<p>L&rsquo;adh\u00e9sion au Cercle et \u00e0 ses principes suppose l&rsquo;acceptation implicite de la\u00a0<a href=\"https:\/\/wp.unil.ch\/serendip\/charte\/\">Charte du Cercle.\u00a0<\/a>Tout\u00b7e membre du Cercle conna\u00eet et respecte cette Charte.<\/p>\n<p>Une fois confirm\u00e9e votre premi\u00e8re pr\u00e9sence et adh\u00e9sion \u00e0 l&rsquo;une de nos manifestations (<a href=\"mailto:serendip@unil.ch\">je m&rsquo;inscris<\/a>), vous figurerez dans notre liste de diffusion serendip-liste et recevrez r\u00e9guli\u00e8rement nos invitations aux activit\u00e9s du Cercle.<\/p>\n<p>Sont ensuite consid\u00e9r\u00e9es membres du Cercle toutes les personnes pr\u00e9sentes lors d\u2019une manifestation du Cercle, m\u00eame ponctuellement ou partiellement. Ce membership <em>de facto <\/em>s\u2019\u00e9teint \u00e0 l\u2019issue de chaque manifestation et se renouvelle informellement \u00e0 chaque pr\u00e9sence \u00e0 une de ses r\u00e9unions.<\/p>\n<p>L\u2019appartenance au Cercle n\u2019entra\u00eene aucune autre contrainte que celle de contribuer \u00e0 son bon fonctionnement par sa pr\u00e9sence, par ses interventions ou par tout autre apport constructif.<\/p>\n<p>Les membres ont la possibilit\u00e9 de parrainer un\u00b7e ou deux chercheur\u00b7e\u00b7s ou jeunes chercheur\u00b7e\u00b7s: \u00e0 cette fin, nous \u00e9crire \u00e0 l&rsquo;adresse <a href=\"mailto:serendip@unil.ch\">serendip@unil.ch<\/a><\/p>\n<p>Chaque membre accepte de figurer dans la liste de diffusion du Cercle et peut demander \u00e0 tout moment \u00e0 en \u00eatre retir\u00e9 (<a href=\"mailto:serendip@unil.ch\">serendip@unil.ch<\/a>).<\/p>\n","protected":false},"excerpt":{"rendered":"<p>Le Cercle s&rsquo;adresse avant tout \u00e0 des chercheur\u00b7e\u00b7s juniors et seniors de l&rsquo;UNIL. L&rsquo;adh\u00e9sion au Cercle et \u00e0 ses principes suppose l&rsquo;acceptation implicite de la\u00a0Charte du Cercle.\u00a0Tout\u00b7e membre du Cercle conna\u00eet et respecte cette Charte. Une fois confirm\u00e9e votre premi\u00e8re<\/p>\n","protected":false},"author":953,"featured_media":0,"parent":0,"menu_order":0,"comment_status":"closed","ping_status":"closed","template":"","meta":{"_seopress_robots_primary_cat":"","_seopress_titles_title":"","_seopress_titles_desc":"","_seopress_robots_index":"","footnotes":""},"class_list":["post-169","page","type-page","status-publish"],"_links":{"self":[{"href":"https:\/\/wp.unil.ch\/serendip\/wp-json\/wp\/v2\/pages\/169","targetHints":{"allow":["GET"]}}],"collection":[{"href":"https:\/\/wp.unil.ch\/serendip\/wp-json\/wp\/v2\/pages"}],"about":[{"href":"https:\/\/wp.unil.ch\/serendip\/wp-json\/wp\/v2\/types\/page"}],"author":[{"embeddable":true,"href":"https:\/\/wp.unil.ch\/serendip\/wp-json\/wp\/v2\/users\/953"}],"replies":[{"embeddable":true,"href":"https:\/\/wp.unil.ch\/serendip\/wp-json\/wp\/v2\/comments?post=169"}],"version-history":[{"count":0,"href":"https:\/\/wp.unil.ch\/serendip\/wp-json\/wp\/v2\/pages\/169\/revisions"}],"wp:attachment":[{"href":"https:\/\/wp.unil.ch\/serendip\/wp-json\/wp\/v2\/media?parent=169"}],"curies":[{"name":"wp","href":"https:\/\/api.w.org\/{rel}","templated":true}]}}