{"id":13,"date":"2017-10-11T10:33:46","date_gmt":"2017-10-11T08:33:46","guid":{"rendered":"http:\/\/wp.unil.ch\/serendip\/?page_id=13"},"modified":"2022-11-22T16:26:22","modified_gmt":"2022-11-22T15:26:22","slug":"presentation","status":"publish","type":"page","link":"https:\/\/wp.unil.ch\/serendip\/presentation\/","title":{"rendered":"Pr\u00e9sentation"},"content":{"rendered":"<p><strong>Concept: <\/strong>un\u00a0\u00ab\u00a0faculty club\u00a0\u00bb \u00a0destin\u00e9 en priorit\u00e9 aux chercheurs\u00b7e\u00b7s juniors et seniors de l\u2019UNIL. Rencontre informelle autour d\u2019un ap\u00e9ritif ou buffet et un partage \u00e0 partir d\u2019une ou deux interventions, du visionnement d\u2019un film, d\u2019une d\u00e9monstration, etc. Cet espace peut aussi \u00eatre enrichi d\u2019un\u00b7e ou deux invit\u00e9\u00b7e\u00b7s de diff\u00e9rents domaines hors du milieu acad\u00e9mique: arts, cuisine, industrie, pour faire d\u00e9couvrir de nouvelles formes artistiques, go\u00fbts nouveaux, technologies nouvelles, etc\u2026<\/p>\n<p><strong>Rythme: <\/strong>4-5 fois par an.<\/p>\n<p><strong>Lieu: <\/strong>g\u00e9n\u00e9ralement, Le Forum (ancien Anthropos Caf\u00e9), Amphip\u00f4le, UNIL, site de Dorigny<\/p>\n<p><strong>Organisation: <\/strong>groupe des initiants (R\u00e9my Freymond, Alain Kaufmann, Francesco Panese, Marjolaine Viret).<\/p>\n","protected":false},"excerpt":{"rendered":"<p>Concept: un\u00a0\u00ab\u00a0faculty club\u00a0\u00bb \u00a0destin\u00e9 en priorit\u00e9 aux chercheurs\u00b7e\u00b7s juniors et seniors de l\u2019UNIL. Rencontre informelle autour d\u2019un ap\u00e9ritif ou buffet et un partage \u00e0 partir d\u2019une ou deux interventions, du visionnement d\u2019un film, d\u2019une d\u00e9monstration, etc. Cet espace peut aussi<\/p>\n","protected":false},"author":108,"featured_media":0,"parent":0,"menu_order":0,"comment_status":"closed","ping_status":"closed","template":"","meta":{"_seopress_robots_primary_cat":"","_seopress_titles_title":"","_seopress_titles_desc":"","_seopress_robots_index":"","footnotes":""},"class_list":["post-13","page","type-page","status-publish"],"_links":{"self":[{"href":"https:\/\/wp.unil.ch\/serendip\/wp-json\/wp\/v2\/pages\/13","targetHints":{"allow":["GET"]}}],"collection":[{"href":"https:\/\/wp.unil.ch\/serendip\/wp-json\/wp\/v2\/pages"}],"about":[{"href":"https:\/\/wp.unil.ch\/serendip\/wp-json\/wp\/v2\/types\/page"}],"author":[{"embeddable":true,"href":"https:\/\/wp.unil.ch\/serendip\/wp-json\/wp\/v2\/users\/108"}],"replies":[{"embeddable":true,"href":"https:\/\/wp.unil.ch\/serendip\/wp-json\/wp\/v2\/comments?post=13"}],"version-history":[{"count":0,"href":"https:\/\/wp.unil.ch\/serendip\/wp-json\/wp\/v2\/pages\/13\/revisions"}],"wp:attachment":[{"href":"https:\/\/wp.unil.ch\/serendip\/wp-json\/wp\/v2\/media?parent=13"}],"curies":[{"name":"wp","href":"https:\/\/api.w.org\/{rel}","templated":true}]}}