{"id":125,"date":"2018-07-05T16:42:20","date_gmt":"2018-07-05T14:42:20","guid":{"rendered":"http:\/\/wp.unil.ch\/serendip\/?page_id=125"},"modified":"2024-03-17T12:57:15","modified_gmt":"2024-03-17T11:57:15","slug":"itineraires-precedents","status":"publish","type":"page","link":"https:\/\/wp.unil.ch\/serendip\/itineraires-precedents\/","title":{"rendered":"Itin\u00e9raires pr\u00e9c\u00e9dents"},"content":{"rendered":"<div>\n<p><b>27 f\u00e9vrier 2024, 17:15, <\/b>Le Forum (Amphipole)<\/p>\n<p><b>\u00ab\u00a0Science et g\u00e9opolitique: r\u00e9flexions \u00e0 partir d&rsquo;un partage d&rsquo;exp\u00e9riences\u00a0\u00bb<\/b><\/p>\n<p>initi\u00e9es par<\/p>\n<p><b>Antoine Kernen<\/b><b>\u00a0(UNIL\/ISS) et <\/b><b>Anders Meibom <\/b><b>(UNIL\/EPFL\/ISTE)<\/b><\/p>\n<p>\u00e0 partir d&rsquo;exemples en Chine, en Afrique et en Mer Rouge<\/p>\n<p>_________________________<\/p>\n<p><b>28 f\u00e9vrier 2023, 17:15 (Forum ex-Anthropos Caf\u00e9):<\/b><\/p>\n<p><b>Michael Piotrowski, \u00ab\u00a0L\u2019incertitude historiographique, mal n\u00e9cessaire, ou bien in\u00e9vitable<\/b><b>\u202f<\/b><b>?\u00a0\u00bb<\/b><\/p>\n<p>Nos connaissances du pass\u00e9 sont toujours incompl\u00e8tes. En g\u00e9n\u00e9ral, ce fait est consid\u00e9r\u00e9 comme un d\u00e9fi pour l\u2019historiographie. Mais si c\u2019\u00e9tait une chance\u202f?<\/p>\n<p>Lien vers une conf\u00e9rence et des notes de 2022<\/p>\n<p><a href=\"https:\/\/dynalabs.de\/mxp\/news\/2022-05-12\">https:\/\/dynalabs.de\/mxp\/news\/2022-05-12<\/a><\/p>\n<p>Prof. Dr.-Ing. Michael PiotrowskiProfesseur en humanit\u00e9s num\u00e9riques \u00e0 la Section des sciences du langage et de l\u2019information de la Facult\u00e9 des lettres, UNIL, il s\u2019int\u00e9resse notamment aux humanit\u00e9s num\u00e9riques, comprises comme abstraction et formalisation afin de cr\u00e9er des mod\u00e8les qui peuvent \u00eatre trait\u00e9s et manipul\u00e9s \u00e0 l&rsquo;aide de l&rsquo;ordinateur, et \u00e0 l\u2019ing\u00e9ni\u00e9rie documentaire qui s&rsquo;int\u00e9resse aux principes, outils et processus qui am\u00e9liorent notre capacit\u00e9 \u00e0 cr\u00e9er, g\u00e9rer et maintenir des documents.<\/p>\n<p>__________________________<\/p>\n<p><b>28 mars 2023, 17:15 (Forum ex-Anthropos Caf\u00e9):<\/b><\/p>\n<p><b>Ad\u00e8le Thorens, \u00ab\u00a0Quel engagement pour les chercheurs?\u00a0\u00bb<\/b><\/p>\n<p>Conseill\u00e8re nationale (2007-2019) puis conseill\u00e8re aux Etats (2019-), Ad\u00e8le Thorens s&rsquo;int\u00e9resse principalement \u00e0 la politique environnementale, en particulier la transition \u00e9nerg\u00e9tique, la pr\u00e9servation du climat et la sauvegarde de la biodiversit\u00e9.<\/p>\n<p>__________________________<\/p>\n<p><b>25 avril 2023, 17:15 (Forum ex-Anthropos Caf\u00e9):<\/b><\/p>\n<p><b>Augustin Fragni\u00e8re, \u00ab\u00a0Engagement et neutralit\u00e9 de la science. Discussion autour d&rsquo;un malentendu \u00bb (suite de la th\u00e9matique ouverte avec l\u2019intervention d\u2019Ad\u00e8le Thorens du 28 mars)<\/b><\/p>\n<p>Augustin Fragni\u00e8re travaille au Centre de Comp\u00e9tences en durabilit\u00e9 de l&rsquo;UNIL. Docteur en sciences de l&rsquo;environnement et philosophe, il a men\u00e9 des recherches sur les enjeux \u00e9thiques et politiques des probl\u00e8mes environnementaux globaux. Ses r\u00e9flexions portent en particulier sur les questions de justice climatique et environnementale et sur les th\u00e9ories de la durabilit\u00e9.Il a anim\u00e9 un groupe de travail sur l\u2019engagement des chercheurs sur mandat de la Direction de l\u2019UNIL.<\/p>\n<p>__________________________<\/p>\n<p><b>30 mai 2023, 17:15 (Forum ex-Anthropos Caf\u00e9)<\/b><\/p>\n<p><b>Jean-Loup Chappelet,\u00a0\u00ab\u00a0Les Jeux olympiques comme commun socioculturel global\u00a0\u00bb<\/b><\/p>\n<p>A partir d\u2019une pr\u00e9sentation sur les communs en g\u00e9n\u00e9ral, l\u2019intervenant nous int\u00e9ressera \u00e0 la question particuli\u00e8re des Jeux Olympiques (le sujet est en lien avec un livre \u00e0 para\u00eetre en 2023)<\/p>\n<p>Prof. honoraire, Jean-Loup Chappelet a \u00e9t\u00e9 Professeur ordinaire de management public \u00e0 l&rsquo;IDHEAP depuis 1993, Directeur de l&rsquo;IDHEAP de 2003 \u00e0 2012; ancien cadre du Comit\u00e9 international olympique (1982-1987) et d&rsquo;une grande firme de conseil strat\u00e9gique et informatique (1988-1992).<br \/>\n__________________________<\/p>\n<p><strong>7) Mardi 1er novembre 2022<\/strong><\/p>\n<p><b>La fabrique de l\u2019ignorance comme terrain de jeu:\u00a0<\/b><b>entre cultures num\u00e9riques et\u00a0\u00e9conomie de l\u2019attention.<\/b><\/p>\n<p>avec le<b> Dr. Olivier Glassey<\/b><\/p>\n<div>pour poursuivre les r\u00e9flexions initi\u00e9es dans le Cercle depuis 2018 sur la fabrique de l\u2019ignorance et l\u2019agnotologie<\/div>\n<div><\/div>\n<p><b>6) Itin\u00e9raire <\/b><b>26 novembre 2019<\/b><\/p>\n<p><b>Imaginaire complotiste et fake news<\/b><\/p>\n<p>pour poursuivre les r\u00e9flexions initi\u00e9es dans le Cercle depuis 2018 sur la fabrique de l\u2019ignorance et l\u2019agnotologie<\/p>\n<p>avec la <b>Prof. Laurence Kaufmann<\/b><\/p>\n<p>Professeure ordinaire en sciences sociales \u00e0 la Facult\u00e9 des SSP de l\u2019UNIL<\/p>\n<p>responsable du laboratoire Th\u00e9orie sociale, enqu\u00eate critique, m\u00e9diations, action publique (THEMA)<\/p>\n<p>Pistes de lecture sur le th\u00e8me ici:\u00a0<u><a id=\"LPlnk307183\" class=\"OWAAutoLink\" href=\"https:\/\/wp.unil.ch\/serendip\/actualite\/\">https:\/\/wp.unil.ch\/serendip\/actualite\/<\/a><\/u><\/p>\n<\/div>\n<p><span style=\"font-size: xx-small\"><b><strong><span style=\"color: #0061ff\">5) <\/span><\/strong>Itin\u00e9raire du 9 octobre 2019\u00a0<\/b><\/span><span style=\"font-size: xx-small\">Cet itin\u00e9raire\u00a0est organis\u00e9 par l&rsquo;Institut des humanit\u00e9s en m\u00e9decine (IHM, FBM\/CHUV)\u00a0conjointement avec le cercle de Serendip,\u00a0<\/span><span style=\"font-size: xx-small\">sous la forme d&rsquo;une conf\u00e9rence de la Prof. B\u00e9atrice Desvergne, intitul\u00e9e\u00a0<\/span><i>Des fondements scientifiques \u00e0 une philosophie pour la m\u00e9decine personnalis\u00e9e\u00a0<\/i><b><\/b><span style=\"font-size: xx-small\">L&rsquo;\u00e9v\u00e9nement fait suite \u00e0<\/span>\u00a0la sortie de son livre:\u00a0<span style=\"font-size: xx-small\">\u00ab\u00a0De la biologie \u00e0 la m\u00e9decine personnalis\u00e9e. Mieux soigner demain ?\u00a0\u00bb <\/span><span style=\"color: #0069d9;font-size: xx-small\"><a href=\"https:\/\/www.presses.ens.fr\/540-de-la-biologie-a-la-medecine-personnalisee.html\">https:\/\/www.presses.ens.fr\/540-de-la-biologie-a-la-medecine-personnalisee.html <\/a><\/span><span style=\"color: #5755d5;font-size: xx-small\">M\u00e9decin, biologiste et philosophe, B\u00e9atrice Desvergne livre \u00e0 partir de sa riche exp\u00e9rience de chercheuse et de praticienne ses r\u00e9flexions sur les espoirs et les enjeux soulev\u00e9s par les promesses de la m\u00e9decine personnalis\u00e9e, \u00e0 l\u2019\u00e8re du Big Data et de l\u2019IA.\u00a0<\/span><span style=\"color: #5755d5;font-size: xx-small\">Son ouvrage est\u00a0interpellant pour les d\u00e9marches du chercheur confront\u00e9 \u00e0 une \u00e9volution rapide des outils, \u00e0 l\u2019influence de ces outils sur les savoirs et sur la pratique m\u00e9dicale. Efficacit\u00e9 de la m\u00e9decine, humanisme, \u00e9thique, responsabilit\u00e9 et attitude du chercheur: B. Desvergne y\u00a0apporte\u00a0un regard \u00e0 la fois neuf, r\u00e9flexif et averti.\u00a0<\/span><span style=\"color: #5755d5;font-size: xx-small\">Professeure au Centre int\u00e9gratif de g\u00e9nomique de l\u2019Universit\u00e9 de Lausanne, ancienne doyenne de la FBM,\u00a0<b>B\u00e9atrice Desvergne\u00a0<\/b>est m\u00e9decin et biologiste. Chercheuse experte au CIG dans le domaine de la r\u00e9gulation g\u00e9n\u00e9tique, elle poursuit dans cet ouvrage son questionnement critique r\u00e9gulier \u00e0 partir de sa double pratique pour sensibiliser chercheurs et m\u00e9decins actuels et futurs, citoyens et politiques aux d\u00e9fis de la m\u00e9decine de demain.<\/span><\/p>\n<p><strong><span style=\"color: #0061ff\">4) mercredi 8 mai 2019<\/span><\/strong><\/p>\n<p>R\u00e9flexion du Cercle sur les humanit\u00e9s digitales<\/p>\n<p><strong>L\u2019ATELIER DU CHERCHEUR : \u00c9CRIRE, COMPARER, IMAGINER, ARGUMENTER<\/strong><\/p>\n<p><strong>Jean-Fran\u00e7ois Bert<\/strong>(FTSR) \u00e0 partir de son livre \u00ab\u00a0Comment pense un savant\u00a0\u00bb\u00a0et\u00a0<strong>Isaac Pante <\/strong>(Lettres) sur sa double exp\u00e9rience de chercheur en humanit\u00e9s num\u00e9riques et d\u2019\u00e9crivain<\/p>\n<p>&#8211;\u00a0<strong>Jean-Fran\u00e7ois BERT<\/strong>,\u00a0sociologue et historien des sciences sociales. Ma\u00eetre d&rsquo;enseignement et de recherche \u00e0 l\u2019Institut d\u2019histoire et anthropologie des religions de la FTSR de l&rsquo;UNIL, il est notamment l&rsquo;auteur de\u00a0<em>Une histoire de la fiche \u00e9rudite<\/em>\u00a0(ENSSIB, 2017), et de\u00a0<em>Comment pense un savant. Un physicien des Lumi\u00e8res et ses cartes \u00e0 jouer\u00a0<\/em>(ANAMOSA, 2018).<\/p>\n<p><em><u>R\u00e9sum\u00e9<\/u><\/em><em>: e<\/em><em>n permettant &#8211; \u00e0 la diff\u00e9rence du carnet &#8211; d\u2019accumuler, de classer et de trier ce que l\u2019on appelle des faits, la fiche a tout de suite \u00e9t\u00e9 per\u00e7ue comme une pratique savante r\u00e9volutionnaire.\u00a0Reste \u00e0 savoir si l\u2019on pense mieux avec des fiches et si l\u2019on innove plus facilement en ayant \u00e0 disposition un fichier ? En se posant cette question, de nombreux savants ont d\u00e9velopp\u00e9 des strat\u00e9gies plus cr\u00e9atives, comme l\u2019art du m\u00e9lange, qui a \u00e9t\u00e9 consid\u00e9r\u00e9 comme l\u2019un des meilleurs moyens de se pr\u00e9munir des \u00e9garements des\u00a0\u00ab\u00a0ficheurs\u00a0\u00bb en\u00a0<\/em><em>d\u00e9bridant son imagination.<\/em><\/p>\n<p>&#8211;\u00a0<strong>Isaac PANTE<\/strong>, Ma\u00eetre d&rsquo;enseignement et de recherche en culture et \u00e9dition num\u00e9rique \u00e0 la section des Sciences du Langage et de l&rsquo;Information de la Facult\u00e9 des lettres de l&rsquo;UNIL. Ecrivain, membre fondateur de l&rsquo;UNIL Gamelab, il d\u00e9fend l&rsquo;hybridation disciplinaire. Depuis avril 2019, il est Charg\u00e9 de mission scientifique en mati\u00e8re de transition num\u00e9rique pour la Direction de l&rsquo;UNIL.<\/p>\n<p><em><u>R\u00e9sum\u00e9<\/u><\/em><em>: dans le milieu acad\u00e9mique comme dans la soci\u00e9t\u00e9, le d\u00e9bat se concentre sur les innovations technologiques li\u00e9es \u00e0 la digitalisation, au point de susciter des animosit\u00e9s face au tout num\u00e9rique. C&rsquo;est oublier un peu vite que les nouvelles technologies sont \u00e9galement porteuses d&rsquo;une ing\u00e9nierie humaine particuli\u00e8rement adapt\u00e9e \u00e0 la pr\u00e9servation et au d\u00e9ploiement de la recherche. Bienvenue dans la science \u00e0 l&rsquo;\u00e8re du fork\u00a0!<\/em><\/p>\n<p><strong><span style=\"color: #0061ff\">3) mercredi 13 mars 2019<\/span><\/strong><\/p>\n<p>L&rsquo;itin\u00e9raire a \u00e0 nouveau \u00e9t\u00e9 consacr\u00e9 \u00e0 la \u00ab\u00a0<strong>Production de l\u2019ignorance et agnotologie\u00a0\u00bb\u00a0(II)<\/strong>:<\/p>\n<p>Lors de la pr\u00e9c\u00e9dente s\u00e9ance nous \u00e9tions partis de l\u2019interview de Mathias Girel (<a href=\"https:\/\/www.youtube.com\/watch?v=TcP4SIZMVnU\">ici<\/a><u>)<\/u>\u00a0auteur de \u00abScience et territoires de l\u2019ignorance\u00bb, Ed Quae, 2017 et des r\u00e9flexions de Robert N. Proctor dans \u00ab Agnotology &#8211; The Making and Unmaking of Ignorance\u00a0\u00bb, Proctor\/Schiebinger ed., Stanford UP, 2008.<\/p>\n<ul>\n<li>Pr\u00e9sentation par la <strong>Prof. Christine Mohr (UNIL, SSP)<\/strong> de r\u00e9flexions autour de la publication \u00ab<a href=\"https:\/\/journals.plos.org\/plosone\/article?id=10.1371\/journal.pone.0207629\">Fake science: The impact of pseudo-psychological demonstrations on people\u2019s beliefs in psychological principle<\/a>\u00bb PlosOne, nov. 2018,\u00a0illustrant comment\u00a0des d\u00e9monstrations pseudo-psychologiques contribuent \u00e0 perp\u00e9tuer de fausses croyances dans les principes scientifiques\u00a0\u00ab\u00a0\u2026 and raise important questions about the wider impact of scientific misinformation\u00a0\u00bb. Une s\u00e9rie de courts films est venue illustrer le propos.<\/li>\n<\/ul>\n<div><\/div>\n<div><span style=\"color: #0061ff\"><strong>2) mardi 9 octobre 2018<\/strong><\/span><\/div>\n<div>\n<div>\n<ul class=\"MailOutline\">\n<li><strong>Projection d\u2019une interview radiophonique de Mathias Girel<\/strong>, auteur de \u00abScience et territoires de l\u2019ignorance\u00bb, Ed Quae, 2017, 160 p. Interview (<a href=\"https:\/\/www.youtube.com\/watch?v=TcP4SIZMVnU\">ici<\/a><u>)<\/u>\u00a0par Perrine Simon-Nahum.<\/li>\n<\/ul>\n<\/div>\n<div><\/div>\n<\/div>\n<div>L&rsquo;itin\u00e9raire a \u00e9t\u00e9 consacr\u00e9 \u00e0 \u00ab\u00a0<b>Production de l\u2019ignorance et a<\/b><strong>gnotologie\u00a0\u00bb (I)<\/strong>:<\/div>\n<div>\n<div class=\"\"><\/div>\n<div class=\"\"><i>\u00ab\u00a0We live in\u00a0an age of ignorance, and it is important to understand how this came to be and\u00a0why. Our goal here is to explore how ignorance is produced or maintained in\u00a0diverse settings, through mechanisms such as\u00a0deliberate or inadvertent neglect,\u00a0secrecy and suppression, document destruction, unquestioned tradition, and\u00a0myriad forms of inherent (or avoidable) culturopolitical selectivity.\u00a0Agnotology is the study of\u00a0ignorance making, the lost and forgotten. One focus\u00a0is on knowledge that could have been but wasn&rsquo;t, or should be but isn&rsquo;t, but we\u00a0shall also see that not all ignorance is bad.\u201d<\/i><\/div>\n<div class=\"\"><\/div>\n<div class=\"\">Robert N.\u00a0Proctor (2008), Preface,<\/div>\n<div class=\"\">in Robert N. Proctor and Londa Schiebinger (eds), AGNOTOLOGY.\u00a0The Making and Unmaking of Ignorance, Stanford University press, p. vii.<\/div>\n<\/div>\n<p><span style=\"color: #0061ff\"><strong>1) mardi 20 juin 2018<\/strong><\/span><\/p>\n<p>Premi\u00e8re rencontre du Cercle en pr\u00e9sence d&rsquo;une vingtaine de membres. L&rsquo;\u00e9tat du Cercle \u00e0 cette date est de 53 membres sur une base de 135 personnes contact\u00e9es. On peut donc qualifier cette d\u00e9marche de succ\u00e8s.<\/p>\n<p>Nous rappelons \u00e9galement que les membres ont la possibilit\u00e9 de parrainer un\u00b7e ou deux chercheur\u00b7e\u00b7s: \u00e0 cette fin, nous \u00e9crire <a href=\"mailto:serendip@unil.ch\">ici<\/a><\/p>\n<p style=\"text-align: center\">_________________________<\/p>\n<p><em>Carnet de l&rsquo;itin\u00e9raire du 20 juin 2018 consacr\u00e9 \u00e0 la\u00a0Cr\u00e9ativit\u00e9 dans la Recherche:<\/em><\/p>\n<div><em>\u2022 Invitation aux voyages et ouverture du carnet de route (R\u00e9my Freymond, Alain Kaufmann, Francesco Panese)<\/em><\/div>\n<div><em>\u2022 Tour de cercle \u00ab\u00a060 secondes\u00a0\u00bb (chacun se pr\u00e9sente et a loisir de\u00a0s\u2019exprimer en 60 secondes sur la cr\u00e9ativit\u00e9)<\/em><\/div>\n<div><em>\u2022 Visites du th\u00e8me (15-20 mn au total):<\/em><\/div>\n<ul>\n<li style=\"list-style-type: none\">\n<ul>\n<li><em><strong>Jacques Dubochet<\/strong> sur son exp\u00e9rience et sa vision de la cr\u00e9ativit\u00e9<\/em><\/li>\n<li><em><strong> Yves Pigneur<\/strong> illustration et commentaire de\u00a0 la citation suivante:\u00a0 \u00ab\u00a0Si vous voulez enseigner aux gens une nouvelle fa\u00e7on de penser, ne vous emb\u00eatez pas \u00e0 essayer de les\u00a0\u00e9duquer. Donnez-leur plut\u00f4t un outil dont l&rsquo;utilisation m\u00e8nera \u00e0 de nouvelles fa\u00e7ons de penser\u00a0\u00bb\u00a0(Richard\u00a0Buckminster Fuller, architecte).<\/em><\/li>\n<\/ul>\n<\/li>\n<\/ul>\n<div><em>\u2022 D\u00e9ambulations, chemins de traverse: interventions, r\u00e9actions de chacun qui le souhaite autour de la cr\u00e9ativit\u00e9, discussion ouverte<\/em><\/div>\n<div><em>\u2022 R\u00eaves de voyage, balisage des futurs itin\u00e9raires du Cercle: tour de cercle de vos\u00a0propositions\u00a0quant aux prochains th\u00e8mes et formats?<\/em><\/div>\n<p><em>\u2026 et tout en cheminant, pique-niques et bivouacs (buffet accessible en tout temps dans la salle)<\/em><\/p>\n<p style=\"text-align: center\">______________________________<\/p>\n<p>Tous les pr\u00e9sents ont manifest\u00e9 enthousiasme et int\u00e9r\u00eat \u00e0 la poursuite du voyage et diff\u00e9rentes pistes ont \u00e9t\u00e9 explor\u00e9es en termes de th\u00e8mes et d&rsquo;itin\u00e9raires; parmi celles-ci:<\/p>\n<p><strong>Propositions<\/strong><\/p>\n<div>\u2022 Forums Itin\u00e9rants de Recherche \u2013 chacun annonce \u00e0 l\u2019avance la pr\u00e9sentation d\u2019un ou plusieurs \u00e9l\u00e9ments de sa recherche (X x 5\u2019)<\/div>\n<div>\u2022 Forums \u2013 Visites th\u00e9matiques \u2013 exploration d\u2019un th\u00e8me<\/div>\n<div>\u2022 Cin\u00e9Dialogues\u2013 Panorama &#8211; discussion \u00e0 partir d\u2019une projection, d\u2019un support choisi, d\u2019une d\u00e9monstration<\/div>\n<div>\u2022 Rencontres opportunes \u2013 invitation(s)<\/div>\n<div>\u2022 Voyages sur sites \u2013 rencontre dans un lieu choisi<\/div>\n","protected":false},"excerpt":{"rendered":"<p>27 f\u00e9vrier 2024, 17:15, Le Forum (Amphipole) \u00ab\u00a0Science et g\u00e9opolitique: r\u00e9flexions \u00e0 partir d&rsquo;un partage d&rsquo;exp\u00e9riences\u00a0\u00bb initi\u00e9es par Antoine Kernen\u00a0(UNIL\/ISS) et Anders Meibom (UNIL\/EPFL\/ISTE) \u00e0 partir d&rsquo;exemples en Chine, en Afrique et en Mer Rouge _________________________ 28 f\u00e9vrier 2023, 17:15<\/p>\n","protected":false},"author":953,"featured_media":0,"parent":0,"menu_order":0,"comment_status":"closed","ping_status":"closed","template":"","meta":{"_seopress_robots_primary_cat":"","_seopress_titles_title":"","_seopress_titles_desc":"","_seopress_robots_index":"","footnotes":""},"class_list":["post-125","page","type-page","status-publish"],"_links":{"self":[{"href":"https:\/\/wp.unil.ch\/serendip\/wp-json\/wp\/v2\/pages\/125","targetHints":{"allow":["GET"]}}],"collection":[{"href":"https:\/\/wp.unil.ch\/serendip\/wp-json\/wp\/v2\/pages"}],"about":[{"href":"https:\/\/wp.unil.ch\/serendip\/wp-json\/wp\/v2\/types\/page"}],"author":[{"embeddable":true,"href":"https:\/\/wp.unil.ch\/serendip\/wp-json\/wp\/v2\/users\/953"}],"replies":[{"embeddable":true,"href":"https:\/\/wp.unil.ch\/serendip\/wp-json\/wp\/v2\/comments?post=125"}],"version-history":[{"count":1,"href":"https:\/\/wp.unil.ch\/serendip\/wp-json\/wp\/v2\/pages\/125\/revisions"}],"predecessor-version":[{"id":340,"href":"https:\/\/wp.unil.ch\/serendip\/wp-json\/wp\/v2\/pages\/125\/revisions\/340"}],"wp:attachment":[{"href":"https:\/\/wp.unil.ch\/serendip\/wp-json\/wp\/v2\/media?parent=125"}],"curies":[{"name":"wp","href":"https:\/\/api.w.org\/{rel}","templated":true}]}}