{"id":104,"date":"2018-06-19T14:27:33","date_gmt":"2018-06-19T12:27:33","guid":{"rendered":"http:\/\/wp.unil.ch\/serendip\/?page_id=104"},"modified":"2024-03-17T13:00:25","modified_gmt":"2024-03-17T12:00:25","slug":"bibliographie","status":"publish","type":"page","link":"https:\/\/wp.unil.ch\/serendip\/bibliographie\/","title":{"rendered":"Pistes bibliographiques"},"content":{"rendered":"<h3>Pistes bibliographiques plus ou moins hasardeuses<\/h3>\n<p>Lectures en lien avec les s\u00e9ances propos\u00e9es par l&rsquo;intervenant:<\/p>\n<h4 class=\"x_elementToProof\">Olivier Beaud,\u00a0<em>Le Savoir en danger.<\/em> <i>Menaces sur la libert\u00e9 acad\u00e9mique<\/i>\u00a0(Presses universitaires de France, 2021, 348 pages)<\/h4>\n<h4 class=\"x_elementToProof\">Akeel Bilgrami, Jonathan R. Cole ed. <i>Who\u2019s Afraid of Academic Freedom\u00a0?<\/i>\u00a0(Columbia University Press, 2015)<\/h4>\n<p style=\"font-weight: 400\">Herv\u00e9 Rayner, <em>Les scandales politiques, l\u2019op\u00e9ration \u00abMains propres\u00bb en Italie<\/em>, Paris, Michel Houdiard Editeur, 2005<\/p>\n<p style=\"font-weight: 400\">Herv\u00e9 Rayner, <em>Dynamique du scandale<\/em>, Paris, Le Cavalier Bleu, 2007<\/p>\n<p style=\"font-weight: 400\">Herv\u00e9 Rayner, \u00ab\u00a0De quoi les scandales sont-ils faits ?\u00a0\u00bb, <em>Traverse \u00a0revue d\u2019histoire<\/em>, 3, 2015, pp. 33-45.<\/p>\n<p style=\"font-weight: 400\">Herv\u00e9 Rayner, Fabien Th\u00e9taz, Bernard Voutat, \u00ab\u00a0Les institutions politiques suisses \u00e0 l\u2019\u00e9preuve : le scandale des fiches (1989-1990)\u00a0\u00bb,\u00a0in Malik Mazbouri, Fran\u00e7ois Vallotton (dir.), <em>Scandale et histoire<\/em>, Lausanne, Antipodes, 2016, pp<em>. <\/em>81-98.<\/p>\n<p style=\"font-weight: 400\">Emmanuel Bayle, Herv\u00e9 Rayner, \u00ab\u00a0Sociology of a scandal: the emergence of\u00a0 \u2018FIFAgate\u2019\u00a0\u00bb, <em>Soccer &amp;<\/em> <em>Society <\/em>(Routlegde), 19:4, 2018, pp. 593-611,<\/p>\n<p style=\"font-weight: 400\"><a href=\"https:\/\/dx.doi.org\/10.1080\/14660970.2016.1228591\">https:\/\/dx.doi.org\/10.1080\/14660970.2016.1228591<\/a><\/p>\n<h2>Les Grands Classiques<\/h2>\n<ul>\n<li>\u00ab <a href=\"https:\/\/gallica.bnf.fr\/ark:\/12148\/bpt6k9752099n\/f255.image.r=Avantures%20des%20trois%20princes%20de%20sarendip\">Les Avantures des trois princes de Sarendip<\/a> \u00bb,\u00a0Louis de Mailly,\u00a0\u00e9dition de 1788, (Gallica)<\/li>\n<li>\u00ab Les Aventures des trois princes de Serendip \u00bb, \u00e9ditions Thierry Marchaise, 2011, inspir\u00e9 du texte de Louis de Mailly, suivi de \u00ab\u00a0Voyage en s\u00e9rendipit\u00e9\u00a0\u00bb par Aude Volpilhac, Dominique Goy-Blanquet et Anne-Marie Paveau<\/li>\n<li>Pek van Andel, coauteur \u00ab De la s\u00e9rendipit\u00e9. Le\u00e7ons de l\u2019inattendu \u00bb, Paris, L\u2019Act Mem, collection Libres sciences, 2009<\/li>\n<li>Soraya Boudia, Emmanuel Henry, Politiques de l\u2019ignorance, Presses universitaires de France, 2022<\/li>\n<li>Sylvie Catellin, \u00ab S\u00e9rendipit\u00e9 et r\u00e9flexivit\u00e9 \u00bb, dans : Alliages, n\u00b0 70, juillet 2012<\/li>\n<li>Charles Crothers, \u00ab Serendipitious Interpretation from a Fresh Empirical Occurrence \u00bb, in Serendipities, Journal for the sociology and History of the Social Sciences, 1.2016 (1): 3-6<\/li>\n<li>Arthur Koestler, \u00ab The Act of Creation \u00bb, London, Hutchinson, 1964<\/li>\n<li>Robert K. Merton, &amp; Elinor Barber,\u00a0\u00ab The Travels and Adventures of Serendipity: A Study in Sociological Semantics and the Sociology of Science \u00bb, Princeton, Princeton UP, 2004, (Manuscript written 1958)<\/li>\n<li>Denis Grozdanovitch, \u00ab La Puissance discr\u00e8te du hasard \u00bb, Deno\u00ebl, 2013<\/li>\n<li>Franck Cochoy, \u00ab De la curiosit\u00e9 : L\u2019Art de la s\u00e9duction marchande \u00bb, Armand Colin, coll. \u00ab Individu et Soci\u00e9t\u00e9 \u00bb, 2011<\/li>\n<li>Dominique Pestre, \u00ab Histoire des sciences et des savoirs \u00bb, Ed. Seuil, 2015<\/li>\n<li>Steven Shapin,\u00a0\u00ab The scientific life. A moral history of a late modern vocation \u00bb, Chicago &amp; London, The University of Chicago Press, 2008<\/li>\n<li>Hargittai Istvan, \u00ab Erling Norrby, Nobel Prizes and Life Sciences \u00bb (chapitre 2 sur la s\u00e9rendipit\u00e9: <a href=\"https:\/\/link.springer.com\/content\/pdf\/10.1007%2Fs11224-011-9752-9.pdf\">Serendipity and Nobel prizes<\/a>)<\/li>\n<li>Hargittai Istvan, \u00ab The Road to Stockholm: Nobel Prizes, Science, and Scientists \u00bb, Oxford University Press, Oxford, 2002, 2003<\/li>\n<li>Jacques Monod, \u00ab Hasard et n\u00e9cessit\u00e9 \u00bb, Le Seuil, 1970<\/li>\n<li>Royston M. Roberts, \u00ab Serendipity: Accidental Discoveries in Science \u00bb, Wiley, 1989<\/li>\n<li>David Ruelle, \u00ab Chance and Chaos \u00bb, Princeton University Press, 1991<\/li>\n<li>James H. Austin, \u00ab Chase, Chance, and Creativity \u00bb, Columbia University Press, 1971<\/li>\n<li>Jacques Dubochet, \u00ab Parcours \u00bb, Rosso Editions, 2018<br \/>\n\u2026<\/li>\n<\/ul>\n<h3>Autres pistes &#8211; ressources<\/h3>\n<ul>\n<li><a href=\"https:\/\/www.gesnerus.ch\/fileadmin\/media\/pdf\/2016_1\/148-162_Panese.pdf\">Interview de Dominique Pestre par Francesco Panese<\/a><\/li>\n<li>Richard Boyle, <a href=\"https:\/\/livingheritage.org\/serendipity.htm\">review de Merton &amp; Barber<\/a>,\u00a0\u00ab The Travels and Adventures of Serendipity: A Study in Sociological Semantics and the Sociology of Science \u00bb<\/li>\n<li>Isabelle Rivoal, Noel B. Salazar, <a href=\"https:\/\/www.researchgate.net\/publication\/256439514_Contemporary_ethnographic_practice_and_the_value_of_serendipity\">\u00ab Contemporary ethnographic practice and the value of serendipity \u00bb<\/a><\/li>\n<li><a href=\"https:\/\/www2.deloitte.com\/content\/dam\/Deloitte\/us\/Documents\/technology-media-telecommunications\/us-tmt-ce-ShapingSerendipityVol2-09192014.pdf\">John Hage III, John Seely Brown, Lang Davison<\/a>\u00a0\u00ab Shaping Serendipity \u00bb, Deloitte Development, 2010<\/li>\n<li><a href=\"https:\/\/serendipstudio.org\/serendip\/about.html\">The Meanings of \u00ab\u00a0Serendip\u00a0\u00bb<\/a>,\u00a0Serendip Studio, site anglophone d\u00e9di\u00e9 \u00e0 la S\u00e9rendipit\u00e9<\/li>\n<li><a href=\"https:\/\/www.letemps.ch\/economie\/2016\/12\/08\/travail-cultivons-linattendu\">Article Le Temps<\/a>, 8.12.2016<\/li>\n<\/ul>\n<h3>Podcasts<\/h3>\n<ul>\n<li>France Culture, <a href=\"https:\/\/itunes.apple.com\/ch\/podcast\/les-chemins-de-la-philosophie\/id390165399?l=fr&amp;mt=2\">Les Chemins de la Philosophie<\/a>, en podcast<\/li>\n<\/ul>\n<h3><strong>Th\u00e8mes sp\u00e9cifiques<\/strong><\/h3>\n<ul>\n<li>Robert N. Proctor and Londa Schiebinger (eds), Agnotology.\u00a0The Making and Unmaking of Ignorance, Stanford University press, 2008<\/li>\n<li>Mathias Girel, \u00abScience et territoires de l\u2019ignorance\u00bb, Ed Quae, 2017.\u00a0Mathias Girel,\u00a0<a href=\"https:\/\/www.youtube.com\/watch?v=TcP4SIZMVnU\">interview<\/a><\/li>\n<li>Christine Mohr, \u00ab<a href=\"https:\/\/journals.plos.org\/plosone\/article?id=10.1371\/journal.pone.0207629\">Fake science: The impact of pseudo-psychological demonstrations on people\u2019s beliefs in psychological principle<\/a>\u00bb PlosOne, nov. 2018,<\/li>\n<li>Jean-Fran\u00e7ois Bert, <i class=\"\">Comment pense un savant. Un physicien des Lumi\u00e8res et ses cartes \u00e0 jouer\u00a0<\/i><span class=\"\">(ANAMOSA, nov. 2018); <i class=\"\">Une histoire de la fiche \u00e9rudite<\/i>\u00a0(ENSSIB, 2017)<\/span><\/li>\n<li>Isaac Pante, Multilingual Competences and Labour Market Access: The Point of View of Swiss Personal Advisers in the Regional Employment Centres.\u00a0<span class=\"biblio_author\">Zurbriggen Seraphina<\/span>, <span class=\"biblio_author\">Pante Isaac<\/span>, <span class=\"biblio_author\">Singy Pascal<\/span>, <span class=\"biblio_dateIssued\">2017\/09\/28<\/span>. <span class=\"biblio_relatedItemTitle\">International Journal of Language and Linguistics<\/span>, <span class=\"biblio_volume\">5<\/span> (<span class=\"biblio_number\">6<\/span>) pp. <span class=\"biblio_pages\">161-171<\/span>. [<span class=\"biblio_pid\"><a href=\"https:\/\/serval.unil.ch\/notice\/serval:BIB_3157FA830D04\" target=\"_blank\" rel=\"noopener noreferrer\">serval:BIB_3157FA830D04<\/a><\/span>].\u00a0<i>Tout ce qui remue et qui vit<\/i>, Natei Scapa Editions, 2013.\u00a0<i>Je connais tes \u0153uvres<\/i>, G d&rsquo;Encre, 2012.\u00a0<i>Pass\u00e9 par les armes<\/i>, Pillet 2005.<\/li>\n<\/ul>\n<p>Sur Imaginaire complotiste et fake news<\/p>\n<p>\u00b7 \u00a0\u00a0\u00a0\u00a0\u00a0\u00a0Arendt, H. ([1954] 1972). La crise de la culture. Paris : Gallimard.<\/p>\n<p>\u00b7 \u00a0\u00a0\u00a0\u00a0\u00a0\u00a0Bronner, G. (2013) La d\u00e9mocratie des cr\u00e9dules, Paris, PUF.<\/p>\n<p>\u00b7 \u00a0\u00a0\u00a0\u00a0\u00a0\u00a0Carrol, L. ([1871] 2017). De l\u2019autre c\u00f4t\u00e9 du miroir. Paris : Librio.<\/p>\n<p>\u00b7 \u00a0\u00a0\u00a0\u00a0\u00a0\u00a0Frankfurt, H.G. (2005 [1986]). On Bullshit. Princeton University Press, Princeton.<\/p>\n<p>\u00b7 \u00a0\u00a0\u00a0\u00a0\u00a0\u00a0Hofstadter, R. ([1964] 2012). Le Style parano\u00efaque. Th\u00e9ories du complot et droite radicale en Am\u00e9rique. Paris : Fran\u00e7ois Bourin \u00c9diteur.<\/p>\n<p>\u00b7 \u00a0\u00a0\u00a0\u00a0\u00a0\u00a0Kaufmann L. (2018). Debunking deference: the delusions of unmediated reality in the contemporary public sphere. Javnost, The Public, 25 (1\/2), pp.11-19.<\/p>\n<p>\u00b7 \u00a0\u00a0\u00a0\u00a0\u00a0\u00a0Lefebvre, G. (1988 [1932]), La grande Peur de 1789. Paris : Armand Colin.<\/p>\n<p>\u00b7 \u00a0\u00a0\u00a0\u00a0\u00a0\u00a0Lefort, C. (1978). Les formes de l\u2019histoire. Essais d\u2019anthropologie politique. Paris : Gallimard.<\/p>\n<p>\u00b7 \u00a0\u00a0\u00a0\u00a0\u00a0\u00a0Poliakov, L (1980), La Causalit\u00e9 diabolique. Paris : Calmann-L\u00e9vy.<\/p>\n","protected":false},"excerpt":{"rendered":"<p>Pistes bibliographiques plus ou moins hasardeuses Lectures en lien avec les s\u00e9ances propos\u00e9es par l&rsquo;intervenant: Olivier Beaud,\u00a0Le Savoir en danger. Menaces sur la libert\u00e9 acad\u00e9mique\u00a0(Presses universitaires de France, 2021, 348 pages) Akeel Bilgrami, Jonathan R. Cole ed. Who\u2019s Afraid of<\/p>\n","protected":false},"author":108,"featured_media":0,"parent":0,"menu_order":0,"comment_status":"closed","ping_status":"closed","template":"","meta":{"_seopress_robots_primary_cat":"","_seopress_titles_title":"","_seopress_titles_desc":"","_seopress_robots_index":"","footnotes":""},"class_list":["post-104","page","type-page","status-publish"],"_links":{"self":[{"href":"https:\/\/wp.unil.ch\/serendip\/wp-json\/wp\/v2\/pages\/104","targetHints":{"allow":["GET"]}}],"collection":[{"href":"https:\/\/wp.unil.ch\/serendip\/wp-json\/wp\/v2\/pages"}],"about":[{"href":"https:\/\/wp.unil.ch\/serendip\/wp-json\/wp\/v2\/types\/page"}],"author":[{"embeddable":true,"href":"https:\/\/wp.unil.ch\/serendip\/wp-json\/wp\/v2\/users\/108"}],"replies":[{"embeddable":true,"href":"https:\/\/wp.unil.ch\/serendip\/wp-json\/wp\/v2\/comments?post=104"}],"version-history":[{"count":2,"href":"https:\/\/wp.unil.ch\/serendip\/wp-json\/wp\/v2\/pages\/104\/revisions"}],"predecessor-version":[{"id":342,"href":"https:\/\/wp.unil.ch\/serendip\/wp-json\/wp\/v2\/pages\/104\/revisions\/342"}],"wp:attachment":[{"href":"https:\/\/wp.unil.ch\/serendip\/wp-json\/wp\/v2\/media?parent=104"}],"curies":[{"name":"wp","href":"https:\/\/api.w.org\/{rel}","templated":true}]}}