{"id":9,"date":"2014-11-18T13:43:29","date_gmt":"2014-11-18T12:43:29","guid":{"rendered":"http:\/\/wp.unil.ch\/selfpad\/?page_id=9"},"modified":"2015-12-22T10:18:39","modified_gmt":"2015-12-22T09:18:39","slug":"le-projet","status":"publish","type":"page","link":"https:\/\/wp.unil.ch\/selfpad\/","title":{"rendered":"SELFPAD"},"content":{"rendered":"<p><strong>Un outil pour aider l&rsquo;\u00e9tudiant-e \u00e0 prendre conscience de ses comp\u00e9tences\u00a0<\/strong><\/p>\n<figure id=\"attachment_544\" aria-describedby=\"caption-attachment-544\" style=\"width: 309px\" class=\"wp-caption alignleft\"><a href=\"https:\/\/wp.unil.ch\/selfpad\/files\/2015\/11\/cropped-portfolio1.jpg\"><img loading=\"lazy\" decoding=\"async\" class=\"wp-image-544\" src=\"https:\/\/wp.unil.ch\/selfpad\/files\/2015\/11\/cropped-portfolio1.jpg\" alt=\"cropped-portfolio1.jpg\" width=\"309\" height=\"309\" srcset=\"https:\/\/wp.unil.ch\/selfpad\/files\/2015\/11\/cropped-portfolio1.jpg 512w, https:\/\/wp.unil.ch\/selfpad\/files\/2015\/11\/cropped-portfolio1-150x150.jpg 150w, https:\/\/wp.unil.ch\/selfpad\/files\/2015\/11\/cropped-portfolio1-300x300.jpg 300w, https:\/\/wp.unil.ch\/selfpad\/files\/2015\/11\/cropped-portfolio1-450x450.jpg 450w, https:\/\/wp.unil.ch\/selfpad\/files\/2015\/11\/cropped-portfolio1-60x60.jpg 60w, https:\/\/wp.unil.ch\/selfpad\/files\/2015\/11\/cropped-portfolio1-270x270.jpg 270w, https:\/\/wp.unil.ch\/selfpad\/files\/2015\/11\/cropped-portfolio1-192x192.jpg 192w, https:\/\/wp.unil.ch\/selfpad\/files\/2015\/11\/cropped-portfolio1-180x180.jpg 180w, https:\/\/wp.unil.ch\/selfpad\/files\/2015\/11\/cropped-portfolio1-32x32.jpg 32w\" sizes=\"auto, (max-width: 309px) 100vw, 309px\" \/><\/a><figcaption id=\"caption-attachment-544\" class=\"wp-caption-text\">\u00a9 Ellagrin \/ Thinkstock<\/figcaption><\/figure>\n<p style=\"text-align: left\"><strong>EN BREF&#8230;<\/strong><\/p>\n<p style=\"text-align: left\">Cr\u00e9\u00e9e par l&rsquo;<a title=\"UNIL\" href=\"https:\/\/www.unil.ch\" target=\"_blank\">UNIL<\/a>\u00a0en collaboration avec l&rsquo;<a title=\"UNIGE\" href=\"https:\/\/www.unige.ch\" target=\"_blank\">UNIGE<\/a> et <a title=\"UniDistance\" href=\"https:\/\/unidistance.ch\/\" target=\"_blank\">UniDistance<\/a>, l&rsquo;application\u00a0<strong><em>SELFPAD\u00a0<\/em><\/strong>\u00a0offre \u00e0\u00a0l&rsquo;\u00e9tudiant un outil web lui permettant de conscience de ses comp\u00e9tences et de\u00a0ses\u00a0connaissances.\u00a0Concr\u00e8tement, le logiciel \u00e9ponyme SELFPAD propose\u00a0\u00e0 l&rsquo;\u00e9tudiant de\u00a0produire des synth\u00e8ses illustrant sa perception de ses\u00a0propres comp\u00e9tences, gr\u00e2ce \u00e0\u00a0une analyse de ses exp\u00e9riences acad\u00e9miques, professionnelles et personnelles. Cette approche\u00a0est appel\u00e9e <strong><em>d\u00e9marche\u00a0<\/em><em>r\u00e9flexive<\/em><\/strong>.<\/p>\n<p style=\"text-align: left\">Pour pouvoir poursuivre sa r\u00e9flexion ult\u00e9rieurement, l&rsquo;utilisateur peut sauvegarder ses synth\u00e8ses\u00a0sous forme de PDFs ou les exporter vers son <strong><em>ePortfolio<\/em><\/strong>\u00a0<a title=\"Mahara.org\" href=\"https:\/\/www.mahara.org\" target=\"_blank\">Mahara<\/a>\u00a0(un \u00e9diteur de portfolios en ligne), s&rsquo;il en poss\u00e8de un.<\/p>\n<p style=\"text-align: justify\"><strong><br \/>\n<strong>L\u2019E-PORTFOLIO POUR PRENDRE CONSCIENCE DE\u00a0SES COMP\u00c9TENCES<\/strong><\/strong><\/p>\n<p style=\"text-align: left\">L&rsquo;ePortfolio constitue un moyen int\u00e9ressant de prendre conscience de ses comp\u00e9tences, car il permet \u00e0 l\u2019\u00e9tudiant de se les approprier en les associant \u00e0\u00a0ses propres\u00a0exp\u00e9riences\u00a0(p.ex. cours, travaux de dipl\u00f4mes, activit\u00e9s extra-acad\u00e9miques, etc.). Cette appropriation\u00a0peut alors l\u2019aider \u00e0 concevoir comment appliquer\u00a0ses comp\u00e9tences \u00e0 des contextes diff\u00e9rents\u00a0que ceux dans lesquels il les a acquises. Cela peut ainsi augmenter ses chances de r\u00e9ussite acad\u00e9mique et favoriser son insertion professionnelle.<\/p>\n<p style=\"text-align: left\"><strong><br \/>\n<strong>SELFPAD, UN OUTIL COMPL\u00c9MENTAIRE \u00c0 MAHARA<\/strong><\/strong><\/p>\n<p style=\"text-align: left\">Si SELFPAD offre la simplicit\u00e9 id\u00e9ale pour\u00a0<span style=\"text-decoration: underline\"><strong>d\u00e9marrer<\/strong><\/span> une r\u00e9flexion sur ses comp\u00e9tences,\u00a0il ne saurait\u00a0se substituer \u00e0 un \u00e9diteur ePortfolio. Une fois initi\u00e9 \u00e0 la <em>d\u00e9marche\u00a0r\u00e9flexive<\/em>, l&rsquo;utilisateur\u00a0pr\u00e9f\u00e9rera donc probablement\u00a0d\u00e9ployer son\u00a0profil sur\u00a0<a title=\"Mahara.org\" href=\"https:\/\/www.mahara.org\" target=\"_blank\">Mahara<\/a>. En plus d&rsquo;\u00eatre utilis\u00e9e par de nombreuses Hautes \u00c9coles, cette plate-forme propose\u00a0certaines\u00a0fonctionnalit\u00e9s que SELFPAD n&rsquo;offre\u00a0pas, telles que\u00a0le\u00a0partage\u00a0en ligne du portfolio\u00a0ou la participation \u00e0 des discussions de groupes.<\/p>\n<p>&nbsp;<\/p>\n<p>&nbsp;<\/p>\n<p>&nbsp;<\/p>\n<p>&nbsp;<\/p>\n","protected":false},"excerpt":{"rendered":"<p>Un outil pour aider l&rsquo;\u00e9tudiant-e \u00e0 prendre conscience de ses comp\u00e9tences\u00a0 EN BREF&#8230; Cr\u00e9\u00e9e par l&rsquo;UNIL\u00a0en collaboration avec l&rsquo;UNIGE et UniDistance, l&rsquo;application\u00a0SELFPAD\u00a0\u00a0offre \u00e0\u00a0l&rsquo;\u00e9tudiant un outil web lui permettant de conscience &hellip; <\/p>\n","protected":false},"author":1001022,"featured_media":0,"parent":0,"menu_order":4,"comment_status":"closed","ping_status":"closed","template":"","meta":{"_seopress_robots_primary_cat":"","_seopress_titles_title":"","_seopress_titles_desc":"","_seopress_robots_index":"","footnotes":""},"class_list":["post-9","page","type-page","status-publish"],"_links":{"self":[{"href":"https:\/\/wp.unil.ch\/selfpad\/wp-json\/wp\/v2\/pages\/9","targetHints":{"allow":["GET"]}}],"collection":[{"href":"https:\/\/wp.unil.ch\/selfpad\/wp-json\/wp\/v2\/pages"}],"about":[{"href":"https:\/\/wp.unil.ch\/selfpad\/wp-json\/wp\/v2\/types\/page"}],"author":[{"embeddable":true,"href":"https:\/\/wp.unil.ch\/selfpad\/wp-json\/wp\/v2\/users\/1001022"}],"replies":[{"embeddable":true,"href":"https:\/\/wp.unil.ch\/selfpad\/wp-json\/wp\/v2\/comments?post=9"}],"version-history":[{"count":0,"href":"https:\/\/wp.unil.ch\/selfpad\/wp-json\/wp\/v2\/pages\/9\/revisions"}],"wp:attachment":[{"href":"https:\/\/wp.unil.ch\/selfpad\/wp-json\/wp\/v2\/media?parent=9"}],"curies":[{"name":"wp","href":"https:\/\/api.w.org\/{rel}","templated":true}]}}