{"id":66,"date":"2014-12-08T16:33:24","date_gmt":"2014-12-08T15:33:24","guid":{"rendered":"http:\/\/wp.unil.ch\/selfpad\/?page_id=66"},"modified":"2015-11-26T21:24:17","modified_gmt":"2015-11-26T20:24:17","slug":"contributeurs","status":"publish","type":"page","link":"https:\/\/wp.unil.ch\/selfpad\/contributeurs\/","title":{"rendered":"Contributeurs"},"content":{"rendered":"<h5><em>Le\u00a0projet <\/em>SELFPAD<em>\u00a0b\u00e9n\u00e9ficie du savoir-faire pluridisciplinaire\u00a0d&rsquo;ing\u00e9nieurs p\u00e9dagogiques, d&rsquo;enseignants universitaires de diverses disciplines, de concepteurs et de d\u00e9veloppeurs web.<\/p>\n<p><\/em><\/h5>\n\n<table id=\"tablepress-2\" class=\"tablepress tablepress-id-2\">\n<thead>\n<tr class=\"row-1\">\n\t<th class=\"column-1\"><a href=\"http:\/\/www.unil.ch\/riset\"><img loading=\"lazy\" decoding=\"async\" src=\"http:\/\/wp.unil.ch\/selfpad\/files\/2015\/02\/Logo-UNIL.png\" alt=\"Logo UNIL\" width=\"187\" height=\"75\" class=\"alignnone size-full wp-image-275\" \/><\/a><\/th><th class=\"column-2\"><a href=\"http:\/\/elearning.unige.ch\"><img loading=\"lazy\" decoding=\"async\" src=\"http:\/\/wp.unil.ch\/selfpad\/files\/2014\/11\/UNIGE70.jpg\" alt=\"UNIGE70\" width=\"187\" height=\"75\" class=\"alignnone size-full wp-image-138\" \/><\/a><\/th><th class=\"column-3\"><a href=\"http:\/\/unidistance.ch\/\"><img loading=\"lazy\" decoding=\"async\" src=\"http:\/\/wp.unil.ch\/selfpad\/files\/2014\/11\/Logo-Unidistance-1024x386.png\" alt=\"Logo Unidistance\" width=\"187\" height=\"75\" class=\"alignnone size-large wp-image-150\" \/><\/a><\/th>\n<\/tr>\n<\/thead>\n<tbody class=\"row-striping row-hover\">\n<\/tbody>\n<\/table>\n<!-- #tablepress-2 from cache -->\n<p><strong><span style=\"color: #387fb5\">Responsable\u00a0du projet<\/span><br \/>\n<\/strong>Nadia Spang Bovey, RISET-Facult\u00e9 des Lettres,\u00a0Unil<\/p>\n<p><strong><span style=\"color: #387fb5\">Coordination et documentation<\/span><br \/>\n<\/strong>Johann Bourget, Unil (nov. 2014 &#8211; juin 2015)<\/p>\n<p><span style=\"color: #387fb5\"><strong>Conception des sc\u00e9narios<br \/>\n<\/strong><\/span>\n<table id=\"tablepress-1\" class=\"tablepress tablepress-id-1\">\n<tbody>\n<tr class=\"row-1\">\n\t<td class=\"column-1\"><span class=\"cellTitle\"><strong>Parcours \u00ab Autonomie \u00bb<\/strong><\/span><br \/>\nPatrick Roth, Unige<br \/>\nC\u00e9line Restrepo Zea, Unil<br \/>\nLaura De Santis, Unil<\/td><td class=\"column-2\"><span class=\"cellTitle\"><strong>Parcours \u00ab Cours \u00bb<\/strong><\/span><br \/>\nGilles Merminod, Unil<br \/>\nNadia Spang Bovey, Unil<br \/>\nSandra Berney, Unige<\/td>\n<\/tr>\n<tr class=\"row-2\">\n\t<td class=\"column-1\"><span class=\"cellTitle\"><strong>Parcours \u00ab Stage \u00bb<\/strong><\/span><br \/>\nLaurence Gagni\u00e8re, UniDistance<br \/>\nEmmanuel Fernandes, Unil<br \/>\nJean-Michel Jullien, UniDistance<\/td><td class=\"column-2\"><span class=\"cellTitle\"><strong>Parcours \u00ab Formation continue \u00bb<\/strong><\/span><br \/>\nCatherine El-Bez, Unil<br \/>\nSandra Berney, Unige<br \/>\nJean-Michel Jullien , UniDistance<\/td>\n<\/tr>\n<\/tbody>\n<\/table>\n<!-- #tablepress-1 from cache --><\/p>\n<p><span style=\"color: #387fb5\"><strong>Conception et d\u00e9veloppement du dispositif<br \/>\n<\/strong><\/span>Nadia Spang Bovey, Unil<br \/>\nPatrick Roth, Unige<br \/>\nBeno\u00eet Coll\u00e9, Unige<\/p>\n<p>&nbsp;<\/p>\n","protected":false},"excerpt":{"rendered":"<p>Le\u00a0projet SELFPAD\u00a0b\u00e9n\u00e9ficie du savoir-faire pluridisciplinaire\u00a0d&rsquo;ing\u00e9nieurs p\u00e9dagogiques, d&rsquo;enseignants universitaires de diverses disciplines, de concepteurs et de d\u00e9veloppeurs web. Responsable\u00a0du projet Nadia Spang Bovey, RISET-Facult\u00e9 des Lettres,\u00a0Unil Coordination et documentation Johann Bourget, &hellip; <\/p>\n","protected":false},"author":1001022,"featured_media":0,"parent":0,"menu_order":3,"comment_status":"closed","ping_status":"closed","template":"","meta":{"_seopress_robots_primary_cat":"","_seopress_titles_title":"","_seopress_titles_desc":"","_seopress_robots_index":"","footnotes":""},"class_list":["post-66","page","type-page","status-publish"],"_links":{"self":[{"href":"https:\/\/wp.unil.ch\/selfpad\/wp-json\/wp\/v2\/pages\/66","targetHints":{"allow":["GET"]}}],"collection":[{"href":"https:\/\/wp.unil.ch\/selfpad\/wp-json\/wp\/v2\/pages"}],"about":[{"href":"https:\/\/wp.unil.ch\/selfpad\/wp-json\/wp\/v2\/types\/page"}],"author":[{"embeddable":true,"href":"https:\/\/wp.unil.ch\/selfpad\/wp-json\/wp\/v2\/users\/1001022"}],"replies":[{"embeddable":true,"href":"https:\/\/wp.unil.ch\/selfpad\/wp-json\/wp\/v2\/comments?post=66"}],"version-history":[{"count":0,"href":"https:\/\/wp.unil.ch\/selfpad\/wp-json\/wp\/v2\/pages\/66\/revisions"}],"wp:attachment":[{"href":"https:\/\/wp.unil.ch\/selfpad\/wp-json\/wp\/v2\/media?parent=66"}],"curies":[{"name":"wp","href":"https:\/\/api.w.org\/{rel}","templated":true}]}}