{"id":26,"date":"2014-11-24T18:14:43","date_gmt":"2014-11-24T17:14:43","guid":{"rendered":"http:\/\/wp.unil.ch\/selfpad\/?page_id=26"},"modified":"2016-04-04T15:37:41","modified_gmt":"2016-04-04T13:37:41","slug":"documents","status":"publish","type":"page","link":"https:\/\/wp.unil.ch\/selfpad\/documents\/","title":{"rendered":"Documents"},"content":{"rendered":"<p><strong>POUR UTILISER\u00a0SELFPAD\u00a0<\/strong>(ET MAHARA)<\/p>\n<ul>\n<li><a href=\"https:\/\/wp.unil.ch\/selfpad\/files\/2016\/04\/Papillon_SELFPAD.pdf\" target=\"_blank\">D\u00e9pliant de pr\u00e9sentation<\/a><\/li>\n<li><a href=\"https:\/\/sepia.unil.ch\/mahara\/selfpad\/selfpad\/manuals\/aidememoire.pdf\" target=\"_blank\">Aide-m\u00e9moire<\/a>\u00a0(guide d&rsquo;introduction r\u00e9sum\u00e9 sur une page A4)<\/li>\n<li><a href=\"https:\/\/sepia.unil.ch\/mahara\/selfpad\/selfpad\/manuals\/guide.pdf\" rel=\"\">Guide d&rsquo;introduction complet<\/a>\u00a0(15 pages)<\/li>\n<li><a href=\"https:\/\/sepia.unil.ch\/mahara\/selfpad\/selfpad\/manuals\/intro.pdf\" target=\"_blank\">Guide d&rsquo;introduction \u00e0\u00a0Mahara<\/a><\/li>\n<\/ul>\n<p><strong>Initiative et financement<\/strong><\/p>\n<p><a title=\"UNIL\" href=\"https:\/\/www.unil.ch\" target=\"_blank\"><img loading=\"lazy\" decoding=\"async\" class=\"alignnone wp-image-275\" src=\"https:\/\/wp.unil.ch\/selfpad\/files\/2015\/02\/Logo-UNIL.png\" alt=\"Logo UNIL\" width=\"97\" height=\"48\" \/><\/a><\/p>\n<p><strong>Institutions partenaires<\/strong><\/p>\n<p><a title=\"UNIGE\" href=\"https:\/\/www.unige.ch\" target=\"_blank\"><img loading=\"lazy\" decoding=\"async\" class=\"alignnone wp-image-138\" src=\"https:\/\/wp.unil.ch\/selfpad\/files\/2014\/11\/UNIGE70-300x108.jpg\" alt=\"UNIGE70\" width=\"96\" height=\"38\" \/><\/a>\u00a0\u00a0<a title=\"Unidistance\" href=\"https:\/\/unidistance.ch\/\" target=\"_blank\"><img loading=\"lazy\" decoding=\"async\" class=\"alignnone wp-image-150\" src=\"https:\/\/wp.unil.ch\/selfpad\/files\/2014\/11\/Logo-Unidistance-300x113.png\" alt=\"Logo Unidistance\" width=\"96\" height=\"39\" \/><\/a><\/p>\n<p><b>Applications<\/b><\/p>\n<p><a title=\"Eduhub\" href=\"https:\/\/www.eduhub.ch\/\" target=\"_blank\"><img loading=\"lazy\" decoding=\"async\" class=\"alignnone wp-image-142\" src=\"https:\/\/wp.unil.ch\/selfpad\/files\/2014\/12\/cropped-Mahara-1.jpeg\" alt=\"cropped-Mahara-1.jpeg\" width=\"97\" height=\"45\" \/><\/a><br \/>\n<a href=\"https:\/\/wp.unil.ch\/selfpad\/files\/2014\/11\/Selfpad_logo_noborder.png\"><img loading=\"lazy\" decoding=\"async\" class=\"alignnone wp-image-559\" src=\"https:\/\/wp.unil.ch\/selfpad\/files\/2014\/11\/Selfpad_logo_noborder.png\" alt=\"Logo Selfpad\" width=\"116\" height=\"30\" \/><\/a>\u00a0<strong><br \/>\n<\/strong><\/p>\n<p><strong>CREDITS IMAGES<\/strong><\/p>\n<figure id=\"attachment_542\" aria-describedby=\"caption-attachment-542\" style=\"width: 269px\" class=\"wp-caption alignnone\"><a href=\"https:\/\/wp.unil.ch\/selfpad\/files\/2015\/11\/portfolio.jpg\"><img loading=\"lazy\" decoding=\"async\" class=\"wp-image-542\" src=\"https:\/\/wp.unil.ch\/selfpad\/files\/2015\/11\/portfolio.jpg\" alt=\"portfolio\" width=\"269\" height=\"259\" srcset=\"https:\/\/wp.unil.ch\/selfpad\/files\/2015\/11\/portfolio.jpg 833w, https:\/\/wp.unil.ch\/selfpad\/files\/2015\/11\/portfolio-300x288.jpg 300w, https:\/\/wp.unil.ch\/selfpad\/files\/2015\/11\/portfolio-312x300.jpg 312w\" sizes=\"auto, (max-width: 269px) 100vw, 269px\" \/><\/a><figcaption id=\"caption-attachment-542\" class=\"wp-caption-text\">\u00a9 Ellagrin \/ Thinkstock<\/figcaption><\/figure>\n<p><strong> L&rsquo;APPROCHE E-PORTFOLIO<\/strong><\/p>\n<ul>\n<li><a title=\"L'ePortfolio en images\" href=\"https:\/\/av.unil.ch\/hva\/1742\/e-portfolio-720p_hd.webm?_=3\" target=\"_blank\">L&rsquo;ePortfolio en images<\/a> (vid\u00e9o)<\/li>\n<li><a title=\"Se communiquer gr\u00e2ce \u00e0 l'ePortfolio\" href=\"https:\/\/av.unil.ch\/hva\/1320\/20131021-fip-projetburger.webm\" target=\"_blank\">Se communiquer gr\u00e2ce \u00e0 l&rsquo;ePortfolio<\/a>\u00a0(vid\u00e9o)<\/li>\n<li>\u00ab\u00a0<a href=\"https:\/\/wp.unil.ch\/selfpad\/files\/2015\/06\/Teaching-the-ePortfolio-way-seul.-en-EN.pdf\">Teaching the ePortfolio way\u00a0\u00bb<\/a>\u00a0(d\u00e9plant en Anglais)<\/li>\n<li>Kit de conversation (en cours d&rsquo;\u00e9laboration)<\/li>\n<li><a href=\"https:\/\/wp.unil.ch\/selfpad\/files\/2014\/11\/Guidelines_ePortfolio1.pdf\" target=\"_blank\">Guidelines SIG ePortfolio <\/a>(conseils pour impl\u00e9menter les ePortfolios dans votre institution)<\/li>\n<li><a href=\"https:\/\/wp.unil.ch\/selfpad\/files\/2015\/02\/1_expertise_eportfolio.pdf\" target=\"_blank\">Participations de l&rsquo;UNIL (RISET) aux \u00e9v\u00e9nements et publications sur le th\u00e8me de l&rsquo;ePortfolio<\/a><\/li>\n<\/ul>\n<p><strong>\u00a0<\/strong><\/p>\n","protected":false},"excerpt":{"rendered":"<p>POUR UTILISER\u00a0SELFPAD\u00a0(ET MAHARA) D\u00e9pliant de pr\u00e9sentation Aide-m\u00e9moire\u00a0(guide d&rsquo;introduction r\u00e9sum\u00e9 sur une page A4) Guide d&rsquo;introduction complet\u00a0(15 pages) Guide d&rsquo;introduction \u00e0\u00a0Mahara Initiative et financement Institutions partenaires \u00a0\u00a0 Applications \u00a0 CREDITS IMAGES &hellip; <\/p>\n","protected":false},"author":1001022,"featured_media":0,"parent":0,"menu_order":6,"comment_status":"closed","ping_status":"closed","template":"","meta":{"_seopress_robots_primary_cat":"","_seopress_titles_title":"","_seopress_titles_desc":"","_seopress_robots_index":"","footnotes":""},"class_list":["post-26","page","type-page","status-publish"],"_links":{"self":[{"href":"https:\/\/wp.unil.ch\/selfpad\/wp-json\/wp\/v2\/pages\/26","targetHints":{"allow":["GET"]}}],"collection":[{"href":"https:\/\/wp.unil.ch\/selfpad\/wp-json\/wp\/v2\/pages"}],"about":[{"href":"https:\/\/wp.unil.ch\/selfpad\/wp-json\/wp\/v2\/types\/page"}],"author":[{"embeddable":true,"href":"https:\/\/wp.unil.ch\/selfpad\/wp-json\/wp\/v2\/users\/1001022"}],"replies":[{"embeddable":true,"href":"https:\/\/wp.unil.ch\/selfpad\/wp-json\/wp\/v2\/comments?post=26"}],"version-history":[{"count":0,"href":"https:\/\/wp.unil.ch\/selfpad\/wp-json\/wp\/v2\/pages\/26\/revisions"}],"wp:attachment":[{"href":"https:\/\/wp.unil.ch\/selfpad\/wp-json\/wp\/v2\/media?parent=26"}],"curies":[{"name":"wp","href":"https:\/\/api.w.org\/{rel}","templated":true}]}}