{"id":20,"date":"2014-11-24T11:56:38","date_gmt":"2014-11-24T10:56:38","guid":{"rendered":"http:\/\/wp.unil.ch\/selfpad\/?page_id=20"},"modified":"2015-11-25T21:47:32","modified_gmt":"2015-11-25T20:47:32","slug":"contexte","status":"publish","type":"page","link":"https:\/\/wp.unil.ch\/selfpad\/contexte\/","title":{"rendered":"Contexte"},"content":{"rendered":"<p style=\"text-align: justify\"><strong>LES ORIGINES EN BREF ET LA POSITION DE L&rsquo;UNIL <\/strong><\/p>\n<p style=\"text-align: justify\">EXPERTISE ET INSTITUTIONS PARTENAIRES<\/p>\n<p style=\"text-align: justify\">\u00c0\u00a0l&rsquo;origine, le\u00a0<a title=\"LE PROJET\" href=\"https:\/\/wp.unil.ch\/selfpad\/\" target=\"_blank\">projet <\/a><strong><em>SELFPAD<\/em><\/strong> s&rsquo;appuie sur l&rsquo;exp\u00e9rience\u00a0de l&rsquo;<a title=\"UNIL\" href=\"https:\/\/www.unil.ch\" target=\"_blank\">UNIL<\/a> en mati\u00e8re d&rsquo;outils ePortfolios, une <a href=\"https:\/\/wp.unil.ch\/selfpad\/files\/2014\/10\/1_expertise_eportfolio.pdf\">expertise<\/a>\u00a0fa\u00e7onn\u00e9e\u00a0gr\u00e2ce \u00e0\u00a0plus de quatre ans\u00a0d&rsquo;\u00e9tudes, de discussions et de projets intra- et inter-institutionnels, tant au niveau national que sur le plan international. Nous collaborons en effet avec la communaut\u00e9 d&rsquo;eLearning\u00a0<a title=\"Eduhub\" href=\"https:\/\/www.eduhub.ch\/\" target=\"_blank\">Eduhub<\/a>, les prestataires de services internet\u00a0<a href=\"https:\/\/www.switch.ch\/fr\/\" target=\"_blank\">SWITCH<\/a>, les d\u00e9veloppeurs de l&rsquo;\u00e9diteur ePortfolio\u00a0<a title=\"Mahara\" href=\"https:\/\/www.mahara.org\" target=\"_blank\">Mahara\u00a0<\/a>ainsi qu&rsquo;avec diff\u00e9rentes\u00a0Hautes \u00c9coles, notamment les universit\u00e9s de Gen\u00e8ve (<a title=\"UNIGE\" href=\"https:\/\/www.unige.ch\" target=\"_blank\">UNIGE<\/a>), de Zurich (<a title=\"UZH\" href=\"https:\/\/www.uzh.ch\/\" target=\"_blank\">UZH<\/a>) et\u00a0<a title=\"UniDistance\" href=\"https:\/\/unidistance.ch\/\" target=\"_blank\">UniDistance<\/a>.<\/p>\n<p style=\"text-align: justify\">APPROCHE\u00a0E-PORTFOLIO\u00a0ET D\u00c9MARCHE\u00a0R\u00c9FLEXIVE : LA POSITION DE L&rsquo;UNIL<\/p>\n<p style=\"text-align: justify\">L&rsquo;approche choisie par l&rsquo;<a href=\"https:\/\/www.unil.ch\" target=\"_blank\">UNIL<\/a> vise \u00e0 se servir de l\u2019ePortfolio pour stimuler l\u2019\u00e9tudiant et l&rsquo;aider\u00a0\u00e0 <em><strong>prendre conscience des comp\u00e9tences<\/strong><\/em>\u00a0acquises durant son cursus via une\u00a0<strong><em>d\u00e9marche<\/em><\/strong>\u00a0<em><strong>r\u00e9flexive<\/strong><\/em>, dans le but de le rendre plus autonome. Pour l\u2019\u00e9tudiant, cette\u00a0<em>d\u00e9marche\u00a0r\u00e9flexive<\/em>\u00a0consiste \u00e0\u00a0r\u00e9fl\u00e9chir\u00a0de fa\u00e7on\u00a0structur\u00e9e sur ses comp\u00e9tences, leur d\u00e9veloppement et leur utilit\u00e9. Elle met ainsi l&rsquo;accent sur les\u00a0<em><strong>comp\u00e9tences transverses<\/strong><\/em>, c\u2019est-\u00e0-dire les comp\u00e9tences ais\u00e9ment transf\u00e9rables\u00a0hors du contexte dans lesquelles elles ont \u00e9t\u00e9 apprises (p.ex. comp\u00e9tences analytiques, r\u00e9dactionnelles, etc.). En outre, elle soutient une logique de\u00a0<em><strong>reconnaissance\u00a0des acquis\u00a0<\/strong><\/em>et pr\u00e9voit la possibilit\u00e9 de sauvegarder son ePortfolio \u00e0 long terme, particuli\u00e8rement apr\u00e8s la sortie de la sph\u00e8re acad\u00e9mique.<\/p>\n<p style=\"text-align: justify\"><strong><br \/>\n2008-2009: R\u00c9SULTATS DES \u00c9TUDES DE FAISABILIT\u00c9 ET DES PROJETS PILOTES UNIL<\/strong><\/p>\n<p style=\"text-align: justify\">PLUS-VALUES\u00a0DE L&rsquo;APPROCHE E-PORTFOLIO<\/p>\n<p style=\"text-align: justify\">D&rsquo;une fa\u00e7on g\u00e9n\u00e9rale, l&rsquo;approche\u00a0ePortfolio aide\u00a0l\u2019\u00e9tudiant, les facult\u00e9s et les institutions \u00e0\u00a0se positionner, ainsi qu&rsquo;\u00e0 communiquer\u00a0et \u00e0\u00a0d\u00e9velopper leur savoir-faire. Elle catalyse notamment les b\u00e9n\u00e9fices suivants:<\/p>\n<ul style=\"text-align: justify\">\n<li>Institutions: Renforcer leur identit\u00e9 en tant que\u00a0p\u00f4les de comp\u00e9tences<\/li>\n<li>Facult\u00e9s: Rendre visible leurs domaines d&rsquo;expertise<\/li>\n<li>Enseignants: B\u00e9n\u00e9ficier d&rsquo;un\u00a0instrument de contr\u00f4le continu sur le travail des apprenants<\/li>\n<li>\u00c9tudiants: S&rsquo;auto-\u00e9valuer, identifier en quoi\u00a0leurs aptitudes peuvent \u00eatre utiles; il s&rsquo;agit donc \u00e0 la fois d&rsquo;un appui \u00e0 la r\u00e9ussite acad\u00e9mique et d&rsquo;un soutien pour se projeter dans le monde\u00a0professionnel<\/li>\n<\/ul>\n<p style=\"text-align: justify\">FACTEURS DE SUCC\u00c8S\u00a0\u00c0 L&rsquo;ADOPTION DE L&rsquo;APPROCHE E-PORTFOLIO<\/p>\n<p style=\"text-align: justify\">Les\u00a0projets pilotes men\u00e9s au sein de l&rsquo;<a href=\"https:\/\/www.unil.ch\" target=\"_blank\">UNIL<\/a> ont identifi\u00e9 diff\u00e9rents\u00a0facteurs facilitant l&rsquo;adoption de l&rsquo;approche ePortfolio par les enseignants et les \u00e9tudiants, notamment:<\/p>\n<ul style=\"text-align: justify\">\n<li>Communiquer les avantages de\u00a0l&rsquo;approche ePortfolio<\/li>\n<li>Proposer un \u00e9diteur\u00a0ePortfolio explicite et facile d&rsquo;usage<\/li>\n<li>Impliquer enseignants et \u00e9tudiants dans la conception et dans le lancement de cet outil<\/li>\n<li>Fournir un accompagnement dans l&rsquo;utilisation de l&rsquo;outil<\/li>\n<\/ul>\n<p style=\"text-align: justify\"><strong><br \/>\n2010-2013:\u00a0LE GROUPE SIG E-PORTFOLIO SE CR\u00c9E ET S&rsquo;ORIENTE VERS LA PLATE-FORME MAHARA<\/strong><\/p>\n<p style=\"text-align: justify\">En 2010, la communaut\u00e9 d&rsquo;eLearning <a title=\"Eduhub\" href=\"https:\/\/www.eduhub.ch\/\" target=\"_blank\">Eduhub <\/a>s&rsquo;int\u00e9resse de plus pr\u00e8s au th\u00e8me de l&rsquo;ePortfolio et cr\u00e9e\u00a0le\u00a0groupe\u00a0<em><strong>SIG ePortfolio<\/strong><\/em>\u00a0(Special Interest Group ePortfolio), co-pr\u00e9sid\u00e9 par C\u00e9line Restrepo Zea (<a title=\"UNIL\" href=\"https:\/\/www.unil.ch\" target=\"_blank\">UNIL<\/a>) et Elisabeth Berg (<a title=\"UZH\" href=\"https:\/\/www.uzh.ch\" target=\"_blank\">UZH<\/a>). Ce groupe vise \u00e0 mieux faire conna\u00eetre les diff\u00e9rentes approches\u00a0ePortfolio, \u00e0 mettre \u00e0 disposition\u00a0un \u00e9diteur ePortfolio\u00a0accessible aux \u00e9tudiants des Hautes \u00c9coles, ainsi qu&rsquo;\u00e0 favoriser l&rsquo;adoption de cet outil.<\/p>\n<p style=\"text-align: justify\">En ce qui concerne l&rsquo;outil, le SIG d\u00e9cide de s&rsquo;appuyer sur l&rsquo;\u00e9diteur open-source\u00a0<a title=\"Mahara.org\" href=\"https:\/\/www.mahara.org\" target=\"_blank\">Mahara<\/a>, car il\u00a0constitue\u00a0alors le logiciel\u00a0pr\u00e9sentant la base technique la plus solide. Le SIG\u00a0identifie toutefois diff\u00e9rentes\u00a0limitations\u00a0de\u00a0Mahara et plusieurs de ses membres participent en\u00a02013 au\u00a0projet\u00a0<em><strong>AAA-PLE<\/strong><\/em>\u00a0(pour Personal Learning Environment)\u00a0pour trouver des solutions.\u00a0Parall\u00e8lement, un Mahara national sera d\u00e9velopp\u00e9 par <a title=\"SWITCH\" href=\"https:\/\/www.switch.ch\/fr\/\" target=\"_blank\">SWITCH <\/a>(mis \u00e0 disposition\u00a0d\u00e8s janvier 2014); celui-ci\u00a0propose\u00a0une plate-forme d&rsquo;h\u00e9bergement d\u2019ePortfolio \u00e0 chaque\u00a0Haute \u00c9cole ne disposant pas d&rsquo;une instance\u00a0locale de Mahara.<\/p>\n<p style=\"text-align: justify\">Pour favoriser l&rsquo;adoption des approches\u00a0ePortfolio et de l&rsquo;outil Mahara, le SIG a \u00e9galement mis au point une s\u00e9rie de\u00a0<em><a href=\"https:\/\/wp.unil.ch\/selfpad\/files\/2014\/11\/Guidelines_ePortfolio1.pdf\" target=\"_blank\">guidelines<\/a><\/em>, proposant des conseils d\u2019impl\u00e9mentation aux instances de d\u00e9cision des\u00a0Hautes \u00c9coles d\u00e9sireuses de tester ce type de pratique. Ces guidelines se basent sur les retours des enseignants, lesquels \u00e9changent r\u00e9guli\u00e8rement leurs exp\u00e9riences avec le SIG dans le cadre de sessions annuelles de \u00ab\u00a0practice-sharing\u00a0\u00bb et lors des Eduhub Days.<\/p>\n<p style=\"text-align: justify\"><strong><br \/>\n2013-2015: LES PROJETS PILOTES INTER-INSTITUTIONNELS FOURNISSENT LES BASES DE SELFPAD<\/strong><\/p>\n<p style=\"text-align: justify\">Forte de l&rsquo;exp\u00e9rience acquise gr\u00e2ce \u00e0 ses projets pilotes internes, l&rsquo;<a title=\"UNIL\" href=\"https:\/\/www.unil.ch\" target=\"_blank\">UNIL<\/a> &#8211; en collaboration avec\u00a0l&rsquo;<a title=\"UNIGE\" href=\"https:\/\/www.unige.ch\" target=\"_blank\">UNIGE<\/a>, <a title=\"UniDistance\" href=\"https:\/\/unidistance.ch\/\" target=\"_blank\">UniDistance <\/a>et <a href=\"https:\/\/www.switch.ch\/fr\/\" target=\"_blank\">SWITCH <\/a>&#8211; d\u00e9pose en janvier 2014 une demande aupr\u00e8s de la CRUS pour le financement d&rsquo;un projet ePortfolio de type CUS-P2. Ce projet vise \u00e0 d\u00e9velopper une\u00a0application\u00a0web qui doit r\u00e9pondre \u00e0 trois probl\u00e8mes inh\u00e9rents \u00e0 Mahara:\u00a0une interface utilisateur difficile \u00e0 ma\u00eetriser, un manque d&rsquo;interaction avec des ressources tierces\u00a0(p.ex. LinkedIn, Dropbox) et l&rsquo;impossibilit\u00e9 de conserver son portfolio une fois sorti du monde acad\u00e9mique. Pour pallier ces probl\u00e8mes, le projet propose un outil dot\u00e9 d&rsquo;une interface plus visuelle, de modules permettant de communiquer avec des plate-formes ext\u00e9rieures, ainsi que d&rsquo;un ensemble d&rsquo;extensions facilitant l&rsquo;\u00e9change de donn\u00e9es entre instances locales et\u00a0nationale de Mahara.<\/p>\n<p style=\"text-align: justify\">Mais en 2014, tous les projets CUS-P2 li\u00e9s \u00e0 l&rsquo;eLearning sont\u00a0rejet\u00e9s et l&rsquo;<a href=\"https:\/\/www.unil.ch\" target=\"_blank\">UNIL<\/a> d\u00e9cide alors\u00a0de mettre sur pied\u00a0un nouveau projet de soutien \u00e0 l&rsquo;ePortfolio, cette fois-ci autofinanc\u00e9 et r\u00e9alis\u00e9 en collaboration\u00a0avec ses\u00a0partenaires de l&rsquo;<a title=\"UNIGE\" href=\"https:\/\/www.unige.ch\" target=\"_blank\">UNIGE<\/a> et d&rsquo;<a title=\"UniDistance\" href=\"https:\/\/unidistance.ch\/\" target=\"_blank\">UniDistance<\/a>; ce sera le projet\u00a0<strong><em>SELFPAD<\/em><\/strong>. Tout comme\u00a0son pr\u00e9d\u00e9cesseur CUS-P2, ce nouveau projet vise \u00e0\u00a0soutenir\u00a0l&rsquo;\u00e9tudiant dans\u00a0sa <em>d\u00e9marche\u00a0r\u00e9flexive<\/em> en l&rsquo;aidant \u00e0 prendre conscience de ses comp\u00e9tences et en lui facilitant\u00a0la prise en main de Mahara.<\/p>\n<p style=\"text-align: justify\">Pour ce faire, le logiciel \u00e9ponyme SELFPAD<a title=\"Prototype SELFPAD\" href=\"https:\/\/selfpad.b00.li\/#\/\" target=\"_blank\">\u00a0<\/a>se destine \u00e0 \u00eatre\u00a0un\u00a0outil\u00a0de type\u00a0<em><strong>wizard<\/strong><\/em>, i.e. une\u00a0interface intuitive qui offre\u00a0un maximum d&rsquo;assistance \u00e0 l\u2019utilisateur pour le guider dans sa <em>d\u00e9marche\u00a0r\u00e9flexive<\/em>. Concr\u00e8tement, SELFPAD devra permettre \u00e0 l&rsquo;utilisateur d&rsquo;ais\u00e9ment produire\u00a0des bilans et\u00a0des synth\u00e8ses illustrant sa perception de ses\u00a0comp\u00e9tences, en le guidant dans une\u00a0auto-analyse de ses exp\u00e9riences acad\u00e9miques, professionnelles et personnelles. Pour que l&rsquo;utilisateur puisse poursuivre sa r\u00e9flexion sur le long terme,\u00a0SELFPAD pr\u00e9voit \u00e9galement de pouvoir sauvegarder ses bilans et ses synth\u00e8ses ou de les exporter vers Mahara. Notons n\u00e9anmoins que notre logiciel est con\u00e7u pour initier\u00a0l&rsquo;\u00e9tudiant\u00a0\u00e0 la <em>d\u00e9marche\u00a0r\u00e9flexive<\/em>,\u00a0mais pas pour remplacer\u00a0l&rsquo;\u00e9diteur Mahara.<\/p>\n","protected":false},"excerpt":{"rendered":"<p>LES ORIGINES EN BREF ET LA POSITION DE L&rsquo;UNIL EXPERTISE ET INSTITUTIONS PARTENAIRES \u00c0\u00a0l&rsquo;origine, le\u00a0projet SELFPAD s&rsquo;appuie sur l&rsquo;exp\u00e9rience\u00a0de l&rsquo;UNIL en mati\u00e8re d&rsquo;outils ePortfolios, une expertise\u00a0fa\u00e7onn\u00e9e\u00a0gr\u00e2ce \u00e0\u00a0plus de quatre ans\u00a0d&rsquo;\u00e9tudes, &hellip; <\/p>\n","protected":false},"author":1001022,"featured_media":0,"parent":0,"menu_order":4,"comment_status":"closed","ping_status":"closed","template":"","meta":{"_seopress_robots_primary_cat":"","_seopress_titles_title":"","_seopress_titles_desc":"","_seopress_robots_index":"","footnotes":""},"class_list":["post-20","page","type-page","status-publish"],"_links":{"self":[{"href":"https:\/\/wp.unil.ch\/selfpad\/wp-json\/wp\/v2\/pages\/20","targetHints":{"allow":["GET"]}}],"collection":[{"href":"https:\/\/wp.unil.ch\/selfpad\/wp-json\/wp\/v2\/pages"}],"about":[{"href":"https:\/\/wp.unil.ch\/selfpad\/wp-json\/wp\/v2\/types\/page"}],"author":[{"embeddable":true,"href":"https:\/\/wp.unil.ch\/selfpad\/wp-json\/wp\/v2\/users\/1001022"}],"replies":[{"embeddable":true,"href":"https:\/\/wp.unil.ch\/selfpad\/wp-json\/wp\/v2\/comments?post=20"}],"version-history":[{"count":0,"href":"https:\/\/wp.unil.ch\/selfpad\/wp-json\/wp\/v2\/pages\/20\/revisions"}],"wp:attachment":[{"href":"https:\/\/wp.unil.ch\/selfpad\/wp-json\/wp\/v2\/media?parent=20"}],"curies":[{"name":"wp","href":"https:\/\/api.w.org\/{rel}","templated":true}]}}