{"id":181,"date":"2025-08-13T13:47:13","date_gmt":"2025-08-13T11:47:13","guid":{"rendered":"https:\/\/wp.unil.ch\/rsg-2025\/?page_id=181"},"modified":"2025-11-24T14:15:20","modified_gmt":"2025-11-24T13:15:20","slug":"location","status":"publish","type":"page","link":"https:\/\/wp.unil.ch\/rsg-2025\/location\/","title":{"rendered":"Location"},"content":{"rendered":"\n<h5 class=\"wp-block-heading\">Nucl\u00e9o Room, Vortex- UNIL campus<\/h5>\n\n\n\n<p><a href=\"https:\/\/maps.app.goo.gl\/6cDviMVDQZeTqFgp6\" target=\"_blank\" rel=\"noreferrer noopener\">Adress<\/a>: Rte de Praz V\u00e9guey 29, 1022 Chavannes-pr\u00e8s-Renens<\/p>\n\n\n\n<p>Map of Nucl\u00e9o room location: <a href=\"https:\/\/planete.unil.ch\/?local=VOR-0268\" target=\"_blank\" rel=\"noreferrer noopener\">VOR-0268 <\/a><\/p>\n\n\n\n<div data-wp-interactive=\"core\/file\" class=\"wp-block-file\"><object data-wp-bind--hidden=\"!state.hasPdfPreview\" hidden class=\"wp-block-file__embed\" data=\"https:\/\/wp.unil.ch\/rsg-2025\/files\/2025\/11\/locations-of-rsg2025-2.pdf\" type=\"application\/pdf\" style=\"width:100%;height:600px\" aria-label=\"Contenu embarqu\u00e9 Locations of RSG2025 2.\"><\/object><a id=\"wp-block-file--media-edcb895d-917b-43f9-bd50-af33d483d3c5\" href=\"https:\/\/wp.unil.ch\/rsg-2025\/files\/2025\/11\/locations-of-rsg2025-2.pdf\">Locations of RSG2025 2<\/a><a href=\"https:\/\/wp.unil.ch\/rsg-2025\/files\/2025\/11\/locations-of-rsg2025-2.pdf\" class=\"wp-block-file__button wp-element-button\" download aria-describedby=\"wp-block-file--media-edcb895d-917b-43f9-bd50-af33d483d3c5\">Download<\/a><\/div>\n\n\n\n<figure class=\"wp-block-image\"><a class=\"fancybox image\" href=\"https:\/\/wp.unil.ch\/risk\/files\/2025\/07\/image-2.png\"><img decoding=\"async\" src=\"https:\/\/wp.unil.ch\/risk\/files\/2025\/07\/image-2.png\" alt=\"image\" class=\"wp-image-6584\" style=\"object-fit:cover\" \/><\/a><figcaption class=\"wp-element-caption\"><a href=\"https:\/\/maps.app.goo.gl\/6cDviMVDQZeTqFgp6\">https:\/\/maps.app.goo.gl\/6cDviMVDQZeTqFgp6<\/a><\/figcaption><\/figure>\n\n\n\n<p><\/p>\n","protected":false},"excerpt":{"rendered":"<p>Nucl\u00e9o Room, Vortex- UNIL campus Adress: Rte de Praz V\u00e9guey 29, 1022 Chavannes-pr\u00e8s-Renens Map of Nucl\u00e9o room location: VOR-0268<\/p>\n","protected":false},"author":1002206,"featured_media":0,"parent":0,"menu_order":0,"comment_status":"closed","ping_status":"closed","template":"","meta":{"_seopress_robots_primary_cat":"","_seopress_titles_title":"","_seopress_titles_desc":"","_seopress_robots_index":"","footnotes":""},"class_list":["post-181","page","type-page","status-publish"],"_links":{"self":[{"href":"https:\/\/wp.unil.ch\/rsg-2025\/wp-json\/wp\/v2\/pages\/181","targetHints":{"allow":["GET"]}}],"collection":[{"href":"https:\/\/wp.unil.ch\/rsg-2025\/wp-json\/wp\/v2\/pages"}],"about":[{"href":"https:\/\/wp.unil.ch\/rsg-2025\/wp-json\/wp\/v2\/types\/page"}],"author":[{"embeddable":true,"href":"https:\/\/wp.unil.ch\/rsg-2025\/wp-json\/wp\/v2\/users\/1002206"}],"replies":[{"embeddable":true,"href":"https:\/\/wp.unil.ch\/rsg-2025\/wp-json\/wp\/v2\/comments?post=181"}],"version-history":[{"count":5,"href":"https:\/\/wp.unil.ch\/rsg-2025\/wp-json\/wp\/v2\/pages\/181\/revisions"}],"predecessor-version":[{"id":629,"href":"https:\/\/wp.unil.ch\/rsg-2025\/wp-json\/wp\/v2\/pages\/181\/revisions\/629"}],"wp:attachment":[{"href":"https:\/\/wp.unil.ch\/rsg-2025\/wp-json\/wp\/v2\/media?parent=181"}],"curies":[{"name":"wp","href":"https:\/\/api.w.org\/{rel}","templated":true}]}}