{"id":311,"date":"2013-08-30T10:36:53","date_gmt":"2013-08-30T08:36:53","guid":{"rendered":"http:\/\/wp.unil.ch\/risk\/?page_id=311"},"modified":"2025-02-03T15:04:01","modified_gmt":"2025-02-03T14:04:01","slug":"home","status":"publish","type":"page","link":"https:\/\/wp.unil.ch\/risk\/","title":{"rendered":"Home"},"content":{"rendered":"\n<p style=\"font-size:20px\"><strong>Welcome to the website of the Risk Analysis group of the <a href=\"https:\/\/www.unil.ch\/iste\/home.html\">Institute of Earth Sciences<\/a> of the <a href=\"https:\/\/www.unil.ch\/index.html\">University of Lausanne<\/a>. This group is part of the <a href=\"https:\/\/www.unil.ch\/gse\/fr\/home.html\">Faculty of Geosciences and Environment<\/a>, and replaces the former Institute of Geomatics and Risk Analysis (IGAR).<\/strong><\/p>\n\n\n\n<p>Our <strong>research<\/strong> focuses on the study of natural hazards and risks induced by surface and atmospheric phenomena, and their perception and impact on society. Our work combines fieldwork, in-situ and remote techniques investigations, laboratory experiments and numerical modelling in order to characterize soil and rock degradation, alteration and dismantling; mainly in the Alpine chain. A better understanding, quantification and forecast of mass wasting processes and related risks in mountainous areas help improve decision making processes, crisis management and disaster risk reduction to build disaster resilient communities.&nbsp;<\/p>\n\n\n\n<p class=\"has-text-align-left\"><strong>Teaching activities<\/strong> include BSc and MSc and level classes at the University of Lausanne regarding natural hazards and risks assessment, risk management, communication, quantification and monitoring. Members of the Risk group also participate in the organization of international conferences, short courses and doctoral schools.<\/p>\n\n\n<div class=\"su-image-carousel  su-image-carousel-has-spacing su-image-carousel-crop su-image-carousel-crop-16-9 su-image-carousel-has-outline su-image-carousel-adaptive su-image-carousel-slides-style-default su-image-carousel-controls-style-dark su-image-carousel-align-none\" style=\"\" data-flickity-options='{\"groupCells\":true,\"cellSelector\":\".su-image-carousel-item\",\"adaptiveHeight\":false,\"cellAlign\":\"left\",\"prevNextButtons\":true,\"pageDots\":true,\"autoPlay\":5000,\"imagesLoaded\":true,\"contain\":true,\"selectedAttraction\":0.025,\"friction\":0.28}' id=\"su_image_carousel_69ebb6e233bcf\"><div class=\"su-image-carousel-item\"><div class=\"su-image-carousel-item-content\"><a href=\"\" target=\"_blank\" rel=\"noopener noreferrer\" data-caption=\"Sylvain K\u00f6hli: \u00c9tude du potentiel des mod\u00e8les analogiques dans l\u2019analyse des tsunamis issus de glissement de terrain &#8211; \u00c9tude de cas pour le lac L\u00e9man\"><img loading=\"lazy\" decoding=\"async\" width=\"604\" height=\"290\" src=\"https:\/\/wp.unil.ch\/risk\/files\/2025\/11\/picture1.png\" class=\"\" alt=\"picture1\" srcset=\"https:\/\/wp.unil.ch\/risk\/files\/2025\/11\/picture1.png 604w, https:\/\/wp.unil.ch\/risk\/files\/2025\/11\/picture1-300x144.png 300w\" sizes=\"auto, (max-width: 604px) 100vw, 604px\" \/><\/a><\/div><\/div><div class=\"su-image-carousel-item\"><div class=\"su-image-carousel-item-content\"><a href=\"\" target=\"_blank\" rel=\"noopener noreferrer\" data-caption=\"Thomas Egli: L\u2019impact du m\u00e9lange pluie-neige sur les glissements de terrain en Suisse\"><img loading=\"lazy\" decoding=\"async\" width=\"735\" height=\"406\" src=\"https:\/\/wp.unil.ch\/risk\/files\/2025\/11\/untitled-1024x565.png\" class=\"\" alt=\"untitled\" srcset=\"https:\/\/wp.unil.ch\/risk\/files\/2025\/11\/untitled-1024x565.png 1024w, https:\/\/wp.unil.ch\/risk\/files\/2025\/11\/untitled-300x166.png 300w, https:\/\/wp.unil.ch\/risk\/files\/2025\/11\/untitled-768x424.png 768w, https:\/\/wp.unil.ch\/risk\/files\/2025\/11\/untitled.png 1498w\" sizes=\"auto, (max-width: 735px) 100vw, 735px\" \/><\/a><\/div><\/div><div class=\"su-image-carousel-item\"><div class=\"su-image-carousel-item-content\"><a href=\"\" target=\"_blank\" rel=\"noopener noreferrer\" data-caption=\"H\u00e9lder Peixoto\u00a0: Web GIS Application for Natural Hazards Risk Assessment Based on Incomplete Data\"><img loading=\"lazy\" decoding=\"async\" width=\"735\" height=\"464\" src=\"https:\/\/wp.unil.ch\/risk\/files\/2025\/01\/HelderPeixoto1-1024x646.png\" class=\"\" alt=\"\" srcset=\"https:\/\/wp.unil.ch\/risk\/files\/2025\/01\/HelderPeixoto1-1024x646.png 1024w, https:\/\/wp.unil.ch\/risk\/files\/2025\/01\/HelderPeixoto1-300x189.png 300w, https:\/\/wp.unil.ch\/risk\/files\/2025\/01\/HelderPeixoto1-768x485.png 768w, https:\/\/wp.unil.ch\/risk\/files\/2025\/01\/HelderPeixoto1.png 1280w\" sizes=\"auto, (max-width: 735px) 100vw, 735px\" \/><\/a><\/div><\/div><div class=\"su-image-carousel-item\"><div class=\"su-image-carousel-item-content\"><a href=\"\" target=\"_blank\" rel=\"noopener noreferrer\" data-caption=\"Field Visits for Understanding Accelerated Surface Movements in Joshimath, Chamoli, Uttarakhand India\"><img loading=\"lazy\" decoding=\"async\" width=\"735\" height=\"354\" src=\"https:\/\/wp.unil.ch\/risk\/files\/2025\/01\/image-10-1024x493.png\" class=\"\" alt=\"\" srcset=\"https:\/\/wp.unil.ch\/risk\/files\/2025\/01\/image-10-1024x493.png 1024w, https:\/\/wp.unil.ch\/risk\/files\/2025\/01\/image-10-300x144.png 300w, https:\/\/wp.unil.ch\/risk\/files\/2025\/01\/image-10-768x370.png 768w, https:\/\/wp.unil.ch\/risk\/files\/2025\/01\/image-10-1536x739.png 1536w, https:\/\/wp.unil.ch\/risk\/files\/2025\/01\/image-10.png 1712w\" sizes=\"auto, (max-width: 735px) 100vw, 735px\" \/><\/a><\/div><\/div><div class=\"su-image-carousel-item\"><div class=\"su-image-carousel-item-content\"><a href=\"\" target=\"_blank\" rel=\"noopener noreferrer\" data-caption=\"EPIC Eco-Safe roads\"><img loading=\"lazy\" decoding=\"async\" width=\"623\" height=\"360\" src=\"https:\/\/wp.unil.ch\/risk\/files\/2024\/12\/EPIC_illustration.png\" class=\"\" alt=\"\" srcset=\"https:\/\/wp.unil.ch\/risk\/files\/2024\/12\/EPIC_illustration.png 623w, https:\/\/wp.unil.ch\/risk\/files\/2024\/12\/EPIC_illustration-300x173.png 300w\" sizes=\"auto, (max-width: 623px) 100vw, 623px\" \/><\/a><\/div><\/div><div class=\"su-image-carousel-item\"><div class=\"su-image-carousel-item-content\"><a href=\"\" target=\"_blank\" rel=\"noopener noreferrer\" data-caption=\"Field Visits in the frame of the CRUCIAL project: \u201cThe evolution of Avalanche Risk Management as a local risk management culture, with the advancement of Science and Technology over time in Switzerland\u201d\"><img loading=\"lazy\" decoding=\"async\" width=\"735\" height=\"551\" src=\"https:\/\/wp.unil.ch\/risk\/files\/2024\/06\/IMG_4971-1024x768.jpg\" class=\"\" alt=\"\" srcset=\"https:\/\/wp.unil.ch\/risk\/files\/2024\/06\/IMG_4971-1024x768.jpg 1024w, https:\/\/wp.unil.ch\/risk\/files\/2024\/06\/IMG_4971-300x225.jpg 300w, https:\/\/wp.unil.ch\/risk\/files\/2024\/06\/IMG_4971-768x576.jpg 768w, https:\/\/wp.unil.ch\/risk\/files\/2024\/06\/IMG_4971-1536x1152.jpg 1536w, https:\/\/wp.unil.ch\/risk\/files\/2024\/06\/IMG_4971.jpg 1600w\" sizes=\"auto, (max-width: 735px) 100vw, 735px\" \/><\/a><\/div><\/div><div class=\"su-image-carousel-item\"><div class=\"su-image-carousel-item-content\"><a href=\"\" target=\"_blank\" rel=\"noopener noreferrer\" data-caption=\"Daniel Uhlmann : Topographic changes in the high-altitude walls of the Mont Blanc massif: quantification at different spatial and temporal scales\"><img loading=\"lazy\" decoding=\"async\" width=\"735\" height=\"565\" src=\"https:\/\/wp.unil.ch\/risk\/files\/2023\/03\/Tarriaz-1-1024x787.jpg\" class=\"\" alt=\"\" srcset=\"https:\/\/wp.unil.ch\/risk\/files\/2023\/03\/Tarriaz-1-1024x787.jpg 1024w, https:\/\/wp.unil.ch\/risk\/files\/2023\/03\/Tarriaz-1-300x231.jpg 300w, https:\/\/wp.unil.ch\/risk\/files\/2023\/03\/Tarriaz-1-768x590.jpg 768w, https:\/\/wp.unil.ch\/risk\/files\/2023\/03\/Tarriaz-1-1536x1181.jpg 1536w, https:\/\/wp.unil.ch\/risk\/files\/2023\/03\/Tarriaz-1.jpg 1561w\" sizes=\"auto, (max-width: 735px) 100vw, 735px\" \/><\/a><\/div><\/div><div class=\"su-image-carousel-item\"><div class=\"su-image-carousel-item-content\"><a href=\"\" target=\"_blank\" rel=\"noopener noreferrer\" data-caption=\"Tetiana Sheremet: The 1991 Randa rockslide slope stability modeling in 2D&amp;3D\"><img loading=\"lazy\" decoding=\"async\" width=\"735\" height=\"587\" src=\"https:\/\/wp.unil.ch\/risk\/files\/2022\/12\/Tetiana-Sheremet.jpg\" class=\"\" alt=\"\" srcset=\"https:\/\/wp.unil.ch\/risk\/files\/2022\/12\/Tetiana-Sheremet.jpg 1021w, https:\/\/wp.unil.ch\/risk\/files\/2022\/12\/Tetiana-Sheremet-300x240.jpg 300w, https:\/\/wp.unil.ch\/risk\/files\/2022\/12\/Tetiana-Sheremet-768x614.jpg 768w\" sizes=\"auto, (max-width: 735px) 100vw, 735px\" \/><\/a><\/div><\/div><div class=\"su-image-carousel-item\"><div class=\"su-image-carousel-item-content\"><a href=\"\" target=\"_blank\" rel=\"noopener noreferrer\" data-caption=\"Justine Chaubert: Les divers processus de l\u2019\u00e9boulement du Ban du For\"><img loading=\"lazy\" decoding=\"async\" width=\"714\" height=\"516\" src=\"https:\/\/wp.unil.ch\/risk\/files\/2022\/12\/photo_FavreBulle.jpg\" class=\"\" alt=\"\" srcset=\"https:\/\/wp.unil.ch\/risk\/files\/2022\/12\/photo_FavreBulle.jpg 714w, https:\/\/wp.unil.ch\/risk\/files\/2022\/12\/photo_FavreBulle-300x217.jpg 300w\" sizes=\"auto, (max-width: 714px) 100vw, 714px\" \/><\/a><\/div><\/div><div class=\"su-image-carousel-item\"><div class=\"su-image-carousel-item-content\"><a href=\"\" target=\"_blank\" rel=\"noopener noreferrer\" data-caption=\"Jo\u00eblle Jeltsch: Processus et al\u00e9as des laves torrentielles du bassin versant de Chamoson (Valais, Suisse)\"><img loading=\"lazy\" decoding=\"async\" width=\"453\" height=\"225\" src=\"https:\/\/wp.unil.ch\/risk\/files\/2022\/12\/Picture1.png\" class=\"\" alt=\"\" srcset=\"https:\/\/wp.unil.ch\/risk\/files\/2022\/12\/Picture1.png 453w, https:\/\/wp.unil.ch\/risk\/files\/2022\/12\/Picture1-300x149.png 300w\" sizes=\"auto, (max-width: 453px) 100vw, 453px\" \/><\/a><\/div><\/div><div class=\"su-image-carousel-item\"><div class=\"su-image-carousel-item-content\"><a href=\"\" target=\"_blank\" rel=\"noopener noreferrer\" data-caption=\"Delphine Bossuat Pahud: Evaluation de la fiabilit\u00e9 de l\u2019interf\u00e9rom\u00e9trie radar satellitaire pour la gestion du risque de glissement de terrain (Vall\u00e9e d\u2019Aoste, Italie)\"><img loading=\"lazy\" decoding=\"async\" width=\"735\" height=\"461\" src=\"https:\/\/wp.unil.ch\/risk\/files\/2022\/12\/insarAosta-1024x642.png\" class=\"\" alt=\"\" srcset=\"https:\/\/wp.unil.ch\/risk\/files\/2022\/12\/insarAosta-1024x642.png 1024w, https:\/\/wp.unil.ch\/risk\/files\/2022\/12\/insarAosta-300x188.png 300w, https:\/\/wp.unil.ch\/risk\/files\/2022\/12\/insarAosta-768x482.png 768w, https:\/\/wp.unil.ch\/risk\/files\/2022\/12\/insarAosta-1536x964.png 1536w, https:\/\/wp.unil.ch\/risk\/files\/2022\/12\/insarAosta.png 1913w\" sizes=\"auto, (max-width: 735px) 100vw, 735px\" \/><\/a><\/div><\/div><div class=\"su-image-carousel-item\"><div class=\"su-image-carousel-item-content\"><a href=\"\" target=\"_blank\" rel=\"noopener noreferrer\" data-caption=\"Maxime Mignot : Etude de l&#8217;influence des syst\u00e8mes structuraux dans l&#8217;effondrement des falaises de Haute-Normandie : analyse structurale et mod\u00e8les analogiques.\"><img loading=\"lazy\" decoding=\"async\" width=\"735\" height=\"550\" src=\"https:\/\/wp.unil.ch\/risk\/files\/2022\/12\/Image.jpg\" class=\"\" alt=\"\" srcset=\"https:\/\/wp.unil.ch\/risk\/files\/2022\/12\/Image.jpg 876w, https:\/\/wp.unil.ch\/risk\/files\/2022\/12\/Image-300x225.jpg 300w, https:\/\/wp.unil.ch\/risk\/files\/2022\/12\/Image-768x575.jpg 768w\" sizes=\"auto, (max-width: 735px) 100vw, 735px\" \/><\/a><\/div><\/div><div class=\"su-image-carousel-item\"><div class=\"su-image-carousel-item-content\"><a href=\"\" target=\"_blank\" rel=\"noopener noreferrer\" data-caption=\"Amalia Guti\u00e9rrez : Geological, geometrical, and statistical analysis of landslides and rockfalls listed in Ticino during the last 20 years\"><img loading=\"lazy\" decoding=\"async\" width=\"735\" height=\"551\" src=\"https:\/\/wp.unil.ch\/risk\/files\/2022\/12\/Ticino-1-1024x768.jpg\" class=\"\" alt=\"\" srcset=\"https:\/\/wp.unil.ch\/risk\/files\/2022\/12\/Ticino-1-1024x768.jpg 1024w, https:\/\/wp.unil.ch\/risk\/files\/2022\/12\/Ticino-1-300x225.jpg 300w, https:\/\/wp.unil.ch\/risk\/files\/2022\/12\/Ticino-1-768x576.jpg 768w, https:\/\/wp.unil.ch\/risk\/files\/2022\/12\/Ticino-1-1536x1152.jpg 1536w, https:\/\/wp.unil.ch\/risk\/files\/2022\/12\/Ticino-1.jpg 1600w\" sizes=\"auto, (max-width: 735px) 100vw, 735px\" \/><\/a><\/div><\/div><div class=\"su-image-carousel-item\"><div class=\"su-image-carousel-item-content\"><a href=\"\" target=\"_blank\" rel=\"noopener noreferrer\" data-caption=\"Jo\u00eblle H\u00e9l\u00e8ne Vicari : Rock instability hazard in high mountain area: the example of the Brenva spur (Mont Blanc massif)\"><img loading=\"lazy\" decoding=\"async\" width=\"735\" height=\"413\" src=\"https:\/\/wp.unil.ch\/risk\/files\/2022\/12\/Brenva-1024x576.jpg\" class=\"\" alt=\"\" srcset=\"https:\/\/wp.unil.ch\/risk\/files\/2022\/12\/Brenva-1024x576.jpg 1024w, https:\/\/wp.unil.ch\/risk\/files\/2022\/12\/Brenva-300x169.jpg 300w, https:\/\/wp.unil.ch\/risk\/files\/2022\/12\/Brenva-768x432.jpg 768w, https:\/\/wp.unil.ch\/risk\/files\/2022\/12\/Brenva-1536x864.jpg 1536w, https:\/\/wp.unil.ch\/risk\/files\/2022\/12\/Brenva.jpg 1920w\" sizes=\"auto, (max-width: 735px) 100vw, 735px\" \/><\/a><\/div><\/div><div class=\"su-image-carousel-item\"><div class=\"su-image-carousel-item-content\"><a href=\"\" target=\"_blank\" rel=\"noopener noreferrer\" data-caption=\"Cristiano Gygax: Scanner LiDAR terrestre \u00e0 faible co\u00fbt bas\u00e9 sur Arduino\"><img loading=\"lazy\" decoding=\"async\" width=\"735\" height=\"474\" src=\"https:\/\/wp.unil.ch\/risk\/files\/2021\/09\/gygax-1024x660.png\" class=\"\" alt=\"\" srcset=\"https:\/\/wp.unil.ch\/risk\/files\/2021\/09\/gygax-1024x660.png 1024w, https:\/\/wp.unil.ch\/risk\/files\/2021\/09\/gygax-300x193.png 300w, https:\/\/wp.unil.ch\/risk\/files\/2021\/09\/gygax-768x495.png 768w, https:\/\/wp.unil.ch\/risk\/files\/2021\/09\/gygax-1536x990.png 1536w, https:\/\/wp.unil.ch\/risk\/files\/2021\/09\/gygax.png 1923w\" sizes=\"auto, (max-width: 735px) 100vw, 735px\" \/><\/a><\/div><\/div><div class=\"su-image-carousel-item\"><div class=\"su-image-carousel-item-content\"><a href=\"\" target=\"_blank\" rel=\"noopener noreferrer\" data-caption=\"C\u00e9line Cardot:  La Mono-photogramm\u00e9trie comme m\u00e9thode de suivi des mouvements gravitaires: \u00e9valuation du potentiel et des limites\"><img loading=\"lazy\" decoding=\"async\" width=\"735\" height=\"523\" src=\"https:\/\/wp.unil.ch\/risk\/files\/2021\/09\/cardot-1024x729.png\" class=\"\" alt=\"\" srcset=\"https:\/\/wp.unil.ch\/risk\/files\/2021\/09\/cardot-1024x729.png 1024w, https:\/\/wp.unil.ch\/risk\/files\/2021\/09\/cardot-300x214.png 300w, https:\/\/wp.unil.ch\/risk\/files\/2021\/09\/cardot-768x547.png 768w, https:\/\/wp.unil.ch\/risk\/files\/2021\/09\/cardot.png 1050w\" sizes=\"auto, (max-width: 735px) 100vw, 735px\" \/><\/a><\/div><\/div><div class=\"su-image-carousel-item\"><div class=\"su-image-carousel-item-content\"><a href=\"\" target=\"_blank\" rel=\"noopener noreferrer\" data-caption=\"Marc Auer: Monitoring multi-technique du glissement de terrain du Pont-Bourquin (Les Diablerets)\"><img loading=\"lazy\" decoding=\"async\" width=\"735\" height=\"551\" src=\"https:\/\/wp.unil.ch\/risk\/files\/2021\/06\/annexe6a-1024x768.jpg\" class=\"\" alt=\"\" srcset=\"https:\/\/wp.unil.ch\/risk\/files\/2021\/06\/annexe6a-1024x768.jpg 1024w, https:\/\/wp.unil.ch\/risk\/files\/2021\/06\/annexe6a-300x225.jpg 300w, https:\/\/wp.unil.ch\/risk\/files\/2021\/06\/annexe6a-768x576.jpg 768w, https:\/\/wp.unil.ch\/risk\/files\/2021\/06\/annexe6a.jpg 1097w\" sizes=\"auto, (max-width: 735px) 100vw, 735px\" \/><\/a><\/div><\/div><div class=\"su-image-carousel-item\"><div class=\"su-image-carousel-item-content\"><a href=\"\" target=\"_blank\" rel=\"noopener noreferrer\" data-caption=\"2 weeks fieldtrip at Cima del Simano (Ticino)\"><img loading=\"lazy\" decoding=\"async\" width=\"735\" height=\"443\" src=\"https:\/\/wp.unil.ch\/risk\/files\/2021\/08\/pano-1024x617.jpg\" class=\"\" alt=\"\" srcset=\"https:\/\/wp.unil.ch\/risk\/files\/2021\/08\/pano-1024x617.jpg 1024w, https:\/\/wp.unil.ch\/risk\/files\/2021\/08\/pano-300x181.jpg 300w, https:\/\/wp.unil.ch\/risk\/files\/2021\/08\/pano-768x463.jpg 768w, https:\/\/wp.unil.ch\/risk\/files\/2021\/08\/pano-1536x926.jpg 1536w, https:\/\/wp.unil.ch\/risk\/files\/2021\/08\/pano.jpg 1920w\" sizes=\"auto, (max-width: 735px) 100vw, 735px\" \/><\/a><\/div><\/div><div class=\"su-image-carousel-item\"><div class=\"su-image-carousel-item-content\"><a href=\"\" target=\"_blank\" rel=\"noopener noreferrer\" data-caption=\"John Awad: Real-Time Automated SfM Monitoring for Landslides\"><img loading=\"lazy\" decoding=\"async\" width=\"735\" height=\"491\" src=\"https:\/\/wp.unil.ch\/risk\/files\/2021\/09\/awad-1024x684.jpg\" class=\"\" alt=\"\" srcset=\"https:\/\/wp.unil.ch\/risk\/files\/2021\/09\/awad-1024x684.jpg 1024w, https:\/\/wp.unil.ch\/risk\/files\/2021\/09\/awad-300x200.jpg 300w, https:\/\/wp.unil.ch\/risk\/files\/2021\/09\/awad-768x513.jpg 768w, https:\/\/wp.unil.ch\/risk\/files\/2021\/09\/awad-1536x1026.jpg 1536w, https:\/\/wp.unil.ch\/risk\/files\/2021\/09\/awad.jpg 1797w\" sizes=\"auto, (max-width: 735px) 100vw, 735px\" \/><\/a><\/div><\/div><div class=\"su-image-carousel-item\"><div class=\"su-image-carousel-item-content\"><a href=\"\" target=\"_blank\" rel=\"noopener noreferrer\" data-caption=\"Adrien Jeannerat: Evaluation et analyse des dangers de chute de blocs entre le Pic Chaussy et La Pare (VD)\"><img loading=\"lazy\" decoding=\"async\" width=\"735\" height=\"517\" src=\"https:\/\/wp.unil.ch\/risk\/files\/2021\/09\/jeannerat-1024x720.jpg\" class=\"\" alt=\"\" srcset=\"https:\/\/wp.unil.ch\/risk\/files\/2021\/09\/jeannerat-1024x720.jpg 1024w, https:\/\/wp.unil.ch\/risk\/files\/2021\/09\/jeannerat-300x211.jpg 300w, https:\/\/wp.unil.ch\/risk\/files\/2021\/09\/jeannerat-768x540.jpg 768w, https:\/\/wp.unil.ch\/risk\/files\/2021\/09\/jeannerat.jpg 1500w\" sizes=\"auto, (max-width: 735px) 100vw, 735px\" \/><\/a><\/div><\/div><\/div><script id=\"su_image_carousel_69ebb6e233bcf_script\">if(window.SUImageCarousel){setTimeout(function() {window.SUImageCarousel.initGallery(document.getElementById(\"su_image_carousel_69ebb6e233bcf\"))}, 0);}var su_image_carousel_69ebb6e233bcf_script=document.getElementById(\"su_image_carousel_69ebb6e233bcf_script\");if(su_image_carousel_69ebb6e233bcf_script){su_image_carousel_69ebb6e233bcf_script.parentNode.removeChild(su_image_carousel_69ebb6e233bcf_script);}<\/script>\n\n\n\n<details class=\"wp-block-details is-layout-flow wp-block-details-is-layout-flow\"><summary>News<\/summary>\n<div style=\"height:10px\" aria-hidden=\"true\" class=\"wp-block-spacer\"><\/div>\n\n\n<ul class=\"wp-block-latest-posts__list wp-block-latest-posts\"><li><a class=\"wp-block-latest-posts__post-title\" href=\"https:\/\/wp.unil.ch\/risk\/zenan-huo-high-resolution-material-point-method-development-and-application-to-landslide-dynamics\/\">Zenan Huo : &#8220;High-Resolution Material Point Method: Development and Application to Landslide Dynamics&#8221;<\/a><div class=\"wp-block-latest-posts__post-excerpt\">Zenan HuoDirector: Prof. Dr. Michel Jaboyedoff,Co-director : Prof. Dr. Yury PodladchikovJury: Prof. Dr. Giovanni Crosta, Prof. Dr. Johan Gaume, Dr. Ivan Utkin Standing at the intersection of rapidly advancing computing &hellip; <\/div><\/li>\n<li><a class=\"wp-block-latest-posts__post-title\" href=\"https:\/\/wp.unil.ch\/risk\/civil-servant-eugene-mettraux\/\">Welcome Eug\u00e8ne Mettraux (Civil Servant)<\/a><div class=\"wp-block-latest-posts__post-excerpt\">Eug\u00e8ne&nbsp;Mettraux&nbsp;completed&nbsp;a&nbsp;master\u2019s&nbsp;degree in physics&nbsp;at EPFL. His&nbsp;work involves&nbsp;data analysis and&nbsp;applied&nbsp;statistical methods.&nbsp;He spent&nbsp;six&nbsp;months of his civil service in the RISK group under the supervision of Prof. Michel&nbsp;Jaboyedoff. During this time, he led&nbsp;an analysis&nbsp;of &hellip; <\/div><\/li>\n<li><a class=\"wp-block-latest-posts__post-title\" href=\"https:\/\/wp.unil.ch\/risk\/virtual-geoscience-conference-vgc-2025\/\">Virtual Geoscience Conference (VGC) 2025<\/a><div class=\"wp-block-latest-posts__post-excerpt\">The sixth Virtual Geoscience Conference came back to the University of Lausanne from the 9th to 12th of September 2025. A full day of short courses on the 9th of &hellip; <\/div><\/li>\n<li><a class=\"wp-block-latest-posts__post-title\" href=\"https:\/\/wp.unil.ch\/risk\/welcome-phd-student-anuradha-karunakalage\/\">Welcome PhD Student Anuradha Karunakalage<\/a><div class=\"wp-block-latest-posts__post-excerpt\">My name is&nbsp;Anuradha Karunakalage, and I am currently pursuing my doctoral studies as a&nbsp;cotutelle&nbsp;Ph.D. student jointly enrolled at the Indian Institute of Technology (IIT) Roorkee and the University of Lausanne &hellip; <\/div><\/li>\n<li><a class=\"wp-block-latest-posts__post-title\" href=\"https:\/\/wp.unil.ch\/risk\/welcome-visiting-phd-student-weibo-rao\/\">Welcome Visiting PhD Student Weibo Rao<\/a><div class=\"wp-block-latest-posts__post-excerpt\">Weibo Rao&nbsp;is a PhD student from China university of Geosciences (Wuhan), jointly trained by GEOMAR Helmholtz Centre for Ocean Research (Kiel). His research focuses on developing key technologies for automated &hellip; <\/div><\/li>\n<\/ul><\/details>\n\n\n\n<details class=\"wp-block-details is-layout-flow wp-block-details-is-layout-flow\"><summary>Blog<\/summary>\n<div style=\"height:10px\" aria-hidden=\"true\" class=\"wp-block-spacer\"><\/div>\n\n\n<ul class=\"wp-block-latest-posts__list wp-block-latest-posts\"><li><a class=\"wp-block-latest-posts__post-title\" href=\"https:\/\/wp.unil.ch\/risk\/zenan-huo-high-resolution-material-point-method-development-and-application-to-landslide-dynamics\/\">Zenan Huo : &#8220;High-Resolution Material Point Method: Development and Application to Landslide Dynamics&#8221;<\/a><div class=\"wp-block-latest-posts__post-excerpt\">Zenan HuoDirector: Prof. Dr. Michel Jaboyedoff,Co-director : Prof. Dr. Yury PodladchikovJury: Prof. Dr. Giovanni Crosta, Prof. Dr. Johan Gaume, Dr. Ivan Utkin Standing at the intersection of rapidly advancing computing &hellip; <\/div><\/li>\n<li><a class=\"wp-block-latest-posts__post-title\" href=\"https:\/\/wp.unil.ch\/risk\/jag-2025-aosta-risk-group-attendance\/\">JAG 2025 Aosta &#8211; Risk group attendance<\/a><div class=\"wp-block-latest-posts__post-excerpt\">Members of the Risk Group helped co-organize the french-speaking conference &#8220;Journ\u00e9es Al\u00e9as Gravitaires 2025&#8221;, and attended the conference, which took place from September 23rd to September 25th at the Universit\u00e0 &hellip; <\/div><\/li>\n<li><a class=\"wp-block-latest-posts__post-title\" href=\"https:\/\/wp.unil.ch\/risk\/civil-servant-eugene-mettraux\/\">Welcome Eug\u00e8ne Mettraux (Civil Servant)<\/a><div class=\"wp-block-latest-posts__post-excerpt\">Eug\u00e8ne&nbsp;Mettraux&nbsp;completed&nbsp;a&nbsp;master\u2019s&nbsp;degree in physics&nbsp;at EPFL. His&nbsp;work involves&nbsp;data analysis and&nbsp;applied&nbsp;statistical methods.&nbsp;He spent&nbsp;six&nbsp;months of his civil service in the RISK group under the supervision of Prof. Michel&nbsp;Jaboyedoff. During this time, he led&nbsp;an analysis&nbsp;of &hellip; <\/div><\/li>\n<li><a class=\"wp-block-latest-posts__post-title\" href=\"https:\/\/wp.unil.ch\/risk\/aurelien-gay-des-combes-analyse-des-processus-gravitaires-du-flanc-des-revenettes-commune-de-trient-valais\/\">Aur\u00e9lien Gay-des-Combes: Analyse des processus gravitaires du flanc des Revenettes (Commune de Trient, Valais)<\/a><div class=\"wp-block-latest-posts__post-excerpt\">This study focuses on gravitational processes affecting the slope of the Revenettes, located inthe municipality of Trient, in the canton of Valais, within the Swiss Alps. This area is mainlycomposed &hellip; <\/div><\/li>\n<li><a class=\"wp-block-latest-posts__post-title\" href=\"https:\/\/wp.unil.ch\/risk\/linus-lewandowski-exploring-the-possibilities-of-high-resolution-spectral-imaging-to-investigate-rockfall-source-areas\/\">Linus Lewandowski: Exploring the possibilities of high-resolution spectral imaging to investigate rockfall source areas<\/a><div class=\"wp-block-latest-posts__post-excerpt\">Weathering reduces rock strength, consequently the stability of a cliff depends crucially on its weather-ing degree. Simultaneously, other parameters are altered as well, among which is surface color. By in-vestigating &hellip; <\/div><\/li>\n<\/ul><\/details>\n","protected":false},"excerpt":{"rendered":"<p>Welcome to the website of the Risk Analysis group of the Institute of Earth Sciences of the University of Lausanne. This group is part of the Faculty of Geosciences and &hellip; <\/p>\n","protected":false},"author":1341,"featured_media":0,"parent":0,"menu_order":0,"comment_status":"closed","ping_status":"closed","template":"","meta":{"_seopress_robots_primary_cat":"","_seopress_titles_title":"","_seopress_titles_desc":"","_seopress_robots_index":"","ngg_post_thumbnail":0,"footnotes":""},"class_list":["post-311","page","type-page","status-publish"],"_links":{"self":[{"href":"https:\/\/wp.unil.ch\/risk\/wp-json\/wp\/v2\/pages\/311","targetHints":{"allow":["GET"]}}],"collection":[{"href":"https:\/\/wp.unil.ch\/risk\/wp-json\/wp\/v2\/pages"}],"about":[{"href":"https:\/\/wp.unil.ch\/risk\/wp-json\/wp\/v2\/types\/page"}],"author":[{"embeddable":true,"href":"https:\/\/wp.unil.ch\/risk\/wp-json\/wp\/v2\/users\/1341"}],"replies":[{"embeddable":true,"href":"https:\/\/wp.unil.ch\/risk\/wp-json\/wp\/v2\/comments?post=311"}],"version-history":[{"count":5,"href":"https:\/\/wp.unil.ch\/risk\/wp-json\/wp\/v2\/pages\/311\/revisions"}],"predecessor-version":[{"id":6498,"href":"https:\/\/wp.unil.ch\/risk\/wp-json\/wp\/v2\/pages\/311\/revisions\/6498"}],"wp:attachment":[{"href":"https:\/\/wp.unil.ch\/risk\/wp-json\/wp\/v2\/media?parent=311"}],"curies":[{"name":"wp","href":"https:\/\/api.w.org\/{rel}","templated":true}]}}