{"id":2394,"date":"2014-09-25T14:36:20","date_gmt":"2014-09-25T12:36:20","guid":{"rendered":"http:\/\/wp.unil.ch\/risk\/?page_id=2394"},"modified":"2024-11-25T13:32:20","modified_gmt":"2024-11-25T12:32:20","slug":"corner","status":"publish","type":"page","link":"https:\/\/wp.unil.ch\/risk\/home\/corner\/","title":{"rendered":"Corner"},"content":{"rendered":"\n<h4 class=\"wp-block-heading\"><a href=\"https:\/\/www.unil.ch\/risk\/category\/students-corner\/\">Students&#8217; Corner<\/a><\/h4>\n\n\n<ul class=\"wp-block-latest-posts__list wp-block-latest-posts\"><\/ul>\n\n\n<h4 class=\"wp-block-heading\"><a href=\"https:\/\/www.unil.ch\/risk\/category\/mhs-corner\/\">Marc-H&#8217;s Corner<\/a><\/h4>\n\n\n<ul class=\"wp-block-latest-posts__list wp-block-latest-posts\"><li><a class=\"wp-block-latest-posts__post-title\" href=\"https:\/\/wp.unil.ch\/risk\/uav-lidar-benchmark-of-3-systems\/\">UAV-LiDAR &#8211; Benchmark of 3 systems<\/a><div class=\"wp-block-latest-posts__post-excerpt\">In March 2023, Li Fei, Ludovic Baron, Aur\u00e9lien Ballut and Marc-Henri Derron (Institute of Earth Sciences-UNIL) went with Marissa Koopman and Quentin Milliet (Forensic Sciences-UNIL) for one day acquisition with &hellip; <\/div><\/li>\n<li><a class=\"wp-block-latest-posts__post-title\" href=\"https:\/\/wp.unil.ch\/risk\/new-course-from-outcrop-to-3d-model\/\">New course: From Outcrop to 3D Model<\/a><div class=\"wp-block-latest-posts__post-excerpt\">A new course, From Outcrop to 3D Model, is proposed to graduate students in geology from ELSTE. This course links structural geology with 3D data acquisition techniques, such as laser &hellip; <\/div><\/li>\n<li><a class=\"wp-block-latest-posts__post-title\" href=\"https:\/\/wp.unil.ch\/risk\/geochemistry-of-swiss-bottled-waters\/\">Geochemistry of Swiss bottled waters<\/a><div class=\"wp-block-latest-posts__post-excerpt\">Paper published in french&nbsp; with an extended abstract in english reproduced below. Reference:&nbsp; Sahli V. &amp; Derron M.-H. 2019, Hydrog\u00e9ochimie des eaux min\u00e9rales suisses en bouteille. Bulletin de la Soci\u00e9t\u00e9 &hellip; <\/div><\/li>\n<\/ul>\n\n\n<h4 class=\"wp-block-heading\"><a href=\"https:\/\/www.unil.ch\/risk\/category\/jabos-corner\/\">Jabo&#8217;s Corner<\/a><\/h4>\n\n\n<ul class=\"wp-block-latest-posts__list wp-block-latest-posts\"><li><a class=\"wp-block-latest-posts__post-title\" href=\"https:\/\/wp.unil.ch\/risk\/cv-m-jaboyedoff\/\">CV M. Jaboyedoff<\/a><div class=\"wp-block-latest-posts__post-excerpt\">CV Download<\/div><\/li>\n<li><a class=\"wp-block-latest-posts__post-title\" href=\"https:\/\/wp.unil.ch\/risk\/hydrological-risk-landslide\/\">Hydrological Risk: Landslide<\/a><div class=\"wp-block-latest-posts__post-excerpt\">Excerpt from the full article: Casagli, N., Guzzetti, F., Jaboyedoff, M., Nadim, F., Petley, D., 2017. Hydrological risk: landslides. In: Poljan\u0161ek, K., Mar\u00edn Ferrer, M., De Groeve, T., Clark, I. &hellip; <\/div><\/li>\n<li><a class=\"wp-block-latest-posts__post-title\" href=\"https:\/\/wp.unil.ch\/risk\/mapping-and-monitoring-of-landslides-using-lidar\/\">Mapping and Monitoring of Landslides using LIDAR<\/a><div class=\"wp-block-latest-posts__post-excerpt\">Abstract : During the past 20 years, the fast development of several remote sensors (e.g. Optical imaging, LIDAR, RADAR, etc.) assembled on satellite, aerial or terrestrial platforms is changing our &hellip; <\/div><\/li>\n<\/ul>\n\n\n<h4 class=\"wp-block-heading\"><a href=\"https:\/\/wp.unil.ch\/risk\/home\/corner\/manus-corner\/\">Manu&#8217;s Corner<\/a><\/h4>\n\n\n<ul class=\"wp-block-latest-posts__list wp-block-latest-posts\"><li><a class=\"wp-block-latest-posts__post-title\" href=\"https:\/\/wp.unil.ch\/risk\/preliminary-numerical-simulation-of-landslides-using-an-mpm-framework\/\">Preliminary numerical simulation of landslides using an MPM framework<\/a><div class=\"wp-block-latest-posts__post-excerpt\">The Material Point Method (MPM), which is an extension of the particle-in-cell method , provides a promising numerical framework which can naturally handle classical problems involving severe deformations, such as &hellip; <\/div><\/li>\n<\/ul>\n\n\n<h4 class=\"wp-block-heading\"><a href=\"https:\/\/wp.unil.ch\/risk\/home\/corner\/zenanh-corner\/\">Zenan&#8217;s Corner<\/a><\/h4>\n\n\n<ul class=\"wp-block-latest-posts__list wp-block-latest-posts\"><li><a class=\"wp-block-latest-posts__post-title\" href=\"https:\/\/wp.unil.ch\/risk\/preliminary-numerical-simulation-of-landslides-using-an-mpm-framework\/\">Preliminary numerical simulation of landslides using an MPM framework<\/a><div class=\"wp-block-latest-posts__post-excerpt\">The Material Point Method (MPM), which is an extension of the particle-in-cell method , provides a promising numerical framework which can naturally handle classical problems involving severe deformations, such as &hellip; <\/div><\/li>\n<\/ul>\n\n\n<p><\/p>\n","protected":false},"excerpt":{"rendered":"<p>Students&#8217; Corner Marc-H&#8217;s Corner Jabo&#8217;s Corner Manu&#8217;s Corner Zenan&#8217;s Corner<\/p>\n","protected":false},"author":1341,"featured_media":0,"parent":311,"menu_order":0,"comment_status":"closed","ping_status":"closed","template":"","meta":{"_seopress_robots_primary_cat":"","_seopress_titles_title":"","_seopress_titles_desc":"","_seopress_robots_index":"","ngg_post_thumbnail":0,"footnotes":""},"class_list":["post-2394","page","type-page","status-publish"],"_links":{"self":[{"href":"https:\/\/wp.unil.ch\/risk\/wp-json\/wp\/v2\/pages\/2394","targetHints":{"allow":["GET"]}}],"collection":[{"href":"https:\/\/wp.unil.ch\/risk\/wp-json\/wp\/v2\/pages"}],"about":[{"href":"https:\/\/wp.unil.ch\/risk\/wp-json\/wp\/v2\/types\/page"}],"author":[{"embeddable":true,"href":"https:\/\/wp.unil.ch\/risk\/wp-json\/wp\/v2\/users\/1341"}],"replies":[{"embeddable":true,"href":"https:\/\/wp.unil.ch\/risk\/wp-json\/wp\/v2\/comments?post=2394"}],"version-history":[{"count":2,"href":"https:\/\/wp.unil.ch\/risk\/wp-json\/wp\/v2\/pages\/2394\/revisions"}],"predecessor-version":[{"id":6380,"href":"https:\/\/wp.unil.ch\/risk\/wp-json\/wp\/v2\/pages\/2394\/revisions\/6380"}],"up":[{"embeddable":true,"href":"https:\/\/wp.unil.ch\/risk\/wp-json\/wp\/v2\/pages\/311"}],"wp:attachment":[{"href":"https:\/\/wp.unil.ch\/risk\/wp-json\/wp\/v2\/media?parent=2394"}],"curies":[{"name":"wp","href":"https:\/\/api.w.org\/{rel}","templated":true}]}}