{"id":1630,"date":"2013-11-28T17:38:39","date_gmt":"2013-11-28T16:38:39","guid":{"rendered":"http:\/\/wp.unil.ch\/risk\/?page_id=1630"},"modified":"2013-12-05T17:30:02","modified_gmt":"2013-12-05T16:30:02","slug":"memoire-svsn","status":"publish","type":"page","link":"https:\/\/wp.unil.ch\/risk\/publications\/memoire-svsn\/","title":{"rendered":"Natural hazards in Switzerland: practices and developments"},"content":{"rendered":"<p>The proceedings of the second day meeting on Natural Hazards\u00a0are now available to download in pdf format.\u00a0(Universit\u00e9 de Lausanne, 18 f\u00e9vrier 2011)<\/p>\n<p>Cover of the proceedings\u00a0<a href=\"https:\/\/wp.unil.ch\/risk\/files\/2013\/11\/000_Couv._MemSVSN2013_Li.pdf\"><img loading=\"lazy\" decoding=\"async\" alt=\"\" src=\"https:\/\/wp.unil.ch\/risk\/files\/2013\/11\/pdf-icon-16x16.gif\" width=\"16\" height=\"16\" \/><\/a><br \/>\nTable of contents, foreword and preface\u00a0<a href=\"https:\/\/wp.unil.ch\/risk\/files\/2013\/11\/00_TDM_MemSVSN13_C_Li.pdf\"><img loading=\"lazy\" decoding=\"async\" alt=\"\" src=\"https:\/\/wp.unil.ch\/risk\/files\/2013\/11\/pdf-icon-16x16.gif\" width=\"16\" height=\"16\" \/><\/a><\/p>\n<ul>\n<li><a href=\"#Dangers hydro\">Dangers hydrologiques<\/a>\n<ul>\n<li><a href=\"#Pr\u00e9vision\"><em>Pr\u00e9vision des pr\u00e9cipitations et des crues<\/em><\/a><\/li>\n<li><a href=\"#Danger\"><em>Danger d\u2019inondation<\/em><\/a><\/li>\n<li><a href=\"#Laves\"><em>Laves torrentielles<\/em><\/a><\/li>\n<li><a href=\"#Analyse\"><em>Analyse et gestion du risque<\/em><\/a><\/li>\n<\/ul>\n<\/li>\n<li><a href=\"#Instabilit\u00e9s\">Instabilit\u00e9s rocheuses et glaciaires<\/a>\n<ul>\n<li><em><a href=\"#Ecroulements\">Ecroulements et instabilit\u00e9s glaciaires<\/a><\/em><\/li>\n<li><em><a href=\"#Trajectographies\">Trajectographies et zonage du danger<\/a><\/em><\/li>\n<li><em><a href=\"#Analyse quantitative\">Analyse quantitative du risque<\/a><\/em><\/li>\n<li><em><a href=\"#Gestion\">Gestion du risque<\/a><\/em><\/li>\n<\/ul>\n<\/li>\n<li><a href=\"#Autres\">Autres dangers<\/a>\n<ul>\n<li><em><a href=\"#Glissements\">Glissements de terrains<\/a><\/em><\/li>\n<li><em><a href=\"#Al\u00e9as\">Al\u00e9as sismiques et volcaniques<\/a><\/em><\/li>\n<\/ul>\n<\/li>\n<li><a href=\"#M\u00e9thodes\">M\u00e9thodes<\/a><\/li>\n<li><a href=\"#Gestion des risques\">Gestion des risques li\u00e9s aux dangers naturels<\/a><\/li>\n<li><a href=\"#Postface\">Postface<\/a><\/li>\n<\/ul>\n<h5><a id=\"Dangers hydro\"><\/a>Dangers hydrologiques<\/h5>\n<h6><a id=\"Pr\u00e9vision\"><\/a><em>Pr\u00e9vision des pr\u00e9cipitations et des crues<\/em><\/h6>\n<table style=\"width: 797px\" border=\"0\" cellspacing=\"0\" cellpadding=\"0\">\n<col width=\"319\" \/>\n<col width=\"478\" \/>\n<tbody>\n<tr>\n<td width=\"319\" height=\"60\">Pascal Horton, Michel Jaboyedoff, Richard Metzger, Charles Obled &amp; Renaud Marty<\/td>\n<td width=\"478\">Mise en \u00e9vidence de relations spatiales entre la circulation atmosph\u00e9rique g\u00e9n\u00e9rale et les pr\u00e9cipitations mesur\u00e9es sur le bassin alpin du Rh\u00f4ne, \u00e0 l\u2019aide de la m\u00e9thode des analogues <a href=\"https:\/\/wp.unil.ch\/risk\/files\/2013\/11\/01_Horton_MemSVSN2013_C_Li.pdf\"><img loading=\"lazy\" decoding=\"async\" alt=\"\" src=\"https:\/\/wp.unil.ch\/risk\/files\/2013\/11\/pdf-icon-16x16.gif\" width=\"16\" height=\"16\" \/><\/a><a href=\"https:\/\/wp.unil.ch\/risk\/files\/2013\/11\/01_Horton_MemSVSN2013_C_Li.pdf\"><br \/>\n<\/a><\/td>\n<\/tr>\n<tr>\n<td width=\"319\" height=\"60\">Jean-Michel Fallot &amp; Jacques-Andr\u00e9 Hertig<\/td>\n<td width=\"478\">D\u00e9termination des pr\u00e9cipitations extr\u00eames en Suisse \u00e0 l\u2019aide d\u2019analyses statistiques et augmentation des valeurs extr\u00eames durant le 20\u00e8me si\u00e8cle <a href=\"https:\/\/wp.unil.ch\/risk\/files\/2013\/11\/02_Fallot_MemSVSN2013_C_Li.pdf\"><img loading=\"lazy\" decoding=\"async\" alt=\"\" src=\"https:\/\/wp.unil.ch\/risk\/files\/2013\/11\/pdf-icon-16x16.gif\" width=\"16\" height=\"16\" \/><\/a><a href=\"https:\/\/wp.unil.ch\/risk\/files\/2013\/11\/02_Fallot_MemSVSN2013_C_Li.pdf\"><br \/>\n<\/a><\/td>\n<\/tr>\n<tr>\n<td width=\"319\" height=\"40\">Ramona Georgeta Receanu, Jacques-Andr\u00e9 Hertig &amp; Jean-Michel Fallot<\/td>\n<td width=\"478\">Mod\u00e9lisation hydrologique des pr\u00e9cipitations et des crues extr\u00eames dans les bassins versants alpin <a href=\"https:\/\/wp.unil.ch\/risk\/files\/2013\/11\/03_Receanu_memSVSN2013_C_Li.pdf\"><img loading=\"lazy\" decoding=\"async\" alt=\"\" src=\"https:\/\/wp.unil.ch\/risk\/files\/2013\/11\/pdf-icon-16x16.gif\" width=\"16\" height=\"16\" \/><\/a><a href=\"https:\/\/wp.unil.ch\/risk\/files\/2013\/11\/03_Receanu_memSVSN2013_C_Li.pdf\"><br \/>\n<\/a><\/td>\n<\/tr>\n<tr>\n<td width=\"319\" height=\"60\">Javier Garc\u00eda Hern\u00e1ndez, Jean-Louis Boillat, Isabelle Feller &amp; Anton Schleiss<\/td>\n<td width=\"478\">Pr\u00e9sent et futur des pr\u00e9visions hydrologiques pour la gestion des crues. Le cas du Rh\u00f4ne\u00a0alpin <a href=\"https:\/\/wp.unil.ch\/risk\/files\/2013\/11\/04_GarciaMemSVSN2013_C_Li.pdf\"><img loading=\"lazy\" decoding=\"async\" alt=\"\" src=\"https:\/\/wp.unil.ch\/risk\/files\/2013\/11\/pdf-icon-16x16.gif\" width=\"16\" height=\"16\" \/><\/a>\u00a0<a href=\"https:\/\/wp.unil.ch\/risk\/files\/2013\/11\/04_GarciaMemSVSN2013_C_Li.pdf\"><br \/>\n<\/a><\/td>\n<\/tr>\n<\/tbody>\n<\/table>\n<h6><a id=\"Danger\"><\/a><em>Danger d\u2019inondation<\/em><\/h6>\n<table style=\"width: 797px\" border=\"0\" cellspacing=\"0\" cellpadding=\"0\">\n<col width=\"319\" \/>\n<col width=\"478\" \/>\n<tbody>\n<tr>\n<td width=\"319\" height=\"40\">Emmanuel Reynard, Gabriela Werren, Mohamed Lasri, Khalid Obda &amp; Yaya El Khalki<\/td>\n<td width=\"478\">Cartes des ph\u00e9nom\u00e8nes d\u2019inondation de deux bassins versants marocains: probl\u00e8mes m\u00e9thodologiques <a href=\"https:\/\/wp.unil.ch\/risk\/files\/2013\/11\/05_Reynard_MemSVSN2013_C_Li.pdf\"><img loading=\"lazy\" decoding=\"async\" alt=\"\" src=\"https:\/\/wp.unil.ch\/risk\/files\/2013\/11\/pdf-icon-16x16.gif\" width=\"16\" height=\"16\" \/><\/a>\u00a0<a href=\"https:\/\/wp.unil.ch\/risk\/files\/2013\/11\/05_Reynard_MemSVSN2013_C_Li.pdf\"><br \/>\n<\/a><\/td>\n<\/tr>\n<tr>\n<td width=\"319\" height=\"40\">Jonathan Vouillamoz &amp; Pierre-Yves Jeannin<\/td>\n<td width=\"478\">El\u00e9ments pour l\u2019\u00e9valuation des dangers naturels en milieux karstiques <a href=\"https:\/\/wp.unil.ch\/risk\/files\/2013\/11\/06_Vouillamoz_MemSVSN2013_C_Li.pdf\"><img loading=\"lazy\" decoding=\"async\" alt=\"\" src=\"https:\/\/wp.unil.ch\/risk\/files\/2013\/11\/pdf-icon-16x16.gif\" width=\"16\" height=\"16\" \/><\/a><a href=\"https:\/\/wp.unil.ch\/risk\/files\/2013\/11\/06_Vouillamoz_MemSVSN2013_C_Li.pdf\"><br \/>\n<\/a><\/td>\n<\/tr>\n<\/tbody>\n<\/table>\n<h6><a id=\"Laves\"><\/a><em>Laves torrentielles<\/em><\/h6>\n<table style=\"width: 797px\" border=\"0\" cellspacing=\"0\" cellpadding=\"0\">\n<col width=\"319\" \/>\n<col width=\"478\" \/>\n<tbody>\n<tr>\n<td width=\"319\" height=\"60\">Oldrich Navratil, Fr\u00e9d\u00e9ric Li\u00e9bault, Herv\u00e9 Bellot, Joshua Theule, Xavier Ravanat, Fr\u00e9d\u00e9ric Ousset, Dominique Laigle, Vincent Segel, Marc Fiquet<\/td>\n<td width=\"478\">Installation d\u2019un suivi en continu des crues et laves torrentielles dans les Alpes fran\u00e7aises <a href=\"https:\/\/wp.unil.ch\/risk\/files\/2013\/11\/07_Navratil_MemSVSN2013_C_Li.pdf\"><img loading=\"lazy\" decoding=\"async\" alt=\"\" src=\"https:\/\/wp.unil.ch\/risk\/files\/2013\/11\/pdf-icon-16x16.gif\" width=\"16\" height=\"16\" \/><\/a>\u00a0<a href=\"https:\/\/wp.unil.ch\/risk\/files\/2013\/11\/07_Navratil_MemSVSN2013_C_Li.pdf\"><br \/>\n<\/a><\/td>\n<\/tr>\n<tr>\n<td width=\"319\" height=\"40\">Joshua Theule, Fr\u00e9d\u00e9ric Li\u00e9bault, Alexandre Loye, Dominique Laigle, Michel Jaboyedoff<\/td>\n<td width=\"478\">Bilan s\u00e9dimentaire dans le torrent du Manival (Pr\u00e9alpes fran\u00e7aises) <a href=\"https:\/\/wp.unil.ch\/risk\/files\/2013\/11\/08_Theule_MemSVSN2013_C_Li.pdf\"><img loading=\"lazy\" decoding=\"async\" alt=\"\" src=\"https:\/\/wp.unil.ch\/risk\/files\/2013\/11\/pdf-icon-16x16.gif\" width=\"16\" height=\"16\" \/><\/a>\u00a0<a href=\"https:\/\/wp.unil.ch\/risk\/files\/2013\/11\/08_Theule_MemSVSN2013_C_Li.pdf\"><br \/>\n<\/a><\/td>\n<\/tr>\n<\/tbody>\n<\/table>\n<h6><a id=\"Analyse\"><\/a><em>Analyse et gestion du risque<\/em><\/h6>\n<table style=\"width: 797px\" border=\"0\" cellspacing=\"0\" cellpadding=\"0\">\n<col width=\"319\" \/>\n<col width=\"478\" \/>\n<tbody>\n<tr>\n<td width=\"319\" height=\"60\">Stefano Dazio, Reto Flury, Michael Br\u00f6gli, Roland Hollenstein &amp; Claudia Nydegger<\/td>\n<td width=\"478\">Le Plan G\u00e9n\u00e9ral d\u2019Am\u00e9nagement des Eaux (PGAE) \u2013 Un outil de planification pour la mise en pratique de la gestion int\u00e9gr\u00e9e des eaux par bassin versant <a href=\"https:\/\/wp.unil.ch\/risk\/files\/2013\/11\/09_Dazio_MemSVSN2013_C_Li.pdf\"><img loading=\"lazy\" decoding=\"async\" alt=\"\" src=\"https:\/\/wp.unil.ch\/risk\/files\/2013\/11\/pdf-icon-16x16.gif\" width=\"16\" height=\"16\" \/><\/a><a href=\"https:\/\/wp.unil.ch\/risk\/files\/2013\/11\/09_Dazio_MemSVSN2013_C_Li.pdf\"><br \/>\n<\/a><\/td>\n<\/tr>\n<tr>\n<td width=\"319\" height=\"40\">Eric Leroi, Marc Choffet, Arnaud Mayis, Renzo Bianchi, Michel Jaboyedoff, Ehrfried K\u00f6lz, Olivier Lateltin<\/td>\n<td width=\"478\">Outil d\u2019analyse de la vuln\u00e9rabilit\u00e9 du b\u00e2ti aux inondations et de r\u00e9duction du risque <a href=\"https:\/\/wp.unil.ch\/risk\/files\/2013\/11\/10_Leroi_MemSVSN2013_C_Li.pdf\"><img loading=\"lazy\" decoding=\"async\" alt=\"\" src=\"https:\/\/wp.unil.ch\/risk\/files\/2013\/11\/pdf-icon-16x16.gif\" width=\"16\" height=\"16\" \/><\/a>\u00a0<a href=\"https:\/\/wp.unil.ch\/risk\/files\/2013\/11\/10_Leroi_MemSVSN2013_C_Li.pdf\"><br \/>\n<\/a><\/td>\n<\/tr>\n<\/tbody>\n<\/table>\n<h5><a id=\"Instabilit\u00e9s\"><\/a>Instabilit\u00e9s rocheuses et glaciaires<\/h5>\n<h6><a id=\"Ecroulements\"><\/a><em>Ecroulements et instabilit\u00e9s glaciaires<\/em><\/h6>\n<table style=\"width: 797px\" border=\"0\" cellspacing=\"0\" cellpadding=\"0\">\n<col width=\"319\" \/>\n<col width=\"478\" \/>\n<tbody>\n<tr>\n<td width=\"319\" height=\"60\">Philip Deline, Naki Ak\u00e7ar, Susan Ivy-Ochs, Vasily Alfimov, Irka Hajdas, Peter W. Kubik, Marcus Christl &amp; Christian Schl\u00fcchter<\/td>\n<td width=\"478\">Combiner g\u00e9omorphologie et g\u00e9ochronologie absolue pour distinguer les d\u00e9p\u00f4ts d\u2019\u00e9croulement des d\u00e9p\u00f4ts glaciaires <a href=\"https:\/\/wp.unil.ch\/risk\/files\/2013\/11\/11_Deline_MemSVSN2013_C_Li.pdf\"><img loading=\"lazy\" decoding=\"async\" alt=\"\" src=\"https:\/\/wp.unil.ch\/risk\/files\/2013\/11\/pdf-icon-16x16.gif\" width=\"16\" height=\"16\" \/><\/a><a href=\"https:\/\/wp.unil.ch\/risk\/files\/2013\/11\/11_Deline_MemSVSN2013_C_Li.pdf\"><br \/>\n<\/a><\/td>\n<\/tr>\n<tr>\n<td width=\"319\" height=\"40\">Ludovic Ravanel &amp; Philip Deline<\/td>\n<td width=\"478\">Climat et \u00e9croulements rocheux dans le massif du Mont Blanc: vers une augmentation de l\u2019al\u00e9a <a href=\"https:\/\/wp.unil.ch\/risk\/files\/2013\/11\/12_Ravanel_MemSVSN2013_C_Li.pdf\"><img loading=\"lazy\" decoding=\"async\" alt=\"\" src=\"https:\/\/wp.unil.ch\/risk\/files\/2013\/11\/pdf-icon-16x16.gif\" width=\"16\" height=\"16\" \/><\/a>\u00a0<a href=\"https:\/\/wp.unil.ch\/risk\/files\/2013\/11\/12_Ravanel_MemSVSN2013_C_Li.pdf\"><br \/>\n<\/a><\/td>\n<\/tr>\n<tr>\n<td width=\"319\" height=\"20\">Jerome Faillettaz &amp; Martin Funk<\/td>\n<td width=\"478\">Instabilit\u00e9s glaciaires et pr\u00e9diction <a href=\"https:\/\/wp.unil.ch\/risk\/files\/2013\/11\/13_Failletaz_MemSVSN2013_C_Li.pdf\"><img loading=\"lazy\" decoding=\"async\" alt=\"\" src=\"https:\/\/wp.unil.ch\/risk\/files\/2013\/11\/pdf-icon-16x16.gif\" width=\"16\" height=\"16\" \/><\/a><a href=\"https:\/\/wp.unil.ch\/risk\/files\/2013\/11\/13_Failletaz_MemSVSN2013_C_Li.pdf\"><br \/>\n<\/a><\/td>\n<\/tr>\n<\/tbody>\n<\/table>\n<h6><a id=\"Trajectographies\"><\/a><em>Trajectographies et zonage du danger<\/em><\/h6>\n<table style=\"width: 797px\" border=\"0\" cellspacing=\"0\" cellpadding=\"0\">\n<col width=\"319\" \/>\n<col width=\"478\" \/>\n<tbody>\n<tr>\n<td width=\"319\" height=\"20\">Luuk Dorren &amp; Fr\u00e9d\u00e9ric Berger<\/td>\n<td width=\"478\">Mod\u00e8les de trajectographie: atout ou contrainte <a href=\"https:\/\/wp.unil.ch\/risk\/files\/2013\/11\/14_Dorren_MemSVSN2013_C_Li.pdf\"><img loading=\"lazy\" decoding=\"async\" alt=\"\" src=\"https:\/\/wp.unil.ch\/risk\/files\/2013\/11\/pdf-icon-16x16.gif\" width=\"16\" height=\"16\" \/><\/a>\u00a0<a href=\"https:\/\/wp.unil.ch\/risk\/files\/2013\/11\/14_Dorren_MemSVSN2013_C_Li.pdf\"><br \/>\n<\/a><\/td>\n<\/tr>\n<tr>\n<td width=\"319\" height=\"40\">Jean-Bruno Pasquier, Johann Fleury, Olivier Besson &amp; Jean-Daniel Rouiller<\/td>\n<td width=\"478\">Zonage du danger de chutes pierres \u00e0 partir de simulations trajectographiques 3D: exp\u00e9rience du Canton du Valais <a href=\"https:\/\/wp.unil.ch\/risk\/files\/2013\/11\/15_Pasquier_MemSVSN2013_C_Li.pdf\"><img loading=\"lazy\" decoding=\"async\" alt=\"\" src=\"https:\/\/wp.unil.ch\/risk\/files\/2013\/11\/pdf-icon-16x16.gif\" width=\"16\" height=\"16\" \/><\/a><a href=\"https:\/\/wp.unil.ch\/risk\/files\/2013\/11\/15_Pasquier_MemSVSN2013_C_Li.pdf\"><br \/>\n<\/a><\/td>\n<\/tr>\n<tr>\n<td width=\"319\" height=\"60\">Florence May, Olivier Besson, Mich\u00e8le Lettingue, Jean-Bruno Pasquier &amp; Jean-Daniel Rouiller<\/td>\n<td width=\"478\">Etablissement d\u2019une carte de danger \u00abchute de pierres\/blocs\u00bb pour le site du Mont Chemin (Valais) \u00e0 l\u2019aide de programmes trajectographiques 3D <a href=\"https:\/\/wp.unil.ch\/risk\/files\/2013\/11\/16_May_MemSVSN2013_C_Li.pdf\"><img loading=\"lazy\" decoding=\"async\" alt=\"\" src=\"https:\/\/wp.unil.ch\/risk\/files\/2013\/11\/pdf-icon-16x16.gif\" width=\"16\" height=\"16\" \/><\/a><a href=\"https:\/\/wp.unil.ch\/risk\/files\/2013\/11\/16_May_MemSVSN2013_C_Li.pdf\"><br \/>\n<\/a><\/td>\n<\/tr>\n<tr>\n<td width=\"319\" height=\"60\">Jacopo Abbruzzese &amp; Vincent Labiouse<\/td>\n<td width=\"478\">Comparaison de diff\u00e9rentes m\u00e9thodologies de zonage de l\u2019al\u00e9a chutes de blocs:\u00a0 probl\u00e8me d\u2019uniformisation des proc\u00e9dures existantes <a href=\"https:\/\/wp.unil.ch\/risk\/files\/2013\/11\/17_Abruzzese_MemSVSN2013_C_Li.pdf\"><img loading=\"lazy\" decoding=\"async\" alt=\"\" src=\"https:\/\/wp.unil.ch\/risk\/files\/2013\/11\/pdf-icon-16x16.gif\" width=\"16\" height=\"16\" \/><\/a>\u00a0<a href=\"https:\/\/wp.unil.ch\/risk\/files\/2013\/11\/17_Abruzzese_MemSVSN2013_C_Li.pdf\"><br \/>\n<\/a><\/td>\n<\/tr>\n<\/tbody>\n<\/table>\n<h6><a id=\"Analyse quantitative\"><\/a><em>Analyse quantitative du risque<\/em><\/h6>\n<table style=\"width: 797px\" border=\"0\" cellspacing=\"0\" cellpadding=\"0\">\n<col width=\"319\" \/>\n<col width=\"478\" \/>\n<tbody>\n<tr>\n<td width=\"319\" height=\"40\">Val\u00e9rie Kohler, Luuk Dorren &amp; Philippe Arnold<\/td>\n<td width=\"478\">Exemple d\u2019application dans le Jura du concept de risque pour les dangers naturels sur les routes nationales <a href=\"https:\/\/wp.unil.ch\/risk\/files\/2013\/11\/18_Kohler_MemSVSN2013_C_Li.pdf\"><img loading=\"lazy\" decoding=\"async\" alt=\"\" src=\"https:\/\/wp.unil.ch\/risk\/files\/2013\/11\/pdf-icon-16x16.gif\" width=\"16\" height=\"16\" \/><\/a><\/td>\n<\/tr>\n<tr>\n<td width=\"319\" height=\"40\">Jordi Corominas &amp; Olga-Christina Mavrouli<\/td>\n<td width=\"478\">Estimation quantitative du risque (QRA) pour les b\u00e2timents induit par des \u00e9boulements rocheux: \u00e9tat des lieux <a href=\"https:\/\/wp.unil.ch\/risk\/files\/2013\/11\/19_Corominas_MemSVSN13_C_Li.pdf\"><img loading=\"lazy\" decoding=\"async\" alt=\"\" src=\"https:\/\/wp.unil.ch\/risk\/files\/2013\/11\/pdf-icon-16x16.gif\" width=\"16\" height=\"16\" \/><\/a><a href=\"https:\/\/wp.unil.ch\/risk\/files\/2013\/11\/19_Corominas_MemSVSN13_C_Li.pdf\"><br \/>\n<\/a><\/td>\n<\/tr>\n<\/tbody>\n<\/table>\n<h6><a id=\"Gestion\"><\/a><em>Gestion du risque<\/em><\/h6>\n<table style=\"width: 797px\" border=\"0\" cellspacing=\"0\" cellpadding=\"0\">\n<col width=\"319\" \/>\n<col width=\"478\" \/>\n<tbody>\n<tr>\n<td width=\"319\" height=\"40\">Renaud Chantry, Andrea Pedrazzini, Michel Jaboyedoff &amp; Etienne St\u00e4mpfli<\/td>\n<td width=\"478\">Caract\u00e9risation, suivi et assainissement des instabilit\u00e9s rocheuses \u00e0 la carri\u00e8re d\u2019Arvel <a href=\"https:\/\/wp.unil.ch\/risk\/files\/2013\/11\/20_Chantry_MemSVSN2013_C_Li.pdf\"><img loading=\"lazy\" decoding=\"async\" alt=\"\" src=\"https:\/\/wp.unil.ch\/risk\/files\/2013\/11\/pdf-icon-16x16.gif\" width=\"16\" height=\"16\" \/><\/a><a href=\"https:\/\/wp.unil.ch\/risk\/files\/2013\/11\/20_Chantry_MemSVSN2013_C_Li.pdf\"><br \/>\n<\/a><\/td>\n<\/tr>\n<tr>\n<td width=\"319\" height=\"40\">Hugues Foltzer<\/td>\n<td width=\"478\">TGV Paris Gen\u00e8ve: le plus grand chantier fran\u00e7ais de filets de protection contre les chutes de blocs <a href=\"https:\/\/wp.unil.ch\/risk\/files\/2013\/11\/21_Foltzer_MemSVSN2013_C_Li.pdf\"><img loading=\"lazy\" decoding=\"async\" alt=\"\" src=\"https:\/\/wp.unil.ch\/risk\/files\/2013\/11\/pdf-icon-16x16.gif\" width=\"16\" height=\"16\" \/><\/a><a href=\"https:\/\/wp.unil.ch\/risk\/files\/2013\/11\/21_Foltzer_MemSVSN2013_C_Li.pdf\"><br \/>\n<\/a><\/td>\n<\/tr>\n<\/tbody>\n<\/table>\n<h5><a id=\"Autres\"><\/a>Autres dangers<\/h5>\n<h6><a id=\"Glissements\"><\/a><em>Glissements de terrains<\/em><\/h6>\n<table style=\"width: 797px\" border=\"0\" cellspacing=\"0\" cellpadding=\"0\">\n<col width=\"319\" \/>\n<col width=\"478\" \/>\n<tbody>\n<tr>\n<td width=\"319\" height=\"40\">John Eichenberger, Alessio Ferrari &amp; Lyesse Laloui<\/td>\n<td width=\"478\">Analyses g\u00e9o-m\u00e9caniques des glissements de terrain superficiels <a href=\"https:\/\/wp.unil.ch\/risk\/files\/2013\/11\/22_Eichenberger_MemSVSN13_C_Li.pdf\"><img loading=\"lazy\" decoding=\"async\" alt=\"\" src=\"https:\/\/wp.unil.ch\/risk\/files\/2013\/11\/pdf-icon-16x16.gif\" width=\"16\" height=\"16\" \/><\/a><a href=\"https:\/\/wp.unil.ch\/risk\/files\/2013\/11\/22_Eichenberger_MemSVSN13_C_Li.pdf\"><br \/>\n<\/a><\/td>\n<\/tr>\n<tr>\n<td width=\"319\" height=\"40\">Jean-Fran\u00e7ois Brodbeck &amp; Renaud Marcelpoix<\/td>\n<td width=\"478\">Assainissement du glissement de La Saussaz: \u00e9tat de stabilit\u00e9 10 ans apr\u00e8s les travaux <a href=\"https:\/\/wp.unil.ch\/risk\/files\/2013\/11\/23_Brodbeck_MemSVSN2013_C_Li.pdf\"><img loading=\"lazy\" decoding=\"async\" alt=\"\" src=\"https:\/\/wp.unil.ch\/risk\/files\/2013\/11\/pdf-icon-16x16.gif\" width=\"16\" height=\"16\" \/><\/a><a href=\"https:\/\/wp.unil.ch\/risk\/files\/2013\/11\/23_Brodbeck_MemSVSN2013_C_Li.pdf\"><br \/>\n<\/a><\/td>\n<\/tr>\n<\/tbody>\n<\/table>\n<h6><a id=\"Al\u00e9as\"><\/a><em>Al\u00e9as sismiques et volcaniques<\/em><\/h6>\n<table style=\"width: 797px\" border=\"0\" cellspacing=\"0\" cellpadding=\"0\">\n<col width=\"319\" \/>\n<col width=\"478\" \/>\n<tbody>\n<tr>\n<td width=\"319\" height=\"40\">Corine Frischknecht, Sandra Hurter, Olivier Kaufmann &amp; Azarm Farzam<\/td>\n<td width=\"478\">Evaluation des effets de site sismiques dans le canton de Gen\u00e8ve \u2013 Etat des lieux <a href=\"https:\/\/wp.unil.ch\/risk\/files\/2013\/11\/24_Frischknecht_MemSVSN2013_C_Li.pdf\"><img loading=\"lazy\" decoding=\"async\" alt=\"\" src=\"https:\/\/wp.unil.ch\/risk\/files\/2013\/11\/pdf-icon-16x16.gif\" width=\"16\" height=\"16\" \/><\/a><a href=\"https:\/\/wp.unil.ch\/risk\/files\/2013\/11\/24_Frischknecht_MemSVSN2013_C_Li.pdf\"><br \/>\n<\/a><\/td>\n<\/tr>\n<tr>\n<td width=\"319\" height=\"40\">Irene Manzella, Laura Pioli, Gholamhossein Bagheri, H\u00e9l\u00e8ne Monnard, Jeremy Phillips &amp; Costanza Bonadonna<\/td>\n<td width=\"478\">Approche exp\u00e9rimental dans la compr\u00e9hension des dangers li\u00e9s aux \u00e9ruptions volcaniques <a href=\"https:\/\/wp.unil.ch\/risk\/files\/2013\/11\/25_Manzella_MemSVSN2013_C_Li.pdf\"><img loading=\"lazy\" decoding=\"async\" alt=\"\" src=\"https:\/\/wp.unil.ch\/risk\/files\/2013\/11\/pdf-icon-16x16.gif\" width=\"16\" height=\"16\" \/><\/a><a href=\"https:\/\/wp.unil.ch\/risk\/files\/2013\/11\/25_Manzella_MemSVSN2013_C_Li.pdf\"><br \/>\n<\/a><\/td>\n<\/tr>\n<\/tbody>\n<\/table>\n<h5><a id=\"M\u00e9thodes\"><\/a>M\u00e9thodes<\/h5>\n<table style=\"width: 797px\" border=\"0\" cellspacing=\"0\" cellpadding=\"0\">\n<col width=\"319\" \/>\n<col width=\"478\" \/>\n<tbody>\n<tr>\n<td width=\"319\" height=\"80\">Alessandro Ferretti, Andrea Tamburini, Marco Bianchi, Massimo Broccolato &amp; Davide Carlo Guido Martelli<\/td>\n<td width=\"478\">Exploitation d\u2019archives de donn\u00e9es satellitaires de radar \u00e0 synth\u00e8se d\u2019ouverture (SAR) pour la cartographie et la surveillance de glissements de terrain au niveau r\u00e9gional et \u00e0 l\u2019\u00e9chelle locale <a href=\"https:\/\/wp.unil.ch\/risk\/files\/2013\/11\/26_Ferretti_MemSVSN2013_C_Li.pdf\"><img loading=\"lazy\" decoding=\"async\" alt=\"\" src=\"https:\/\/wp.unil.ch\/risk\/files\/2013\/11\/pdf-icon-16x16.gif\" width=\"16\" height=\"16\" \/><\/a><a href=\"https:\/\/wp.unil.ch\/risk\/files\/2013\/11\/26_Ferretti_MemSVSN2013_C_Li.pdf\"><br \/>\n<\/a><\/td>\n<\/tr>\n<tr>\n<td width=\"319\" height=\"40\">Philippe Corboz &amp; Walter Frei<\/td>\n<td width=\"478\">Application de la sismique hybride dans les sous-sols instables <a href=\"https:\/\/wp.unil.ch\/risk\/files\/2013\/11\/27_Corboz_MemSVSN2013_C_Li.pdf\"><img loading=\"lazy\" decoding=\"async\" alt=\"\" src=\"https:\/\/wp.unil.ch\/risk\/files\/2013\/11\/pdf-icon-16x16.gif\" width=\"16\" height=\"16\" \/><\/a><a href=\"https:\/\/wp.unil.ch\/risk\/files\/2013\/11\/27_Corboz_MemSVSN2013_C_Li.pdf\"><br \/>\n<\/a><\/td>\n<\/tr>\n<tr>\n<td width=\"319\" height=\"60\">Julien Travelletti, Jean-Philippe Malet &amp; Christophe Delacourt<\/td>\n<td width=\"478\">Corr\u00e9lation multi-dates de donn\u00e9es de scanner laser terrestre pour la caract\u00e9risation de la cin\u00e9matique de glissements de terrain <a href=\"https:\/\/wp.unil.ch\/risk\/files\/2013\/11\/28_Travelletti_MemSVSN2013_C_Li.pdf\"><img loading=\"lazy\" decoding=\"async\" alt=\"\" src=\"https:\/\/wp.unil.ch\/risk\/files\/2013\/11\/pdf-icon-16x16.gif\" width=\"16\" height=\"16\" \/><\/a><a href=\"https:\/\/wp.unil.ch\/risk\/files\/2013\/11\/28_Travelletti_MemSVSN2013_C_Li.pdf\"><br \/>\n<\/a><\/td>\n<\/tr>\n<\/tbody>\n<\/table>\n<h5><a id=\"Gestion des risques\"><\/a>Gestion des risques li\u00e9s aux dangers naturels<\/h5>\n<table style=\"width: 797px\" border=\"0\" cellspacing=\"0\" cellpadding=\"0\">\n<col width=\"319\" \/>\n<col width=\"478\" \/>\n<tbody>\n<tr>\n<td width=\"319\" height=\"60\">Nadia Christinet, Christian Gerber &amp; Claire-Anne Dvorak<\/td>\n<td width=\"478\">Avancement du projet de r\u00e9alisation des cartes de dangers naturels et de leur transcription dans l\u2019am\u00e9nagement du territoire, canton de Vaud <a href=\"https:\/\/wp.unil.ch\/risk\/files\/2013\/11\/29_Christinet_MemSVSN2013_C_Li.pdf\"><img loading=\"lazy\" decoding=\"async\" alt=\"\" src=\"https:\/\/wp.unil.ch\/risk\/files\/2013\/11\/pdf-icon-16x16.gif\" width=\"16\" height=\"16\" \/><\/a>\u00a0<a href=\"https:\/\/wp.unil.ch\/risk\/files\/2013\/11\/29_Christinet_MemSVSN2013_C_Li.pdf\"><br \/>\n<\/a><\/td>\n<\/tr>\n<tr>\n<td width=\"319\" height=\"40\">Manuela Fernandez, Jean Ruegg &amp; Gilles Brocard<\/td>\n<td width=\"478\">Un d\u00e9fi des gestionnaires de territoire: comment composer avec les diff\u00e9rentes d\u00e9finitions des risques? <a href=\"https:\/\/wp.unil.ch\/risk\/files\/2013\/11\/30_Fernandez_MemSVSN2013_C_Li.pdf\"><img loading=\"lazy\" decoding=\"async\" alt=\"\" src=\"https:\/\/wp.unil.ch\/risk\/files\/2013\/11\/pdf-icon-16x16.gif\" width=\"16\" height=\"16\" \/><\/a><a href=\"https:\/\/wp.unil.ch\/risk\/files\/2013\/11\/30_Fernandez_MemSVSN2013_C_Li.pdf\"><br \/>\n<\/a><\/td>\n<\/tr>\n<tr>\n<td width=\"319\" height=\"40\">Michel Jaboyedoff &amp; Marc-Henri Derron<\/td>\n<td width=\"478\">Dangers naturels dans une commune de montagne, Ormont-Dessus <a href=\"https:\/\/wp.unil.ch\/risk\/files\/2013\/11\/31_Jaboyedoff_MemSVSN2013_C_Li.pdf\"><img loading=\"lazy\" decoding=\"async\" alt=\"\" src=\"https:\/\/wp.unil.ch\/risk\/files\/2013\/11\/pdf-icon-16x16.gif\" width=\"16\" height=\"16\" \/><\/a><a href=\"https:\/\/wp.unil.ch\/risk\/files\/2013\/11\/31_Jaboyedoff_MemSVSN2013_C_Li.pdf\"><br \/>\n<\/a><\/td>\n<\/tr>\n<\/tbody>\n<\/table>\n<h5><a id=\"Postface\"><\/a>Postface<\/h5>\n<table style=\"width: 797px\" border=\"0\" cellspacing=\"0\" cellpadding=\"0\">\n<tbody>\n<tr>\n<td width=\"319\" height=\"40\">Michel Jaboyedoff, Marie Charri\u00e8re, Marc-Henri Derron, Pierrick Nicolet &amp; Karen Sudmeier-Rieux<\/td>\n<td width=\"478\">Postface: La gestion des risques naturels est une dynamique <a href=\"https:\/\/wp.unil.ch\/risk\/files\/2013\/11\/32_Postface_MemSVSN2013_C_Li.pdf\"><img loading=\"lazy\" decoding=\"async\" alt=\"\" src=\"https:\/\/wp.unil.ch\/risk\/files\/2013\/11\/pdf-icon-16x16.gif\" width=\"16\" height=\"16\" \/><\/a><a href=\"https:\/\/wp.unil.ch\/risk\/files\/2013\/11\/32_Postface_MemSVSN2013_C_Li.pdf\"><br \/>\n<\/a><\/td>\n<\/tr>\n<\/tbody>\n<\/table>\n<p>&nbsp;<\/p>\n<p>&nbsp;<\/p>\n","protected":false},"excerpt":{"rendered":"<p>The proceedings of the second day meeting on Natural Hazards\u00a0are now available to download in pdf format.\u00a0(Universit\u00e9 de Lausanne, 18 f\u00e9vrier 2011) Cover of the proceedings\u00a0 Table of contents, foreword &hellip; <\/p>\n","protected":false},"author":1341,"featured_media":0,"parent":14,"menu_order":0,"comment_status":"closed","ping_status":"closed","template":"","meta":{"_seopress_robots_primary_cat":"","_seopress_titles_title":"","_seopress_titles_desc":"","_seopress_robots_index":"","ngg_post_thumbnail":0,"footnotes":""},"class_list":["post-1630","page","type-page","status-publish"],"_links":{"self":[{"href":"https:\/\/wp.unil.ch\/risk\/wp-json\/wp\/v2\/pages\/1630","targetHints":{"allow":["GET"]}}],"collection":[{"href":"https:\/\/wp.unil.ch\/risk\/wp-json\/wp\/v2\/pages"}],"about":[{"href":"https:\/\/wp.unil.ch\/risk\/wp-json\/wp\/v2\/types\/page"}],"author":[{"embeddable":true,"href":"https:\/\/wp.unil.ch\/risk\/wp-json\/wp\/v2\/users\/1341"}],"replies":[{"embeddable":true,"href":"https:\/\/wp.unil.ch\/risk\/wp-json\/wp\/v2\/comments?post=1630"}],"version-history":[{"count":0,"href":"https:\/\/wp.unil.ch\/risk\/wp-json\/wp\/v2\/pages\/1630\/revisions"}],"up":[{"embeddable":true,"href":"https:\/\/wp.unil.ch\/risk\/wp-json\/wp\/v2\/pages\/14"}],"wp:attachment":[{"href":"https:\/\/wp.unil.ch\/risk\/wp-json\/wp\/v2\/media?parent=1630"}],"curies":[{"name":"wp","href":"https:\/\/api.w.org\/{rel}","templated":true}]}}