{"id":16,"date":"2013-08-13T11:20:55","date_gmt":"2013-08-13T09:20:55","guid":{"rendered":"http:\/\/wp.unil.ch\/risk\/?page_id=16"},"modified":"2014-01-30T10:24:25","modified_gmt":"2014-01-30T09:24:25","slug":"teaching","status":"publish","type":"page","link":"https:\/\/wp.unil.ch\/risk\/teaching\/","title":{"rendered":"Teaching"},"content":{"rendered":"<p><a title=\"Online resources\" href=\"https:\/\/wp.unil.ch\/risk\/online-resources\/\">Checkout our online resources<\/a><\/p>\n<p><strong>Masters courses<\/strong><\/p>\n<ul>\n<li>Camp de terrain (glissements et instabilit\u00e9s de falaise)<\/li>\n<li><span style=\"line-height: 1.5\">Caract\u00e9ristiques des roches, du sous-sol et de la facturation<\/span><\/li>\n<li><span style=\"line-height: 1.5\">Hydrog\u00e9ologie et mod\u00e9lisation<\/span><\/li>\n<li>Instabilit\u00e9s de pentes rocheuses<\/li>\n<li>Introduction \u00e0 la g\u00e9ologie 3 D (3Move)<\/li>\n<li><span style=\"line-height: 1.5\">Mod\u00e9lisation des structures et processus du sous-sol, mod\u00e9lisation\u00a0<\/span><span style=\"line-height: 1.5\">hydrog\u00e9ologique<\/span><\/li>\n<li><span style=\"line-height: 1.5\">Open Workshop : Risk and development for Swiss Universities and Institute of\u00a0Technology<\/span><\/li>\n<li>Physique et math\u00e9matique pour l&#8217;environnement<\/li>\n<li>Projet environnemental collectif<\/li>\n<li>Risques avanc\u00e9s quantitatifs et la vuln\u00e9rabilit\u00e9<\/li>\n<li>Risques et dangers li\u00e9s aux mouvements de versant<\/li>\n<li>S\u00e9minaire de recherche en environnement<\/li>\n<li>Simulation I (stabilit\u00e9 de versant et hydrologie)<\/li>\n<li>Simulation II (hydrologie et stabilit\u00e9) terrain<\/li>\n<li>Strat\u00e9gies de communication sur les risques environnementaux<\/li>\n<li>Workshop dix ans FGSE<\/li>\n<\/ul>\n<p><strong>Bachelors courses<\/strong><\/p>\n<ul>\n<li>Economie d&#8217;\u00e9nergie<\/li>\n<li><span style=\"line-height: 1.5\">Erosion et destruction des cha\u00eenes orog\u00e9niques et risques associ\u00e9s (pour g\u00e9ologues)<\/span><\/li>\n<li>Informatique et probl\u00e8mes environnementaux<\/li>\n<li>Risques environnementaux<\/li>\n<li>Risques et dangers naturels<\/li>\n<li>S\u00e9minaire de m\u00e9thodologie (introduction au minim\u00e9moire)<\/li>\n<\/ul>\n<p>&nbsp;<\/p>\n<p><a href=\"https:\/\/applicationspub.unil.ch\/interpub\/noauth\/php\/Un\/UnPers.php?PerNum=791503&amp;LanCode=8&amp;menu=ens\" target=\"_blank\">Get more details<\/a><\/p>\n","protected":false},"excerpt":{"rendered":"<p>Checkout our online resources Masters courses Camp de terrain (glissements et instabilit\u00e9s de falaise) Caract\u00e9ristiques des roches, du sous-sol et de la facturation Hydrog\u00e9ologie et mod\u00e9lisation Instabilit\u00e9s de pentes rocheuses &hellip; <\/p>\n","protected":false},"author":1341,"featured_media":0,"parent":0,"menu_order":4,"comment_status":"closed","ping_status":"closed","template":"","meta":{"_seopress_robots_primary_cat":"","_seopress_titles_title":"","_seopress_titles_desc":"","_seopress_robots_index":"","ngg_post_thumbnail":0,"footnotes":""},"class_list":["post-16","page","type-page","status-publish"],"_links":{"self":[{"href":"https:\/\/wp.unil.ch\/risk\/wp-json\/wp\/v2\/pages\/16","targetHints":{"allow":["GET"]}}],"collection":[{"href":"https:\/\/wp.unil.ch\/risk\/wp-json\/wp\/v2\/pages"}],"about":[{"href":"https:\/\/wp.unil.ch\/risk\/wp-json\/wp\/v2\/types\/page"}],"author":[{"embeddable":true,"href":"https:\/\/wp.unil.ch\/risk\/wp-json\/wp\/v2\/users\/1341"}],"replies":[{"embeddable":true,"href":"https:\/\/wp.unil.ch\/risk\/wp-json\/wp\/v2\/comments?post=16"}],"version-history":[{"count":0,"href":"https:\/\/wp.unil.ch\/risk\/wp-json\/wp\/v2\/pages\/16\/revisions"}],"wp:attachment":[{"href":"https:\/\/wp.unil.ch\/risk\/wp-json\/wp\/v2\/media?parent=16"}],"curies":[{"name":"wp","href":"https:\/\/api.w.org\/{rel}","templated":true}]}}