{"id":50,"date":"2013-08-27T00:13:48","date_gmt":"2013-08-26T22:13:48","guid":{"rendered":"http:\/\/wp.unil.ch\/reymondlab\/?page_id=50"},"modified":"2015-12-23T13:17:32","modified_gmt":"2015-12-23T12:17:32","slug":"dna-microarrays","status":"publish","type":"page","link":"https:\/\/wp.unil.ch\/reymondlab\/expertise\/dna-microarrays\/","title":{"rendered":"DNA microarrays"},"content":{"rendered":"<div align=\"justify\">\n<h1>The DNA microarray project<img loading=\"lazy\" decoding=\"async\" class=\"alignright size-medium wp-image-7\" src=\"https:\/\/wp.unil.ch\/reymondlab\/files\/2013\/08\/Arabchips-103x300.jpg\" alt=\"Arabchips\" width=\"103\" height=\"300\" srcset=\"https:\/\/wp.unil.ch\/reymondlab\/files\/2013\/08\/Arabchips-103x300.jpg 103w, https:\/\/wp.unil.ch\/reymondlab\/files\/2013\/08\/Arabchips.jpg 172w\" sizes=\"auto, (max-width: 103px) 100vw, 103px\" \/><\/h1>\n<div id=\"contleftcont\">\n<div>\n<p>The DNA microarray unit based in the Department of Plant Molecular Biology (DBMV) was established in 1997 by Prof. Edward E. Farmer and \u00a0<a title=\"Lab members\" href=\"https:\/\/wp.unil.ch\/reymondlab\/people\/lab-members\/\">Dr. Philippe Reymond<\/a>.<\/p>\n<p>Over the years, we have printed several types of microarrays, including small-scale, dedicated arrays containing defense-related, electrophile- or insect-responsive genes, large-scale 12K EST array, and a full-genome array containing specific probes for all Arabidopsis genes (EC project CATMA. www.catma.org). These microarrays were instrumental for the realization of several research projects in the group and for\u00a0the development of fruitful collaborations. DNA arrays have been progressively replaced by RNAseq analyses that are now performed at the Lausanne Genomic Technologies Facility (<a href=\"https:\/\/www.unil.ch\/gtf\/home.html\" target=\"_blank\">GTF<\/a>).<\/p>\n<p><strong>Credits<\/strong><\/p>\n<\/div>\n<div>\n<p>The DNA microarray project has been funded by the Fondation Leenaards, the Fondation Sandoz, the Fondation Herbette, the Soci\u00e9t\u00e9 Acad\u00e9mique Vaudoise, the Fondation du 450e Anniversaire (UNIL), the Fonds UNIL-EPFL, and genomics grants from the University of Lausanne.<\/p>\n<p>We are grateful to Prof. Shauna Somerville (Carnegie Institution of Washington, Dept. of Plant Biology, Stanford University, CA) for having introduced us to the DNA microarray technology.<\/p>\n<\/div>\n<\/div>\n<\/div>\n","protected":false},"excerpt":{"rendered":"<p>The DNA microarray project The DNA microarray unit based in the Department of Plant Molecular Biology (DBMV) was established in 1997 by Prof. Edward E. Farmer and \u00a0Dr. Philippe Reymond. &hellip; <\/p>\n","protected":false},"author":1325,"featured_media":0,"parent":48,"menu_order":7,"comment_status":"closed","ping_status":"closed","template":"","meta":{"_seopress_robots_primary_cat":"","_seopress_titles_title":"","_seopress_titles_desc":"","_seopress_robots_index":"","ngg_post_thumbnail":0,"footnotes":""},"class_list":["post-50","page","type-page","status-publish"],"_links":{"self":[{"href":"https:\/\/wp.unil.ch\/reymondlab\/wp-json\/wp\/v2\/pages\/50","targetHints":{"allow":["GET"]}}],"collection":[{"href":"https:\/\/wp.unil.ch\/reymondlab\/wp-json\/wp\/v2\/pages"}],"about":[{"href":"https:\/\/wp.unil.ch\/reymondlab\/wp-json\/wp\/v2\/types\/page"}],"author":[{"embeddable":true,"href":"https:\/\/wp.unil.ch\/reymondlab\/wp-json\/wp\/v2\/users\/1325"}],"replies":[{"embeddable":true,"href":"https:\/\/wp.unil.ch\/reymondlab\/wp-json\/wp\/v2\/comments?post=50"}],"version-history":[{"count":0,"href":"https:\/\/wp.unil.ch\/reymondlab\/wp-json\/wp\/v2\/pages\/50\/revisions"}],"up":[{"embeddable":true,"href":"https:\/\/wp.unil.ch\/reymondlab\/wp-json\/wp\/v2\/pages\/48"}],"wp:attachment":[{"href":"https:\/\/wp.unil.ch\/reymondlab\/wp-json\/wp\/v2\/media?parent=50"}],"curies":[{"name":"wp","href":"https:\/\/api.w.org\/{rel}","templated":true}]}}