{"id":2738,"date":"2022-09-12T10:51:30","date_gmt":"2022-09-12T08:51:30","guid":{"rendered":"https:\/\/wp.unil.ch\/rentreeunil\/?page_id=2738"},"modified":"2025-08-20T16:28:25","modified_gmt":"2025-08-20T14:28:25","slug":"visites","status":"publish","type":"page","link":"https:\/\/wp.unil.ch\/rentreeunil\/visites\/","title":{"rendered":"Visites guid\u00e9es du campus"},"content":{"rendered":"\n<div class=\"wp-block-uagb-container uagb-block-78584829 alignfull uagb-is-root-container\"><div class=\"uagb-container-inner-blocks-wrap\">\n<div class=\"wp-block-uagb-container uagb-block-8f752b1e\">\n<p class=\"has-buttons-text-color has-text-color has-link-color wp-elements-0413c1eb2836f39589458fde723c2832\"><strong>Vendredi 12 septembre<br>D\u00e9parts \u00e0 :<\/strong><br>&#8211; <strong>10h45<\/strong><br>&#8211; <strong>11h45<\/strong><br>&#8211; <strong>12h15<\/strong><br>&#8211; <strong>14h45<\/strong><\/p>\n\n\n\n<p class=\"has-buttons-text-color has-text-color has-link-color wp-elements-f7a6117dfa1e9eb600701365f9482749\"><a href=\"https:\/\/wp.unil.ch\/rentreeunil\/acces\/#POL\" data-type=\"page\" data-id=\"1462\" target=\"_blank\" rel=\"noreferrer noopener\">RDV devant le b\u00e2timent Amphip\u00f4le<\/a>. Des panneaux vous indiqueront le lieu de d\u00e9part exact.<br><br>Dur\u00e9e de la visite : 45 minutes environ<\/p>\n<\/div>\n\n\n\n<div class=\"wp-block-uagb-container uagb-block-6623b3f0\"><\/div>\n<\/div><\/div>\n\n\n\n<div style=\"height:20px\" aria-hidden=\"true\" class=\"wp-block-spacer\"><\/div>\n\n\n\n<h2 class=\"wp-block-heading has-primary-color has-text-color\"><strong>D\u00e9couvrez le campus<\/strong><\/h2>\n\n\n\n<p class=\"has-primary-color has-text-color\">La <a href=\"https:\/\/fae-unil.ch\/\" target=\"_blank\" rel=\"noreferrer noopener\">F\u00e9d\u00e9ration des Associations d&rsquo;\u00e9tudiant\u00b7e\u00b7x\u00b7s (FAE)<\/a> vous fait visiter le campus! Rejoignez les balades pour d\u00e9couvrir l&rsquo;Amphimax, l&rsquo;Amphip\u00f4le, la Ca&rsquo;Banane, l&rsquo;Anthropole, le G\u00e9opolis ou encore le Biophore. Des noms qui vous seront familiers plus vite que vous ne le pensez!<\/p>\n\n\n\n<blockquote class=\"wp-block-quote is-layout-flow wp-block-quote-is-layout-flow\">\n<p>La FAE le dit:<br><em>Vous d\u00e9couvrirez o\u00f9 prendre le meilleur caf\u00e9, nos endroits pr\u00e9f\u00e9r\u00e9s pour r\u00e9viser et comment s\u2019en sortir pour trouver sa salle de cours.<\/em><\/p>\n<\/blockquote>\n\n\n\n<p>Toutes les infos \u00e0 propos de la visite sont disponibles sur ce site internet:<br><a href=\"https:\/\/fae-unil.ch\/depart\" target=\"_blank\" rel=\"noreferrer noopener\"><strong>https:\/\/fae-unil.ch\/depart<\/strong><\/a><\/p>\n\n\n\n<div style=\"height:20px\" aria-hidden=\"true\" class=\"wp-block-spacer\"><\/div>\n\n\n\n<hr class=\"wp-block-separator has-alpha-channel-opacity\" \/>\n\n\n\n<div class=\"wp-block-group\"><div class=\"wp-block-group__inner-container is-layout-flow wp-block-group-is-layout-flow\">\n<h3 class=\"wp-block-heading has-secondary-color has-text-color\" style=\"letter-spacing:0.5px\">Les autres \u00e9v\u00e9nements des Journ\u00e9es d&rsquo;accueil<\/h3>\n\n\n\n<div class=\"wp-block-columns is-layout-flex wp-container-core-columns-is-layout-9d6595d7 wp-block-columns-is-layout-flex\">\n<div class=\"wp-block-column is-layout-flow wp-block-column-is-layout-flow\">\n<div class=\"wp-block-buttons is-layout-flex wp-block-buttons-is-layout-flex\">\n<div class=\"wp-block-button has-custom-width wp-block-button__width-100 is-style-outline is-style-outline--1\"><a class=\"wp-block-button__link wp-element-button\" href=\"https:\/\/wp.unil.ch\/rentreeunil\/bien-demarrer\/\" style=\"border-radius:100px\"><strong>Bien d\u00e9marrer vos \u00e9tudes<\/strong><\/a><\/div>\n\n\n\n<div class=\"wp-block-button has-custom-width wp-block-button__width-100 is-style-outline is-style-outline--2\"><a class=\"wp-block-button__link wp-element-button\" href=\"https:\/\/wp.unil.ch\/rentreeunil\/ateliers\/\" style=\"border-radius:100px\"><strong>Ateliers pratiques<\/strong><\/a><\/div>\n<\/div>\n<\/div>\n\n\n\n<div class=\"wp-block-column is-layout-flow wp-block-column-is-layout-flow\">\n<div class=\"wp-block-buttons is-layout-flex wp-block-buttons-is-layout-flex\">\n<div class=\"wp-block-button has-custom-width wp-block-button__width-100 is-style-outline is-style-outline--3\"><a class=\"wp-block-button__link wp-element-button\" href=\"https:\/\/wp.unil.ch\/rentreeunil\/filieres\/\" style=\"border-radius:100px\"><strong>S\u00e9ances des facult\u00e9s<\/strong><\/a><\/div>\n\n\n\n<div class=\"wp-block-button has-custom-width wp-block-button__width-100 is-style-outline is-style-outline--4\"><a class=\"wp-block-button__link wp-element-button\" href=\"https:\/\/wp.unil.ch\/rentreeunil\/stands\/\" style=\"border-radius:100px\"><strong><strong>Stands des services &amp; associations<\/strong><\/strong><\/a><\/div>\n<\/div>\n<\/div>\n<\/div>\n<\/div><\/div>\n","protected":false},"excerpt":{"rendered":"<p>Vendredi 12 septembreD\u00e9parts \u00e0 :&#8211; 10h45&#8211; 11h45&#8211; 12h15&#8211; 14h45 RDV devant le b\u00e2timent Amphip\u00f4le. Des panneaux vous indiqueront le lieu de d\u00e9part exact. Dur\u00e9e de la visite :&hellip;<\/p>\n","protected":false},"author":1002246,"featured_media":0,"parent":0,"menu_order":0,"comment_status":"closed","ping_status":"closed","template":"","meta":{"_seopress_robots_primary_cat":"","_seopress_titles_title":"","_seopress_titles_desc":"","_seopress_robots_index":"","_uag_custom_page_level_css":"","footnotes":""},"class_list":["post-2738","page","type-page","status-publish","has-post-thumbnail"],"uagb_featured_image_src":{"full":false,"thumbnail":false,"medium":false,"medium_large":false,"large":false,"1536x1536":false,"2048x2048":false,"post-thumbnail":false,"chaplin_preview_image_low_resolution":false,"chaplin_preview_image_high_resolution":false,"chaplin_fullscreen":false,"bdpp-medium":false,"mailpoet_newsletter_max":false},"uagb_author_info":{"display_name":"St\u00e9phanie Mercier","author_link":"https:\/\/wp.unil.ch\/rentreeunil\/author\/smercie2\/"},"uagb_comment_info":0,"uagb_excerpt":"Vendredi 12 septembreD\u00e9parts \u00e0 :&#8211; 10h45&#8211; 11h45&#8211; 12h15&#8211; 14h45 RDV devant le b\u00e2timent Amphip\u00f4le. Des panneaux vous indiqueront le lieu de d\u00e9part exact. Dur\u00e9e de la visite :&hellip;","_links":{"self":[{"href":"https:\/\/wp.unil.ch\/rentreeunil\/wp-json\/wp\/v2\/pages\/2738","targetHints":{"allow":["GET"]}}],"collection":[{"href":"https:\/\/wp.unil.ch\/rentreeunil\/wp-json\/wp\/v2\/pages"}],"about":[{"href":"https:\/\/wp.unil.ch\/rentreeunil\/wp-json\/wp\/v2\/types\/page"}],"author":[{"embeddable":true,"href":"https:\/\/wp.unil.ch\/rentreeunil\/wp-json\/wp\/v2\/users\/1002246"}],"replies":[{"embeddable":true,"href":"https:\/\/wp.unil.ch\/rentreeunil\/wp-json\/wp\/v2\/comments?post=2738"}],"version-history":[{"count":4,"href":"https:\/\/wp.unil.ch\/rentreeunil\/wp-json\/wp\/v2\/pages\/2738\/revisions"}],"predecessor-version":[{"id":4566,"href":"https:\/\/wp.unil.ch\/rentreeunil\/wp-json\/wp\/v2\/pages\/2738\/revisions\/4566"}],"wp:attachment":[{"href":"https:\/\/wp.unil.ch\/rentreeunil\/wp-json\/wp\/v2\/media?parent=2738"}],"curies":[{"name":"wp","href":"https:\/\/api.w.org\/{rel}","templated":true}]}}