{"id":5134,"date":"2019-11-26T15:17:30","date_gmt":"2019-11-26T14:17:30","guid":{"rendered":"http:\/\/wp.unil.ch\/rarissima\/?page_id=5134"},"modified":"2019-11-26T15:17:30","modified_gmt":"2019-11-26T14:17:30","slug":"valdensia-vaudois-campagne-2009-2010","status":"publish","type":"page","link":"https:\/\/wp.unil.ch\/rarissima\/campagne-2009-2010\/valdensia-vaudois-campagne-2009-2010\/","title":{"rendered":"Valdensia (vaudois) &#8211; Campagne 2009-2010"},"content":{"rendered":"\n\n<ul class=\"su-posts su-posts-list-loop \">\n\n\t\t\t\t\t\t\n\t\t\t\n\t\t\t<li id=\"su-post-409\" class=\"su-post \">\n\t\t\t\t<a href=\"https:\/\/wp.unil.ch\/rarissima\/lheureux-jour-contrefait-a-lausanne\/\">\u00ab\u00a0L&rsquo;heureux jour\u00a0\u00bb contrefait \u00e0 Lausanne<\/a>\n\t\t\t<\/li>\n\n\t\t\t\t\t\n\t\t\t\n\t\t\t<li id=\"su-post-321\" class=\"su-post \">\n\t\t\t\t<a href=\"https:\/\/wp.unil.ch\/rarissima\/24-vues-de-lausanne-au-temps-des-romantiques\/\">24 vues de Lausanne au temps des Romantiques<\/a>\n\t\t\t<\/li>\n\n\t\t\t\t\t\n\t\t\t\n\t\t\t<li id=\"su-post-257\" class=\"su-post \">\n\t\t\t\t<a href=\"https:\/\/wp.unil.ch\/rarissima\/cervantes-imprime-a-lausanne\/\">Cervant\u00e8s imprim\u00e9 \u00e0 Lausanne<\/a>\n\t\t\t<\/li>\n\n\t\t\t\t\t\n\t\t\t\n\t\t\t<li id=\"su-post-433\" class=\"su-post \">\n\t\t\t\t<a href=\"https:\/\/wp.unil.ch\/rarissima\/des-fleurs-et-des-fruits-a-profusion\/\">Des fleurs et des fruits \u00e0 profusion&#8230;<\/a>\n\t\t\t<\/li>\n\n\t\t\t\t\t\n\t\t\t\n\t\t\t<li id=\"su-post-289\" class=\"su-post \">\n\t\t\t\t<a href=\"https:\/\/wp.unil.ch\/rarissima\/des-hurons-lausannois-qui-nen-sont-pas\/\">Des Hurons lausannois qui n&rsquo;en sont pas&#8230;<\/a>\n\t\t\t<\/li>\n\n\t\t\t\t\t\n\t\t\t\n\t\t\t<li id=\"su-post-441\" class=\"su-post \">\n\t\t\t\t<a href=\"https:\/\/wp.unil.ch\/rarissima\/la-bastille-revue-et-corrigee-par-linguet\/\">La Bastille revue et corrig\u00e9e par Linguet<\/a>\n\t\t\t<\/li>\n\n\t\t\t\t\t\n\t\t\t\n\t\t\t<li id=\"su-post-269\" class=\"su-post \">\n\t\t\t\t<a href=\"https:\/\/wp.unil.ch\/rarissima\/la-terreur-a-lyon\/\">La Terreur \u00e0 Lyon&#8230;<\/a>\n\t\t\t<\/li>\n\n\t\t\t\t\t\n\t\t\t\n\t\t\t<li id=\"su-post-237\" class=\"su-post \">\n\t\t\t\t<a href=\"https:\/\/wp.unil.ch\/rarissima\/le-premier-dictionnaire-francais-italien\/\">Le premier dictionnaire fran\u00e7ais-italien<\/a>\n\t\t\t<\/li>\n\n\t\t\t\t\t\n\t\t\t\n\t\t\t<li id=\"su-post-379\" class=\"su-post \">\n\t\t\t\t<a href=\"https:\/\/wp.unil.ch\/rarissima\/un-erotica-lausannois\/\">Un \u00ab\u00a0erotica\u00a0\u00bb lausannois<\/a>\n\t\t\t<\/li>\n\n\t\t\t\t\t\n\t\t\t\n\t\t\t<li id=\"su-post-211\" class=\"su-post \">\n\t\t\t\t<a href=\"https:\/\/wp.unil.ch\/rarissima\/un-brulot-reforme-imprime-a-lausanne-en-1574\/\">Un br\u00fblot r\u00e9form\u00e9 imprim\u00e9 \u00e0 Lausanne en 1574<\/a>\n\t\t\t<\/li>\n\n\t\t\t\t\t\n\t\t\t\n\t\t\t<li id=\"su-post-351\" class=\"su-post \">\n\t\t\t\t<a href=\"https:\/\/wp.unil.ch\/rarissima\/un-dessinateur-yverdonnois-peu-connu-fritz-de-niederhausern\/\">Un dessinateur yverdonnois peu connu : Fritz de Niederh\u00e4usern<\/a>\n\t\t\t<\/li>\n\n\t\t\t\t\t\n\t\t\t\n\t\t\t<li id=\"su-post-472\" class=\"su-post \">\n\t\t\t\t<a href=\"https:\/\/wp.unil.ch\/rarissima\/un-exemplaire-annote-par-antoine-baron-premier-archiviste-vaudois\/\">Un exemplaire annot\u00e9 par Antoine Baron, premier archiviste vaudois<\/a>\n\t\t\t<\/li>\n\n\t\t\t\t\t\n\t\t\t\n\t\t\t<li id=\"su-post-401\" class=\"su-post \">\n\t\t\t\t<a href=\"https:\/\/wp.unil.ch\/rarissima\/un-incunable-de-laquatinte\/\">Un incunable de l&rsquo;aquatinte<\/a>\n\t\t\t<\/li>\n\n\t\t\t\t\t\n\t\t\t\n\t\t\t<li id=\"su-post-365\" class=\"su-post \">\n\t\t\t\t<a href=\"https:\/\/wp.unil.ch\/rarissima\/un-robinson-veveysan\/\">Un Robinson veveysan<\/a>\n\t\t\t<\/li>\n\n\t\t\t\t\t\n\t\t\t\n\t\t\t<li id=\"su-post-383\" class=\"su-post \">\n\t\t\t\t<a href=\"https:\/\/wp.unil.ch\/rarissima\/une-rare-edition-de-lamartine\/\">Une rare \u00e9dition de Lamartine<\/a>\n\t\t\t<\/li>\n\n\t\t\t\n<\/ul>\n\n","protected":false},"excerpt":{"rendered":"","protected":false},"author":568,"featured_media":0,"parent":4204,"menu_order":0,"comment_status":"closed","ping_status":"closed","template":"","meta":{"_seopress_robots_primary_cat":"","_seopress_titles_title":"","_seopress_titles_desc":"","_seopress_robots_index":"","footnotes":""},"class_list":["post-5134","page","type-page","status-publish"],"_links":{"self":[{"href":"https:\/\/wp.unil.ch\/rarissima\/wp-json\/wp\/v2\/pages\/5134","targetHints":{"allow":["GET"]}}],"collection":[{"href":"https:\/\/wp.unil.ch\/rarissima\/wp-json\/wp\/v2\/pages"}],"about":[{"href":"https:\/\/wp.unil.ch\/rarissima\/wp-json\/wp\/v2\/types\/page"}],"author":[{"embeddable":true,"href":"https:\/\/wp.unil.ch\/rarissima\/wp-json\/wp\/v2\/users\/568"}],"replies":[{"embeddable":true,"href":"https:\/\/wp.unil.ch\/rarissima\/wp-json\/wp\/v2\/comments?post=5134"}],"version-history":[{"count":0,"href":"https:\/\/wp.unil.ch\/rarissima\/wp-json\/wp\/v2\/pages\/5134\/revisions"}],"up":[{"embeddable":true,"href":"https:\/\/wp.unil.ch\/rarissima\/wp-json\/wp\/v2\/pages\/4204"}],"wp:attachment":[{"href":"https:\/\/wp.unil.ch\/rarissima\/wp-json\/wp\/v2\/media?parent=5134"}],"curies":[{"name":"wp","href":"https:\/\/api.w.org\/{rel}","templated":true}]}}