{"id":5120,"date":"2019-11-26T15:12:36","date_gmt":"2019-11-26T14:12:36","guid":{"rendered":"http:\/\/wp.unil.ch\/rarissima\/?page_id=5120"},"modified":"2019-11-26T15:12:36","modified_gmt":"2019-11-26T14:12:36","slug":"19e-siecle-campagne-2011-2014","status":"publish","type":"page","link":"https:\/\/wp.unil.ch\/rarissima\/campagne-2011-2014\/19e-siecle-campagne-2011-2014\/","title":{"rendered":"19e si\u00e8cle &#8211; Campagne 2011-2014"},"content":{"rendered":"\n\n<ul class=\"su-posts su-posts-list-loop \">\n\n\t\t\t\t\t\t\n\t\t\t\n\t\t\t<li id=\"su-post-3614\" class=\"su-post \">\n\t\t\t\t<a href=\"https:\/\/wp.unil.ch\/rarissima\/antiquites-de-crimee\/\">Antiquit\u00e9s de Crim\u00e9e<\/a>\n\t\t\t<\/li>\n\n\t\t\t\t\t\n\t\t\t\n\t\t\t<li id=\"su-post-2095\" class=\"su-post \">\n\t\t\t\t<a href=\"https:\/\/wp.unil.ch\/rarissima\/au-temps-des-recueils-de-vues-romantiques-du-leman\/\">Au temps des recueils de vues romantiques du L\u00e9man&#8230;<\/a>\n\t\t\t<\/li>\n\n\t\t\t\t\t\n\t\t\t\n\t\t\t<li id=\"su-post-2797\" class=\"su-post \">\n\t\t\t\t<a href=\"https:\/\/wp.unil.ch\/rarissima\/du-chat-noir-aux-hydropathes\/\">Du \u00ab\u00a0Chat noir\u00a0\u00bb aux \u00ab\u00a0Hydropathes\u00a0\u00bb&#8230;<\/a>\n\t\t\t<\/li>\n\n\t\t\t\t\t\n\t\t\t\n\t\t\t<li id=\"su-post-3517\" class=\"su-post \">\n\t\t\t\t<a href=\"https:\/\/wp.unil.ch\/rarissima\/fleurs-de-reve\/\">Fleurs de r\u00eave<\/a>\n\t\t\t<\/li>\n\n\t\t\t\t\t\n\t\t\t\n\t\t\t<li id=\"su-post-2718\" class=\"su-post \">\n\t\t\t\t<a href=\"https:\/\/wp.unil.ch\/rarissima\/gustave-dore-trois-albums-des-debuts\/\">Gustave Dor\u00e9 : trois albums des d\u00e9buts<\/a>\n\t\t\t<\/li>\n\n\t\t\t\t\t\n\t\t\t\n\t\t\t<li id=\"su-post-3198\" class=\"su-post \">\n\t\t\t\t<a href=\"https:\/\/wp.unil.ch\/rarissima\/le-langage-des-fleurs-au-temps-dadolphe\/\">Le langage des fleurs au temps d&rsquo;Adolphe<\/a>\n\t\t\t<\/li>\n\n\t\t\t\t\t\n\t\t\t\n\t\t\t<li id=\"su-post-3396\" class=\"su-post \">\n\t\t\t\t<a href=\"https:\/\/wp.unil.ch\/rarissima\/le-robinson-francais\/\">Le Robinson fran\u00e7ais<\/a>\n\t\t\t<\/li>\n\n\t\t\t\t\t\n\t\t\t\n\t\t\t<li id=\"su-post-3618\" class=\"su-post \">\n\t\t\t\t<a href=\"https:\/\/wp.unil.ch\/rarissima\/monuments-romains-et-gothiques-de-vienne\/\">Monuments romains et gothiques de Vienne<\/a>\n\t\t\t<\/li>\n\n\t\t\t\t\t\n\t\t\t\n\t\t\t<li id=\"su-post-3210\" class=\"su-post \">\n\t\t\t\t<a href=\"https:\/\/wp.unil.ch\/rarissima\/panorama-de-lausanne-depuis-montbenon\/\">Panorama de Lausanne depuis Montbenon<\/a>\n\t\t\t<\/li>\n\n\t\t\t\t\t\n\t\t\t\n\t\t\t<li id=\"su-post-3627\" class=\"su-post \">\n\t\t\t\t<a href=\"https:\/\/wp.unil.ch\/rarissima\/petit-traite-de-la-construction-et-du-greement-des-modeles-de-bateaux\/\">Petit trait\u00e9 de la construction et du gr\u00e9ement des mod\u00e8les de bateaux<\/a>\n\t\t\t<\/li>\n\n\t\t\t\t\t\n\t\t\t\n\t\t\t<li id=\"su-post-3160\" class=\"su-post \">\n\t\t\t\t<a href=\"https:\/\/wp.unil.ch\/rarissima\/recueil-de-pieces-relatives-a-la-revolution-vaudoise-de-1845\/\">Recueil de pi\u00e8ces relatives \u00e0 la R\u00e9volution vaudoise de 1845<\/a>\n\t\t\t<\/li>\n\n\t\t\t\t\t\n\t\t\t\n\t\t\t<li id=\"su-post-2416\" class=\"su-post \">\n\t\t\t\t<a href=\"https:\/\/wp.unil.ch\/rarissima\/un-des-plus-anciens-textes-imprimes-en-patois-vaudois\/\">Un des plus anciens textes imprim\u00e9s en patois vaudois<\/a>\n\t\t\t<\/li>\n\n\t\t\t\t\t\n\t\t\t\n\t\t\t<li id=\"su-post-2938\" class=\"su-post \">\n\t\t\t\t<a href=\"https:\/\/wp.unil.ch\/rarissima\/un-travail-dorfevre-en-taille-douce\/\">Un travail d&rsquo;orf\u00e8vre en taille-douce<\/a>\n\t\t\t<\/li>\n\n\t\t\t\n<\/ul>\n\n","protected":false},"excerpt":{"rendered":"","protected":false},"author":568,"featured_media":0,"parent":297,"menu_order":0,"comment_status":"closed","ping_status":"closed","template":"","meta":{"_seopress_robots_primary_cat":"","_seopress_titles_title":"","_seopress_titles_desc":"","_seopress_robots_index":"","footnotes":""},"class_list":["post-5120","page","type-page","status-publish"],"_links":{"self":[{"href":"https:\/\/wp.unil.ch\/rarissima\/wp-json\/wp\/v2\/pages\/5120","targetHints":{"allow":["GET"]}}],"collection":[{"href":"https:\/\/wp.unil.ch\/rarissima\/wp-json\/wp\/v2\/pages"}],"about":[{"href":"https:\/\/wp.unil.ch\/rarissima\/wp-json\/wp\/v2\/types\/page"}],"author":[{"embeddable":true,"href":"https:\/\/wp.unil.ch\/rarissima\/wp-json\/wp\/v2\/users\/568"}],"replies":[{"embeddable":true,"href":"https:\/\/wp.unil.ch\/rarissima\/wp-json\/wp\/v2\/comments?post=5120"}],"version-history":[{"count":0,"href":"https:\/\/wp.unil.ch\/rarissima\/wp-json\/wp\/v2\/pages\/5120\/revisions"}],"up":[{"embeddable":true,"href":"https:\/\/wp.unil.ch\/rarissima\/wp-json\/wp\/v2\/pages\/297"}],"wp:attachment":[{"href":"https:\/\/wp.unil.ch\/rarissima\/wp-json\/wp\/v2\/media?parent=5120"}],"curies":[{"name":"wp","href":"https:\/\/api.w.org\/{rel}","templated":true}]}}