{"id":5104,"date":"2019-11-26T14:46:04","date_gmt":"2019-11-26T13:46:04","guid":{"rendered":"http:\/\/wp.unil.ch\/rarissima\/?page_id=5104"},"modified":"2019-11-26T14:46:04","modified_gmt":"2019-11-26T13:46:04","slug":"livres-anciens-campagne-2015-2018","status":"publish","type":"page","link":"https:\/\/wp.unil.ch\/rarissima\/campagne-2015-2018\/livres-anciens-campagne-2015-2018\/","title":{"rendered":"Livres anciens &#8211; Campagne 2015-2018"},"content":{"rendered":"\n\n<ul class=\"su-posts su-posts-list-loop \">\n\n\t\t\t\t\t\t\n\t\t\t\n\t\t\t<li id=\"su-post-4811\" class=\"su-post \">\n\t\t\t\t<a href=\"https:\/\/wp.unil.ch\/rarissima\/lart-de-la-danse-enseigne-aux-lausannois-en-1797\/\">L&rsquo;art de la danse enseign\u00e9 aux Lausannois en 1797<\/a>\n\t\t\t<\/li>\n\n\t\t\t\t\t\n\t\t\t\n\t\t\t<li id=\"su-post-4755\" class=\"su-post \">\n\t\t\t\t<a href=\"https:\/\/wp.unil.ch\/rarissima\/la-danse-du-soldat\/\">La danse du soldat<\/a>\n\t\t\t<\/li>\n\n\t\t\t\t\t\n\t\t\t\n\t\t\t<li id=\"su-post-4581\" class=\"su-post \">\n\t\t\t\t<a href=\"https:\/\/wp.unil.ch\/rarissima\/la-geographie-de-strabon-annotee-annote-par-un-des-premiers-professeurs-de-lacademie\/\">La G\u00e9ographie de Strabon annot\u00e9e annot\u00e9 par un des premiers professeurs de l&rsquo;Acad\u00e9mie<\/a>\n\t\t\t<\/li>\n\n\t\t\t\t\t\n\t\t\t\n\t\t\t<li id=\"su-post-4952\" class=\"su-post \">\n\t\t\t\t<a href=\"https:\/\/wp.unil.ch\/rarissima\/la-lettre-damour-selon-patricia-ballestrini\/\">La lettre d&rsquo;amour selon Patricia Ballestrini<\/a>\n\t\t\t<\/li>\n\n\t\t\t\t\t\n\t\t\t\n\t\t\t<li id=\"su-post-4890\" class=\"su-post \">\n\t\t\t\t<a href=\"https:\/\/wp.unil.ch\/rarissima\/le-leman-au-temps-des-albums-souvenirs\/\">Le L\u00e9man au temps des albums-souvenirs<\/a>\n\t\t\t<\/li>\n\n\t\t\t\t\t\n\t\t\t\n\t\t\t<li id=\"su-post-4874\" class=\"su-post \">\n\t\t\t\t<a href=\"https:\/\/wp.unil.ch\/rarissima\/4874-2\/\">Le sport \u00ab\u00a0belle \u00e9poque\u00a0\u00bb magnifi\u00e9 par William Nicholson<\/a>\n\t\t\t<\/li>\n\n\t\t\t\t\t\n\t\t\t\n\t\t\t<li id=\"su-post-4750\" class=\"su-post \">\n\t\t\t\t<a href=\"https:\/\/wp.unil.ch\/rarissima\/4750-2\/\">Quand Marseille se prenait pour Lausanne&#8230;<\/a>\n\t\t\t<\/li>\n\n\t\t\t\t\t\n\t\t\t\n\t\t\t<li id=\"su-post-4815\" class=\"su-post \">\n\t\t\t\t<a href=\"https:\/\/wp.unil.ch\/rarissima\/un-champion-du-monde-de-ju-jitsu-vaudois\/\">Un champion du monde de Ju-jitsu vaudois<\/a>\n\t\t\t<\/li>\n\n\t\t\t\t\t\n\t\t\t\n\t\t\t<li id=\"su-post-4592\" class=\"su-post \">\n\t\t\t\t<a href=\"https:\/\/wp.unil.ch\/rarissima\/un-erotica-lausannois-au-siecle-des-lumieres\/\">Un erotica lausannois au si\u00e8cle des Lumi\u00e8res<\/a>\n\t\t\t<\/li>\n\n\t\t\t\t\t\n\t\t\t\n\t\t\t<li id=\"su-post-4793\" class=\"su-post \">\n\t\t\t\t<a href=\"https:\/\/wp.unil.ch\/rarissima\/un-portrait-inedit-danatole-france-par-steinlen\/\">Un portrait in\u00e9dit d&rsquo;Anatole France par Steinlen<\/a>\n\t\t\t<\/li>\n\n\t\t\t\t\t\n\t\t\t\n\t\t\t<li id=\"su-post-4932\" class=\"su-post \">\n\t\t\t\t<a href=\"https:\/\/wp.unil.ch\/rarissima\/un-rare-album-de-vues-aquarellees\/\">Un rare album de vues aquarell\u00e9es<\/a>\n\t\t\t<\/li>\n\n\t\t\t\t\t\n\t\t\t\n\t\t\t<li id=\"su-post-5006\" class=\"su-post \">\n\t\t\t\t<a href=\"https:\/\/wp.unil.ch\/rarissima\/un-steinlen-exceptionnel\/\">Un Steinlen exceptionnel !<\/a>\n\t\t\t<\/li>\n\n\t\t\t\t\t\n\t\t\t\n\t\t\t<li id=\"su-post-4780\" class=\"su-post \">\n\t\t\t\t<a href=\"https:\/\/wp.unil.ch\/rarissima\/un-stratege-vaudois-au-service-de-napoleon\/\">Un strat\u00e8ge vaudois au service de Napol\u00e9on<\/a>\n\t\t\t<\/li>\n\n\t\t\t\t\t\n\t\t\t\n\t\t\t<li id=\"su-post-4763\" class=\"su-post \">\n\t\t\t\t<a href=\"https:\/\/wp.unil.ch\/rarissima\/une-collection-lausannoise-de-pamphlets-du-grand-siecle\/\">Une collection lausannoise de pamphlets du Grand Si\u00e8cle<\/a>\n\t\t\t<\/li>\n\n\t\t\t\t\t\n\t\t\t\n\t\t\t<li id=\"su-post-4788\" class=\"su-post \">\n\t\t\t\t<a href=\"https:\/\/wp.unil.ch\/rarissima\/une-edition-pirate-lausannoise-de-1672\/\">Une \u00e9dition pirate lausannoise de 1672<\/a>\n\t\t\t<\/li>\n\n\t\t\t\t\t\n\t\t\t\n\t\t\t<li id=\"su-post-4590\" class=\"su-post \">\n\t\t\t\t<a href=\"https:\/\/wp.unil.ch\/rarissima\/une-fiction-litteraire-inconnue-des-bibliographes\/\">Une fiction litt\u00e9raire inconnue des bibliographes<\/a>\n\t\t\t<\/li>\n\n\t\t\t\t\t\n\t\t\t\n\t\t\t<li id=\"su-post-4775\" class=\"su-post \">\n\t\t\t\t<a href=\"https:\/\/wp.unil.ch\/rarissima\/une-precieuse-edition-illustree-dorlando-furioso-de-la-bibliotheque-dedward-gibbon\/\">Une pr\u00e9cieuse \u00e9dition illustr\u00e9e d&rsquo;Orlando furioso de la biblioth\u00e8que d&rsquo;Edward Gibbon<\/a>\n\t\t\t<\/li>\n\n\t\t\t\t\t\n\t\t\t\n\t\t\t<li id=\"su-post-4758\" class=\"su-post \">\n\t\t\t\t<a href=\"https:\/\/wp.unil.ch\/rarissima\/25-dessins-de-gustave-brion-pour-les-miserables\/\">Une rare suite de dessins de Gustave Brion pour les Mis\u00e9rables<\/a>\n\t\t\t<\/li>\n\n\t\t\t\t\t\n\t\t\t\n\t\t\t<li id=\"su-post-4770\" class=\"su-post \">\n\t\t\t\t<a href=\"https:\/\/wp.unil.ch\/rarissima\/4770-2\/\">Une somptueuse flore d&rsquo;Europe<\/a>\n\t\t\t<\/li>\n\n\t\t\t\n<\/ul>\n\n","protected":false},"excerpt":{"rendered":"","protected":false},"author":568,"featured_media":0,"parent":4202,"menu_order":0,"comment_status":"closed","ping_status":"closed","template":"","meta":{"_seopress_robots_primary_cat":"","_seopress_titles_title":"","_seopress_titles_desc":"","_seopress_robots_index":"","footnotes":""},"class_list":["post-5104","page","type-page","status-publish"],"_links":{"self":[{"href":"https:\/\/wp.unil.ch\/rarissima\/wp-json\/wp\/v2\/pages\/5104","targetHints":{"allow":["GET"]}}],"collection":[{"href":"https:\/\/wp.unil.ch\/rarissima\/wp-json\/wp\/v2\/pages"}],"about":[{"href":"https:\/\/wp.unil.ch\/rarissima\/wp-json\/wp\/v2\/types\/page"}],"author":[{"embeddable":true,"href":"https:\/\/wp.unil.ch\/rarissima\/wp-json\/wp\/v2\/users\/568"}],"replies":[{"embeddable":true,"href":"https:\/\/wp.unil.ch\/rarissima\/wp-json\/wp\/v2\/comments?post=5104"}],"version-history":[{"count":0,"href":"https:\/\/wp.unil.ch\/rarissima\/wp-json\/wp\/v2\/pages\/5104\/revisions"}],"up":[{"embeddable":true,"href":"https:\/\/wp.unil.ch\/rarissima\/wp-json\/wp\/v2\/pages\/4202"}],"wp:attachment":[{"href":"https:\/\/wp.unil.ch\/rarissima\/wp-json\/wp\/v2\/media?parent=5104"}],"curies":[{"name":"wp","href":"https:\/\/api.w.org\/{rel}","templated":true}]}}