{"id":5100,"date":"2019-11-26T14:44:24","date_gmt":"2019-11-26T13:44:24","guid":{"rendered":"http:\/\/wp.unil.ch\/rarissima\/?page_id=5100"},"modified":"2019-11-26T14:44:24","modified_gmt":"2019-11-26T13:44:24","slug":"17e-et-18e-siecle-campagne-2015-2018","status":"publish","type":"page","link":"https:\/\/wp.unil.ch\/rarissima\/campagne-2015-2018\/17e-et-18e-siecle-campagne-2015-2018\/","title":{"rendered":"17e et 18e si\u00e8cle &#8211; Campagne 2015-2018"},"content":{"rendered":"\n\n<ul class=\"su-posts su-posts-list-loop \">\n\n\t\t\t\t\t\t\n\t\t\t\n\t\t\t<li id=\"su-post-4811\" class=\"su-post \">\n\t\t\t\t<a href=\"https:\/\/wp.unil.ch\/rarissima\/lart-de-la-danse-enseigne-aux-lausannois-en-1797\/\">L&rsquo;art de la danse enseign\u00e9 aux Lausannois en 1797<\/a>\n\t\t\t<\/li>\n\n\t\t\t\t\t\n\t\t\t\n\t\t\t<li id=\"su-post-4750\" class=\"su-post \">\n\t\t\t\t<a href=\"https:\/\/wp.unil.ch\/rarissima\/4750-2\/\">Quand Marseille se prenait pour Lausanne&#8230;<\/a>\n\t\t\t<\/li>\n\n\t\t\t\t\t\n\t\t\t\n\t\t\t<li id=\"su-post-4592\" class=\"su-post \">\n\t\t\t\t<a href=\"https:\/\/wp.unil.ch\/rarissima\/un-erotica-lausannois-au-siecle-des-lumieres\/\">Un erotica lausannois au si\u00e8cle des Lumi\u00e8res<\/a>\n\t\t\t<\/li>\n\n\t\t\t\t\t\n\t\t\t\n\t\t\t<li id=\"su-post-4763\" class=\"su-post \">\n\t\t\t\t<a href=\"https:\/\/wp.unil.ch\/rarissima\/une-collection-lausannoise-de-pamphlets-du-grand-siecle\/\">Une collection lausannoise de pamphlets du Grand Si\u00e8cle<\/a>\n\t\t\t<\/li>\n\n\t\t\t\t\t\n\t\t\t\n\t\t\t<li id=\"su-post-4788\" class=\"su-post \">\n\t\t\t\t<a href=\"https:\/\/wp.unil.ch\/rarissima\/une-edition-pirate-lausannoise-de-1672\/\">Une \u00e9dition pirate lausannoise de 1672<\/a>\n\t\t\t<\/li>\n\n\t\t\t\t\t\n\t\t\t\n\t\t\t<li id=\"su-post-4775\" class=\"su-post \">\n\t\t\t\t<a href=\"https:\/\/wp.unil.ch\/rarissima\/une-precieuse-edition-illustree-dorlando-furioso-de-la-bibliotheque-dedward-gibbon\/\">Une pr\u00e9cieuse \u00e9dition illustr\u00e9e d&rsquo;Orlando furioso de la biblioth\u00e8que d&rsquo;Edward Gibbon<\/a>\n\t\t\t<\/li>\n\n\t\t\t\n<\/ul>\n\n","protected":false},"excerpt":{"rendered":"","protected":false},"author":568,"featured_media":0,"parent":4202,"menu_order":0,"comment_status":"closed","ping_status":"closed","template":"","meta":{"_seopress_robots_primary_cat":"","_seopress_titles_title":"","_seopress_titles_desc":"","_seopress_robots_index":"","footnotes":""},"class_list":["post-5100","page","type-page","status-publish"],"_links":{"self":[{"href":"https:\/\/wp.unil.ch\/rarissima\/wp-json\/wp\/v2\/pages\/5100","targetHints":{"allow":["GET"]}}],"collection":[{"href":"https:\/\/wp.unil.ch\/rarissima\/wp-json\/wp\/v2\/pages"}],"about":[{"href":"https:\/\/wp.unil.ch\/rarissima\/wp-json\/wp\/v2\/types\/page"}],"author":[{"embeddable":true,"href":"https:\/\/wp.unil.ch\/rarissima\/wp-json\/wp\/v2\/users\/568"}],"replies":[{"embeddable":true,"href":"https:\/\/wp.unil.ch\/rarissima\/wp-json\/wp\/v2\/comments?post=5100"}],"version-history":[{"count":0,"href":"https:\/\/wp.unil.ch\/rarissima\/wp-json\/wp\/v2\/pages\/5100\/revisions"}],"up":[{"embeddable":true,"href":"https:\/\/wp.unil.ch\/rarissima\/wp-json\/wp\/v2\/pages\/4202"}],"wp:attachment":[{"href":"https:\/\/wp.unil.ch\/rarissima\/wp-json\/wp\/v2\/media?parent=5100"}],"curies":[{"name":"wp","href":"https:\/\/api.w.org\/{rel}","templated":true}]}}