{"id":5092,"date":"2019-11-26T14:35:59","date_gmt":"2019-11-26T13:35:59","guid":{"rendered":"http:\/\/wp.unil.ch\/rarissima\/?page_id=5092"},"modified":"2019-11-26T14:41:45","modified_gmt":"2019-11-26T13:41:45","slug":"livres-dartiste-romands-campagne-2015-2018","status":"publish","type":"page","link":"https:\/\/wp.unil.ch\/rarissima\/campagne-2015-2018\/livres-dartiste-romands-campagne-2015-2018\/","title":{"rendered":"Livres d\u2019artiste romands &#8211; Campagne 2015-2018"},"content":{"rendered":"\n\n<ul class=\"su-posts su-posts-list-loop \">\n\n\t\t\t\t\t\t\n\t\t\t\n\t\t\t<li id=\"su-post-4981\" class=\"su-post \">\n\t\t\t\t<a href=\"https:\/\/wp.unil.ch\/rarissima\/ca-cartonne\/\">\u00ab\u00a0\u00e7a cartonne\u00a0\u00bb !<\/a>\n\t\t\t<\/li>\n\n\t\t\t\t\t\n\t\t\t\n\t\t\t<li id=\"su-post-4827\" class=\"su-post \">\n\t\t\t\t<a href=\"https:\/\/wp.unil.ch\/rarissima\/votre-jeune-ami-le-poete-voisard\/\">\u00ab\u00a0Votre jeune ami le po\u00e8te Voisard\u00a0\u00bb<\/a>\n\t\t\t<\/li>\n\n\t\t\t\t\t\n\t\t\t\n\t\t\t<li id=\"su-post-4312\" class=\"su-post \">\n\t\t\t\t<a href=\"https:\/\/wp.unil.ch\/rarissima\/100-ans-apres-la-flore-art-nouveau-de-francois-goss\/\">100 ans apr\u00e8s: la flore art nouveau de Fran\u00e7ois Goss<\/a>\n\t\t\t<\/li>\n\n\t\t\t\t\t\n\t\t\t\n\t\t\t<li id=\"su-post-4562\" class=\"su-post \">\n\t\t\t\t<a href=\"https:\/\/wp.unil.ch\/rarissima\/a-lintersection-de-lart-et-de-la-physique\/\">A l&rsquo;intersection de l&rsquo;art et de la physique<\/a>\n\t\t\t<\/li>\n\n\t\t\t\t\t\n\t\t\t\n\t\t\t<li id=\"su-post-4945\" class=\"su-post \">\n\t\t\t\t<a href=\"https:\/\/wp.unil.ch\/rarissima\/aux-sources-de-la-creation-plastique\/\">Aux sources de la cr\u00e9ation plastique<\/a>\n\t\t\t<\/li>\n\n\t\t\t\t\t\n\t\t\t\n\t\t\t<li id=\"su-post-5003\" class=\"su-post \">\n\t\t\t\t<a href=\"https:\/\/wp.unil.ch\/rarissima\/catherine-bolle-lagneau-coeur\/\">Catherine Bolle &#8211; L&rsquo;agneau-coeur<\/a>\n\t\t\t<\/li>\n\n\t\t\t\t\t\n\t\t\t\n\t\t\t<li id=\"su-post-4588\" class=\"su-post \">\n\t\t\t\t<a href=\"https:\/\/wp.unil.ch\/rarissima\/dessins-originaux-de-lelo-fiaux\/\">Dessins originaux de L\u00e9lo Fiaux<\/a>\n\t\t\t<\/li>\n\n\t\t\t\t\t\n\t\t\t\n\t\t\t<li id=\"su-post-4938\" class=\"su-post \">\n\t\t\t\t<a href=\"https:\/\/wp.unil.ch\/rarissima\/etudes-dhenry-bischoff-pour-le-roman-initie\/\">Etudes d&rsquo;Henry Bischoff pour le roman \u00ab\u00a0Initi\u00e9!\u00a0\u00bb<\/a>\n\t\t\t<\/li>\n\n\t\t\t\t\t\n\t\t\t\n\t\t\t<li id=\"su-post-4806\" class=\"su-post \">\n\t\t\t\t<a href=\"https:\/\/wp.unil.ch\/rarissima\/feuillets-datelier\/\">Feuillets d&rsquo;atelier<\/a>\n\t\t\t<\/li>\n\n\t\t\t\t\t\n\t\t\t\n\t\t\t<li id=\"su-post-4899\" class=\"su-post \">\n\t\t\t\t<a href=\"https:\/\/wp.unil.ch\/rarissima\/gisele-poncet-et-claire-krahenbuhl-un-livre-dartiste-a-4-mains\/\">Gis\u00e8le Poncet et Claire Kr\u00e4henb\u00fchl: un livre d&rsquo;artiste \u00e0 4 mains<\/a>\n\t\t\t<\/li>\n\n\t\t\t\t\t\n\t\t\t\n\t\t\t<li id=\"su-post-4544\" class=\"su-post \">\n\t\t\t\t<a href=\"https:\/\/wp.unil.ch\/rarissima\/henri-edgar-yersin-et-albert-flocon-sexposent\/\">Henri-Edgar Yersin et Albert Flocon s&rsquo;exposent<\/a>\n\t\t\t<\/li>\n\n\t\t\t\t\t\n\t\t\t\n\t\t\t<li id=\"su-post-4954\" class=\"su-post \">\n\t\t\t\t<a href=\"https:\/\/wp.unil.ch\/rarissima\/in-memoriam-armand-c-desarzens\/\">In memoriam Armand C. Desarzens<\/a>\n\t\t\t<\/li>\n\n\t\t\t\t\t\n\t\t\t\n\t\t\t<li id=\"su-post-4303\" class=\"su-post \">\n\t\t\t\t<a href=\"https:\/\/wp.unil.ch\/rarissima\/mario-masini-et-andre-jaccard\/\">L&rsquo;art du collage selon Masini et Jaccard<\/a>\n\t\t\t<\/li>\n\n\t\t\t\t\t\n\t\t\t\n\t\t\t<li id=\"su-post-4841\" class=\"su-post \">\n\t\t\t\t<a href=\"https:\/\/wp.unil.ch\/rarissima\/le-manuscrit-retrouve-de-adieu\/\">Le manuscrit retrouv\u00e9 de \u00ab\u00a0Adieu\u00a0\u00bb<\/a>\n\t\t\t<\/li>\n\n\t\t\t\t\t\n\t\t\t\n\t\t\t<li id=\"su-post-4965\" class=\"su-post \">\n\t\t\t\t<a href=\"https:\/\/wp.unil.ch\/rarissima\/le-sejournant-au-balcon\/\">Le s\u00e9journant au balcon<\/a>\n\t\t\t<\/li>\n\n\t\t\t\t\t\n\t\t\t\n\t\t\t<li id=\"su-post-4551\" class=\"su-post \">\n\t\t\t\t<a href=\"https:\/\/wp.unil.ch\/rarissima\/les-fables-revisitees\/\">Les Fables revisit\u00e9es&#8230;<\/a>\n\t\t\t<\/li>\n\n\t\t\t\t\t\n\t\t\t\n\t\t\t<li id=\"su-post-4309\" class=\"su-post \">\n\t\t\t\t<a href=\"https:\/\/wp.unil.ch\/rarissima\/les-poilus-selon-eugene-burnand\/\">Les poilus selon Eug\u00e8ne Burnand<\/a>\n\t\t\t<\/li>\n\n\t\t\t\t\t\n\t\t\t\n\t\t\t<li id=\"su-post-4822\" class=\"su-post \">\n\t\t\t\t<a href=\"https:\/\/wp.unil.ch\/rarissima\/anne-marie-poncet\/\">Les taches rouges et noires d&rsquo;Hesselbarth<\/a>\n\t\t\t<\/li>\n\n\t\t\t\t\t\n\t\t\t\n\t\t\t<li id=\"su-post-4963\" class=\"su-post \">\n\t\t\t\t<a href=\"https:\/\/wp.unil.ch\/rarissima\/louise-labbe-et-pierre-schopfer\/\">Louise Labb\u00e9 et Pierre Schopfer<\/a>\n\t\t\t<\/li>\n\n\t\t\t\t\t\n\t\t\t\n\t\t\t<li id=\"su-post-4838\" class=\"su-post \">\n\t\t\t\t<a href=\"https:\/\/wp.unil.ch\/rarissima\/motus-et-bouche-cousue\/\">Motus et bouche cousue&#8230;<\/a>\n\t\t\t<\/li>\n\n\t\t\t\t\t\n\t\t\t\n\t\t\t<li id=\"su-post-4306\" class=\"su-post \">\n\t\t\t\t<a href=\"https:\/\/wp.unil.ch\/rarissima\/jean-pierre-vorlet\/\">Photographies hauturi\u00e8res de Jean-Pierre Vorlet<\/a>\n\t\t\t<\/li>\n\n\t\t\t\t\t\n\t\t\t\n\t\t\t<li id=\"su-post-4901\" class=\"su-post \">\n\t\t\t\t<a href=\"https:\/\/wp.unil.ch\/rarissima\/poesie-de-chiottes\/\">Po\u00e9sie de chiottes<\/a>\n\t\t\t<\/li>\n\n\t\t\t\t\t\n\t\t\t\n\t\t\t<li id=\"su-post-4905\" class=\"su-post \">\n\t\t\t\t<a href=\"https:\/\/wp.unil.ch\/rarissima\/puissance-foudre\/\">Puissance foudre!<\/a>\n\t\t\t<\/li>\n\n\t\t\t\t\t\n\t\t\t\n\t\t\t<li id=\"su-post-4957\" class=\"su-post \">\n\t\t\t\t<a href=\"https:\/\/wp.unil.ch\/rarissima\/quand-marcel-miracle-revisite-la-vie-mode-demploi\/\">Quand Marcel Miracle revisite \u00ab\u00a0La vie mode d&#8217;emploi\u00a0\u00bb<\/a>\n\t\t\t<\/li>\n\n\t\t\t\t\t\n\t\t\t\n\t\t\t<li id=\"su-post-4801\" class=\"su-post \">\n\t\t\t\t<a href=\"https:\/\/wp.unil.ch\/rarissima\/quelques-paronymes-hongrois-mis-en-livre\/\">Quelques paronymes hongrois mis en livre<\/a>\n\t\t\t<\/li>\n\n\t\t\t\t\t\n\t\t\t\n\t\t\t<li id=\"su-post-4571\" class=\"su-post \">\n\t\t\t\t<a href=\"https:\/\/wp.unil.ch\/rarissima\/roman-fovanna-muma\/\">Roman &#8211; Fovanna &#8211; Muma<\/a>\n\t\t\t<\/li>\n\n\t\t\t\t\t\n\t\t\t\n\t\t\t<li id=\"su-post-4869\" class=\"su-post \">\n\t\t\t\t<a href=\"https:\/\/wp.unil.ch\/rarissima\/tilo-steireif-le-brigand\/\">Tilo Steireif: Le brigand<\/a>\n\t\t\t<\/li>\n\n\t\t\t\t\t\n\t\t\t\n\t\t\t<li id=\"su-post-4930\" class=\"su-post \">\n\t\t\t\t<a href=\"https:\/\/wp.unil.ch\/rarissima\/tirage-limite-n-4-prix-de-la-bcu-lausanne\/\">Tirage limit\u00e9 n\u00b0 4: Prix de la BCU Lausanne<\/a>\n\t\t\t<\/li>\n\n\t\t\t\t\t\n\t\t\t\n\t\t\t<li id=\"su-post-4845\" class=\"su-post \">\n\t\t\t\t<a href=\"https:\/\/wp.unil.ch\/rarissima\/un-calendrier-a-systeme-bien-vaudois\/\">Un calendrier \u00e0 syst\u00e8me bien vaudois!<\/a>\n\t\t\t<\/li>\n\n\t\t\t\t\t\n\t\t\t\n\t\t\t<li id=\"su-post-4863\" class=\"su-post \">\n\t\t\t\t<a href=\"https:\/\/wp.unil.ch\/rarissima\/un-dessin-inedit-dauberjonois-pour-la-grande-guerre-du-sondrebond\/\">Un dessin in\u00e9dit d&rsquo;Auberjonois pour \u00ab\u00a0La Grande guerre du Sondrebond\u00a0\u00bb<\/a>\n\t\t\t<\/li>\n\n\t\t\t\t\t\n\t\t\t\n\t\t\t<li id=\"su-post-4852\" class=\"su-post \">\n\t\t\t\t<a href=\"https:\/\/wp.unil.ch\/rarissima\/un-dessinateur-tcheque-a-lausanne\/\">Un dessinateur tch\u00e8que \u00e0 Lausanne<\/a>\n\t\t\t<\/li>\n\n\t\t\t\t\t\n\t\t\t\n\t\t\t<li id=\"su-post-4849\" class=\"su-post \">\n\t\t\t\t<a href=\"https:\/\/wp.unil.ch\/rarissima\/un-graveur-lausannois-peu-connu\/\">Un graveur lausannois peu connu<\/a>\n\t\t\t<\/li>\n\n\t\t\t\t\t\n\t\t\t\n\t\t\t<li id=\"su-post-4959\" class=\"su-post \">\n\t\t\t\t<a href=\"https:\/\/wp.unil.ch\/rarissima\/un-livre-unique-de-laurent-guenat\/\">Un livre unique de Laurent Guenat<\/a>\n\t\t\t<\/li>\n\n\t\t\t\t\t\n\t\t\t\n\t\t\t<li id=\"su-post-4798\" class=\"su-post \">\n\t\t\t\t<a href=\"https:\/\/wp.unil.ch\/rarissima\/un-rarissime-exemplaire-de-tete-dun-des-premiers-livres-illustres-par-robert-hainard\/\">Un rarissime exemplaire de t\u00eate d&rsquo;un des premiers livres illustr\u00e9s par Robert Hainard<\/a>\n\t\t\t<\/li>\n\n\t\t\t\t\t\n\t\t\t\n\t\t\t<li id=\"su-post-5006\" class=\"su-post \">\n\t\t\t\t<a href=\"https:\/\/wp.unil.ch\/rarissima\/un-steinlen-exceptionnel\/\">Un Steinlen exceptionnel !<\/a>\n\t\t\t<\/li>\n\n\t\t\t\t\t\n\t\t\t\n\t\t\t<li id=\"su-post-4923\" class=\"su-post \">\n\t\t\t\t<a href=\"https:\/\/wp.unil.ch\/rarissima\/une-escapade-aux-hebrides\/\">Une escapade aux H\u00e9brides<\/a>\n\t\t\t<\/li>\n\n\t\t\t\t\t\n\t\t\t\n\t\t\t<li id=\"su-post-4579\" class=\"su-post \">\n\t\t\t\t<a href=\"https:\/\/wp.unil.ch\/rarissima\/une-oeuvre-de-jeunesse-inconnue-de-c-f-landry\/\">Une \u0153uvre de jeunesse inconnue de C.-F. Landry<\/a>\n\t\t\t<\/li>\n\n\t\t\t\t\t\n\t\t\t\n\t\t\t<li id=\"su-post-4872\" class=\"su-post \">\n\t\t\t\t<a href=\"https:\/\/wp.unil.ch\/rarissima\/urs-a-new-york\/\">Urs \u00e0 New York&#8230;<\/a>\n\t\t\t<\/li>\n\n\t\t\t\n<\/ul>\n\n","protected":false},"excerpt":{"rendered":"","protected":false},"author":568,"featured_media":0,"parent":4202,"menu_order":0,"comment_status":"closed","ping_status":"closed","template":"","meta":{"_seopress_robots_primary_cat":"","_seopress_titles_title":"","_seopress_titles_desc":"","_seopress_robots_index":"","footnotes":""},"class_list":["post-5092","page","type-page","status-publish"],"_links":{"self":[{"href":"https:\/\/wp.unil.ch\/rarissima\/wp-json\/wp\/v2\/pages\/5092","targetHints":{"allow":["GET"]}}],"collection":[{"href":"https:\/\/wp.unil.ch\/rarissima\/wp-json\/wp\/v2\/pages"}],"about":[{"href":"https:\/\/wp.unil.ch\/rarissima\/wp-json\/wp\/v2\/types\/page"}],"author":[{"embeddable":true,"href":"https:\/\/wp.unil.ch\/rarissima\/wp-json\/wp\/v2\/users\/568"}],"replies":[{"embeddable":true,"href":"https:\/\/wp.unil.ch\/rarissima\/wp-json\/wp\/v2\/comments?post=5092"}],"version-history":[{"count":0,"href":"https:\/\/wp.unil.ch\/rarissima\/wp-json\/wp\/v2\/pages\/5092\/revisions"}],"up":[{"embeddable":true,"href":"https:\/\/wp.unil.ch\/rarissima\/wp-json\/wp\/v2\/pages\/4202"}],"wp:attachment":[{"href":"https:\/\/wp.unil.ch\/rarissima\/wp-json\/wp\/v2\/media?parent=5092"}],"curies":[{"name":"wp","href":"https:\/\/api.w.org\/{rel}","templated":true}]}}