{"id":4382,"date":"2019-07-17T13:52:49","date_gmt":"2019-07-17T11:52:49","guid":{"rendered":"http:\/\/wp.unil.ch\/rarissima\/?page_id=4382"},"modified":"2019-11-25T09:44:17","modified_gmt":"2019-11-25T08:44:17","slug":"manuscrits","status":"publish","type":"page","link":"https:\/\/wp.unil.ch\/rarissima\/toutes-les-acquisitions\/manuscrits\/","title":{"rendered":"Manuscrits"},"content":{"rendered":"\n\n<ul class=\"su-posts su-posts-list-loop \">\n\n\t\t\t\t\t\t\n\t\t\t\n\t\t\t<li id=\"su-post-2102\" class=\"su-post \">\n\t\t\t\t<a href=\"https:\/\/wp.unil.ch\/rarissima\/passage-du-poete-vendu-par-souscription\/\">\u00ab\u00a0Passage du po\u00e8te\u00a0\u00bb vendu par souscription<\/a>\n\t\t\t<\/li>\n\n\t\t\t\t\t\n\t\t\t\n\t\t\t<li id=\"su-post-1105\" class=\"su-post \">\n\t\t\t\t<a href=\"https:\/\/wp.unil.ch\/rarissima\/c-f-ramuz-les-deux-vieilles-demoiselles\/\">C.F. Ramuz &#8211; Les deux vieilles demoiselles<\/a>\n\t\t\t<\/li>\n\n\t\t\t\t\t\n\t\t\t\n\t\t\t<li id=\"su-post-2086\" class=\"su-post \">\n\t\t\t\t<a href=\"https:\/\/wp.unil.ch\/rarissima\/c-f-ramuz-le-journal-remarques-notes-et-articles\/\">C.F. Ramuz, Le Journal, Remarques, Notes et articles<\/a>\n\t\t\t<\/li>\n\n\t\t\t\t\t\n\t\t\t\n\t\t\t<li id=\"su-post-2046\" class=\"su-post \">\n\t\t\t\t<a href=\"https:\/\/wp.unil.ch\/rarissima\/c-f-ramuz-notes-relatives-a-la-perception-du-pourcentage-pour-la-publication-de-ses-oeuvres\/\">C.F. Ramuz, Pourcentage pour la publication des \u0153uvres<\/a>\n\t\t\t<\/li>\n\n\t\t\t\t\t\n\t\t\t\n\t\t\t<li id=\"su-post-2123\" class=\"su-post \">\n\t\t\t\t<a href=\"https:\/\/wp.unil.ch\/rarissima\/carnet-dune-anticommuniste\/\">Carnet d\u2019une \u00ab anticommuniste \u00bb<\/a>\n\t\t\t<\/li>\n\n\t\t\t\t\t\n\t\t\t\n\t\t\t<li id=\"su-post-2096\" class=\"su-post \">\n\t\t\t\t<a href=\"https:\/\/wp.unil.ch\/rarissima\/carnet-de-vol-de-marc-henri-thelin\/\">Carnet de vol de Marc-Henri Th\u00e9lin<\/a>\n\t\t\t<\/li>\n\n\t\t\t\t\t\n\t\t\t\n\t\t\t<li id=\"su-post-1100\" class=\"su-post \">\n\t\t\t\t<a href=\"https:\/\/wp.unil.ch\/rarissima\/catalogue-raisonne-de-loeuvre-de-ric-berger\/\">Catalogue raisonn\u00e9 de l&rsquo;oeuvre de Ric Berger<\/a>\n\t\t\t<\/li>\n\n\t\t\t\t\t\n\t\t\t\n\t\t\t<li id=\"su-post-2104\" class=\"su-post \">\n\t\t\t\t<a href=\"https:\/\/wp.unil.ch\/rarissima\/correspondance-entre-gaston-cherpillod-et-sylvette-leresche\/\">Correspondance entre Gaston Cherpillod et Sylvette Leresche<\/a>\n\t\t\t<\/li>\n\n\t\t\t\t\t\n\t\t\t\n\t\t\t<li id=\"su-post-2051\" class=\"su-post \">\n\t\t\t\t<a href=\"https:\/\/wp.unil.ch\/rarissima\/edmond-jaloux-les-quatre-vingts-ans-du-docteur-freud\/\">Edmond Jaloux, Les quatre-vingts ans du docteur Freud<\/a>\n\t\t\t<\/li>\n\n\t\t\t\t\t\n\t\t\t\n\t\t\t<li id=\"su-post-2058\" class=\"su-post \">\n\t\t\t\t<a href=\"https:\/\/wp.unil.ch\/rarissima\/gustave-roud-lettres-a-rene-borchanne\/\">Gustave Roud, Lettres \u00e0 Ren\u00e9 Borchanne<\/a>\n\t\t\t<\/li>\n\n\t\t\t\t\t\n\t\t\t\n\t\t\t<li id=\"su-post-1091\" class=\"su-post \">\n\t\t\t\t<a href=\"https:\/\/wp.unil.ch\/rarissima\/henri-fraisse-croquis-et-releves\/\">Henri Fraisse &#8211; Croquis et relev\u00e9s<\/a>\n\t\t\t<\/li>\n\n\t\t\t\t\t\n\t\t\t\n\t\t\t<li id=\"su-post-2088\" class=\"su-post \">\n\t\t\t\t<a href=\"https:\/\/wp.unil.ch\/rarissima\/henry-vallotton-voyages-au-proche-orient-et-en-afrique\/\">Henry Vallotton, Voyages au Proche-Orient et en Afrique<\/a>\n\t\t\t<\/li>\n\n\t\t\t\t\t\n\t\t\t\n\t\t\t<li id=\"su-post-2121\" class=\"su-post \">\n\t\t\t\t<a href=\"https:\/\/wp.unil.ch\/rarissima\/il-etait-une-fois-la-poste-daigle\/\">Il \u00e9tait une fois&#8230; la poste d&rsquo;Aigle<\/a>\n\t\t\t<\/li>\n\n\t\t\t\t\t\n\t\t\t\n\t\t\t<li id=\"su-post-2090\" class=\"su-post \">\n\t\t\t\t<a href=\"https:\/\/wp.unil.ch\/rarissima\/la-collection-dautographes-dagenor-krafft\/\">La collection d\u2019autographes d&rsquo;Ag\u00e9nor Krafft<\/a>\n\t\t\t<\/li>\n\n\t\t\t\t\t\n\t\t\t\n\t\t\t<li id=\"su-post-2126\" class=\"su-post \">\n\t\t\t\t<a href=\"https:\/\/wp.unil.ch\/rarissima\/lettres-de-charles-albert-cingria-a-meraud-guevara\/\">Lettres de Charles-Albert Cingria \u00e0 Meraud Guevara<\/a>\n\t\t\t<\/li>\n\n\t\t\t\t\t\n\t\t\t\n\t\t\t<li id=\"su-post-2108\" class=\"su-post \">\n\t\t\t\t<a href=\"https:\/\/wp.unil.ch\/rarissima\/livre-de-notes-dune-eleve-sage-femme\/\">Livre de notes d\u2019une \u00e9l\u00e8ve sage-femme<\/a>\n\t\t\t<\/li>\n\n\t\t\t\t\t\n\t\t\t\n\t\t\t<li id=\"su-post-2035\" class=\"su-post \">\n\t\t\t\t<a href=\"https:\/\/wp.unil.ch\/rarissima\/livre-de-raison-de-cesar-chavannes\/\">Livre de raison de C\u00e9sar Chavannes<\/a>\n\t\t\t<\/li>\n\n\t\t\t\t\t\n\t\t\t\n\t\t\t<li id=\"su-post-2113\" class=\"su-post \">\n\t\t\t\t<a href=\"https:\/\/wp.unil.ch\/rarissima\/memoires-de-dimitri-c-narishkine\/\">M\u00e9moires de Dimitri C. Narishkine<\/a>\n\t\t\t<\/li>\n\n\t\t\t\t\t\n\t\t\t\n\t\t\t<li id=\"su-post-2000\" class=\"su-post \">\n\t\t\t\t<a href=\"https:\/\/wp.unil.ch\/rarissima\/monument-a-juste-et-caroline-olivier-a-gryon\/\">Monument \u00e0 Juste et Caroline Olivier \u00e0 Gryon<\/a>\n\t\t\t<\/li>\n\n\t\t\t\t\t\n\t\t\t\n\t\t\t<li id=\"su-post-2119\" class=\"su-post \">\n\t\t\t\t<a href=\"https:\/\/wp.unil.ch\/rarissima\/sil-ne-gele-en-janvier-et-fevrier-viennent-mars-et-avril-pour-tout-detruire\/\">S\u2019il ne g\u00e8le en janvier et f\u00e9vrier, viennent mars et avril pour tout d\u00e9truire<\/a>\n\t\t\t<\/li>\n\n\t\t\t\t\t\n\t\t\t\n\t\t\t<li id=\"su-post-2100\" class=\"su-post \">\n\t\t\t\t<a href=\"https:\/\/wp.unil.ch\/rarissima\/souvenir-de-loccupation-des-frontieres-suisses\/\">Souvenir de l&rsquo;occupation des fronti\u00e8res<\/a>\n\t\t\t<\/li>\n\n\t\t\t\t\t\n\t\t\t\n\t\t\t<li id=\"su-post-2062\" class=\"su-post \">\n\t\t\t\t<a href=\"https:\/\/wp.unil.ch\/rarissima\/theophile-alexandre-steinlen-lettres-a-paul-peres\/\">Th\u00e9ophile-Alexandre Steinlen, Lettres \u00e0 Paul P\u00e9r\u00e8s<\/a>\n\t\t\t<\/li>\n\n\t\t\t\t\t\n\t\t\t\n\t\t\t<li id=\"su-post-2020\" class=\"su-post \">\n\t\t\t\t<a href=\"https:\/\/wp.unil.ch\/rarissima\/une-lettre-de-benjamin-constant-a-de-martignac\/\">Une lettre de Benjamin Constant \u00e0 de Martignac, ministre de l&rsquo;Int\u00e9rieur<\/a>\n\t\t\t<\/li>\n\n\t\t\t\n<\/ul>\n\n","protected":false},"excerpt":{"rendered":"","protected":false},"author":108,"featured_media":0,"parent":4211,"menu_order":0,"comment_status":"closed","ping_status":"closed","template":"","meta":{"_seopress_robots_primary_cat":"","_seopress_titles_title":"","_seopress_titles_desc":"","_seopress_robots_index":"","footnotes":""},"class_list":["post-4382","page","type-page","status-publish"],"_links":{"self":[{"href":"https:\/\/wp.unil.ch\/rarissima\/wp-json\/wp\/v2\/pages\/4382","targetHints":{"allow":["GET"]}}],"collection":[{"href":"https:\/\/wp.unil.ch\/rarissima\/wp-json\/wp\/v2\/pages"}],"about":[{"href":"https:\/\/wp.unil.ch\/rarissima\/wp-json\/wp\/v2\/types\/page"}],"author":[{"embeddable":true,"href":"https:\/\/wp.unil.ch\/rarissima\/wp-json\/wp\/v2\/users\/108"}],"replies":[{"embeddable":true,"href":"https:\/\/wp.unil.ch\/rarissima\/wp-json\/wp\/v2\/comments?post=4382"}],"version-history":[{"count":0,"href":"https:\/\/wp.unil.ch\/rarissima\/wp-json\/wp\/v2\/pages\/4382\/revisions"}],"up":[{"embeddable":true,"href":"https:\/\/wp.unil.ch\/rarissima\/wp-json\/wp\/v2\/pages\/4211"}],"wp:attachment":[{"href":"https:\/\/wp.unil.ch\/rarissima\/wp-json\/wp\/v2\/media?parent=4382"}],"curies":[{"name":"wp","href":"https:\/\/api.w.org\/{rel}","templated":true}]}}