{"id":4366,"date":"2019-07-17T13:39:14","date_gmt":"2019-07-17T11:39:14","guid":{"rendered":"http:\/\/wp.unil.ch\/rarissima\/?page_id=4366"},"modified":"2021-09-14T15:49:33","modified_gmt":"2021-09-14T13:49:33","slug":"17e-et-18e-siecles","status":"publish","type":"page","link":"https:\/\/wp.unil.ch\/rarissima\/toutes-les-acquisitions\/17e-et-18e-siecles\/","title":{"rendered":"17e et 18e si\u00e8cles"},"content":{"rendered":"\n\n<ul class=\"su-posts su-posts-list-loop \">\n\n\t\t\t\t\t\t\n\t\t\t\n\t\t\t<li id=\"su-post-409\" class=\"su-post \">\n\t\t\t\t<a href=\"https:\/\/wp.unil.ch\/rarissima\/lheureux-jour-contrefait-a-lausanne\/\">\u00ab\u00a0L&rsquo;heureux jour\u00a0\u00bb contrefait \u00e0 Lausanne<\/a>\n\t\t\t<\/li>\n\n\t\t\t\t\t\n\t\t\t\n\t\t\t<li id=\"su-post-3155\" class=\"su-post \">\n\t\t\t\t<a href=\"https:\/\/wp.unil.ch\/rarissima\/amours-de-sainfroid-et-deulalie\/\">Amours de Sainfroid et d&rsquo;Eulalie<\/a>\n\t\t\t<\/li>\n\n\t\t\t\t\t\n\t\t\t\n\t\t\t<li id=\"su-post-257\" class=\"su-post \">\n\t\t\t\t<a href=\"https:\/\/wp.unil.ch\/rarissima\/cervantes-imprime-a-lausanne\/\">Cervant\u00e8s imprim\u00e9 \u00e0 Lausanne<\/a>\n\t\t\t<\/li>\n\n\t\t\t\t\t\n\t\t\t\n\t\t\t<li id=\"su-post-433\" class=\"su-post \">\n\t\t\t\t<a href=\"https:\/\/wp.unil.ch\/rarissima\/des-fleurs-et-des-fruits-a-profusion\/\">Des fleurs et des fruits \u00e0 profusion&#8230;<\/a>\n\t\t\t<\/li>\n\n\t\t\t\t\t\n\t\t\t\n\t\t\t<li id=\"su-post-289\" class=\"su-post \">\n\t\t\t\t<a href=\"https:\/\/wp.unil.ch\/rarissima\/des-hurons-lausannois-qui-nen-sont-pas\/\">Des Hurons lausannois qui n&rsquo;en sont pas&#8230;<\/a>\n\t\t\t<\/li>\n\n\t\t\t\t\t\n\t\t\t\n\t\t\t<li id=\"su-post-3402\" class=\"su-post \">\n\t\t\t\t<a href=\"https:\/\/wp.unil.ch\/rarissima\/essai-sur-la-secte-des-illumines\/\">Essai sur la secte des illumin\u00e9s<\/a>\n\t\t\t<\/li>\n\n\t\t\t\t\t\n\t\t\t\n\t\t\t<li id=\"su-post-4811\" class=\"su-post \">\n\t\t\t\t<a href=\"https:\/\/wp.unil.ch\/rarissima\/lart-de-la-danse-enseigne-aux-lausannois-en-1797\/\">L&rsquo;art de la danse enseign\u00e9 aux Lausannois en 1797<\/a>\n\t\t\t<\/li>\n\n\t\t\t\t\t\n\t\t\t\n\t\t\t<li id=\"su-post-441\" class=\"su-post \">\n\t\t\t\t<a href=\"https:\/\/wp.unil.ch\/rarissima\/la-bastille-revue-et-corrigee-par-linguet\/\">La Bastille revue et corrig\u00e9e par Linguet<\/a>\n\t\t\t<\/li>\n\n\t\t\t\t\t\n\t\t\t\n\t\t\t<li id=\"su-post-3217\" class=\"su-post \">\n\t\t\t\t<a href=\"https:\/\/wp.unil.ch\/rarissima\/la-lettre-sur-la-comete-de-maupertuis\/\">La lettre sur la com\u00e8te de Maupertuis<\/a>\n\t\t\t<\/li>\n\n\t\t\t\t\t\n\t\t\t\n\t\t\t<li id=\"su-post-3610\" class=\"su-post \">\n\t\t\t\t<a href=\"https:\/\/wp.unil.ch\/rarissima\/la-richesse-des-nations\/\">La richesse des nations<\/a>\n\t\t\t<\/li>\n\n\t\t\t\t\t\n\t\t\t\n\t\t\t<li id=\"su-post-269\" class=\"su-post \">\n\t\t\t\t<a href=\"https:\/\/wp.unil.ch\/rarissima\/la-terreur-a-lyon\/\">La Terreur \u00e0 Lyon&#8230;<\/a>\n\t\t\t<\/li>\n\n\t\t\t\t\t\n\t\t\t\n\t\t\t<li id=\"su-post-4750\" class=\"su-post \">\n\t\t\t\t<a href=\"https:\/\/wp.unil.ch\/rarissima\/4750-2\/\">Quand Marseille se prenait pour Lausanne&#8230;<\/a>\n\t\t\t<\/li>\n\n\t\t\t\t\t\n\t\t\t\n\t\t\t<li id=\"su-post-379\" class=\"su-post \">\n\t\t\t\t<a href=\"https:\/\/wp.unil.ch\/rarissima\/un-erotica-lausannois\/\">Un \u00ab\u00a0erotica\u00a0\u00bb lausannois<\/a>\n\t\t\t<\/li>\n\n\t\t\t\t\t\n\t\t\t\n\t\t\t<li id=\"su-post-4592\" class=\"su-post \">\n\t\t\t\t<a href=\"https:\/\/wp.unil.ch\/rarissima\/un-erotica-lausannois-au-siecle-des-lumieres\/\">Un erotica lausannois au si\u00e8cle des Lumi\u00e8res<\/a>\n\t\t\t<\/li>\n\n\t\t\t\t\t\n\t\t\t\n\t\t\t<li id=\"su-post-401\" class=\"su-post \">\n\t\t\t\t<a href=\"https:\/\/wp.unil.ch\/rarissima\/un-incunable-de-laquatinte\/\">Un incunable de l&rsquo;aquatinte<\/a>\n\t\t\t<\/li>\n\n\t\t\t\t\t\n\t\t\t\n\t\t\t<li id=\"su-post-3387\" class=\"su-post \">\n\t\t\t\t<a href=\"https:\/\/wp.unil.ch\/rarissima\/un-livre-erotique-imprime-a-lausanne-en-1788\/\">Un livre \u00e9rotique imprim\u00e9 \u00e0 Lausanne en 1788<\/a>\n\t\t\t<\/li>\n\n\t\t\t\t\t\n\t\t\t\n\t\t\t<li id=\"su-post-3249\" class=\"su-post \">\n\t\t\t\t<a href=\"https:\/\/wp.unil.ch\/rarissima\/un-myterieux-message-code\/\">Un myt\u00e9rieux message cod\u00e9?<\/a>\n\t\t\t<\/li>\n\n\t\t\t\t\t\n\t\t\t\n\t\t\t<li id=\"su-post-3240\" class=\"su-post \">\n\t\t\t\t<a href=\"https:\/\/wp.unil.ch\/rarissima\/un-requisitoire-contre-la-peine-de-mort\/\">Un r\u00e9quisitoire contre la peine de mort<\/a>\n\t\t\t<\/li>\n\n\t\t\t\t\t\n\t\t\t\n\t\t\t<li id=\"su-post-3228\" class=\"su-post \">\n\t\t\t\t<a href=\"https:\/\/wp.unil.ch\/rarissima\/un-violent-pamphlet-contre-le-mariage-de-figaro\/\">Un violent pamphlet contre le Mariage de Figaro<\/a>\n\t\t\t<\/li>\n\n\t\t\t\t\t\n\t\t\t\n\t\t\t<li id=\"su-post-4763\" class=\"su-post \">\n\t\t\t\t<a href=\"https:\/\/wp.unil.ch\/rarissima\/une-collection-lausannoise-de-pamphlets-du-grand-siecle\/\">Une collection lausannoise de pamphlets du Grand Si\u00e8cle<\/a>\n\t\t\t<\/li>\n\n\t\t\t\t\t\n\t\t\t\n\t\t\t<li id=\"su-post-4788\" class=\"su-post \">\n\t\t\t\t<a href=\"https:\/\/wp.unil.ch\/rarissima\/une-edition-pirate-lausannoise-de-1672\/\">Une \u00e9dition pirate lausannoise de 1672<\/a>\n\t\t\t<\/li>\n\n\t\t\t\t\t\n\t\t\t\n\t\t\t<li id=\"su-post-4775\" class=\"su-post \">\n\t\t\t\t<a href=\"https:\/\/wp.unil.ch\/rarissima\/une-precieuse-edition-illustree-dorlando-furioso-de-la-bibliotheque-dedward-gibbon\/\">Une pr\u00e9cieuse \u00e9dition illustr\u00e9e d&rsquo;Orlando furioso de la biblioth\u00e8que d&rsquo;Edward Gibbon<\/a>\n\t\t\t<\/li>\n\n\t\t\t\t\t\n\t\t\t\n\t\t\t<li id=\"su-post-3391\" class=\"su-post \">\n\t\t\t\t<a href=\"https:\/\/wp.unil.ch\/rarissima\/une-rarissime-edition-du-traite-della-tirannide-de-vittorio-alfieri\/\">Une rarissime \u00e9dition du trait\u00e9 \u00ab\u00a0Della tirannide\u00a0\u00bb de Vittorio Alfieri<\/a>\n\t\t\t<\/li>\n\n\t\t\t\n<\/ul>\n\n","protected":false},"excerpt":{"rendered":"","protected":false},"author":108,"featured_media":0,"parent":4211,"menu_order":0,"comment_status":"closed","ping_status":"closed","template":"","meta":{"_seopress_robots_primary_cat":"","_seopress_titles_title":"","_seopress_titles_desc":"","_seopress_robots_index":"","footnotes":""},"class_list":["post-4366","page","type-page","status-publish"],"_links":{"self":[{"href":"https:\/\/wp.unil.ch\/rarissima\/wp-json\/wp\/v2\/pages\/4366","targetHints":{"allow":["GET"]}}],"collection":[{"href":"https:\/\/wp.unil.ch\/rarissima\/wp-json\/wp\/v2\/pages"}],"about":[{"href":"https:\/\/wp.unil.ch\/rarissima\/wp-json\/wp\/v2\/types\/page"}],"author":[{"embeddable":true,"href":"https:\/\/wp.unil.ch\/rarissima\/wp-json\/wp\/v2\/users\/108"}],"replies":[{"embeddable":true,"href":"https:\/\/wp.unil.ch\/rarissima\/wp-json\/wp\/v2\/comments?post=4366"}],"version-history":[{"count":0,"href":"https:\/\/wp.unil.ch\/rarissima\/wp-json\/wp\/v2\/pages\/4366\/revisions"}],"up":[{"embeddable":true,"href":"https:\/\/wp.unil.ch\/rarissima\/wp-json\/wp\/v2\/pages\/4211"}],"wp:attachment":[{"href":"https:\/\/wp.unil.ch\/rarissima\/wp-json\/wp\/v2\/media?parent=4366"}],"curies":[{"name":"wp","href":"https:\/\/api.w.org\/{rel}","templated":true}]}}