{"id":5221,"date":"2024-06-06T12:16:53","date_gmt":"2024-06-06T10:16:53","guid":{"rendered":"https:\/\/wp.unil.ch\/rapport-annuel-2024\/?page_id=5221"},"modified":"2025-05-16T11:12:54","modified_gmt":"2025-05-16T09:12:54","slug":"impressum","status":"publish","type":"page","link":"https:\/\/wp.unil.ch\/rapport-annuel-2024\/impressum\/","title":{"rendered":"Impressum"},"content":{"rendered":"\n<div class=\"wp-block-group has-global-padding is-layout-constrained wp-block-group-is-layout-constrained\">\n<div style=\"height:35px\" aria-hidden=\"true\" class=\"wp-block-spacer\"><\/div>\n\n\n<h1 style=\"padding-bottom:var(--wp--preset--spacing--40);\" class=\"wp-block-post-title\">Impressum<\/h1>\n\n\n<p><strong>R\u00e9alisation<\/strong><br>Service Unicom<\/p>\n\n\n\n<p><strong>Cr\u00e9ation<\/strong><br>C\u00e9dric Focking Schneider<\/p>\n\n\n\n<p><strong>R\u00e9daction<br><\/strong>Nadine Richon<\/p>\n\n\n\n<p><strong>Photographies<br><\/strong>Fabrice Ducrest, F\u00e9lix Imhof<\/p>\n\n\n\n<p><strong>Infographies<\/strong><br>Angela Herrera<\/p>\n\n\n\n<p><strong>Mise en page &amp; publication web<\/strong><br>Floriane Beetschen<\/p>\n\n\n\n<p><strong>Corrections<br><\/strong>Marco Di Biase<\/p>\n\n\n\n<p>\u00a9 2025 UNIL | Universit\u00e9 de Lausanne, <a href=\"https:\/\/www.unil.ch\" target=\"_blank\" rel=\"noreferrer noopener\">www.unil.ch<\/a><\/p>\n\n\n\n<div style=\"height:40px\" aria-hidden=\"true\" class=\"wp-block-spacer\"><\/div>\n<\/div>\n","protected":false},"excerpt":{"rendered":"<p>R\u00e9alisationService Unicom Cr\u00e9ationC\u00e9dric Focking Schneider R\u00e9dactionNadine Richon PhotographiesFabrice Ducrest, F\u00e9lix Imhof InfographiesAngela Herrera Mise en page &amp; publication webFloriane Beetschen CorrectionsMarco Di Biase \u00a9 2025 UNIL | Universit\u00e9 de Lausanne, www.unil.ch<\/p>\n","protected":false},"author":108,"featured_media":0,"parent":0,"menu_order":10,"comment_status":"closed","ping_status":"closed","template":"","meta":{"_seopress_robots_primary_cat":"","_seopress_titles_title":"","_seopress_titles_desc":"","_seopress_robots_index":"","_uag_custom_page_level_css":"","footnotes":"","_links_to":"","_links_to_target":""},"class_list":["post-5221","page","type-page","status-publish"],"uagb_featured_image_src":{"full":false,"thumbnail":false,"medium":false,"medium_large":false,"large":false,"1536x1536":false,"2048x2048":false,"bdpp-medium":false,"gform-image-choice-sm":false,"gform-image-choice-md":false,"gform-image-choice-lg":false},"uagb_author_info":{"display_name":"centre informatique","author_link":"https:\/\/wp.unil.ch\/rapport-annuel-2024\/author\/ci-unil\/"},"uagb_comment_info":0,"uagb_excerpt":"R\u00e9alisationService Unicom Cr\u00e9ationC\u00e9dric Focking Schneider R\u00e9dactionNadine Richon PhotographiesFabrice Ducrest, F\u00e9lix Imhof InfographiesAngela Herrera Mise en page &amp; publication webFloriane Beetschen CorrectionsMarco Di Biase \u00a9 2025 UNIL | Universit\u00e9 de Lausanne, www.unil.ch","_links":{"self":[{"href":"https:\/\/wp.unil.ch\/rapport-annuel-2024\/wp-json\/wp\/v2\/pages\/5221","targetHints":{"allow":["GET"]}}],"collection":[{"href":"https:\/\/wp.unil.ch\/rapport-annuel-2024\/wp-json\/wp\/v2\/pages"}],"about":[{"href":"https:\/\/wp.unil.ch\/rapport-annuel-2024\/wp-json\/wp\/v2\/types\/page"}],"author":[{"embeddable":true,"href":"https:\/\/wp.unil.ch\/rapport-annuel-2024\/wp-json\/wp\/v2\/users\/108"}],"replies":[{"embeddable":true,"href":"https:\/\/wp.unil.ch\/rapport-annuel-2024\/wp-json\/wp\/v2\/comments?post=5221"}],"version-history":[{"count":5,"href":"https:\/\/wp.unil.ch\/rapport-annuel-2024\/wp-json\/wp\/v2\/pages\/5221\/revisions"}],"predecessor-version":[{"id":8867,"href":"https:\/\/wp.unil.ch\/rapport-annuel-2024\/wp-json\/wp\/v2\/pages\/5221\/revisions\/8867"}],"wp:attachment":[{"href":"https:\/\/wp.unil.ch\/rapport-annuel-2024\/wp-json\/wp\/v2\/media?parent=5221"}],"curies":[{"name":"wp","href":"https:\/\/api.w.org\/{rel}","templated":true}]}}