{"id":2544,"date":"2024-05-28T15:51:17","date_gmt":"2024-05-28T13:51:17","guid":{"rendered":"https:\/\/wp.unil.ch\/rapport-annuel-2024\/?page_id=2544"},"modified":"2026-01-12T10:08:15","modified_gmt":"2026-01-12T09:08:15","slug":"durabilite-en-chiffres","status":"publish","type":"page","link":"https:\/\/wp.unil.ch\/rapport-annuel-2024\/en-chiffres\/durabilite-en-chiffres\/","title":{"rendered":"La durabilit\u00e9 en chiffres"},"content":{"rendered":"\n<div style=\"height:40px\" aria-hidden=\"true\" class=\"wp-block-spacer\"><\/div>\n\n\n\n<div class=\"wp-block-buttons is-content-justification-center is-layout-flex wp-container-core-buttons-is-layout-a89b3969 wp-block-buttons-is-layout-flex\">\n<div class=\"wp-block-button\"><a class=\"wp-block-button__link has-base-color has-contrast-background-color has-text-color has-background has-link-color has-small-font-size has-custom-font-size wp-element-button\" href=\"https:\/\/wp.unil.ch\/rapport-annuel-2024\/en-chiffres\/\" style=\"padding-top:var(--wp--preset--spacing--20);padding-right:var(--wp--preset--spacing--30);padding-bottom:var(--wp--preset--spacing--20);padding-left:var(--wp--preset--spacing--30)\">BILAN ET COMPTE DE R\u00c9SULTATS<\/a><\/div>\n\n\n\n<div class=\"wp-block-button\"><a class=\"wp-block-button__link has-base-color has-contrast-background-color has-text-color has-background has-link-color has-small-font-size has-custom-font-size wp-element-button\" href=\"https:\/\/wp.unil.ch\/rapport-annuel-2024\/en-chiffres\/ressources-humaines\/\" style=\"padding-top:var(--wp--preset--spacing--20);padding-right:var(--wp--preset--spacing--30);padding-bottom:var(--wp--preset--spacing--20);padding-left:var(--wp--preset--spacing--30)\">RESSOURCES HUMAINES<\/a><\/div>\n\n\n\n<div class=\"wp-block-button\"><a class=\"wp-block-button__link has-base-color has-contrast-background-color has-text-color has-background has-link-color has-small-font-size has-custom-font-size wp-element-button\" href=\"https:\/\/wp.unil.ch\/rapport-annuel-2024\/en-chiffres\/enseignement-en-chiffres\/\" style=\"padding-top:var(--wp--preset--spacing--20);padding-right:var(--wp--preset--spacing--30);padding-bottom:var(--wp--preset--spacing--20);padding-left:var(--wp--preset--spacing--30)\">ENSEIGNEMENT<\/a><\/div>\n\n\n\n<div class=\"wp-block-button\"><a class=\"wp-block-button__link has-base-color has-contrast-background-color has-text-color has-background has-link-color has-small-font-size has-custom-font-size wp-element-button\" href=\"https:\/\/wp.unil.ch\/rapport-annuel-2024\/en-chiffres\/recherche-en-chiffres\/\" style=\"padding-top:var(--wp--preset--spacing--20);padding-right:var(--wp--preset--spacing--30);padding-bottom:var(--wp--preset--spacing--20);padding-left:var(--wp--preset--spacing--30)\">RECHERCHE<\/a><\/div>\n\n\n\n<div class=\"wp-block-button\"><a class=\"wp-block-button__link has-base-color has-contrast-background-color has-text-color has-background has-link-color has-small-font-size has-custom-font-size wp-element-button\" href=\"https:\/\/wp.unil.ch\/rapport-annuel-2024\/en-chiffres\/durabilite-en-chiffres\/\" style=\"padding-top:var(--wp--preset--spacing--20);padding-right:var(--wp--preset--spacing--30);padding-bottom:var(--wp--preset--spacing--20);padding-left:var(--wp--preset--spacing--30)\">DURABILIT\u00c9<\/a><\/div>\n\n\n\n<div class=\"wp-block-button is-style-outline is-style-outline--1\"><a class=\"wp-block-button__link has-contrast-color has-base-background-color has-text-color has-background has-link-color has-small-font-size has-custom-font-size wp-element-button\" href=\"https:\/\/wp.unil.ch\/rapport-annuel-2024\/files\/2025\/05\/rapportannuel2024.pdf\" style=\"padding-top:var(--wp--preset--spacing--20);padding-right:var(--wp--preset--spacing--30);padding-bottom:var(--wp--preset--spacing--20);padding-left:var(--wp--preset--spacing--30)\">Tous les chiffre (PDF)<\/a><\/div>\n<\/div>\n\n\n\n<div style=\"height:20px\" aria-hidden=\"true\" class=\"wp-block-spacer\"><\/div>\n\n\n\n<div class=\"wp-block-group has-global-padding is-layout-constrained wp-container-core-group-is-layout-ff778368 wp-block-group-is-layout-constrained\" style=\"padding-right:var(--wp--preset--spacing--30);padding-left:var(--wp--preset--spacing--30)\"><h1 class=\"wp-block-post-title\">La durabilit\u00e9 en chiffres<\/h1>\n\n\n<p class=\"has-drop-cap\">En mai 2024, l\u2019UNIL a publi\u00e9 sa strat\u00e9gie institutionnelle de transition \u00e9cologique nomm\u00e9e <a href=\"https:\/\/wp.unil.ch\/cap2037\/\" target=\"_blank\" rel=\"noreferrer noopener\">CAP2037<\/a>. En mobilisant le cadre conceptuel du Donut d\u00e9velopp\u00e9 par Kate Raworth, cette strat\u00e9gie contient 20 objectifs de r\u00e9duction des impacts environnementaux de l\u2019ensemble des activit\u00e9s de l\u2019UNIL. C\u2019est avec l\u2019aide de toute sa communaut\u00e9 que l\u2019universit\u00e9 doit \u0153uvrer pour qu\u2019en 2037, lors de son 500<sup>e<\/sup> anniversaire,&nbsp;elle soit sur une trajectoire compatible avec le respect de l\u2019Accord de Paris et des limites plan\u00e9taires.<\/p>\n\n\n\n<p>De nombreux objectifs de CAP2037 concernent le fonctionnement institutionnel (mobilit\u00e9, b\u00e2timents, \u00e9nergies, achats, alimentation, etc) mais cette strat\u00e9gie va bien au-del\u00e0. En effet, pour atteindre ses ambitions, l\u2019UNIL souhaite \u00e9galement collaborer avec la soci\u00e9t\u00e9 en co-construisant des projets et cr\u00e9er des r\u00e9sultats permettant d\u2019\u00e9voluer vers plus de durabilit\u00e9.&nbsp;&nbsp;<\/p>\n\n\n\n<p>Dans ce but, l\u2019UNIL a lanc\u00e9 le programme de recherche <a href=\"https:\/\/www.unil.ch\/strive\/fr\/home.html\">STRIVE<\/a>. Ce dernier soutient des projets de recherches inter- et transdisciplinaires, issus principalement des sciences humaines et sociales, et qui s\u2019int\u00e9ressent aux dynamiques de changement soci\u00e9tal et aux leviers d\u2019action permettant une transformation ambitieuse et rapide de notre syst\u00e8me socio-\u00e9conomique. A la suite d\u2019un appel \u00e0 projet et d\u2019un processus de s\u00e9lection, STRIVE finance trois projets de recherches pendant quatre ans, rassemblant au total environ 25 chercheur\u00b7euses. STRIVE soutiendra d\u2019autre part l\u2019\u00e9laboration de projets en vue de leur d\u00e9p\u00f4t aupr\u00e8s d&rsquo;autres organismes de financement.&nbsp;<\/p>\n\n\n\n<p>En automne 2024, <a href=\"https:\/\/www.unil.ch\/unil\/fr\/home\/menuinst\/recherche\/interface.html\">Interface<\/a>, le Fonds de soutien \u00e0 la recherche partenariale de l&rsquo;UNIL, a lanc\u00e9 un nouvel appel \u00e0 projets Volteface. Pour rappel, ces projets visent \u00e0 soutenir des recherches partenariales entre des acteurs et actrices de terrain non-acad\u00e9miques et des chercheur\u00b7euses de l\u2019UNIL sur des questions de durabilit\u00e9. D\u00e9velopp\u00e9e en collaboration avec la <a href=\"https:\/\/www.unil.ch\/durabilite-sante\/fr\/home.html\" target=\"_blank\" rel=\"noreferrer noopener\">Plateforme durabilit\u00e9 et sant\u00e9<\/a> (FBM), cette \u00e9dition permettra de financer sept projets sur la th\u00e9matique de la&nbsp;sant\u00e9 articul\u00e9e aux enjeux de durabilit\u00e9.<\/p>\n\n\n\n<p>L\u2019UNIL continue le processus de quantification des impacts entam\u00e9 en 2022 qui lui permet de v\u00e9rifier si l\u2019institution se positionne sur la bonne voie de r\u00e9duction des impacts. En 2024, ces impacts ont \u00e9t\u00e9 mis \u00e0 jour pour pouvoir avancer avec la communaut\u00e9 UNIL sur des mesures \u00e0 mettre en \u0153uvre pour concr\u00e9tiser CAP2037.&nbsp;&nbsp;<\/p>\n\n\n\n<div style=\"height:30px\" aria-hidden=\"true\" class=\"wp-block-spacer\"><\/div>\n\n\n\n<h4 class=\"wp-block-heading has-text-align-center\">Comparaison des \u00e9missions de gaz \u00e0 effet de serre par secteur de l&rsquo;UNIL entre 2019 et 2023<\/h4>\n\n\n\n<figure class=\"wp-block-image size-full\" style=\"margin-top:var(--wp--preset--spacing--30)\"><img alt=\"graphok empreintecarbone\" loading=\"lazy\" decoding=\"async\" width=\"2397\" height=\"1250\" src=\"https:\/\/wp.unil.ch\/rapport-annuel-2024\/files\/2025\/05\/graphok-empreintecarbone.png\" alt=\"\" class=\"wp-image-8850\" srcset=\"https:\/\/wp.unil.ch\/rapport-annuel-2024\/files\/2025\/05\/graphok-empreintecarbone.png 2397w, https:\/\/wp.unil.ch\/rapport-annuel-2024\/files\/2025\/05\/graphok-empreintecarbone-300x156.png 300w, https:\/\/wp.unil.ch\/rapport-annuel-2024\/files\/2025\/05\/graphok-empreintecarbone-1024x534.png 1024w, https:\/\/wp.unil.ch\/rapport-annuel-2024\/files\/2025\/05\/graphok-empreintecarbone-768x401.png 768w, https:\/\/wp.unil.ch\/rapport-annuel-2024\/files\/2025\/05\/graphok-empreintecarbone-1536x801.png 1536w, https:\/\/wp.unil.ch\/rapport-annuel-2024\/files\/2025\/05\/graphok-empreintecarbone-2048x1068.png 2048w\" sizes=\"auto, (max-width: 2397px) 100vw, 2397px\" \/><\/figure>\n\n\n\n<div style=\"height:30px\" aria-hidden=\"true\" class=\"wp-block-spacer\"><\/div>\n\n\n\n<h4 class=\"wp-block-heading has-text-align-center\">Comparaison de l&#8217;empreinte sur la biodiversit\u00e9 globale par secteur de l&rsquo;UNIL entre 2019 et 2023<\/h4>\n\n\n\n<figure class=\"wp-block-image size-full\" style=\"margin-top:var(--wp--preset--spacing--30);margin-bottom:var(--wp--preset--spacing--30)\"><img alt=\"graphok biodiversiteglobale\" loading=\"lazy\" decoding=\"async\" width=\"2397\" height=\"1251\" src=\"https:\/\/wp.unil.ch\/rapport-annuel-2024\/files\/2025\/05\/graphok-biodiversiteglobale.png\" alt=\"\" class=\"wp-image-8851\" srcset=\"https:\/\/wp.unil.ch\/rapport-annuel-2024\/files\/2025\/05\/graphok-biodiversiteglobale.png 2397w, https:\/\/wp.unil.ch\/rapport-annuel-2024\/files\/2025\/05\/graphok-biodiversiteglobale-300x157.png 300w, https:\/\/wp.unil.ch\/rapport-annuel-2024\/files\/2025\/05\/graphok-biodiversiteglobale-1024x534.png 1024w, https:\/\/wp.unil.ch\/rapport-annuel-2024\/files\/2025\/05\/graphok-biodiversiteglobale-768x401.png 768w, https:\/\/wp.unil.ch\/rapport-annuel-2024\/files\/2025\/05\/graphok-biodiversiteglobale-1536x802.png 1536w, https:\/\/wp.unil.ch\/rapport-annuel-2024\/files\/2025\/05\/graphok-biodiversiteglobale-2048x1069.png 2048w\" sizes=\"auto, (max-width: 2397px) 100vw, 2397px\" \/><\/figure>\n\n\n\n<div style=\"height:40px\" aria-hidden=\"true\" class=\"wp-block-spacer\"><\/div>\n<\/div>\n","protected":false},"excerpt":{"rendered":"<p>En mai 2024, l\u2019UNIL a publi\u00e9 sa strat\u00e9gie institutionnelle de transition \u00e9cologique nomm\u00e9e CAP2037. En mobilisant le cadre conceptuel du Donut d\u00e9velopp\u00e9 par Kate Raworth, cette strat\u00e9gie contient 20 objectifs de r\u00e9duction des impacts environnementaux de l\u2019ensemble des activit\u00e9s de l\u2019UNIL. C\u2019est avec l\u2019aide de toute sa communaut\u00e9 que l\u2019universit\u00e9 doit \u0153uvrer pour qu\u2019en 2037, [&hellip;]<\/p>\n","protected":false},"author":108,"featured_media":0,"parent":2138,"menu_order":4,"comment_status":"closed","ping_status":"closed","template":"","meta":{"_seopress_robots_primary_cat":"","_seopress_titles_title":"","_seopress_titles_desc":"","_seopress_robots_index":"","_uag_custom_page_level_css":"","footnotes":"","_links_to":"","_links_to_target":""},"class_list":["post-2544","page","type-page","status-publish"],"uagb_featured_image_src":{"full":false,"thumbnail":false,"medium":false,"medium_large":false,"large":false,"1536x1536":false,"2048x2048":false,"bdpp-medium":false,"gform-image-choice-sm":false,"gform-image-choice-md":false,"gform-image-choice-lg":false},"uagb_author_info":{"display_name":"centre informatique","author_link":"https:\/\/wp.unil.ch\/rapport-annuel-2024\/author\/ci-unil\/"},"uagb_comment_info":0,"uagb_excerpt":"En mai 2024, l\u2019UNIL a publi\u00e9 sa strat\u00e9gie institutionnelle de transition \u00e9cologique nomm\u00e9e CAP2037. En mobilisant le cadre conceptuel du Donut d\u00e9velopp\u00e9 par Kate Raworth, cette strat\u00e9gie contient 20 objectifs de r\u00e9duction des impacts environnementaux de l\u2019ensemble des activit\u00e9s de l\u2019UNIL. C\u2019est avec l\u2019aide de toute sa communaut\u00e9 que l\u2019universit\u00e9 doit \u0153uvrer pour qu\u2019en 2037,\u2026","_links":{"self":[{"href":"https:\/\/wp.unil.ch\/rapport-annuel-2024\/wp-json\/wp\/v2\/pages\/2544","targetHints":{"allow":["GET"]}}],"collection":[{"href":"https:\/\/wp.unil.ch\/rapport-annuel-2024\/wp-json\/wp\/v2\/pages"}],"about":[{"href":"https:\/\/wp.unil.ch\/rapport-annuel-2024\/wp-json\/wp\/v2\/types\/page"}],"author":[{"embeddable":true,"href":"https:\/\/wp.unil.ch\/rapport-annuel-2024\/wp-json\/wp\/v2\/users\/108"}],"replies":[{"embeddable":true,"href":"https:\/\/wp.unil.ch\/rapport-annuel-2024\/wp-json\/wp\/v2\/comments?post=2544"}],"version-history":[{"count":5,"href":"https:\/\/wp.unil.ch\/rapport-annuel-2024\/wp-json\/wp\/v2\/pages\/2544\/revisions"}],"predecessor-version":[{"id":9045,"href":"https:\/\/wp.unil.ch\/rapport-annuel-2024\/wp-json\/wp\/v2\/pages\/2544\/revisions\/9045"}],"up":[{"embeddable":true,"href":"https:\/\/wp.unil.ch\/rapport-annuel-2024\/wp-json\/wp\/v2\/pages\/2138"}],"wp:attachment":[{"href":"https:\/\/wp.unil.ch\/rapport-annuel-2024\/wp-json\/wp\/v2\/media?parent=2544"}],"curies":[{"name":"wp","href":"https:\/\/api.w.org\/{rel}","templated":true}]}}