{"id":2161,"date":"2024-05-11T16:18:19","date_gmt":"2024-05-11T14:18:19","guid":{"rendered":"https:\/\/wp.unil.ch\/rapport-annuel-2024\/?page_id=2161"},"modified":"2026-01-12T09:24:45","modified_gmt":"2026-01-12T08:24:45","slug":"enseignement-en-chiffres","status":"publish","type":"page","link":"https:\/\/wp.unil.ch\/rapport-annuel-2024\/en-chiffres\/enseignement-en-chiffres\/","title":{"rendered":"L&rsquo;enseignement en chiffres"},"content":{"rendered":"\n<div style=\"height:40px\" aria-hidden=\"true\" class=\"wp-block-spacer\"><\/div>\n\n\n\n<div class=\"wp-block-buttons is-content-justification-center is-layout-flex wp-container-core-buttons-is-layout-a89b3969 wp-block-buttons-is-layout-flex\">\n<div class=\"wp-block-button\"><a class=\"wp-block-button__link has-base-color has-contrast-background-color has-text-color has-background has-link-color has-small-font-size has-custom-font-size wp-element-button\" href=\"https:\/\/wp.unil.ch\/rapport-annuel-2024\/en-chiffres\/\" style=\"padding-top:var(--wp--preset--spacing--20);padding-right:var(--wp--preset--spacing--30);padding-bottom:var(--wp--preset--spacing--20);padding-left:var(--wp--preset--spacing--30)\">BILAN ET COMPTE DE R\u00c9SULTATS<\/a><\/div>\n\n\n\n<div class=\"wp-block-button\"><a class=\"wp-block-button__link has-base-color has-contrast-background-color has-text-color has-background has-link-color has-small-font-size has-custom-font-size wp-element-button\" href=\"https:\/\/wp.unil.ch\/rapport-annuel-2024\/en-chiffres\/ressources-humaines\/\" style=\"padding-top:var(--wp--preset--spacing--20);padding-right:var(--wp--preset--spacing--30);padding-bottom:var(--wp--preset--spacing--20);padding-left:var(--wp--preset--spacing--30)\">RESSOURCES HUMAINES<\/a><\/div>\n\n\n\n<div class=\"wp-block-button\"><a class=\"wp-block-button__link has-base-color has-contrast-background-color has-text-color has-background has-link-color has-small-font-size has-custom-font-size wp-element-button\" href=\"https:\/\/wp.unil.ch\/rapport-annuel-2024\/en-chiffres\/enseignement-en-chiffres\/\" style=\"padding-top:var(--wp--preset--spacing--20);padding-right:var(--wp--preset--spacing--30);padding-bottom:var(--wp--preset--spacing--20);padding-left:var(--wp--preset--spacing--30)\">ENSEIGNEMENT<\/a><\/div>\n\n\n\n<div class=\"wp-block-button\"><a class=\"wp-block-button__link has-base-color has-contrast-background-color has-text-color has-background has-link-color has-small-font-size has-custom-font-size wp-element-button\" href=\"https:\/\/wp.unil.ch\/rapport-annuel-2024\/en-chiffres\/recherche-en-chiffres\/\" style=\"padding-top:var(--wp--preset--spacing--20);padding-right:var(--wp--preset--spacing--30);padding-bottom:var(--wp--preset--spacing--20);padding-left:var(--wp--preset--spacing--30)\">RECHERCHE<\/a><\/div>\n\n\n\n<div class=\"wp-block-button\"><a class=\"wp-block-button__link has-base-color has-contrast-background-color has-text-color has-background has-link-color has-small-font-size has-custom-font-size wp-element-button\" href=\"https:\/\/wp.unil.ch\/rapport-annuel-2024\/en-chiffres\/durabilite-en-chiffres\/\" style=\"padding-top:var(--wp--preset--spacing--20);padding-right:var(--wp--preset--spacing--30);padding-bottom:var(--wp--preset--spacing--20);padding-left:var(--wp--preset--spacing--30)\">DURABILIT\u00c9<\/a><\/div>\n\n\n\n<div class=\"wp-block-button is-style-outline is-style-outline--1\"><a class=\"wp-block-button__link has-contrast-color has-base-background-color has-text-color has-background has-link-color has-small-font-size has-custom-font-size wp-element-button\" href=\"https:\/\/wp.unil.ch\/rapport-annuel-2024\/files\/2025\/05\/rapportannuel2024.pdf\" style=\"padding-top:var(--wp--preset--spacing--20);padding-right:var(--wp--preset--spacing--30);padding-bottom:var(--wp--preset--spacing--20);padding-left:var(--wp--preset--spacing--30)\">Tous les chiffre (PDF)<\/a><\/div>\n<\/div>\n\n\n\n<div style=\"height:20px\" aria-hidden=\"true\" class=\"wp-block-spacer\"><\/div>\n\n\n\n<div class=\"wp-block-group has-global-padding is-layout-constrained wp-container-core-group-is-layout-ff778368 wp-block-group-is-layout-constrained\" style=\"padding-right:var(--wp--preset--spacing--30);padding-left:var(--wp--preset--spacing--30)\"><h1 class=\"wp-block-post-title\">L&rsquo;enseignement en chiffres<\/h1>\n\n\n<p>Le nombre des \u00e9tudiantes et \u00e9tudiants \u00e0 l\u2019UNIL n\u2019a cess\u00e9 de grimper depuis 2010 o\u00f9 a \u00e9t\u00e9 franchi le cap des 12\u2019000 \u00e9tudiants. En 2017 l\u2019institution a fr\u00f4l\u00e9 la barri\u00e8re des 15\u2019000 \u00e9tudiants. Ils sont d\u00e9sormais pr\u00e8s de 17&rsquo;000 \u00e0 suivre une formation \u00e0 Lausanne.&nbsp;<\/p>\n\n\n\n<div style=\"height:10px\" aria-hidden=\"true\" class=\"wp-block-spacer\"><\/div>\n\n\n\n<div class=\"wp-block-columns is-layout-flex wp-container-core-columns-is-layout-28f84493 wp-block-columns-is-layout-flex\">\n<div class=\"wp-block-column is-layout-flow wp-block-column-is-layout-flow\" style=\"flex-basis:80%\">\n<h4 class=\"wp-block-heading has-text-align-center\">Evolution des effectifs d&rsquo;\u00e9tudiants<br>inscrits au semestre d&rsquo;automne<\/h4>\n\n\n\n<figure class=\"wp-block-image size-full\"><img alt=\"graphok evolutionetudiants\" loading=\"lazy\" decoding=\"async\" width=\"1980\" height=\"1105\" src=\"https:\/\/wp.unil.ch\/rapport-annuel-2024\/files\/2025\/05\/graphok-evolutionetudiants.png\" alt=\"\" class=\"wp-image-8844\" srcset=\"https:\/\/wp.unil.ch\/rapport-annuel-2024\/files\/2025\/05\/graphok-evolutionetudiants.png 1980w, https:\/\/wp.unil.ch\/rapport-annuel-2024\/files\/2025\/05\/graphok-evolutionetudiants-300x167.png 300w, https:\/\/wp.unil.ch\/rapport-annuel-2024\/files\/2025\/05\/graphok-evolutionetudiants-1024x571.png 1024w, https:\/\/wp.unil.ch\/rapport-annuel-2024\/files\/2025\/05\/graphok-evolutionetudiants-768x429.png 768w, https:\/\/wp.unil.ch\/rapport-annuel-2024\/files\/2025\/05\/graphok-evolutionetudiants-1536x857.png 1536w\" sizes=\"auto, (max-width: 1980px) 100vw, 1980px\" \/><\/figure>\n<\/div>\n\n\n\n<div class=\"wp-block-column is-layout-flow wp-block-column-is-layout-flow\" style=\"flex-basis:30%\"><\/div>\n<\/div>\n\n\n\n<div style=\"height:30px\" aria-hidden=\"true\" class=\"wp-block-spacer\"><\/div>\n\n\n\n<figure class=\"wp-block-table is-style-stripes\"><table class=\"has-buttons-text-background-color has-background has-fixed-layout\"><thead><tr><th class=\"has-text-align-left\" data-align=\"left\">Nombre d\u2019\u00e9tudiants <br>par formation<\/th><th class=\"has-text-align-right\" data-align=\"right\">Femmes<\/th><th class=\"has-text-align-right\" data-align=\"right\">Hommes<\/th><th class=\"has-text-align-right\" data-align=\"right\">Total<\/th><\/tr><\/thead><tbody><tr><td class=\"has-text-align-left\" data-align=\"left\">Bachelors<\/td><td class=\"has-text-align-right\" data-align=\"right\">4972<br>59,6%<\/td><td class=\"has-text-align-right\" data-align=\"right\">3372<br>40,4%<\/td><td class=\"has-text-align-right\" data-align=\"right\">8344<br>100,0%<\/td><\/tr><tr><td class=\"has-text-align-left\" data-align=\"left\">Dipl\u00f4mes EFLE<\/td><td class=\"has-text-align-right\" data-align=\"right\">117<br>75,8%<\/td><td class=\"has-text-align-right\" data-align=\"right\">38<br>24,5%<\/td><td class=\"has-text-align-right\" data-align=\"right\">155<br>100,0%<\/td><\/tr><tr><td class=\"has-text-align-left\" data-align=\"left\">Masters<\/td><td class=\"has-text-align-right\" data-align=\"right\">3241<br>57,7%<\/td><td class=\"has-text-align-right\" data-align=\"right\">2377<br>42,3%<\/td><td class=\"has-text-align-right\" data-align=\"right\">5618<br>100,0%<\/td><\/tr><tr><td class=\"has-text-align-left\" data-align=\"left\">Doctorats<\/td><td class=\"has-text-align-right\" data-align=\"right\">1389<br>55,5%<\/td><td class=\"has-text-align-right\" data-align=\"right\">1114<br>44,5%<\/td><td class=\"has-text-align-right\" data-align=\"right\">2503<br>100,0%<\/td><\/tr><tr><td class=\"has-text-align-left\" data-align=\"left\">Masters of Advanced Studies<\/td><td class=\"has-text-align-right\" data-align=\"right\">390<br>72,1%<\/td><td class=\"has-text-align-right\" data-align=\"right\">151<br>27,9%<\/td><td class=\"has-text-align-right\" data-align=\"right\">541<br>100,0%<\/td><\/tr><tr><td class=\"has-text-align-left\" data-align=\"left\">Formations compl\u00e9mentaires<\/td><td class=\"has-text-align-right\" data-align=\"right\">15<br>57,7%<\/td><td class=\"has-text-align-right\" data-align=\"right\">11<br>42,3%<\/td><td class=\"has-text-align-right\" data-align=\"right\">26<br>100,0%<\/td><\/tr><tr><td class=\"has-text-align-left\" data-align=\"left\">Sans titres<\/td><td class=\"has-text-align-right\" data-align=\"right\">6<br>54,5%<\/td><td class=\"has-text-align-right\" data-align=\"right\">5<br>45,5%<\/td><td class=\"has-text-align-right\" data-align=\"right\">11<br>100,0%<\/td><\/tr><\/tbody><tfoot><tr><td class=\"has-text-align-left\" data-align=\"left\">Total<\/td><td class=\"has-text-align-right\" data-align=\"right\">10&rsquo;130<br>58,9%<\/td><td class=\"has-text-align-right\" data-align=\"right\">7068<br>41,1%<\/td><td class=\"has-text-align-right\" data-align=\"right\">17&rsquo;198<br>100,0%<\/td><\/tr><\/tfoot><\/table><figcaption class=\"wp-element-caption\">Semestre d\u2019automne 2024<\/figcaption><\/figure>\n\n\n\n<div style=\"height:30px\" aria-hidden=\"true\" class=\"wp-block-spacer\"><\/div>\n\n\n\n<div class=\"wp-block-columns is-layout-flex wp-container-core-columns-is-layout-28f84493 wp-block-columns-is-layout-flex\">\n<div class=\"wp-block-column is-layout-flow wp-block-column-is-layout-flow\" style=\"flex-basis:50%\">\n<h4 class=\"wp-block-heading has-text-align-center\">Etudiantes<\/h4>\n\n\n\n<figure class=\"wp-block-image size-full\"><img alt=\"graphok etudiantes\" loading=\"lazy\" decoding=\"async\" width=\"1105\" height=\"1105\" src=\"https:\/\/wp.unil.ch\/rapport-annuel-2024\/files\/2025\/05\/graphok-etudiantes.png\" alt=\"\" class=\"wp-image-8845\" style=\"object-fit:cover\" srcset=\"https:\/\/wp.unil.ch\/rapport-annuel-2024\/files\/2025\/05\/graphok-etudiantes.png 1105w, https:\/\/wp.unil.ch\/rapport-annuel-2024\/files\/2025\/05\/graphok-etudiantes-300x300.png 300w, https:\/\/wp.unil.ch\/rapport-annuel-2024\/files\/2025\/05\/graphok-etudiantes-1024x1024.png 1024w, https:\/\/wp.unil.ch\/rapport-annuel-2024\/files\/2025\/05\/graphok-etudiantes-150x150.png 150w, https:\/\/wp.unil.ch\/rapport-annuel-2024\/files\/2025\/05\/graphok-etudiantes-768x768.png 768w\" sizes=\"auto, (max-width: 1105px) 100vw, 1105px\" \/><\/figure>\n<\/div>\n\n\n\n<div class=\"wp-block-column is-layout-flow wp-block-column-is-layout-flow\" style=\"flex-basis:50%\">\n<h4 class=\"wp-block-heading has-text-align-center\">Etudiants<\/h4>\n\n\n\n<figure class=\"wp-block-image size-full\"><img alt=\"graphok etudiants\" loading=\"lazy\" decoding=\"async\" width=\"1105\" height=\"1105\" src=\"https:\/\/wp.unil.ch\/rapport-annuel-2024\/files\/2025\/05\/graphok-etudiants.png\" alt=\"\" class=\"wp-image-8846\" srcset=\"https:\/\/wp.unil.ch\/rapport-annuel-2024\/files\/2025\/05\/graphok-etudiants.png 1105w, https:\/\/wp.unil.ch\/rapport-annuel-2024\/files\/2025\/05\/graphok-etudiants-300x300.png 300w, https:\/\/wp.unil.ch\/rapport-annuel-2024\/files\/2025\/05\/graphok-etudiants-1024x1024.png 1024w, https:\/\/wp.unil.ch\/rapport-annuel-2024\/files\/2025\/05\/graphok-etudiants-150x150.png 150w, https:\/\/wp.unil.ch\/rapport-annuel-2024\/files\/2025\/05\/graphok-etudiants-768x768.png 768w\" sizes=\"auto, (max-width: 1105px) 100vw, 1105px\" \/><\/figure>\n<\/div>\n<\/div>\n\n\n\n<div style=\"height:30px\" aria-hidden=\"true\" class=\"wp-block-spacer\"><\/div>\n\n\n\n<figure class=\"wp-block-table is-style-stripes\"><table class=\"has-buttons-text-background-color has-background has-fixed-layout\"><thead><tr><th class=\"has-text-align-left\" data-align=\"left\">R\u00e9partition par facult\u00e9<\/th><th class=\"has-text-align-right\" data-align=\"right\">Femmes<\/th><th class=\"has-text-align-right\" data-align=\"right\">Hommes<\/th><th class=\"has-text-align-right\" data-align=\"right\">Total<\/th><\/tr><\/thead><tbody><tr><td class=\"has-text-align-left\" data-align=\"left\">Facult\u00e9 de th\u00e9ologie et de sciences des religions (FTSR)<\/td><td class=\"has-text-align-right\" data-align=\"right\">45<br>55,6%<\/td><td class=\"has-text-align-right\" data-align=\"right\">36<br>44,4%<\/td><td class=\"has-text-align-right\" data-align=\"right\">81<br>100,0%<\/td><\/tr><tr><td class=\"has-text-align-left\" data-align=\"left\">Facult\u00e9 de droit, des sciences criminelles et d&rsquo;administration publique (FDCA)<\/td><td class=\"has-text-align-right\" data-align=\"right\">1560<br>65,7%<\/td><td class=\"has-text-align-right\" data-align=\"right\">815<br>34,3%<\/td><td class=\"has-text-align-right\" data-align=\"right\">2375<br>100,0%<\/td><\/tr><tr><td class=\"has-text-align-left\" data-align=\"left\">Facult\u00e9 des lettres<\/td><td class=\"has-text-align-right\" data-align=\"right\">1314<br>64,7%<\/td><td class=\"has-text-align-right\" data-align=\"right\">717<br>35,3%<\/td><td class=\"has-text-align-right\" data-align=\"right\">2031<br>100,0%<\/td><\/tr><tr><td class=\"has-text-align-left\" data-align=\"left\">Facult\u00e9 des sciences sociales et politiques (SSP)<\/td><td class=\"has-text-align-right\" data-align=\"right\">2518<br>67,3%<\/td><td class=\"has-text-align-right\" data-align=\"right\">1221<br>32,7%<\/td><td class=\"has-text-align-right\" data-align=\"right\">3739<br>100,0%<\/td><\/tr><tr><td class=\"has-text-align-left\" data-align=\"left\">Facult\u00e9 des hautes \u00e9tudes \u00e9conomiques (HEC)<\/td><td class=\"has-text-align-right\" data-align=\"right\">1195<br>35,3%<\/td><td class=\"has-text-align-right\" data-align=\"right\">2189<br>64,7%<\/td><td class=\"has-text-align-right\" data-align=\"right\">3384<br>100,0%<\/td><\/tr><tr><td class=\"has-text-align-left\" data-align=\"left\">Facult\u00e9 de biologie et m\u00e9decine (FBM)<\/td><td class=\"has-text-align-right\" data-align=\"right\">2721<br>64,2%<\/td><td class=\"has-text-align-right\" data-align=\"right\">1516<br>35,8%<\/td><td class=\"has-text-align-right\" data-align=\"right\">3384<br>100,0%<\/td><\/tr><tr><td class=\"has-text-align-left\" data-align=\"left\">Facult\u00e9 des g\u00e9osciences et de l&rsquo;environnement (GSE)<\/td><td class=\"has-text-align-right\" data-align=\"right\">387<br>47,8%<\/td><td class=\"has-text-align-right\" data-align=\"right\">423<br>52,2%<\/td><td class=\"has-text-align-right\" data-align=\"right\">810<br>100,0%<\/td><\/tr><tr><td class=\"has-text-align-left\" data-align=\"left\">Formation continue (FCUE)<\/td><td class=\"has-text-align-right\" data-align=\"right\">390<br>72,1%<\/td><td class=\"has-text-align-right\" data-align=\"right\">151<br>27,9%<\/td><td class=\"has-text-align-right\" data-align=\"right\">541<br>100,0%<\/td><\/tr><\/tbody><tfoot><tr><td class=\"has-text-align-left\" data-align=\"left\">Total<\/td><td class=\"has-text-align-right\" data-align=\"right\">10&rsquo;130<br>58,9%<\/td><td class=\"has-text-align-right\" data-align=\"right\">7068<br>41,1%<\/td><td class=\"has-text-align-right\" data-align=\"right\">17&rsquo;198<br>100,0%<\/td><\/tr><\/tfoot><\/table><figcaption class=\"wp-element-caption\">Semestre d\u2019automne 2024<\/figcaption><\/figure>\n\n\n\n<div style=\"height:50px\" aria-hidden=\"true\" class=\"wp-block-spacer\"><\/div>\n\n\n\n<figure class=\"wp-block-table is-style-stripes\"><table class=\"has-buttons-text-background-color has-background has-fixed-layout\"><thead><tr><th class=\"has-text-align-left\" data-align=\"left\">Provenance des \u00e9tudiants en <br>premi\u00e8re ann\u00e9e de Master<\/th><th class=\"has-text-align-right\" data-align=\"right\">Nombre d\u2019\u00e9tudiants<\/th><th class=\"has-text-align-right\" data-align=\"right\">% du total<\/th><\/tr><\/thead><tbody><tr><td class=\"has-text-align-left\" data-align=\"left\">UNIL<\/td><td class=\"has-text-align-right\" data-align=\"right\">1249<\/td><td class=\"has-text-align-right\" data-align=\"right\">59,3%<\/td><\/tr><tr><td class=\"has-text-align-left\" data-align=\"left\">Hautes \u00e9coles suisses<\/td><td class=\"has-text-align-right\" data-align=\"right\">395<\/td><td class=\"has-text-align-right\" data-align=\"right\">18,7%<\/td><\/tr><tr><td class=\"has-text-align-left\" data-align=\"left\">Autres Hautes \u00e9coles<\/td><td class=\"has-text-align-right\" data-align=\"right\">461<\/td><td class=\"has-text-align-right\" data-align=\"right\">21,9%<\/td><\/tr><\/tbody><tfoot><tr><td class=\"has-text-align-left\" data-align=\"left\">Total<\/td><td class=\"has-text-align-right\" data-align=\"right\">2105<\/td><td class=\"has-text-align-right\" data-align=\"right\">100,0%<\/td><\/tr><\/tfoot><\/table><figcaption class=\"wp-element-caption\"><mark style=\"background-color:#ffffff\" class=\"has-inline-color has-primary-color\">Ann\u00e9e civile 202<\/mark>4<\/figcaption><\/figure>\n\n\n\n<div style=\"height:50px\" aria-hidden=\"true\" class=\"wp-block-spacer\"><\/div>\n\n\n\n<figure class=\"wp-block-table is-style-stripes\"><table class=\"has-buttons-text-background-color has-background has-fixed-layout\"><thead><tr><th class=\"has-text-align-left\" data-align=\"left\">Grades d\u00e9cern\u00e9s<\/th><th class=\"has-text-align-right\" data-align=\"right\"><\/th><\/tr><\/thead><tbody><tr><td class=\"has-text-align-left\" data-align=\"left\">Bachelors<\/td><td class=\"has-text-align-right\" data-align=\"right\">1810<\/td><\/tr><tr><td class=\"has-text-align-left\" data-align=\"left\">Masters<\/td><td class=\"has-text-align-right\" data-align=\"right\">1929<\/td><\/tr><tr><td class=\"has-text-align-left\" data-align=\"left\">Doctorats<\/td><td class=\"has-text-align-right\" data-align=\"right\">348<\/td><\/tr><\/tbody><tfoot><tr><td class=\"has-text-align-left\" data-align=\"left\">Total<\/td><td class=\"has-text-align-right\" data-align=\"right\">4087<\/td><\/tr><\/tfoot><\/table><figcaption class=\"wp-element-caption\">Ann\u00e9e civile 2024 \u2013 sans l&rsquo;\u00c9cole de fran\u00e7ais langue \u00e9trang\u00e8re et la Formation continue UNIL-EPFL<\/figcaption><\/figure>\n\n\n\n<div style=\"height:20px\" aria-hidden=\"true\" class=\"wp-block-spacer\"><\/div>\n\n\n\n<div class=\"wp-block-columns is-layout-flex wp-container-core-columns-is-layout-28f84493 wp-block-columns-is-layout-flex\">\n<div class=\"wp-block-column is-layout-flow wp-block-column-is-layout-flow\" style=\"flex-basis:66.66%\">\n<h2 class=\"wp-block-heading\">Formation continue UNIL-EPFL<\/h2>\n\n\n\n<p class=\"has-accent-5-background-color has-background\" style=\"border-radius:30px;padding-top:var(--wp--preset--spacing--40);padding-right:var(--wp--preset--spacing--40);padding-bottom:var(--wp--preset--spacing--40);padding-left:var(--wp--preset--spacing--40)\">En 2024, <strong>5792 personnes<\/strong> ont suivi une&nbsp;formation continue&nbsp;propos\u00e9e par l\u2019UNIL ou l\u2019EPFL.<\/p>\n\n\n\n<p>L\u2019offre de&nbsp;formations&nbsp;continues propos\u00e9es par l\u2019UNIL et l\u2019EPFL comprend 335 programmes, dont 134 sont certifiants (de type MAS, DAS, CAS, COS ou microcertification). Depuis sa cr\u00e9ation en 2009, la&nbsp;Formation&nbsp;continue&nbsp;UNIL-EPFL&nbsp;a quadrupl\u00e9&nbsp;son offre de programmes.&nbsp;<\/p>\n\n\n\n<p>Les nouveaux programmes UNIL lanc\u00e9s en 2024&nbsp;:&nbsp;<\/p>\n\n\n\n<ul class=\"wp-block-list\">\n<li>CAS &#8211; Climate Change Law and Litigation<\/li>\n\n\n\n<li>CAS &#8211; Droit, technologie et administration publique<\/li>\n\n\n\n<li>CAS &#8211; Etudes genre: promouvoir l\u2019\u00e9galit\u00e9 dans les pratiques professionnelles<\/li>\n\n\n\n<li>CAS &#8211; Gouvernance participative et actions locales<\/li>\n\n\n\n<li>FCO &#8211; Approche psychoth\u00e9rapeutique des psychoses<\/li>\n\n\n\n<li>FCO &#8211; Mod\u00e8le du Donut: un outil pour la transition \u00e9cologique des territoires<\/li>\n<\/ul>\n<\/div>\n\n\n\n<div class=\"wp-block-column is-layout-flow wp-block-column-is-layout-flow\" style=\"flex-basis:33.33%\"><\/div>\n<\/div>\n\n\n\n<div style=\"height:40px\" aria-hidden=\"true\" class=\"wp-block-spacer\"><\/div>\n<\/div>\n","protected":false},"excerpt":{"rendered":"<p>Le nombre des \u00e9tudiantes et \u00e9tudiants \u00e0 l\u2019UNIL n\u2019a cess\u00e9 de grimper depuis 2010 o\u00f9 a \u00e9t\u00e9 franchi le cap des 12\u2019000 \u00e9tudiants. En 2017 l\u2019institution a fr\u00f4l\u00e9 la barri\u00e8re des 15\u2019000 \u00e9tudiants. Ils sont d\u00e9sormais pr\u00e8s de 17&rsquo;000 \u00e0 suivre une formation \u00e0 Lausanne.&nbsp; Evolution des effectifs d&rsquo;\u00e9tudiantsinscrits au semestre d&rsquo;automne Nombre d\u2019\u00e9tudiants par [&hellip;]<\/p>\n","protected":false},"author":108,"featured_media":0,"parent":2138,"menu_order":2,"comment_status":"closed","ping_status":"closed","template":"","meta":{"_seopress_robots_primary_cat":"","_seopress_titles_title":"","_seopress_titles_desc":"","_seopress_robots_index":"","_uag_custom_page_level_css":"","footnotes":"","_links_to":"","_links_to_target":""},"class_list":["post-2161","page","type-page","status-publish"],"uagb_featured_image_src":{"full":false,"thumbnail":false,"medium":false,"medium_large":false,"large":false,"1536x1536":false,"2048x2048":false,"bdpp-medium":false,"gform-image-choice-sm":false,"gform-image-choice-md":false,"gform-image-choice-lg":false},"uagb_author_info":{"display_name":"centre informatique","author_link":"https:\/\/wp.unil.ch\/rapport-annuel-2024\/author\/ci-unil\/"},"uagb_comment_info":0,"uagb_excerpt":"Le nombre des \u00e9tudiantes et \u00e9tudiants \u00e0 l\u2019UNIL n\u2019a cess\u00e9 de grimper depuis 2010 o\u00f9 a \u00e9t\u00e9 franchi le cap des 12\u2019000 \u00e9tudiants. En 2017 l\u2019institution a fr\u00f4l\u00e9 la barri\u00e8re des 15\u2019000 \u00e9tudiants. Ils sont d\u00e9sormais pr\u00e8s de 17&rsquo;000 \u00e0 suivre une formation \u00e0 Lausanne.&nbsp; Evolution des effectifs d&rsquo;\u00e9tudiantsinscrits au semestre d&rsquo;automne Nombre d\u2019\u00e9tudiants par\u2026","_links":{"self":[{"href":"https:\/\/wp.unil.ch\/rapport-annuel-2024\/wp-json\/wp\/v2\/pages\/2161","targetHints":{"allow":["GET"]}}],"collection":[{"href":"https:\/\/wp.unil.ch\/rapport-annuel-2024\/wp-json\/wp\/v2\/pages"}],"about":[{"href":"https:\/\/wp.unil.ch\/rapport-annuel-2024\/wp-json\/wp\/v2\/types\/page"}],"author":[{"embeddable":true,"href":"https:\/\/wp.unil.ch\/rapport-annuel-2024\/wp-json\/wp\/v2\/users\/108"}],"replies":[{"embeddable":true,"href":"https:\/\/wp.unil.ch\/rapport-annuel-2024\/wp-json\/wp\/v2\/comments?post=2161"}],"version-history":[{"count":5,"href":"https:\/\/wp.unil.ch\/rapport-annuel-2024\/wp-json\/wp\/v2\/pages\/2161\/revisions"}],"predecessor-version":[{"id":9043,"href":"https:\/\/wp.unil.ch\/rapport-annuel-2024\/wp-json\/wp\/v2\/pages\/2161\/revisions\/9043"}],"up":[{"embeddable":true,"href":"https:\/\/wp.unil.ch\/rapport-annuel-2024\/wp-json\/wp\/v2\/pages\/2138"}],"wp:attachment":[{"href":"https:\/\/wp.unil.ch\/rapport-annuel-2024\/wp-json\/wp\/v2\/media?parent=2161"}],"curies":[{"name":"wp","href":"https:\/\/api.w.org\/{rel}","templated":true}]}}